{"id":928,"date":"2019-04-01T11:51:35","date_gmt":"2019-04-01T10:51:35","guid":{"rendered":"http:\/\/institutos.unileon.es\/saule\/?page_id=928"},"modified":"2019-04-01T11:58:12","modified_gmt":"2019-04-01T10:58:12","slug":"fotos-visitas","status":"publish","type":"page","link":"https:\/\/institutos.unileon.es\/saule\/fotos-visitas\/","title":{"rendered":"Fotos visitas"},"content":{"rendered":"\n<figure class=\"wp-block-image\"><img loading=\"lazy\" decoding=\"async\" width=\"1024\" height=\"768\" src=\"http:\/\/institutos.unileon.es\/saule\/files\/2019\/04\/IMG_20190329_104533-1024x768.jpg\" alt=\"\" class=\"wp-image-931\" srcset=\"https:\/\/institutos.unileon.es\/saule\/files\/2019\/04\/IMG_20190329_104533-1024x768.jpg 1024w, https:\/\/institutos.unileon.es\/saule\/files\/2019\/04\/IMG_20190329_104533-300x225.jpg 300w, https:\/\/institutos.unileon.es\/saule\/files\/2019\/04\/IMG_20190329_104533-768x576.jpg 768w\" sizes=\"auto, (max-width: 1024px) 100vw, 1024px\" \/><figcaption>El pasado viernes, 29 de marzo,  nos visit\u00f3 Celestino (ganador del premio de microrrelatos) y su hermano Eutiquio, que con 91 a\u00f1os se ha convertido en la persona de m\u00e1s avanzada edad en utilizar el simulador de vuelo.<br>Fue un placer recibir a esta pareja de hermanos tan animada<\/figcaption><\/figure>\n","protected":false},"excerpt":{"rendered":"","protected":false},"author":71,"featured_media":0,"parent":0,"menu_order":0,"comment_status":"closed","ping_status":"closed","template":"","meta":{"footnotes":""},"class_list":["post-928","page","type-page","status-publish","hentry"],"_links":{"self":[{"href":"https:\/\/institutos.unileon.es\/saule\/wp-json\/wp\/v2\/pages\/928","targetHints":{"allow":["GET"]}}],"collection":[{"href":"https:\/\/institutos.unileon.es\/saule\/wp-json\/wp\/v2\/pages"}],"about":[{"href":"https:\/\/institutos.unileon.es\/saule\/wp-json\/wp\/v2\/types\/page"}],"author":[{"embeddable":true,"href":"https:\/\/institutos.unileon.es\/saule\/wp-json\/wp\/v2\/users\/71"}],"replies":[{"embeddable":true,"href":"https:\/\/institutos.unileon.es\/saule\/wp-json\/wp\/v2\/comments?post=928"}],"version-history":[{"count":4,"href":"https:\/\/institutos.unileon.es\/saule\/wp-json\/wp\/v2\/pages\/928\/revisions"}],"predecessor-version":[{"id":935,"href":"https:\/\/institutos.unileon.es\/saule\/wp-json\/wp\/v2\/pages\/928\/revisions\/935"}],"wp:attachment":[{"href":"https:\/\/institutos.unileon.es\/saule\/wp-json\/wp\/v2\/media?parent=928"}],"curies":[{"name":"wp","href":"https:\/\/api.w.org\/{rel}","templated":true}]}}