{"id":696,"date":"2014-02-03T13:11:16","date_gmt":"2014-02-03T12:11:16","guid":{"rendered":"http:\/\/institutos.unileon.es\/saule\/?page_id=696"},"modified":"2025-07-31T22:18:58","modified_gmt":"2025-07-31T21:18:58","slug":"proximo-curso-avanzado-en-simuladores-de-vuelo-aviones","status":"publish","type":"page","link":"https:\/\/institutos.unileon.es\/saule\/proximo-curso-avanzado-en-simuladores-de-vuelo-aviones\/","title":{"rendered":"Pr\u00f3ximo Curso Avanzado en Simuladores de Vuelo (aviones)"},"content":{"rendered":"\n\n\n\n<h1>El pr\u00f3ximo 6 de octubre de 2025 comenzar\u00e1 una nueva edici\u00f3n del Curso de Extensi\u00f3n Universitaria en Simuladores de Vuelo.<\/h1>\n<h4><span style=\"background-color: #3366ff; color: #ffffff;\">Puedes inscribirte en el siguiente enlace:<\/span><\/h4>\n<p><a href=\"https:\/\/extensionuniversitaria.unileon.es\/cursos-y-matriculas\/curso\/2025ceu00034-curso-en-simuladores-de-vuelo-aviones\" target=\"_blank\" rel=\"noopener noreferrer\">INSCRIPCI\u00d3N<\/a><\/p>","protected":false},"excerpt":{"rendered":"<p>El pr\u00f3ximo 6 de octubre de 2025 comenzar\u00e1 una nueva edici\u00f3n del Curso de Extensi\u00f3n Universitaria en Simuladores de Vuelo. Puedes inscribirte en el siguiente enlace: INSCRIPCI\u00d3N<\/p>\n","protected":false},"author":25,"featured_media":0,"parent":0,"menu_order":0,"comment_status":"open","ping_status":"open","template":"","meta":{"footnotes":""},"class_list":["post-696","page","type-page","status-publish","hentry"],"_links":{"self":[{"href":"https:\/\/institutos.unileon.es\/saule\/wp-json\/wp\/v2\/pages\/696","targetHints":{"allow":["GET"]}}],"collection":[{"href":"https:\/\/institutos.unileon.es\/saule\/wp-json\/wp\/v2\/pages"}],"about":[{"href":"https:\/\/institutos.unileon.es\/saule\/wp-json\/wp\/v2\/types\/page"}],"author":[{"embeddable":true,"href":"https:\/\/institutos.unileon.es\/saule\/wp-json\/wp\/v2\/users\/25"}],"replies":[{"embeddable":true,"href":"https:\/\/institutos.unileon.es\/saule\/wp-json\/wp\/v2\/comments?post=696"}],"version-history":[{"count":26,"href":"https:\/\/institutos.unileon.es\/saule\/wp-json\/wp\/v2\/pages\/696\/revisions"}],"predecessor-version":[{"id":963,"href":"https:\/\/institutos.unileon.es\/saule\/wp-json\/wp\/v2\/pages\/696\/revisions\/963"}],"wp:attachment":[{"href":"https:\/\/institutos.unileon.es\/saule\/wp-json\/wp\/v2\/media?parent=696"}],"curies":[{"name":"wp","href":"https:\/\/api.w.org\/{rel}","templated":true}]}}