{"id":2,"date":"2012-07-25T10:36:26","date_gmt":"2012-07-25T10:36:26","guid":{"rendered":"http:\/\/institutos.unileon.es\/saule\/?page_id=2"},"modified":"2025-07-31T22:14:32","modified_gmt":"2025-07-31T21:14:32","slug":"pagina-ejemplo","status":"publish","type":"page","link":"https:\/\/institutos.unileon.es\/saule\/","title":{"rendered":"Novedades"},"content":{"rendered":"<h2>El pr\u00f3ximo 6 de octubre comenzar\u00e1 la XXIII Edici\u00f3n del Curso de Extensi\u00f3n Universitaria en Simuladores de Vuelo<\/h2>\n<a href=\"http:\/\/institutos.unileon.es\/saule\/files\/2018\/10\/IMG_8968.jpg\"><img loading=\"lazy\" decoding=\"async\" class=\"alignnone size-large wp-image-896\" src=\"http:\/\/institutos.unileon.es\/saule\/files\/2018\/10\/IMG_8968-1024x683.jpg\" alt=\"\" width=\"640\" height=\"427\" srcset=\"https:\/\/institutos.unileon.es\/saule\/files\/2018\/10\/IMG_8968-1024x683.jpg 1024w, https:\/\/institutos.unileon.es\/saule\/files\/2018\/10\/IMG_8968-300x200.jpg 300w, https:\/\/institutos.unileon.es\/saule\/files\/2018\/10\/IMG_8968-768x512.jpg 768w\" sizes=\"auto, (max-width: 640px) 100vw, 640px\" \/><\/a>\n\nBOEING 737 NG 800\n\n<a href=\"http:\/\/institutos.unileon.es\/saule\/files\/2014\/02\/IMG_8930.jpg\"><img loading=\"lazy\" decoding=\"async\" class=\"alignnone size-large wp-image-742\" src=\"http:\/\/institutos.unileon.es\/saule\/files\/2014\/02\/IMG_8930-1024x682.jpg\" alt=\"\" width=\"640\" height=\"426\" srcset=\"https:\/\/institutos.unileon.es\/saule\/files\/2014\/02\/IMG_8930-1024x682.jpg 1024w, https:\/\/institutos.unileon.es\/saule\/files\/2014\/02\/IMG_8930-300x200.jpg 300w, https:\/\/institutos.unileon.es\/saule\/files\/2014\/02\/IMG_8930-900x600.jpg 900w\" sizes=\"auto, (max-width: 640px) 100vw, 640px\" \/><\/a>\n\nBEECHCRAFT BARON 58\n\n<a href=\"http:\/\/institutos.unileon.es\/saule\/files\/2014\/02\/IMG_8897.jpg\"><img loading=\"lazy\" decoding=\"async\" class=\"alignnone size-large wp-image-743\" src=\"http:\/\/institutos.unileon.es\/saule\/files\/2014\/02\/IMG_8897-1024x682.jpg\" alt=\"\" width=\"640\" height=\"426\" srcset=\"https:\/\/institutos.unileon.es\/saule\/files\/2014\/02\/IMG_8897-1024x682.jpg 1024w, https:\/\/institutos.unileon.es\/saule\/files\/2014\/02\/IMG_8897-300x200.jpg 300w, https:\/\/institutos.unileon.es\/saule\/files\/2014\/02\/IMG_8897-900x600.jpg 900w\" sizes=\"auto, (max-width: 640px) 100vw, 640px\" \/><\/a>\n\nCR12","protected":false},"excerpt":{"rendered":"<p>El pr\u00f3ximo 6 de octubre comenzar\u00e1 la XXIII Edici\u00f3n del Curso de Extensi\u00f3n Universitaria en Simuladores de Vuelo BOEING 737 NG 800 BEECHCRAFT BARON 58 CR12<\/p>\n","protected":false},"author":24,"featured_media":0,"parent":0,"menu_order":0,"comment_status":"closed","ping_status":"closed","template":"","meta":{"footnotes":""},"class_list":["post-2","page","type-page","status-publish","hentry"],"_links":{"self":[{"href":"https:\/\/institutos.unileon.es\/saule\/wp-json\/wp\/v2\/pages\/2","targetHints":{"allow":["GET"]}}],"collection":[{"href":"https:\/\/institutos.unileon.es\/saule\/wp-json\/wp\/v2\/pages"}],"about":[{"href":"https:\/\/institutos.unileon.es\/saule\/wp-json\/wp\/v2\/types\/page"}],"author":[{"embeddable":true,"href":"https:\/\/institutos.unileon.es\/saule\/wp-json\/wp\/v2\/users\/24"}],"replies":[{"embeddable":true,"href":"https:\/\/institutos.unileon.es\/saule\/wp-json\/wp\/v2\/comments?post=2"}],"version-history":[{"count":159,"href":"https:\/\/institutos.unileon.es\/saule\/wp-json\/wp\/v2\/pages\/2\/revisions"}],"predecessor-version":[{"id":959,"href":"https:\/\/institutos.unileon.es\/saule\/wp-json\/wp\/v2\/pages\/2\/revisions\/959"}],"wp:attachment":[{"href":"https:\/\/institutos.unileon.es\/saule\/wp-json\/wp\/v2\/media?parent=2"}],"curies":[{"name":"wp","href":"https:\/\/api.w.org\/{rel}","templated":true}]}}