{"id":17,"date":"2012-07-26T07:52:35","date_gmt":"2012-07-26T07:52:35","guid":{"rendered":"http:\/\/institutos.unileon.es\/saule\/?page_id=17"},"modified":"2025-07-31T22:16:25","modified_gmt":"2025-07-31T21:16:25","slug":"informacion-de-contacto","status":"publish","type":"page","link":"https:\/\/institutos.unileon.es\/saule\/informacion-de-contacto\/","title":{"rendered":"Informaci\u00f3n de contacto"},"content":{"rendered":"<table>\n<tbody>\n<tr>\n<th><span style=\"color: #000000;\"><strong>Ubicaci\u00f3n<\/strong><\/span><\/th>\n<td><strong>Escuela de Ingenier\u00edas Industrial, Inform\u00e1tica y Aeron\u00e1utica.<\/strong><br \/>Universidad de Le\u00f3n.<\/td>\n<\/tr>\n<tr>\n<th><span style=\"color: #000000;\"><strong>Correo Electr\u00f3nico<\/strong><\/span><\/th>\n<td><a href=\"mailto:saule@unileon.es\">alabc@unileon.es<\/a><\/td>\n<\/tr>\n<tr>\n<th><strong><span style=\"color: #000000;\">Web<\/span><\/strong><\/th>\n<td>\u00a0<\/td>\n<\/tr>\n<tr>\n<th>\u00a0<\/th>\n<td>\u00a0<\/td>\n<\/tr>\n<tr>\n<th><span style=\"color: #000000;\"><strong>Persona contacto<\/strong><\/span><\/th>\n<td>Alfredo Labarta<\/td>\n<\/tr>\n<tr>\n<th><span style=\"color: #000000;\"><strong>Instalaciones<\/strong><\/span><\/th>\n<td><strong>Boeing 737 NG 800:<\/strong> Lab. <em><strong>A5<\/strong><\/em> Escuela de Ingenier\u00edas.<br \/><strong>Beechcraft Baron 58 y CR12:<\/strong> Lab. <em><strong>G5<\/strong><\/em> Escuela de Ingenier\u00edas.<\/td>\n<\/tr>\n<tr>\n<th><span style=\"color: #000000;\"><strong>Situaci\u00f3n<\/strong><\/span><\/th>\n<td><a href=\"https:\/\/maps.google.es\/maps?q=42.614128,-5.561284&amp;num=1&amp;t=h&amp;z=19\"> MAPA <\/a><\/td>\n<\/tr>\n<\/tbody>\n<\/table>\n\n","protected":false},"excerpt":{"rendered":"<p>Ubicaci\u00f3n Escuela de Ingenier\u00edas Industrial, Inform\u00e1tica y Aeron\u00e1utica.Universidad de Le\u00f3n. Correo Electr\u00f3nico alabc@unileon.es Web \u00a0 \u00a0 \u00a0 Persona contacto Alfredo Labarta Instalaciones Boeing 737 NG 800: Lab. A5 Escuela de Ingenier\u00edas.Beechcraft Baron 58 y CR12: Lab. G5 Escuela de Ingenier\u00edas. Situaci\u00f3n MAPA<\/p>\n","protected":false},"author":21,"featured_media":0,"parent":0,"menu_order":0,"comment_status":"closed","ping_status":"open","template":"","meta":{"footnotes":""},"class_list":["post-17","page","type-page","status-publish","hentry"],"_links":{"self":[{"href":"https:\/\/institutos.unileon.es\/saule\/wp-json\/wp\/v2\/pages\/17","targetHints":{"allow":["GET"]}}],"collection":[{"href":"https:\/\/institutos.unileon.es\/saule\/wp-json\/wp\/v2\/pages"}],"about":[{"href":"https:\/\/institutos.unileon.es\/saule\/wp-json\/wp\/v2\/types\/page"}],"author":[{"embeddable":true,"href":"https:\/\/institutos.unileon.es\/saule\/wp-json\/wp\/v2\/users\/21"}],"replies":[{"embeddable":true,"href":"https:\/\/institutos.unileon.es\/saule\/wp-json\/wp\/v2\/comments?post=17"}],"version-history":[{"count":39,"href":"https:\/\/institutos.unileon.es\/saule\/wp-json\/wp\/v2\/pages\/17\/revisions"}],"predecessor-version":[{"id":961,"href":"https:\/\/institutos.unileon.es\/saule\/wp-json\/wp\/v2\/pages\/17\/revisions\/961"}],"wp:attachment":[{"href":"https:\/\/institutos.unileon.es\/saule\/wp-json\/wp\/v2\/media?parent=17"}],"curies":[{"name":"wp","href":"https:\/\/api.w.org\/{rel}","templated":true}]}}