{"id":98,"date":"2013-12-18T11:36:05","date_gmt":"2013-12-18T11:36:05","guid":{"rendered":"http:\/\/institutos.unileon.es\/laboratorio-de-diatomologia\/?page_id=98"},"modified":"2025-06-16T12:45:10","modified_gmt":"2025-06-16T12:45:10","slug":"noticias","status":"publish","type":"page","link":"https:\/\/institutos.unileon.es\/laboratorio-de-diatomologia\/noticias\/","title":{"rendered":"Noticias"},"content":{"rendered":"<ul style=\"list-style-type: circle;\">\n \t<li>\n<h3><a href=\"https:\/\/www.youtube.com\/watch?v=pu9xlr6Xu2Q\"><strong>Servicio de Investigaci\u00f3n Laboratorio de Diatomolog\u00eda<\/strong><\/a><\/h3>\n<\/li>\n \t<li>\n<h3><a href=\"https:\/\/www.unileon.es\/noticias\/la-ule-oferta-un-curso-de-verano-sobre-diagnostico-de-la-calidad-de-las-aguas-fluviales\">La ULE oferta un Curso de Verano sobre diagn\u00f3stico de la calidad de las aguas fluviales<\/a><\/h3>\n<\/li>\n \t<li>\n<h3><a href=\"https:\/\/www.leonoticias.com\/universidad\/consigue-certificado-competencia-20220208144251-nt.html?ref=https%3A%2F%2Fwww.linkedin.com%2F\">La Ule consigue el certificado en competencia del laboratorio se de diatomolog\u00eda<\/a><\/h3>\n<\/li>\n \t<li>\n<h3 class=\"entry-title\"><a href=\"https:\/\/www.leon7dias.com\/2022\/02\/09\/calidad-del-agua-certificada-la-competencia-tecnica-del-laboratorio-de-diatomologia-de-la-ule\/\">Calidad del agua. Certificada la competencia t\u00e9cnica del laboratorio de Diatomolog\u00eda de la ULE<\/a><\/h3>\n<\/li>\n \t<li>\n<h3><a href=\"https:\/\/diariodigital.ujaen.es\/investigacion-y-transferencia\/descubren-tres-nuevas-especies-de-diatomeas-en-humedales-de-montana\">Descubren tres nuevas especies de diatomeas en humedales de monta\u00f1a de las Cordilleras B\u00e9ticas<\/a><\/h3>\n<\/li>\n \t<li>\n<h3><a href=\"https:\/\/www.lavanguardia.com\/vida\/20190130\/4697574088\/descubierta-una-nueva-especie-de-alga-en-la-cueva-de-valporquero-leon.html\">Descubierta una nueva especie de alga en la Cueva de Valporquero (Le\u00f3n)<\/a><\/h3>\n<\/li>\n \t<li>\n<h3><a href=\"https:\/\/www.unileon.es\/noticias\/aprobada-la-creacion-del-laboratorio-de-diatomologia-en-la-universidad-de-leon\">Aprobada la creaci\u00f3n del &#8216;Laboratorio de Diatomolog\u00eda&#8217; en la Universidad de Le\u00f3n<\/a><\/h3>\n<\/li>\n \t<li>\n<h3><a href=\"https:\/\/www.noticiascyl.com\/leon\/local-leon\/2018\/03\/16\/aprobada-la-creacion-del-laboratorio-de-diamatologia-en-la-ule\/\">Aprobada la creaci\u00f3n del \u2018Laboratorio de Diatomolog\u00eda\u2019 en la ULE<\/a><\/h3>\n<\/li>\n \t<li>\n<h3><a href=\"http:\/\/www.diariodeleon.es\/noticias\/leon\/ule-pondra-marcha-nuevo-laboratorio-diatomologia_1234878.html\">La ULE pondr\u00e1 en marcha un nuevo laboratorio de Diatomolog\u00eda<\/a><\/h3>\n<\/li>\n \t<li>\n<h3><a href=\"https:\/\/www.unileon.es\/noticias\/investigadores-de-la-ule-participan-en-la-cuarta-edicion-de-pint-science-festival-de-divulgacion-cie\">Investigadores de la ULE participan en la cuarta edici\u00f3n de &#8216;Pint of Science&#8217;, Festival de Divulgaci\u00f3n Cient\u00edfica<\/a><\/h3>\n<\/li>\n \t<li>\n<h3><a href=\"https:\/\/musac.es\/lab987\/es\/ficha\/?p=2\">Tierra de diatomeas<\/a><\/h3>\n<\/li>\n \t<li>\n<h3><a href=\"https:\/\/tamtampress.es\/2017\/08\/04\/tierra-de-diatomeas-las-diatomeas-nos-han-hablado-de-lo-que-somos-a-partir-de-aquello-que-hemos-heredado-y-de-lo-que-podemos-ser\/\">TIERRA DE DIATOMEAS: \u201cLas diatomeas nos han hablado de lo que somos a partir de aquello que hemos heredado y de lo que podemos ser\u201d<\/a><\/h3>\n<\/li>\n \t<li>\n<h3><a href=\"https:\/\/www.unileon.es\/files\/Concesion_premios_Mariano_Rodriguez_convocatoria_2017.pdf\">XXII PREMIOS \u201cMARIANO RODR\u00cdGUEZ PARA J\u00d3VENES INVESTIGADORES\u201d CONVOCADOS POR LA FUNDACI\u00d3N \u201cCAROLINA RODR\u00cdGUEZ\u201d (convocatoria 2017)<\/a><\/h3>\n<\/li>\n \t<li>\n<h3><a href=\"https:\/\/www.youtube.com\/watch?v=dkkfL0J1SFU\">Conferencia \u00abLo que nos dicen las Diatomeas de Ceuta\u00bb por Saul Blanco.<\/a><\/h3>\n<\/li>\n \t<li>\n<h3><a href=\"http:\/\/www.ahoraleon.com\/podemos-critica-la-falta-proteccion-la-lagua-las-carrizas-san-andres\/\">Podemos critica la falta de protecci\u00f3n sobre la Lagua de las Carrizas de San Andr\u00e9s<\/a><\/h3>\n<\/li>\n \t<li>\n<h3><a href=\"https:\/\/pintofscience.es\/event\/diatomeas-liquenes\">Diatomeas y l\u00edquenes<\/a><\/h3>\n<\/li>\n \t<li>\n<h3 style=\"text-align: justify;\">Diario de Le\u00f3n: <a href=\"http:\/\/www.diariodeleon.es\/noticias\/sociedad\/diatomeas-utiles-algas-microscopicas_488014.html\">Diatomeas: \u00fatiles algas microsc\u00f3picas<\/a>.<\/h3>\n<\/li>\n \t<li style=\"text-align: justify;\">\n<h3>Agencia Iberoamericana para la difusi\u00f3n de la ciencia y la tecnolog\u00eda:\u00a0<a href=\"http:\/\/www.dicyt.com\/noticias\/las-microalgas-poseen-capacidad-como-indicadores-de-las-condiciones-fisicoquimicas-de-lagos-someros\">Las microalgas poseen capacidad como indicadores de las condiciones fisicoqu\u00edmicas de lagos someros<\/a>.<\/h3>\n<\/li>\n \t<li style=\"text-align: justify;\">\n<h3>Agencia Iberoamericana para la difusi\u00f3n de la ciencia y la tecnolog\u00eda:\u00a0<a href=\"http:\/\/www.dicyt.com\/noticias\/un-biologo-leones-participa-en-la-descripcion-de-tres-nuevas-especies-de-algas-para-la-ciencia-en-sudafrica\">Un bi\u00f3logo leon\u00e9s participa en la descripci\u00f3n de tres nuevas especies de algas para la Ciencia en Sud\u00e1frica<\/a>.<\/h3>\n<\/li>\n \t<li style=\"text-align: justify;\">\n<h3>El Mundo de Le\u00f3n: <a href=\"http:\/\/www.unileon.es\/cgis.php?ar=noticias_res.php&amp;idNoticias=29141\">El leon\u00e9s que descubre algas en \u00c1frica<\/a>.<\/h3>\n<\/li>\n \t<li style=\"text-align: justify;\">\n<h3>DESQBRE Fundaci\u00f3n andaluza para la divulgaci\u00f3n de\u00a0la innovaci\u00f3n y el conocimiento: <a href=\"http:\/\/fundaciondescubre.es\/blog\/2013\/11\/06\/investigadores-de-la-universidad-de-sevilla-hallan-cinco-nuevas-especies-de-algas-microscopicas-en-donana\/\">Investigadores de la Universidad de Sevilla hallan cinco nuevas especies de algas microsc\u00f3picas en Do\u00f1ana<\/a>.<\/h3>\n<\/li>\n \t<li style=\"text-align: justify;\">\n<h3>Agencia Iberoamericana para la difusi\u00f3n de la ciencia y la tecnolog\u00eda: <a href=\"http:\/\/www.dicyt.com\/noticias\/un-cientifico-leones-describe-en-una-laguna-de-avila-una-nueva-especie-de-alga-para-la-ciencia\">Un cient\u00edfico leon\u00e9s describe en una laguna de \u00c1vila una nueva especie de alga para la Ciencia<\/a>.<\/h3>\n<\/li>\n \t<li style=\"text-align: justify;\">\n<h3>Sinc La ciencia es noticia: <a href=\"http:\/\/www.agenciasinc.es\/Noticias\/Describen-en-una-laguna-de-Avila-una-nueva-especie-de-alga\">Describen en una laguna de \u00c1vila una nueva especie de alga<\/a>.<\/h3>\n<\/li>\n \t<li style=\"text-align: justify;\">\n<h3>Diario de \u00c1vila: <a href=\"http:\/\/www.diariodeavila.es\/noticia.cfm\/Provincia\/20100220\/nueva\/planta\/ciencia\/E75BDBAA-1A64-968D-59BE347C78F7F77B?navrss\">Una nueva planta para la ciencia<\/a>.<\/h3>\n<\/li>\n \t<li style=\"text-align: justify;\">\n<h3>Blog de laboratorio: <a href=\"http:\/\/blogdelaboratorio.com\/tag\/eolimna-becaresii\/\">Alga descubierta por la Universidad de Le\u00f3n<\/a>.<\/h3>\n<\/li>\n \t<li style=\"text-align: justify;\">\n<h3>El Librepensador:\u00a0<a href=\"http:\/\/www.ellibrepensador.com\/2009\/12\/01\/describen-en-una-laguna-de-avila-una-nueva-especie-de-alga\/\">Describen en una laguna de \u00c1vila una nueva especie de alga<\/a>.<\/h3>\n<\/li>\n \t<li style=\"text-align: justify;\">\n<h3>Agencia Iberoamericana para la difusi\u00f3n de la ciencia y la tecnolog\u00eda:\u00a0<a href=\"http:\/\/www.dicyt.com\/noticias\/un-biologo-leones-aplica-un-nuevo-metodo-que-permite-esclarecer-el-genero-de-una-serie-de-algas\">Un bi\u00f3logo leon\u00e9s aplica un nuevo m\u00e9todo que permite esclarecer el g\u00e9nero de una serie de algas<\/a>.<\/h3>\n<\/li>\n \t<li style=\"text-align: justify;\">\n<h3>Ecoticias.com:\u00a0<a href=\"http:\/\/www.ecoticias.com\/naturaleza\/30135\/rss.php\">Un bi\u00f3logo leon\u00e9s participa en la descripci\u00f3n de tres nuevas especies de algas para la Ciencia en Sud\u00e1frica<\/a><a>.<\/a><\/h3>\n<\/li>\n \t<li style=\"text-align: justify;\">\n<h3>Innova Jovenes cient\u00edficos: <a href=\"http:\/\/www.unileon.es\/files\/innova-J%C3%B3venes%20cient%C3%ADficos.jpg\">Vida tras una lupa<\/a>.<\/h3>\n<\/li>\n \t<li style=\"text-align: justify;\">\n<h3>Agencia Iberoamericana para la difusi\u00f3n de la ciencia y la tecnolog\u00eda:\u00a0<a href=\"http:\/\/www.dicyt.com\/noticias\/un-atlas-ilustrado-mostrara-la-variedad-de-diatomeas-existentes-en-la-cuenca-del-duero\">Un atlas ilustrado mostrar\u00e1 la variedad de diatomeas existentes en la cuenca del Duero<\/a>.<\/h3>\n<\/li>\n \t<li style=\"text-align: justify;\">\n<h3>iagua:\u00a0<a href=\"http:\/\/www.iagua.es\/2010\/07\/un-atlas-ilustrado-mostrara-la-variedad-de-diatomeas-existentes-en-la-cuenca-del-duero\">Un atlas ilustrado mostrar\u00e1 la variedad de diatomeas existentes en la cuenca del Duero<\/a>.<\/h3>\n<\/li>\n \t<li style=\"text-align: justify;\">\n<h3>Sinc La ciencia es noticia:\u00a0<a href=\"http:\/\/www.agenciasinc.es\/Noticias\/Un-atlas-ilustrado-mostrara-la-variedad-de-diatomeas-existentes-en-la-cuenca-del-Duero\">Un atlas ilustrado mostrar\u00e1 la variedad de diatomeas existentes en la cuenca del Duero<\/a>.<\/h3>\n<\/li>\n \t<li style=\"text-align: justify;\">\n<h3>Quercus:\u00a0<a href=\"http:\/\/www.revistaquercus.es\/noticia\/3094\/Articulos-de-fondo\/Una-nueva-alga-invasora-llega-a-Espana:-Didymosphenia-geminata.html\">Una nueva alga invasora llega a Espa\u00f1a: Didymosphenia geminata<\/a>.<\/h3>\n<\/li>\n \t<li style=\"text-align: justify;\">\n<h3>Sinc La ciencia es noticia:\u00a0<a href=\"http:\/\/www.agenciasinc.es\/Noticias\/Los-expertos-creen-que-el-alga-moco-de-roca-se-extendera-pronto-por-los-rios-leoneses\">Los expertos creen que el alga &#8216;moco de roca&#8217; se extender\u00e1 pronto por los r\u00edos leoneses<\/a>.<\/h3>\n<\/li>\n \t<li style=\"text-align: justify;\">\n<h3>Agencia Iberoamericana para la difusi\u00f3n de la ciencia y la tecnolog\u00eda:\u00a0<a href=\"http:\/\/www.dicyt.com\/noticias\/los-expertos-observan-que-la-expansion-del-moco-de-roca-en-los-rios-castellanoleoneses-se-ha-estabilizado\">Los expertos observan que la expansi\u00f3n del &#8216;moco de roca&#8217; en los r\u00edos castellanoleoneses se ha estabilizado<\/a>.<\/h3>\n<\/li>\n \t<li>\n<h3 style=\"text-align: justify;\">La Cr\u00f3nica de Le\u00f3n:\u00a0<a href=\"http:\/\/lacronicadeleon.es\/2009\/05\/26\/comarcas\/la-extension-del-moco-de-roca-a-otros-rios-bastante-probable-36865.htm\">La extensi\u00f3n del \u2018moco de roca\u2019 a otros r\u00edos, \u201cbastante probable\u201d<\/a>.<\/h3>\n<\/li>\n<\/ul>","protected":false},"excerpt":{"rendered":"<p>Servicio de Investigaci\u00f3n Laboratorio de Diatomolog\u00eda La ULE oferta un Curso de Verano sobre diagn\u00f3stico de la calidad de las aguas fluviales La Ule consigue el certificado en competencia del laboratorio se de diatomolog\u00eda Calidad del agua. Certificada la competencia t\u00e9cnica del laboratorio de Diatomolog\u00eda de la ULE Descubren tres nuevas especies de diatomeas en [&hellip;]<\/p>\n","protected":false},"author":75,"featured_media":0,"parent":0,"menu_order":0,"comment_status":"closed","ping_status":"open","template":"","meta":{"footnotes":""},"class_list":["post-98","page","type-page","status-publish","hentry"],"_links":{"self":[{"href":"https:\/\/institutos.unileon.es\/laboratorio-de-diatomologia\/wp-json\/wp\/v2\/pages\/98","targetHints":{"allow":["GET"]}}],"collection":[{"href":"https:\/\/institutos.unileon.es\/laboratorio-de-diatomologia\/wp-json\/wp\/v2\/pages"}],"about":[{"href":"https:\/\/institutos.unileon.es\/laboratorio-de-diatomologia\/wp-json\/wp\/v2\/types\/page"}],"author":[{"embeddable":true,"href":"https:\/\/institutos.unileon.es\/laboratorio-de-diatomologia\/wp-json\/wp\/v2\/users\/75"}],"replies":[{"embeddable":true,"href":"https:\/\/institutos.unileon.es\/laboratorio-de-diatomologia\/wp-json\/wp\/v2\/comments?post=98"}],"version-history":[{"count":14,"href":"https:\/\/institutos.unileon.es\/laboratorio-de-diatomologia\/wp-json\/wp\/v2\/pages\/98\/revisions"}],"predecessor-version":[{"id":496,"href":"https:\/\/institutos.unileon.es\/laboratorio-de-diatomologia\/wp-json\/wp\/v2\/pages\/98\/revisions\/496"}],"wp:attachment":[{"href":"https:\/\/institutos.unileon.es\/laboratorio-de-diatomologia\/wp-json\/wp\/v2\/media?parent=98"}],"curies":[{"name":"wp","href":"https:\/\/api.w.org\/{rel}","templated":true}]}}