{"id":38,"date":"2013-12-13T09:57:33","date_gmt":"2013-12-13T09:57:33","guid":{"rendered":"http:\/\/institutos.unileon.es\/laboratorio-de-diatomologia\/?page_id=38"},"modified":"2025-06-13T12:48:31","modified_gmt":"2025-06-13T12:48:31","slug":"estudiantes","status":"publish","type":"page","link":"https:\/\/institutos.unileon.es\/laboratorio-de-diatomologia\/estudiantes\/","title":{"rendered":"Estudiantes"},"content":{"rendered":"<div id=\"google_translate_element\"><\/div>\n<script type=\"text\/javascript\"><br \/>\nfunction googleTranslateElementInit() {<br \/>\n  new google.translate.TranslateElement({pageLanguage: 'es', layout: google.translate.TranslateElement.InlineLayout.SIMPLE}, 'google_translate_element');<br \/>\n}<br \/>\n<\/script><script type=\"text\/javascript\" src=\"\/\/translate.google.com\/translate_a\/element.js?cb=googleTranslateElementInit\"><\/script>\n<h2><span style=\"color: #800000;\" data-darkreader-inline-color=\"\"><strong>Estancias de Investigaci\u00f3n<\/strong><\/span><\/h2>\n<ul>\n \t<li>Marion Doucet (Universit\u00e9 Blaise Pascal). 2015.\u00a0Study of a possible relation between ground characteristics and community of soil diatoms<\/li>\n \t<li>Sinziana Rivera (Universit\u00e9 de Gen\u00e8ve). 2016. Taxonom\u00eda basada en morfolog\u00eda aplicada a la bioindicaci\u00f3n<\/li>\n \t<li>Gisele Marquardt (Instituto de Bot\u00e2nica, S\u00e3o Paulo). 2016.\u00a0Distance\u00a0decay\u00a0as a descriptor in compositional variation in diatom metacommunities.<\/li>\n \t<li>Adriana Olenici (Babe\u0219-Bolyai University). 2016.\u00a0 Effect of Acid Mine Drainage on Diatom Teratology.<\/li>\n \t<li>Susana Chamorro (Universidad SEK, Ecuador). 2018. Impacto del Cambio Clim\u00e1tico: interacci\u00f3n de crioconita y diatomeas en el proceso del deshielo del Glaciar del Volc\u00e1n Antisana, Provincia del \u00d1apo-Ecuador.<\/li>\n \t<li>Angela Maria da Silva Lehmkuhl. (Instituto de Bot\u00e2nica, S\u00e3o Paulo). 2018. \u00cdndice de diatomeas para los embalses\u00a0del estado de S\u00e3o Paulo, Brasil.<\/li>\n \t<li>Faiza Noune &amp; Hadjer Kaddeche\u00a0 (Universit\u00e9 20 ao\u00fbt 1955, Argelia). 2018. Taxonomy and ecology of Algerian freshwater diatoms.<\/li>\n \t<li>Daiane Ruwer (Universidade Estadual de Maring\u00e1). 2018. The diatoms of Brazilian Reservoirs.<\/li>\n \t<li>Nihayet Bizsel (Dokuz Eylul University). 2019. Taxonomy of marine diatoms (Mediterranean Sea).<\/li>\n \t<li>Paula Cordero (Universidad Cat\u00f3lica de Cuenca). 2024. Evaluaci\u00f3n de la salud ecosist\u00e9mica, valoraci\u00f3n y percepci\u00f3n de los servicios ecosist\u00e9micos con el uso de metacomunidades de diatomeas epil\u00edticas en r\u00edos andinos.<\/li>\n \t<li>Jennifer Moy\u00f3n (UNESP). 2025. Diatomeas como Biomarcadores del Impacto de Embalajes Biodegradables en Ecosistemas Acu\u00e1ticos: Implicaciones para la Calidad del Agua y la Provisi\u00f3n de Servicios Ecosist\u00e9micos.<\/li>\n<\/ul>\n<h2><span style=\"color: #800000;\" data-darkreader-inline-color=\"\"><strong>Trabajos de investigaci\u00f3n<\/strong><\/span><\/h2>\n<p style=\"text-align: justify;\">Los alumnos de Biolog\u00eda y Ciencias Ambientales pueden realizar sus Proyectos Fin de Grado dentro de nuestro grupo de investigaci\u00f3n. Todos los medios disponibles en nuestros laboratorios y salas de microscopia est\u00e1n a disposici\u00f3n de aquellos alumnos que decidan realizar su Proyecto Fin de Grado en nuestro equipo de trabajo.<\/p>\n\n<h4><strong>Proyectos Fin de Grado y M\u00e1ster realizados en el Laboratorio de diatomolog\u00eda<\/strong><\/h4>\n<ul>\n \t<li>\n<h4 style=\"text-align: justify;\">Impacto ambiental del alga invasora <em>Didymosphenia geminata<\/em> en la Provincia de Le\u00f3n.<\/h4>\n<\/li>\n \t<li>\n<h4 style=\"text-align: justify;\">Influencia de los crecimientos masivos del alga invasora <em>Didymosphenia geminata<\/em> en las comunidades algales de los r\u00edos de la Provincia de Le\u00f3n.<\/h4>\n<\/li>\n \t<li>\n<h4 style=\"text-align: justify;\">Ecolog\u00eda de las diatomeas en los limnosistemas urbanos del municipio de Le\u00f3n (Espa\u00f1a).<\/h4>\n<\/li>\n \t<li>\n<h4 style=\"text-align: justify;\">Biometr\u00eda de poblaciones algales: exploraci\u00f3n estad\u00edstica e implicaciones para las descripciones taxon\u00f3micas.<\/h4>\n<\/li>\n \t<li>\n<h4 style=\"text-align: justify;\">Taxonom\u00eda de diatomeas bioindicadoras de contaminaci\u00f3n del agua de dos humedales de Ja\u00e9n.<\/h4>\n<\/li>\n \t<li>\n<h4 style=\"text-align: justify;\"><a href=\"https:\/\/buleria.unileon.es\/xmlui\/handle\/10612\/15518?locale-attribute=de\">Las diatomeas fluviales reflejan mejor las condiciones ambientales pasadas que las presentes.<\/a><\/h4>\n<\/li>\n \t<li>Caracterizaci\u00f3n preliminar de las diatomeas a\u00e9reas: propuesta metodol\u00f3gica y descripci\u00f3n taxon\u00f3mica<\/li>\n<\/ul>\n<h2><span style=\"color: #800000;\" data-darkreader-inline-color=\"\"><strong>Doctorado<\/strong><\/span><\/h2>\n<p style=\"text-align: justify;\">Dentro del programa de doctorado \u00abEcolog\u00eda funcional y aplicada\u00bb, los alumnos que lo deseen pueden realizar su tesis doctoral, bajo las l\u00edneas de investigaci\u00f3n de: Limnolog\u00eda, Hidrobiolog\u00eda y Limnolog\u00eda aplicada a la contaminaci\u00f3n y tratamiento de aguas.<\/p>\n\n<h4><strong>Tesis doctorales y de licenciatura realizadas en el Laboratorio de diatomolog\u00eda<\/strong><\/h4>\n<ul style=\"list-style-type: circle;\">\n \t<li>Moy\u00f3n J (en curso) Diatomeas como Biomarcadores del Impacto de Embalajes Biodegradables en Ecosistemas Acu\u00e1ticos: Implicaciones para la Calidad del Agua y la Provisi\u00f3n de Servicios Ecosist\u00e9micos. <em style=\"color: revert; font-size: revert; font-weight: revert;\">Tesis doctoral<\/em><span style=\"color: revert; font-size: revert;\">. Universidad de Le\u00f3n<\/span><\/li>\n \t<li>\n<h4>Borrego-Ramos M (2025) <a href=\"https:\/\/portalcientifico.unileon.es\/documentos\/67e30315d40c1252cde1f78f\">Indicadores moleculares de calidad ecol\u00f3gica y conectividad entre sistemas lacustres de Castilla y Le\u00f3n. Implicaciones para la aplicaci\u00f3n de la Directiva Marco del Agua.<\/a> <em>Tesis doctoral<\/em>. Universidad de Le\u00f3n<\/h4>\n<\/li>\n \t<li>Chamorro S (2025) <a href=\"https:\/\/buleria.unileon.es\/handle\/10612\/24653\">Las diatomeas de agua dulce del Ecuador: propuesta metodol\u00f3gica y empleo como bioindicadores ambientales<\/a>. <em style=\"color: revert; font-size: revert; font-weight: revert;\">Tesis doctoral<\/em><span style=\"color: revert; font-size: revert;\">. <\/span>Universidad de Le\u00f3n<\/li>\n \t<li>\n<h4>Noune F (2024) <a href=\"http:\/\/dspace.univ-skikda.dz:4000\/items\/4a35f117-ca3f-41df-ae3e-19629304a22f\">Biofilms phototrophes des milieux anthropis\u00e9s: dynamiques des communaut\u00e9s diatomiques et int\u00e9r\u00eats de leur utilisation en bioindication<\/a>. <em>Tesis doctoral<\/em>. Universit\u00e9 of 20 ao\u00fbt 1955 of Skikda, Algeria<\/h4>\n<\/li>\n \t<li>\n<h4>Kaddeche H (2024) <a href=\"http:\/\/dspace.univ-skikda.dz:4000\/items\/a07bdfe6-7790-4cfe-93a2-2c88bc380ff0\/full\">Contribution au d\u00e9veloppement d\u2019un indice diatomique adapt\u00e9 \u00e0 l\u2019\u00e9valuation de la qualit\u00e9 des cours d\u2019eau alg\u00e9riens<\/a>.\u00a0<em>Tesis doctoral<\/em>. Universit\u00e9 of 20 ao\u00fbt 1955 of Skikda, Algeria.<\/h4>\n<\/li>\n \t<li style=\"text-align: justify;\">\n<h4>Cejudo-Figueiras C (2011) <a href=\"https:\/\/buleria.unileon.es\/bitstream\/handle\/10612\/1000\/2010ON-CEJUDO%20FIGUEIRAS%2c%20%20CRISTINA.pdf?sequence=1\">Monitorizaci\u00f3n de los ecosistemas dulceacu\u00edcolas mediante m\u00e9tricas basadas en diatomeas<\/a>. <em>Tesis doctoral<\/em>. Universidad de Le\u00f3n<\/h4>\n<\/li>\n \t<li style=\"text-align: justify;\">\n<h4>\u00c1lvarez-Blanco I (2009) <a href=\"https:\/\/www.educacion.gob.es\/teseo\/imprimirFichaConsulta.do?idFicha=284553\">Las diatomeas fluviales epil\u00edticas de la parte espa\u00f1ola de la Cuenca del Duero, aspectos ecol\u00f3gicos, flor\u00edsticos y biogeogr\u00e1ficos<\/a><span style=\"color: #333333;\" data-darkreader-inline-color=\"\">s<\/span>. <em>Tesis doctoral.\u00a0<\/em>Universidad de Le\u00f3n<\/h4>\n<\/li>\n \t<li style=\"text-align: justify;\">\n<h4><span style=\"text-align: justify;\">\u00c1lvarez-Blanco I (2008) <a href=\"http:\/\/books.google.es\/books\/about\/An%C3%A1lisis_de_calidad_de_las_aguas_de_los.html?id=Yc4QcgAACAAJ&amp;redir_esc=y\">Analisis de la calidad de las aguas de los r\u00edos de la Cuenca Hidrogr\u00e1fica del Duero utilizando \u00edndices diatomol\u00f3gicos<\/a>. <\/span><i style=\"text-align: justify;\">Tesis de Licenciatura.<\/i><i style=\"text-align: justify;\">\u00a0<\/i><span style=\"text-align: justify;\">Universidad de Le\u00f3n<\/span><\/h4>\n<\/li>\n \t<li style=\"text-align: justify;\">\n<h4>Cejudo C (2008) <a href=\"http:\/\/books.google.es\/books\/about\/Diatomeas_ep%C3%ADfitas_en_lagos_europeos.html?id=c3EtcgAACAAJ&amp;redir_esc=y\">Diatomeas ep\u00edfitas en lagos europeos: diversidad flor\u00edstica y relaci\u00f3n con factores ambientales<\/a>.\u00a0<em>Tesis de Licenciatura<\/em>. Universidad de Le\u00f3n<\/h4>\n<\/li>\n \t<li style=\"text-align: justify;\">\n<h4>\u00c1lvarez-Blanco I (2008) Autoecolog\u00eda de las diatomeas epil\u00edticas de los r\u00edos de la Cuenca Hidrogr\u00e1fica del Duero. <i>Diploma de estudios avanzados<\/i><i>.<\/i> Universidad de Le\u00f3n<\/h4>\n<\/li>\n \t<li style=\"text-align: justify;\">\n<h4>Cejudo C (2008) Estudio comparativo de las diatomeas de las lagunas de la Depresi\u00f3n del Duero. <em>Diploma de Estudios Avanzados<\/em>. Universidad de Le\u00f3n<\/h4>\n<\/li>\n<\/ul>","protected":false},"excerpt":{"rendered":"<p>Estancias de Investigaci\u00f3n Marion Doucet (Universit\u00e9 Blaise Pascal). 2015.\u00a0Study of a possible relation between ground characteristics and community of soil diatoms Sinziana Rivera (Universit\u00e9 de Gen\u00e8ve). 2016. Taxonom\u00eda basada en morfolog\u00eda aplicada a la bioindicaci\u00f3n Gisele Marquardt (Instituto de Bot\u00e2nica, S\u00e3o Paulo). 2016.\u00a0Distance\u00a0decay\u00a0as a descriptor in compositional variation in diatom metacommunities. Adriana Olenici (Babe\u0219-Bolyai University). [&hellip;]<\/p>\n","protected":false},"author":75,"featured_media":0,"parent":0,"menu_order":0,"comment_status":"closed","ping_status":"open","template":"","meta":{"footnotes":""},"class_list":["post-38","page","type-page","status-publish","hentry"],"_links":{"self":[{"href":"https:\/\/institutos.unileon.es\/laboratorio-de-diatomologia\/wp-json\/wp\/v2\/pages\/38","targetHints":{"allow":["GET"]}}],"collection":[{"href":"https:\/\/institutos.unileon.es\/laboratorio-de-diatomologia\/wp-json\/wp\/v2\/pages"}],"about":[{"href":"https:\/\/institutos.unileon.es\/laboratorio-de-diatomologia\/wp-json\/wp\/v2\/types\/page"}],"author":[{"embeddable":true,"href":"https:\/\/institutos.unileon.es\/laboratorio-de-diatomologia\/wp-json\/wp\/v2\/users\/75"}],"replies":[{"embeddable":true,"href":"https:\/\/institutos.unileon.es\/laboratorio-de-diatomologia\/wp-json\/wp\/v2\/comments?post=38"}],"version-history":[{"count":35,"href":"https:\/\/institutos.unileon.es\/laboratorio-de-diatomologia\/wp-json\/wp\/v2\/pages\/38\/revisions"}],"predecessor-version":[{"id":481,"href":"https:\/\/institutos.unileon.es\/laboratorio-de-diatomologia\/wp-json\/wp\/v2\/pages\/38\/revisions\/481"}],"wp:attachment":[{"href":"https:\/\/institutos.unileon.es\/laboratorio-de-diatomologia\/wp-json\/wp\/v2\/media?parent=38"}],"curies":[{"name":"wp","href":"https:\/\/api.w.org\/{rel}","templated":true}]}}