{"id":32,"date":"2013-12-11T12:39:41","date_gmt":"2013-12-11T12:39:41","guid":{"rendered":"http:\/\/institutos.unileon.es\/laboratorio-de-diatomologia\/?page_id=32"},"modified":"2017-01-02T09:31:28","modified_gmt":"2017-01-02T09:31:28","slug":"las-diatomeas","status":"publish","type":"page","link":"https:\/\/institutos.unileon.es\/laboratorio-de-diatomologia\/las-diatomeas\/","title":{"rendered":"Las diatomeas"},"content":{"rendered":"<div id=\"google_translate_element\"><\/div><script type=\"text\/javascript\">\r\nfunction googleTranslateElementInit() {\r\n  new google.translate.TranslateElement({pageLanguage: 'es', layout: google.translate.TranslateElement.InlineLayout.SIMPLE}, 'google_translate_element');\r\n}\r\n<\/script><script type=\"text\/javascript\" src=\"\/\/translate.google.com\/translate_a\/element.js?cb=googleTranslateElementInit\"><\/script>\r\n        <p style=\"text-align: justify;\" align=\"left\">\u201cDiatomeas\u201d es el nombre com\u00fan habitualmente utilizado para designar a las microalgas de la divisi\u00f3n Bacillariophyta perteneciente al Reino Chromista. Son algas microsc\u00f3picas, unicelulares y eucariotas, compuestas en un 60% de s\u00edlice (SiO2) ya que la c\u00e9lula se encuentra protegida por un caparaz\u00f3n silicio llamado fr\u00fastulo que le confiere gran dureza y resistencia, y cuya ornamentaci\u00f3n permite la identificaci\u00f3n taxon\u00f3mica de las diferentes especies. Tienen dos modos de vida principales: muchas especies son planct\u00f3nicas, viven flotando en la columna de agua, mientras que otras son bent\u00f3nicas, con un ciclo de vida asociado a alg\u00fan tipo de sustrato (p\u00e9treo, vegetal, etc).<\/p>\r\n<p style=\"text-align: center;\" align=\"left\"><a href=\"http:\/\/institutos.unileon.es\/laboratorio-de-diatomologia\/files\/2013\/12\/image010-copia.jpg\"><img loading=\"lazy\" decoding=\"async\" class=\"size-medium wp-image-223 aligncenter\" alt=\"image010 copia\" src=\"http:\/\/institutos.unileon.es\/laboratorio-de-diatomologia\/files\/2013\/12\/image010-copia.jpg\" width=\"400\" height=\"242\" srcset=\"https:\/\/institutos.unileon.es\/laboratorio-de-diatomologia\/files\/2013\/12\/image010-copia.jpg 1224w, https:\/\/institutos.unileon.es\/laboratorio-de-diatomologia\/files\/2013\/12\/image010-copia-300x181.jpg 300w, https:\/\/institutos.unileon.es\/laboratorio-de-diatomologia\/files\/2013\/12\/image010-copia-1024x619.jpg 1024w, https:\/\/institutos.unileon.es\/laboratorio-de-diatomologia\/files\/2013\/12\/image010-copia-900x544.jpg 900w\" sizes=\"auto, (max-width: 400px) 100vw, 400px\" \/><\/a><\/p>\r\n<p style=\"text-align: justify;\" align=\"left\">Las diatomeas poseen una amplia distribuci\u00f3n en los ecosistemas acu\u00e1ticos tanto marinos como continentales. Es un grupo enormemente diverso: existen m\u00e1s de 100.000 taxones y cada a\u00f1o se describen alrededor de 400 nuevas especies, cada una de ellas con unos requerimientos ecol\u00f3gicos espec\u00edficos que permiten su desarrollo bajo determinadas condiciones ambientales. Presentan elevada sensibilidad frente a la alteraci\u00f3n de los par\u00e1metros fisicoqu\u00edmicos del medio, por lo que integran y reflejan las condiciones de los ambientes acu\u00e1ticos en los que viven.<\/p>\r\n<p style=\"text-align: justify;\" align=\"left\">Desde la invenci\u00f3n del microscopio, las diatomeas han sido objeto de estudio y admiraci\u00f3n por parte de destacados cient\u00edficos a lo largo de la historia. En la actualidad, la diatomolog\u00eda es una ciencia floreciente en la que convergen multitud de disciplinas como la ecolog\u00eda, la fisiolog\u00eda, la gen\u00e9tica o la biolog\u00eda evolutiva.<\/p>","protected":false},"excerpt":{"rendered":"<p>\u201cDiatomeas\u201d es el nombre com\u00fan habitualmente utilizado para designar a las microalgas de la divisi\u00f3n Bacillariophyta perteneciente al Reino Chromista. Son algas microsc\u00f3picas, unicelulares y eucariotas, compuestas en un 60% de s\u00edlice (SiO2) ya que la c\u00e9lula se encuentra protegida por un caparaz\u00f3n silicio llamado fr\u00fastulo que le confiere gran dureza y resistencia, y cuya [&hellip;]<\/p>\n","protected":false},"author":75,"featured_media":0,"parent":0,"menu_order":0,"comment_status":"closed","ping_status":"open","template":"","meta":{"footnotes":""},"class_list":["post-32","page","type-page","status-publish","hentry"],"_links":{"self":[{"href":"https:\/\/institutos.unileon.es\/laboratorio-de-diatomologia\/wp-json\/wp\/v2\/pages\/32","targetHints":{"allow":["GET"]}}],"collection":[{"href":"https:\/\/institutos.unileon.es\/laboratorio-de-diatomologia\/wp-json\/wp\/v2\/pages"}],"about":[{"href":"https:\/\/institutos.unileon.es\/laboratorio-de-diatomologia\/wp-json\/wp\/v2\/types\/page"}],"author":[{"embeddable":true,"href":"https:\/\/institutos.unileon.es\/laboratorio-de-diatomologia\/wp-json\/wp\/v2\/users\/75"}],"replies":[{"embeddable":true,"href":"https:\/\/institutos.unileon.es\/laboratorio-de-diatomologia\/wp-json\/wp\/v2\/comments?post=32"}],"version-history":[{"count":12,"href":"https:\/\/institutos.unileon.es\/laboratorio-de-diatomologia\/wp-json\/wp\/v2\/pages\/32\/revisions"}],"predecessor-version":[{"id":280,"href":"https:\/\/institutos.unileon.es\/laboratorio-de-diatomologia\/wp-json\/wp\/v2\/pages\/32\/revisions\/280"}],"wp:attachment":[{"href":"https:\/\/institutos.unileon.es\/laboratorio-de-diatomologia\/wp-json\/wp\/v2\/media?parent=32"}],"curies":[{"name":"wp","href":"https:\/\/api.w.org\/{rel}","templated":true}]}}