{"id":2,"date":"2013-11-28T11:43:25","date_gmt":"2013-11-28T11:43:25","guid":{"rendered":"http:\/\/institutos.unileon.es\/laboratorio-de-diatomologia\/?page_id=2"},"modified":"2025-08-04T09:39:13","modified_gmt":"2025-08-04T09:39:13","slug":"pagina-ejemplo","status":"publish","type":"page","link":"https:\/\/institutos.unileon.es\/laboratorio-de-diatomologia\/pagina-ejemplo\/","title":{"rendered":"Servicios"},"content":{"rendered":"<div id=\"google_translate_element\"><\/div>\n<script type=\"text\/javascript\"><br \/>\nfunction googleTranslateElementInit() {<br \/>\n  new google.translate.TranslateElement({pageLanguage: 'es', layout: google.translate.TranslateElement.InlineLayout.SIMPLE}, 'google_translate_element');<br \/>\n}<br \/>\n<\/script><script type=\"text\/javascript\" src=\"\/\/translate.google.com\/translate_a\/element.js?cb=googleTranslateElementInit\"><\/script>\n\n<address>\n<h1>Servicios generales ofertados<\/h1>\n<ul>\n \t<li>C\u00e1lculo del \u00cdndice de Poluosensibilidad Espec\u00edfica (<a href=\"https:\/\/www.miteco.gob.es\/es\/agua\/temas\/estado-y-calidad-de-las-aguas\/IPS-2013_24_05_2013_tcm30-175295.pdf\">protocolo IPS-2013<\/a>). Ensayo <a href=\"https:\/\/www.enac.es\/documents\/7020\/dea655d9-ba75-405b-ac69-9e467e968c4b\">acreditado por ENAC<\/a><\/li>\n<\/ul>\n<a href=\"https:\/\/institutos.unileon.es\/laboratorio-de-diatomologia\/files\/2022\/05\/ensayos_WEB-1-exp_1431-_-LE2624.jpg\"><img loading=\"lazy\" decoding=\"async\" class=\"aligncenter wp-image-413\" src=\"https:\/\/institutos.unileon.es\/laboratorio-de-diatomologia\/files\/2022\/05\/ensayos_WEB-1-exp_1431-_-LE2624.jpg\" alt=\"\" width=\"200\" height=\"200\" \/><\/a>\n<ul>\n \t<li>\n<h4>An\u00e1lisis de calidad de aguas usando diatomeas. C\u00e1lculo de \u00edndices biol\u00f3gicos basados en diatomeas.<\/h4>\n<\/li>\n \t<li>\n<h4>Aplicaci\u00f3n de la Directiva Marco del Agua (indicadores fitobent\u00f3nicos) en r\u00edos, lagos y ecosistemas costeros. Realizaci\u00f3n de peritajes e informes t\u00e9cnicos.<\/h4>\n<\/li>\n \t<li>\n<h4>Identificaci\u00f3n de diatomeas marinas y de agua dulce (microscop\u00eda \u00f3ptica de campo claro y contraste de fases). An\u00e1lisis de imagen. Geometr\u00eda morfom\u00e9trica.<\/h4>\n<\/li>\n \t<li>\n<h4>Realizaci\u00f3n de inventarios flor\u00edsticos, cat\u00e1logos ilustrados, atlas y gu\u00edas de identificaci\u00f3n. Estudios de biodiversidad.<\/h4>\n<\/li>\n \t<li>\n<h4>Control de calidad. Ensayos de intercalibraci\u00f3n entre laboratorios.<\/h4>\n<\/li>\n \t<li>\n<h4>Asesor\u00eda y evaluaci\u00f3n de impacto sobre diatomeas invasoras.<\/h4>\n<\/li>\n \t<li>\n<h4>Paleolimnolog\u00eda.<\/h4>\n<\/li>\n \t<li>\n<h4>Cursos introductorios e intensivos de taxonom\u00eda de diatomeas de agua dulce y marinas.<\/h4>\n<\/li>\n \t<li>\n<h4>An\u00e1lisis de cianotoxinas. Identificacion de cianobacterias<\/h4>\n<\/li>\n \t<li><em><strong>Solicitud de servicios: a trav\u00e9s de la plataforma <a href=\"https:\/\/aplicaciones.educa.jcyl.es\/infrared\/welcome.action\" target=\"_blank\" rel=\"noopener\">INFRARED<\/a>\u00a0(laboratorios ULE &gt; Servicios y t\u00e9cnicas &gt; ULE Microscopio &gt; Solicitud de trabajo). Descargue y rellene la <a href=\"https:\/\/docs.google.com\/spreadsheets\/d\/1pdzS5Ru69kVxUe5HLVSLP0lrH8_MY8LX\/edit?usp=drivesdk&amp;ouid=111215697911928206716&amp;rtpof=true&amp;sd=true\" target=\"_blank\" rel=\"noopener\">plantilla de solicitudes<\/a> para adjuntarla a su solicitud.<\/strong><\/em><\/li>\n \t<li><a href=\"https:\/\/servicios.unileon.es\/lti-ir\/lti\/solicitud-de-servicios-a-traves-de-la-plataforma-infrared\/\" target=\"_blank\" rel=\"noopener\">Registro y Acceso INFRARED General<\/a><\/li>\n \t<li><a href=\"https:\/\/docplayer.es\/181457295-Manual-infrared-guia-basica-solicitante-externo.html\" target=\"_blank\" rel=\"noopener\">Manual INFRARED: Gu\u00eda B\u00e1sica Solicitante Externo<\/a><\/li>\n \t<li><a href=\"https:\/\/www.unileon.es\/files\/2025-01\/presupuesto2025nw.pdf\" target=\"_blank\" rel=\"noopener\">Tarifas vigentes<\/a> (p\u00e1gina 271):<\/li>\n<\/ul>\n<a href=\"https:\/\/institutos.unileon.es\/laboratorio-de-diatomologia\/files\/2025\/06\/image.png\"><img loading=\"lazy\" decoding=\"async\" class=\"alignnone size-medium wp-image-498\" src=\"https:\/\/institutos.unileon.es\/laboratorio-de-diatomologia\/files\/2025\/06\/image-300x125.png\" alt=\"\" width=\"300\" height=\"125\" srcset=\"https:\/\/institutos.unileon.es\/laboratorio-de-diatomologia\/files\/2025\/06\/image-300x125.png 300w, https:\/\/institutos.unileon.es\/laboratorio-de-diatomologia\/files\/2025\/06\/image.png 753w\" sizes=\"auto, (max-width: 300px) 100vw, 300px\" \/><\/a>\n<h1>Formaci\u00f3n<\/h1>\n<\/address>\n<h3>Estancia Intensiva de Especializaci\u00f3n<\/h3>\n<strong><em>Diatomeas de agua dulce\/marinas<\/em><\/strong>\n<p style=\"text-align: justify;\">Se trata de un curso enfocado al estudio de los principales grupos taxon\u00f3micos de diatomeas continentales y\/o marinas. Tiene por fundamento la necesidad de formar profesionales en taxonom\u00eda diatomol\u00f3gica, capaces de responder a la creciente demanda de especialistas que actualmente se requiere en este sector. El curso es principalmente pr\u00e1ctico, se definir\u00e1n con precisi\u00f3n los criterios (morfol\u00f3gicos, ultraestructurales, ornamentales, etc) a tener en cuenta para la identificaci\u00f3n de las diatomeas a nivel gen\u00e9rico, espec\u00edfico e infraespec\u00edfico, se tratar\u00e1n en detalle los problemas de identificaci\u00f3n de los taxones m\u00e1s problem\u00e1ticos y se pondr\u00e1 especial atenci\u00f3n en el uso de la nomenclatura taxon\u00f3mica actualizada.<\/p>\n<p style=\"text-align: justify;\">Director: Dr. Sa\u00fal Blanco Lanza<\/p>\n<p style=\"text-align: justify;\">Destinatarios: investigadores y profesionales.<\/p>\n<p style=\"text-align: justify;\">Programa:\u00a0El curso se repartir\u00e1 en\u00a05\u00a0jornadas\u00a0de\u00a0la siguiente\u00a0manera, no obstante el programa puede ser modificado en funci\u00f3n de los deseos y necesidades de los participantes.<\/p>\n\n<table border=\"0\" align=\"left\">\n<tbody>\n<tr>\n<td style=\"text-align: center;\">D\u00eda<\/td>\n<td style=\"text-align: center;\">Sesi\u00f3n<\/td>\n<\/tr>\n<tr>\n<td style=\"text-align: center;\">1<\/td>\n<td>\n<ul>\n \t<li>Diatomeas c\u00e9ntricas: <em>Clase<\/em>\u00a0<em>Coscinodiscophyceae<\/em><\/li>\n<\/ul>\n<\/td>\n<\/tr>\n<tr>\n<td style=\"text-align: center;\">2<\/td>\n<td>\n<ul>\n \t<li>Diatomeas arraf\u00eddeas: <em>Clase\u00a0Fragilariophyceae<\/em><\/li>\n<\/ul>\n<\/td>\n<\/tr>\n<tr>\n<td style=\"text-align: center;\">3<\/td>\n<td>\n<ul>\n \t<li>Diatomeas monorraf\u00eddeas y braquirraf\u00eddeas: <em>Clase\u00a0Bacillariophyceae<\/em><\/li>\n<\/ul>\n<\/td>\n<\/tr>\n<tr>\n<td style=\"text-align: center;\">4<\/td>\n<td>\n<ul>\n \t<li>Diatomeas birraf\u00eddeas I: \u00a0<em>Clase\u00a0Bacillariophyceae<\/em><\/li>\n<\/ul>\n<\/td>\n<\/tr>\n<tr>\n<td style=\"text-align: center;\">5<\/td>\n<td>\n<ul>\n \t<li>\u00a0Diatomeas birraf\u00eddeas II: \u00a0<em>Clase\u00a0Bacillariophyceae<\/em><\/li>\n<\/ul>\n<\/td>\n<\/tr>\n<\/tbody>\n<\/table>\nDuraci\u00f3n: 40 horas.\n\nFechas y horarios: a convenir con los alumnos.\n\nLugas de impartici\u00f3n: Instituto de Medio Ambiente, Recursos Naturales y Biodiversidad, Universidad de Le\u00f3n.\n\nN\u00famero m\u00ednimo de alumnos: 1.\n\nN\u00famero m\u00e1ximo de alumnos: 3.\n<h3>Curso introductorio<\/h3>\n<strong><em>Diagn\u00f3stico\u00a0de la\u00a0calidad\u00a0de las aguas\u00a0fluviales\u00a0mediante \u00edndices\u00a0diatomol\u00f3gicos<\/em><\/strong>\n<div>\n<p style=\"text-align: justify;\">Se trata de un curso enfocado hacia el aprendizaje de las t\u00e9cnicas de muestreo y determinaci\u00f3n de diatomeas epil\u00edticas y su empleo como indicadores de la contaminaci\u00f3n en r\u00edos. El curso tiene como fundamento la necesidad de preparar especialistas en la caracterizaci\u00f3n de estos organismos indicadores de la calidad de las aguas corrientes, respondiendo a la formaci\u00f3n de profesionales que demanda el cumplimiento de la Directiva Marco del Agua de la Uni\u00f3n Europea sobre calidad de las aguas continentales. El curso es fundamentalmente pr\u00e1ctico y ofrece a los alumnos una introducci\u00f3n a las t\u00e9cnicas de muestreo, tratamiento y diagnosis taxon\u00f3mica de diatomeas bent\u00f3nicas, as\u00ed como al c\u00e1lculo de los principales \u00edndices diatomol\u00f3gicos utilizados de forma rutinaria en toda Europa.<\/p>\n<p style=\"text-align: justify;\">Director: Dr. Sa\u00fal Blanco<\/p>\n<p style=\"text-align: justify;\">Destinatarios: licenciados, investigadores y profesionales.<\/p>\n<p style=\"text-align: justify;\">Programa:\u00a0El curso se repartir\u00e1 en\u00a05\u00a0jornadas\u00a0de\u00a0la siguiente\u00a0manera:<\/p>\n\n<table class=\"wp-oembed\" border=\"0\" align=\"left\">\n<tbody>\n<tr>\n<td class=\"wp-caption-text\" style=\"text-align: center;\">D\u00eda<\/td>\n<td class=\"wp-caption-text\" style=\"text-align: center;\">Sesi\u00f3n<\/td>\n<\/tr>\n<tr>\n<td class=\"wp-caption-text\" style=\"text-align: center;\">1<\/td>\n<td class=\"wp-caption-text\">\n<ul style=\"list-style-type: circle;\">\n \t<li>Los bioindicadores fitobent\u00f3nicos en la Directiva Marco del Agua de la Uni\u00f3n Europea.<\/li>\n \t<li>Las diatomeas epil\u00edticas: principales caracter\u00edsticas morfol\u00f3gicas y ecol\u00f3gicas.<\/li>\n \t<li>Fundamentos de los \u00edndices diatomol\u00f3gicos y diagnosis del estado ecol\u00f3gico de las aguas continentales en Europa.<\/li>\n<\/ul>\n<\/td>\n<\/tr>\n<tr>\n<td class=\"wp-caption-text\" style=\"text-align: center;\">2<\/td>\n<td class=\"wp-caption-text\">\n<ul style=\"list-style-type: circle;\">\n \t<li style=\"text-align: left;\">Aplicaci\u00f3n de los protocolos europeos normalizados para la recolecci\u00f3n de diatomeas en r\u00edos. Normas AENOR (UNE-EN 13946:2004 y UNE-EN 14407:2005).<\/li>\n \t<li style=\"text-align: left;\">Pretratamiento y procesado de muestras en laboratorio. Obtenci\u00f3n de preparaciones microsc\u00f3picas permanentes.<\/li>\n<\/ul>\n<\/td>\n<\/tr>\n<tr>\n<td class=\"wp-caption-text\" style=\"text-align: center;\">3<\/td>\n<td class=\"wp-caption-text\">\n<ul style=\"list-style-type: circle;\">\n \t<li>An\u00e1lisis microsc\u00f3pico de las preparaciones. Identificaci\u00f3n taxon\u00f3mica de diatomeas.<\/li>\n \t<li>T\u00e9cnicas de observaci\u00f3n y cuantificaci\u00f3n de muestras.<\/li>\n<\/ul>\n<\/td>\n<\/tr>\n<tr>\n<td class=\"wp-caption-text\" style=\"text-align: center;\">4<\/td>\n<td class=\"wp-caption-text\">\n<ul style=\"list-style-type: circle;\">\n \t<li>An\u00e1lisis microsc\u00f3pico de las preparaciones. Identificaci\u00f3n taxon\u00f3mica de diatomeas (continuaci\u00f3n)<\/li>\n \t<li>T\u00e9cnicas de observaci\u00f3n y cuantificaci\u00f3n de muestras (continuaci\u00f3n)<\/li>\n<\/ul>\n<\/td>\n<\/tr>\n<tr>\n<td class=\"wp-caption-text\" style=\"text-align: center;\">5<\/td>\n<td class=\"wp-caption-text\">\n<ul style=\"list-style-type: circle;\">\n \t<li>C\u00e1lculo del \u00cdndice Gen\u00e9rico de Diatomeas (IDG). El programa OMNIDIA.<\/li>\n \t<li>Evaluaci\u00f3n y discusi\u00f3n de los resultados.<\/li>\n<\/ul>\n<\/td>\n<\/tr>\n<\/tbody>\n<\/table>\nDuraci\u00f3n: 40 horas.\n\nFechas y horarios: a convenir con los alumnos.\n\nLugas de impartici\u00f3n: Instituto de Medio Ambiente, Recursos Naturales y Biodiversidad, Universidad de Le\u00f3n.\n\nN\u00famero m\u00ednimo de alumnos: 1.\n\nN\u00famero m\u00e1ximo de alumnos: 3.\n\n<\/div>","protected":false},"excerpt":{"rendered":"<p>Servicios generales ofertados C\u00e1lculo del \u00cdndice de Poluosensibilidad Espec\u00edfica (protocolo IPS-2013). Ensayo acreditado por ENAC An\u00e1lisis de calidad de aguas usando diatomeas. C\u00e1lculo de \u00edndices biol\u00f3gicos basados en diatomeas. Aplicaci\u00f3n de la Directiva Marco del Agua (indicadores fitobent\u00f3nicos) en r\u00edos, lagos y ecosistemas costeros. Realizaci\u00f3n de peritajes e informes t\u00e9cnicos. Identificaci\u00f3n de diatomeas marinas y [&hellip;]<\/p>\n","protected":false},"author":1,"featured_media":0,"parent":0,"menu_order":0,"comment_status":"closed","ping_status":"open","template":"","meta":{"footnotes":""},"class_list":["post-2","page","type-page","status-publish","hentry"],"_links":{"self":[{"href":"https:\/\/institutos.unileon.es\/laboratorio-de-diatomologia\/wp-json\/wp\/v2\/pages\/2","targetHints":{"allow":["GET"]}}],"collection":[{"href":"https:\/\/institutos.unileon.es\/laboratorio-de-diatomologia\/wp-json\/wp\/v2\/pages"}],"about":[{"href":"https:\/\/institutos.unileon.es\/laboratorio-de-diatomologia\/wp-json\/wp\/v2\/types\/page"}],"author":[{"embeddable":true,"href":"https:\/\/institutos.unileon.es\/laboratorio-de-diatomologia\/wp-json\/wp\/v2\/users\/1"}],"replies":[{"embeddable":true,"href":"https:\/\/institutos.unileon.es\/laboratorio-de-diatomologia\/wp-json\/wp\/v2\/comments?post=2"}],"version-history":[{"count":26,"href":"https:\/\/institutos.unileon.es\/laboratorio-de-diatomologia\/wp-json\/wp\/v2\/pages\/2\/revisions"}],"predecessor-version":[{"id":504,"href":"https:\/\/institutos.unileon.es\/laboratorio-de-diatomologia\/wp-json\/wp\/v2\/pages\/2\/revisions\/504"}],"wp:attachment":[{"href":"https:\/\/institutos.unileon.es\/laboratorio-de-diatomologia\/wp-json\/wp\/v2\/media?parent=2"}],"curies":[{"name":"wp","href":"https:\/\/api.w.org\/{rel}","templated":true}]}}