{"id":167,"date":"2014-01-15T12:56:29","date_gmt":"2014-01-15T12:56:29","guid":{"rendered":"http:\/\/institutos.unileon.es\/laboratorio-de-diatomologia\/?page_id=167"},"modified":"2018-12-25T10:40:45","modified_gmt":"2018-12-25T10:40:45","slug":"enlaces","status":"publish","type":"page","link":"https:\/\/institutos.unileon.es\/laboratorio-de-diatomologia\/enlaces\/","title":{"rendered":"Enlaces"},"content":{"rendered":"<h3>Sobre el laboratorio de diatomolog\u00eda ULE<\/h3>\r\n&nbsp;\r\n\r\n<a href=\"https:\/\/www.gbif.org\/dataset\/80b2ae0b-644d-4216-8a56-0ae52929dd70\">Ficoteca en el GBIF.es (Nodo Nacional de Informaci\u00f3n en Biodiversidad)<\/a>\r\n\r\n<a href=\"http:\/\/herbarioleb.unileon.es\/\">Herbario LEB Jaime Andr\u00e9s Rodr\u00edguez<\/a>\r\n\r\n<a href=\"http:\/\/servicios.unileon.es\/microscopia\/servicios-y-equipamiento\/\">Servicio de microscop\u00eda de la Universidad de Le\u00f3n<\/a>\r\n\r\n<a href=\"http:\/\/galemysdotorg.files.wordpress.com\/2013\/10\/didymo_gestion.pdf\"><em>Didymosphenia geminata<\/em>: reconocimiento y estrategia de gesti\u00f3n<\/a>\r\n<h3>Asociaciones nacionales e internacionales<\/h3>\r\n<a href=\"http:\/\/www.sefalgas.org\/\">Sociedad Espa\u00f1ola de Ficolog\u00eda\u00a0(SEF)<\/a>\r\n\r\n<a href=\"http:\/\/www.limnetica.com\/ail\/\">Asociaci\u00f3n Iberica de Limnolog\u00eda (AIL)<\/a>\r\n\r\n<a href=\"http:\/\/www.isdr.org\/\">International Society for Diatom Research (ISDR)<\/a>\r\n\r\n<a href=\"http:\/\/adlaf.free.fr\/\">Association des Diatomistes de Langue Fran\u00e7aise (ADLaF)<\/a>\r\n\r\n<a href=\"http:\/\/diatomology.org\/eng\/index.html\">The Japanese Society of Diatomology<\/a>\r\n<h3>Cat\u00e1logos taxon\u00f3micos y bases de datos<\/h3>\r\n<a href=\"http:\/\/research.calacademy.org\/redirect?url=http:\/\/researcharchive.calacademy.org\/research\/diatoms\/names\/index.asp\">California Academy of Sciences: Catalogue of Diatom Names<\/a>\r\n\r\n<a href=\"http:\/\/algaebase.org\/\">AlgaeBase<\/a>\r\n\r\n<a href=\"http:\/\/ucjeps.berkeley.edu\/INA.html\">Index Nominum Algarum<\/a>\r\n\r\n<a href=\"http:\/\/craticula.ncl.ac.uk\/Eddi\/jsp\/taxonsearch.jsp?qryTaxon=\">European Diatom Database<\/a>\r\n\r\n<a href=\"http:\/\/algaterra.org\/ATDB\/Names\/NamesMain.cfm\">AlgaTerra<\/a>\r\n\r\n<a href=\"http:\/\/westerndiatoms.colorado.edu\/\">Diatoms of the United States<\/a>\r\n\r\n<a href=\"http:\/\/diatom.ansp.org\/algae_image\/SearchCriteria.aspx\">ANSP Algae Image Database<\/a>\r\n\r\n<a href=\"http:\/\/rbg-web2.rbge.org.uk\/ADIAC\/db\/adiacdb.htm\">ADIAC Diatom Image Database<\/a>\r\n<h3>Centros de estudios diatomol\u00f3gicos<\/h3>\r\n<a href=\"http:\/\/www.lippmann.lu\/index.php?id=471\">Centre de Recherche Public Gabriel Lippmann<\/a>\r\n\r\n<a href=\"http:\/\/huey.colorado.edu\/diatoms\/about\/index.php\">Antarctic Freshwater Diatoms<\/a>\r\n\r\n<a href=\"http:\/\/www.awi.de\/en\/home\/\">The Friedrich Hustedt Diatom Study Centre<\/a>\r\n\r\n<a href=\"http:\/\/www.asconit.com\/hydrobiologie\/algues.htm\">Asconit Consultans<\/a>\r\n<h3>Claves,\u00a0atlas y\u00a0gu\u00edas de identificaci\u00f3n taxon\u00f3mica<\/h3>\r\n<a href=\"http:\/\/eportal.magrama.gob.es\/id_tax\/clave\/inicio\/1\">Id-Tax-Diatomeas<\/a>\r\n\r\n<a href=\"http:\/\/diatomee.dreal-languedoc-roussillon.fr\/index.php#\">Atlas des diatom\u00e9es de la r\u00e9gion Languedoc-Roussillon<\/a><a href=\"http:\/\/diatomee.dreal-languedoc-roussillon.fr\/index.php#\" target=\"_blank\" rel=\"noopener\">\r\n<\/a>\r\n\r\n<a href=\"http:\/\/www.rhone-alpes.developpement-durable.gouv.fr\/atlas-des-diatomees-de-la-region-a3480.html\">Atlas des diatom\u00e9es des cours d\u2019eau de la region Rhone-Alpes<\/a>\r\n\r\n<a href=\"http:\/\/es.scribd.com\/doc\/110045872\/Guia-macroalgas\">Gu\u00eda de macroalgas<\/a>\r\n<h3>Confederaciones Hidrogr\u00e1ficas<\/h3>\r\n<a href=\"http:\/\/www.chcantabrico.es\/\" target=\"_blank\" rel=\"noopener\">Confederaci\u00f3n Hidrogr\u00e1fica del Cant\u00e1brico<\/a>\r\n\r\n<a title=\"Confederaci\u00f3n Hidrogr\u00e1ficadel Duero\u00a0 (Se abrir\u00e1 en una ventana nueva) \" href=\"http:\/\/www.chduero.es\/\" target=\"_blank\" rel=\"noopener\">Confederaci\u00f3n Hidrogr\u00e1fica del Duero\u00a0<\/a>\r\n\r\n<a title=\"Confederaci\u00f3n Hidrogr\u00e1ficadel Ebro (Se abrir\u00e1 en una ventana nueva) \" href=\"http:\/\/www.chebro.es\/\" target=\"_blank\" rel=\"noopener\">Confederaci\u00f3n Hidrogr\u00e1fica del Ebro<\/a>\r\n\r\n<a href=\"http:\/\/www.chguadalquivir.es\/\" target=\"_blank\" rel=\"noopener\">Confederaci\u00f3n Hidrogr\u00e1fica del Guadalquivir<\/a>\r\n\r\n<a title=\"Confederaci\u00f3nHidrogr\u00e1fica del Guadiana (Se abrir\u00e1 en una ventana nueva) \" href=\"http:\/\/www.chguadiana.es\/\" target=\"_blank\" rel=\"noopener\">Confederaci\u00f3n Hidrogr\u00e1fica del Guadiana<\/a>\r\n\r\n<a title=\"Confederaci\u00f3n Hidrogr\u00e1fica delJ\u00facar (Se abrir\u00e1 en una ventana nueva) \" href=\"http:\/\/www.chj.es\/\" target=\"_blank\" rel=\"noopener\">Confederaci\u00f3n Hidrogr\u00e1fica del J\u00facar<\/a>\r\n\r\n<a title=\"Confederaci\u00f3n Hidrogr\u00e1fica delMi\u00f1o-Sil (Se abrir\u00e1 en una ventana nueva) \" href=\"http:\/\/www.chminosil.es\/\" target=\"_blank\" rel=\"noopener\">Confederaci\u00f3n Hidrogr\u00e1fica del Mi\u00f1o-Sil<\/a>\r\n\r\n<a title=\"Confederaci\u00f3nHidrogr\u00e1fica del Segura (Se abrir\u00e1 en una ventana nueva) \" href=\"http:\/\/www.chsegura.es\/\" target=\"_blank\" rel=\"noopener\">Confederaci\u00f3n Hidrogr\u00e1fica del Segura<\/a>\r\n\r\n<a title=\"Confederaci\u00f3n Hidrogr\u00e1ficadel Tajo (Se abrir\u00e1 en una ventana nueva) \" href=\"http:\/\/www.chtajo.es\/\" target=\"_blank\" rel=\"noopener\">Confederaci\u00f3n Hidrogr\u00e1fica del Tajo<\/a>\r\n<h3>Colecciones de libros y revistas diatomol\u00f3gicas<\/h3>\r\n<a href=\"http:\/\/www.nhbs.com\/diatoms_of_europe_diatoms_of_the_european_inland_sefno_104699.html\">Diatoms of Europe<\/a>\r\n\r\n<a href=\"http:\/\/www.nhbs.com\/diatom_monographs_sefno_129396.html\">Diatom Monographs<\/a>\r\n\r\n<a href=\"http:\/\/www.nhbs.com\/iconographia_diatomologica_sefno_18481.html\">Iconographia Diatomologica<\/a>\r\n\r\n<a href=\"http:\/\/www.schweizerbart.de\/publications\/list\/series\/bibl_diatom\">Bibliotheca\u00a0Diatomologica<\/a>\r\n\r\n<a href=\"https:\/\/www.jstage.jst.go.jp\/browse\/diatom\">Diatom<\/a>\r\n\r\n<a href=\"http:\/\/www.tandfonline.com\/loi\/tdia20#.Utki8_TuLIk\">Diatom Research<\/a>\r\n<h3>Principales revistas ficol\u00f3gicas<\/h3>\r\n<a href=\"http:\/\/e-algae.kr\/about\/about.asp\">Algae<\/a>\r\n\r\n<a href=\"http:\/\/www.begellhouse.com\/journals\/journal-on-algae.html\">International Journal on Algae<\/a>\r\n\r\n<a href=\"http:\/\/cryptogamie.com\/pagint_en\/editeur\/revues.php\">Cryptogamie: Algologie<\/a>\r\n\r\n<a href=\"http:\/\/www.brphycsoc.org\/journal.lasso\">European Journal of Phycology<\/a>\r\n\r\n<a href=\"http:\/\/link.springer.com\/journal\/10811\">Journal of Applied Phycology<\/a>\r\n\r\n<a href=\"http:\/\/onlinelibrary.wiley.com\/journal\/10.1111\/(ISSN)1440-1835\">Phycological Research<\/a>\r\n\r\n<a href=\"http:\/\/www.schweizerbart.de\/journals\/nova_hedwigia\">Nova Hedwigia<\/a>\r\n\r\n<a href=\"http:\/\/onlinelibrary.wiley.com\/journal\/10.1111\/%28ISSN%291529-8817\">Journal of Phycology<\/a>\r\n\r\n<a href=\"http:\/\/fottea.czechphycology.cz\/instructions-authors\">Fottea<\/a>\r\n\r\n<a href=\"http:\/\/www.biotaxa.org\/Phytotaxa\/index\">Phytotaxa<\/a>\r\n<h3>Otros enlaces de inter\u00e9s<\/h3>\r\n<a href=\"http:\/\/www.magrama.gob.es\/es\/\">Ministerio de Agricultura, Alimentaci\u00f3n y Medio Ambiente<\/a>\r\n\r\n<a href=\"http:\/\/images.webofknowledge.com\/WOK46\/help\/WOS\/J_abrvjt.html\">Journal Title Abbreviations<\/a>\r\n\r\n<a href=\"http:\/\/openwetware.org\/wiki\/Journals\/A\">OpenWetWare: Journals<\/a>\r\n\r\n<a href=\"http:\/\/www.biodiversitylibrary.org\/browse\/authors\/A\">Biodiversity Heritage Library (BHL)<\/a>\r\n\r\n<a href=\"http:\/\/www.diatoms.co.uk\/ad\/index.htm\">The Amateur Diatomist<\/a>\r\n\r\n<a href=\"http:\/\/frustule.jx3.net\/index.php\/Main_Page\">The Diatom Wiki<\/a>","protected":false},"excerpt":{"rendered":"<p>Sobre el laboratorio de diatomolog\u00eda ULE &nbsp; Ficoteca en el GBIF.es (Nodo Nacional de Informaci\u00f3n en Biodiversidad) Herbario LEB Jaime Andr\u00e9s Rodr\u00edguez Servicio de microscop\u00eda de la Universidad de Le\u00f3n Didymosphenia geminata: reconocimiento y estrategia de gesti\u00f3n Asociaciones nacionales e internacionales Sociedad Espa\u00f1ola de Ficolog\u00eda\u00a0(SEF) Asociaci\u00f3n Iberica de Limnolog\u00eda (AIL) International Society for Diatom Research [&hellip;]<\/p>\n","protected":false},"author":75,"featured_media":0,"parent":0,"menu_order":0,"comment_status":"closed","ping_status":"open","template":"","meta":{"footnotes":""},"class_list":["post-167","page","type-page","status-publish","hentry"],"_links":{"self":[{"href":"https:\/\/institutos.unileon.es\/laboratorio-de-diatomologia\/wp-json\/wp\/v2\/pages\/167","targetHints":{"allow":["GET"]}}],"collection":[{"href":"https:\/\/institutos.unileon.es\/laboratorio-de-diatomologia\/wp-json\/wp\/v2\/pages"}],"about":[{"href":"https:\/\/institutos.unileon.es\/laboratorio-de-diatomologia\/wp-json\/wp\/v2\/types\/page"}],"author":[{"embeddable":true,"href":"https:\/\/institutos.unileon.es\/laboratorio-de-diatomologia\/wp-json\/wp\/v2\/users\/75"}],"replies":[{"embeddable":true,"href":"https:\/\/institutos.unileon.es\/laboratorio-de-diatomologia\/wp-json\/wp\/v2\/comments?post=167"}],"version-history":[{"count":13,"href":"https:\/\/institutos.unileon.es\/laboratorio-de-diatomologia\/wp-json\/wp\/v2\/pages\/167\/revisions"}],"predecessor-version":[{"id":419,"href":"https:\/\/institutos.unileon.es\/laboratorio-de-diatomologia\/wp-json\/wp\/v2\/pages\/167\/revisions\/419"}],"wp:attachment":[{"href":"https:\/\/institutos.unileon.es\/laboratorio-de-diatomologia\/wp-json\/wp\/v2\/media?parent=167"}],"curies":[{"name":"wp","href":"https:\/\/api.w.org\/{rel}","templated":true}]}}