{"id":102,"date":"2013-12-18T12:23:50","date_gmt":"2013-12-18T12:23:50","guid":{"rendered":"http:\/\/institutos.unileon.es\/laboratorio-de-diatomologia\/?page_id=102"},"modified":"2025-06-16T12:40:09","modified_gmt":"2025-06-16T12:40:09","slug":"proyectos-realizados","status":"publish","type":"page","link":"https:\/\/institutos.unileon.es\/laboratorio-de-diatomologia\/proyectos-realizados\/","title":{"rendered":"Proyectos"},"content":{"rendered":"<h4><strong>PilotEA-Picos<\/strong><\/h4>\n<address>ENTIDAD FINANCIADORA: Universidad de Le\u00f3n<\/address><address>DURACI\u00d3N: 19\/12\/24-19\/12\/26<\/address>\n<h4><strong><a href=\"https:\/\/envihei.eu\/\">ENVIHEI<\/a><\/strong><\/h4>\n<address>ENTIDAD FINANCIADORA: Programa Erasmus+<\/address><address>DURACI\u00d3N: 20\/11\/24-30\/11\/26<\/address>\n<h4><strong><a href=\"https:\/\/eurecapro.unileon.es\/microproyectos-2024\/cidia-micro\/\">CiDIA-micro<\/a>: Aquatic environmental impact of biodegradable packaging materials: A citizen science project<\/strong><\/h4>\n<address>ENTIDAD FINANCIADORA: Ministerio de Ciencia, Innovaci\u00f3n y Universidades<\/address><address>DURACI\u00d3N: 16\/07\/24-15\/07\/25<\/address>\n<h4><strong>Delimitaci\u00f3n de metacomunidades en humedales de paisajes agroganaderos. Aplicaci\u00f3n de herramientas moleculares para el estudio de la conectividad funcional (AgroMetaPond)<\/strong><\/h4>\n<address>ENTIDAD FINANCIADORA: Ministerio de Ciencia e Innovaci\u00f3n<\/address><address>DURACI\u00d3N: 1\/9\/2023 &#8211; 31\/8\/2027<\/address>\n<h4><strong>Taxonomy-independent method using diatoms for the application of the Water Framework Directive in lakes<\/strong><\/h4>\n<address>ENTIDAD FINANCIADORA: Ministerio de Ciencia e Innovaci\u00f3n<\/address><address>DURACI\u00d3N: 1\/12\/2022 &#8211; 30\/11\/2024<\/address>\n<h4><strong>Tierra de diatomeas<\/strong><\/h4>\n<address>ENTIDAD FINANCIADORA: Museo de Arte Contempor\u00e1neo de Castilla y Le\u00f3n<\/address><address>DURACI\u00d3N: 17\/06\/2017 &#8211; 10\/09\/2017<\/address><address>\u00a0<\/address>\n<h4><strong>Las diatomeas de Ceuta y su entorno: diversidad y potencialidad como bioindicadoras<\/strong><\/h4>\n<address>ENTIDAD FINANCIADORA: Instituto de Estudios Ceut\u00edes<\/address><address>DURACI\u00d3N: 15\/09\/2016 &#8211; 15\/09\/2017<\/address>\n<h4><strong>Humedales de monta\u00f1a en Andaluc\u00eda: inventario, tipolog\u00edas y conservaci\u00f3n<\/strong><\/h4>\n<address>ENTIDAD FINANCIADORA: CEACTierra<\/address><address>DURACI\u00d3N: 01\/01\/2017 &#8211; 31\/12\/2018<\/address>\n<h4><strong>Aplicaci\u00f3n de la teor\u00eda de metacomunidades a la gesti\u00f3n de la biodiversidad de lagunas en paisajes agroganaderos del mediterr\u00e1neo<\/strong><\/h4>\n<address>ENTIDAD FINANCIADORA:\u00a0MINISTERIO DE ECONOM\u00cdA Y COMPETITIVIDAD &#8211; SECRETAR\u00cdA DE ESTADO DE INVESTIGACI\u00d3N, DESARROLLO E INNOVACI\u00d3N<\/address><address>DURACI\u00d3N: 01\/01\/2018 &#8211; 31\/12\/2020<\/address>\n<h4><strong>Desarrollo de\u00a0m\u00e9todos\u00a0autom\u00e1ticos\u00a0de\u00a0identificaci\u00f3n\u00a0de diatomeas en el\u00a0an\u00e1lisis\u00a0cuantitativo\u00a0y\u00a0monitorizaci\u00f3n de la calidad de agua<\/strong><\/h4>\n<address>ENTIDAD FINANCIADORA:\u00a0MINISTERIO DE ECONOM\u00cdA Y COMPETITIVIDAD &#8211; SECRETAR\u00cdA DE ESTADO DE INVESTIGACI\u00d3N, DESARROLLO E INNOVACI\u00d3N<\/address><address>DURACI\u00d3N: 01\/01\/2015 &#8211; 31\/12\/2017<\/address><address>\u00a0<\/address>\n<h4><strong>Estudio de la biodegradaci\u00f3n de materia org\u00e1nica y recuperaci\u00f3n de nutrientes a partir de aguas residuales de origen agroalimentario mediante sistemas simbi\u00f3ticos microalgas-bacterias.\u00a0Optimizaci\u00f3n a escala laboratorio<\/strong><\/h4>\n<address>ENTIDAD FINANCIADORA: INSTITUTO NACIONAL DE INVESTIGACI\u00d3N Y TECNOLOG\u00cdA\u00a0AGRARIA Y ALIMENTARIA<\/address><address>DURACI\u00d3N: 01\/01\/2015 &#8211; 31\/12\/2017<\/address><address>\u00a0<\/address>\n<h4><strong>Aplicaci\u00f3n de la directiva marco del agua a los lagos de la comunidad de Castilla-Le\u00f3n. Bases cient\u00edficas para la definici\u00f3n de ecotipos indicadores de calidad y condiciones de referencia\n<\/strong><\/h4>\n<address>ENTIDAD FINANCIADORA: JUNTA C.Y L.- SERVICIO TERRITORIAL AGRICULTURA Y GANADER\u00cdA<\/address><address>DURACI\u00d3N: 19\/02\/2003 &#8211; 31\/12\/2005<\/address><address>\u00a0<\/address><address>\u00a0<\/address>\n<h4><strong>Tratamiento de purines mediante consorcios de algas y bacterias: Oxigenaci\u00f3n fotosint\u00e9tica y eliminaci\u00f3n de nutrientes<\/strong><\/h4>\n<address>ENTIDAD FINANCIADORA: INSTITUTO TECNOL\u00d3GICO AGRARIO DE CASTILLA Y LE\u00d3N (ITACYL)<\/address><address>DURACI\u00d3N: 16\/02\/2007 &#8211; 29\/08\/2009<\/address><address>\u00a0<\/address><address>\u00a0<\/address>\n<h4 style=\"text-align: justify;\"><strong>Impacto ecol\u00f3gico y sanitario de las infestaciones del alga invasora<\/strong>\n<strong> Didymosphenia geminata en Castilla y Le\u00f3n<\/strong><\/h4>\n<address>ENTIDAD FINANCIADORA: JUNTA DE CASTILLA Y LE\u00d3N<\/address><address>DURACI\u00d3N: 01\/01\/2010 &#8211; 31\/10\/2011<\/address><address>\u00a0<\/address><address>\u00a0<\/address>\n<h4><strong>Ecological\u00a0Quality and Functioning of Shallow Lake Ecosystems with Respect to the Needs of the European Framework Directive (EVK1-CT-1999-00039 ECOFRAME)<\/strong><\/h4>\n<address>ENTIDAD FINANCIADORA: UNI\u00d3N EUROPEA<\/address><address>DURACI\u00d3N: 2 A\u00d1OS<\/address><address>\u00a0<\/address>\n<h4><strong>Shallow Wetland Lake Function and Restoration in a Changing European Environment (ENV4-CT97-0420)<\/strong><\/h4>\n<address>ENTIDAD FINANCIADORA: UNI\u00d3N EUROPEA<\/address><address>DURACI\u00d3N: 3 A\u00d1OS<\/address><address>\u00a0<\/address><address>\u00a0<\/address><address>Empresas y administraciones con las que se han establecido contratosInstituto Nacional de Investigaci\u00f3n y Tecnolog\u00eda Agraria (INIA)\nJunta de Castilla y Le\u00f3n\nFGULEM\nConfederaci\u00f3n Hidrogr\u00e1fica del Duero\nCimera Estudios Aplicados SL\nUniversidad de Oviedo\nInstituto Tecnol\u00f3gico Agrario de Castilla y Le\u00f3n (ITACYL)\nTaxus Gesti\u00f3n Ambiental\nUnited Research Services Espa\u00f1a SL\nIcthios Gesti\u00f3n Ambiental SL\nAmbinor Consultor\u00eda y Proyectos SL\n\n<\/address><address>\u00a0<\/address>","protected":false},"excerpt":{"rendered":"<p>PilotEA-Picos ENTIDAD FINANCIADORA: Universidad de Le\u00f3nDURACI\u00d3N: 19\/12\/24-19\/12\/26 ENVIHEI ENTIDAD FINANCIADORA: Programa Erasmus+DURACI\u00d3N: 20\/11\/24-30\/11\/26 CiDIA-micro: Aquatic environmental impact of biodegradable packaging materials: A citizen science project ENTIDAD FINANCIADORA: Ministerio de Ciencia, Innovaci\u00f3n y UniversidadesDURACI\u00d3N: 16\/07\/24-15\/07\/25 Delimitaci\u00f3n de metacomunidades en humedales de paisajes agroganaderos. Aplicaci\u00f3n de herramientas moleculares para el estudio de la conectividad funcional (AgroMetaPond) ENTIDAD [&hellip;]<\/p>\n","protected":false},"author":75,"featured_media":0,"parent":0,"menu_order":0,"comment_status":"closed","ping_status":"open","template":"","meta":{"footnotes":""},"class_list":["post-102","page","type-page","status-publish","hentry"],"_links":{"self":[{"href":"https:\/\/institutos.unileon.es\/laboratorio-de-diatomologia\/wp-json\/wp\/v2\/pages\/102","targetHints":{"allow":["GET"]}}],"collection":[{"href":"https:\/\/institutos.unileon.es\/laboratorio-de-diatomologia\/wp-json\/wp\/v2\/pages"}],"about":[{"href":"https:\/\/institutos.unileon.es\/laboratorio-de-diatomologia\/wp-json\/wp\/v2\/types\/page"}],"author":[{"embeddable":true,"href":"https:\/\/institutos.unileon.es\/laboratorio-de-diatomologia\/wp-json\/wp\/v2\/users\/75"}],"replies":[{"embeddable":true,"href":"https:\/\/institutos.unileon.es\/laboratorio-de-diatomologia\/wp-json\/wp\/v2\/comments?post=102"}],"version-history":[{"count":14,"href":"https:\/\/institutos.unileon.es\/laboratorio-de-diatomologia\/wp-json\/wp\/v2\/pages\/102\/revisions"}],"predecessor-version":[{"id":493,"href":"https:\/\/institutos.unileon.es\/laboratorio-de-diatomologia\/wp-json\/wp\/v2\/pages\/102\/revisions\/493"}],"wp:attachment":[{"href":"https:\/\/institutos.unileon.es\/laboratorio-de-diatomologia\/wp-json\/wp\/v2\/media?parent=102"}],"curies":[{"name":"wp","href":"https:\/\/api.w.org\/{rel}","templated":true}]}}