{"id":7,"date":"2010-10-15T11:16:53","date_gmt":"2010-10-15T11:16:53","guid":{"rendered":"http:\/\/institutos.unileon.es\/instituto-estudios-medievales\/"},"modified":"2021-05-28T10:13:07","modified_gmt":"2021-05-28T09:13:07","slug":"informacion-de-contacto","status":"publish","type":"page","link":"https:\/\/institutos.unileon.es\/instituto-estudios-medievales\/informacion-de-contacto\/","title":{"rendered":"Contacto"},"content":{"rendered":"<a href=\"http:\/\/institutos.unileon.es\/instituto-estudios-medievales\/files\/2010\/10\/img_contacto-e1404497542662.jpg\"><img loading=\"lazy\" decoding=\"async\" class=\"wp-image-253 aligncenter\" src=\"http:\/\/institutos.unileon.es\/instituto-estudios-medievales\/files\/2010\/10\/img_contacto-e1404497542662.jpg\" alt=\"img_contacto\" width=\"251\" height=\"217\" srcset=\"https:\/\/institutos.unileon.es\/instituto-estudios-medievales\/files\/2010\/10\/img_contacto-e1404497542662.jpg 363w, https:\/\/institutos.unileon.es\/instituto-estudios-medievales\/files\/2010\/10\/img_contacto-e1404497542662-300x258.jpg 300w\" sizes=\"auto, (max-width: 251px) 100vw, 251px\" \/><\/a>\n\n<span style=\"color: #993300;\">M\u00aa Encarnaci\u00f3n Mart\u00edn L\u00f3pez<\/span>\n\n(Directora)\n\nTel\u00e9fono: +34 987 29 10 53\n\nCorreo electr\u00f3nico: memerl@unileon.es\n\n<span style=\"color: #993300;\">Raquel Mart\u00ednez Pe\u00f1\u00edn<\/span>\n\n(Secretaria)\n\nTel\u00e9fono: +34 987 29 35 37\n\nCorreo electr\u00f3nico: rmarp@unileon.es\n\n<a href=\"https:\/\/es-es.facebook.com\/IEM.ULE\"><img loading=\"lazy\" decoding=\"async\" class=\"alignleft wp-image-219\" src=\"http:\/\/institutos.unileon.es\/instituto-estudios-medievales\/files\/2010\/10\/icono-facebook-logosgratis-150x150.jpg\" alt=\"facebook\" width=\"40\" height=\"40\" srcset=\"https:\/\/institutos.unileon.es\/instituto-estudios-medievales\/files\/2010\/10\/icono-facebook-logosgratis-150x150.jpg 150w, https:\/\/institutos.unileon.es\/instituto-estudios-medievales\/files\/2010\/10\/icono-facebook-logosgratis-144x144.jpg 144w\" sizes=\"auto, (max-width: 40px) 100vw, 40px\" \/><\/a>","protected":false},"excerpt":{"rendered":"<p>M\u00aa Encarnaci\u00f3n Mart\u00edn L\u00f3pez (Directora) Tel\u00e9fono: +34 987 29 10 53 Correo electr\u00f3nico: memerl@unileon.es Raquel Mart\u00ednez Pe\u00f1\u00edn (Secretaria) Tel\u00e9fono: +34 987 29 35 37 Correo electr\u00f3nico: rmarp@unileon.es<\/p>\n","protected":false},"author":1,"featured_media":0,"parent":0,"menu_order":0,"comment_status":"closed","ping_status":"open","template":"","meta":{"footnotes":""},"class_list":["post-7","page","type-page","status-publish","hentry"],"_links":{"self":[{"href":"https:\/\/institutos.unileon.es\/instituto-estudios-medievales\/wp-json\/wp\/v2\/pages\/7","targetHints":{"allow":["GET"]}}],"collection":[{"href":"https:\/\/institutos.unileon.es\/instituto-estudios-medievales\/wp-json\/wp\/v2\/pages"}],"about":[{"href":"https:\/\/institutos.unileon.es\/instituto-estudios-medievales\/wp-json\/wp\/v2\/types\/page"}],"author":[{"embeddable":true,"href":"https:\/\/institutos.unileon.es\/instituto-estudios-medievales\/wp-json\/wp\/v2\/users\/1"}],"replies":[{"embeddable":true,"href":"https:\/\/institutos.unileon.es\/instituto-estudios-medievales\/wp-json\/wp\/v2\/comments?post=7"}],"version-history":[{"count":12,"href":"https:\/\/institutos.unileon.es\/instituto-estudios-medievales\/wp-json\/wp\/v2\/pages\/7\/revisions"}],"predecessor-version":[{"id":773,"href":"https:\/\/institutos.unileon.es\/instituto-estudios-medievales\/wp-json\/wp\/v2\/pages\/7\/revisions\/773"}],"wp:attachment":[{"href":"https:\/\/institutos.unileon.es\/instituto-estudios-medievales\/wp-json\/wp\/v2\/media?parent=7"}],"curies":[{"name":"wp","href":"https:\/\/api.w.org\/{rel}","templated":true}]}}