{"id":64,"date":"2013-03-08T10:27:31","date_gmt":"2013-03-08T10:27:31","guid":{"rendered":"http:\/\/institutos.unileon.es\/instituto-estudios-medievales\/?page_id=64"},"modified":"2019-10-09T15:40:18","modified_gmt":"2019-10-09T14:40:18","slug":"libros","status":"publish","type":"page","link":"https:\/\/institutos.unileon.es\/instituto-estudios-medievales\/libros\/","title":{"rendered":"Libros"},"content":{"rendered":"<h1><\/h1>\n<h1><strong>OTROS LIBROS<\/strong><\/h1>\n<a href=\"http:\/\/institutos.unileon.es\/instituto-estudios-medievales\/files\/2018\/10\/Construir-la-memoria-2.png\"><img loading=\"lazy\" decoding=\"async\" class=\"alignnone size-full wp-image-589\" src=\"http:\/\/institutos.unileon.es\/instituto-estudios-medievales\/files\/2018\/10\/Construir-la-memoria-2.png\" alt=\"\" width=\"122\" height=\"175\" \/><\/a>\n\nG. CAVERO DOM\u00cdNGUEZ (Coord.),\u00a0<em>Construir la memoria de la ciudad. Espacios, poderes e identidades (XII-XV). 3. La ciudad y su discurso,\u00a0<\/em>Le\u00f3n, 2017\n\n<a href=\"http:\/\/institutos.unileon.es\/instituto-estudios-medievales\/files\/2018\/10\/construir-la-memoria-de-la-ciudad.png\"><img loading=\"lazy\" decoding=\"async\" class=\"alignnone size-medium wp-image-588\" src=\"http:\/\/institutos.unileon.es\/instituto-estudios-medievales\/files\/2018\/10\/construir-la-memoria-de-la-ciudad-209x300.png\" alt=\"\" width=\"209\" height=\"300\" srcset=\"https:\/\/institutos.unileon.es\/instituto-estudios-medievales\/files\/2018\/10\/construir-la-memoria-de-la-ciudad-209x300.png 209w, https:\/\/institutos.unileon.es\/instituto-estudios-medievales\/files\/2018\/10\/construir-la-memoria-de-la-ciudad.png 375w\" sizes=\"auto, (max-width: 209px) 100vw, 209px\" \/><\/a>\n\nG. CAVERO DOM\u00cdNGUEZ (coord.),\u00a0<em>Construir la memoria de la ciudad: Espacios, poderes e identidades en la Edad Media (XII-XV). 1. La ciudad publicitada: de la documentaci\u00f3n a la arqueolog\u00eda,\u00a0<\/em>Le\u00f3n, 2015\n\n<figure id=\"attachment_343\" aria-describedby=\"caption-attachment-343\" style=\"width: 150px\" class=\"wp-caption alignnone\"><a href=\"http:\/\/institutos.unileon.es\/instituto-estudios-medievales\/files\/2013\/03\/Reyes-y-Prelados.jpg\"><img loading=\"lazy\" decoding=\"async\" class=\"wp-image-343 size-thumbnail\" src=\"http:\/\/institutos.unileon.es\/instituto-estudios-medievales\/files\/2013\/03\/Reyes-y-Prelados-150x150.jpg\" width=\"150\" height=\"150\" srcset=\"https:\/\/institutos.unileon.es\/instituto-estudios-medievales\/files\/2013\/03\/Reyes-y-Prelados-150x150.jpg 150w, https:\/\/institutos.unileon.es\/instituto-estudios-medievales\/files\/2013\/03\/Reyes-y-Prelados-144x144.jpg 144w\" sizes=\"auto, (max-width: 150px) 100vw, 150px\" \/><\/a><figcaption id=\"caption-attachment-343\" class=\"wp-caption-text\">M. D. TEIJEIRA PABLOS, M. V. HERR\u00c1EZ ORTEGA y M. C. COSMEN ALONSO, Reyes y Prelados. El patronazgo art\u00edstico en los reinos de Le\u00f3n y Castilla (1050-1500), Madrid, 2014<\/figcaption><\/figure>\n\n<figure id=\"attachment_342\" aria-describedby=\"caption-attachment-342\" style=\"width: 150px\" class=\"wp-caption alignnone\"><a href=\"http:\/\/institutos.unileon.es\/instituto-estudios-medievales\/files\/2013\/03\/hombre-antiguo.jpg\"><img loading=\"lazy\" decoding=\"async\" class=\"wp-image-342 size-thumbnail\" src=\"http:\/\/institutos.unileon.es\/instituto-estudios-medievales\/files\/2013\/03\/hombre-antiguo-150x150.jpg\" alt=\"E. FERN\u00c1NDEZ GONZ\u00c1LEZ (coord.), El hombre antiguo visto por el hombre medieval. II Jornadas de Estudios Medievales, Le\u00f3n, 2013\" width=\"150\" height=\"150\" srcset=\"https:\/\/institutos.unileon.es\/instituto-estudios-medievales\/files\/2013\/03\/hombre-antiguo-150x150.jpg 150w, https:\/\/institutos.unileon.es\/instituto-estudios-medievales\/files\/2013\/03\/hombre-antiguo-144x144.jpg 144w\" sizes=\"auto, (max-width: 150px) 100vw, 150px\" \/><\/a><figcaption id=\"caption-attachment-342\" class=\"wp-caption-text\">E. FERN\u00c1NDEZ GONZ\u00c1LEZ (coord.), El hombre antiguo visto por el hombre medieval. II Jornadas de Estudios Medievales, Le\u00f3n, 2013<\/figcaption><\/figure>\n\n<a href=\"http:\/\/institutos.unileon.es\/instituto-estudios-medievales\/files\/2018\/10\/Librer\u00edas.png\"><img loading=\"lazy\" decoding=\"async\" class=\"alignnone size-medium wp-image-587\" src=\"http:\/\/institutos.unileon.es\/instituto-estudios-medievales\/files\/2018\/10\/Librer\u00edas-211x300.png\" alt=\"\" width=\"211\" height=\"300\" srcset=\"https:\/\/institutos.unileon.es\/instituto-estudios-medievales\/files\/2018\/10\/Librer\u00edas-211x300.png 211w, https:\/\/institutos.unileon.es\/instituto-estudios-medievales\/files\/2018\/10\/Librer\u00edas.png 368w\" sizes=\"auto, (max-width: 211px) 100vw, 211px\" \/><\/a>\n\nM. D. CAMPOS S\u00c1NCHEZ-BORDONA, E. CARRERO SANTAMAR\u00cdA, A. SU\u00c1REZ GONZ\u00c1LEZ y M. D. TEIJEIRA PABLOS,\u00a0<em>Librer\u00edas catedralicias. Un espacio del saber en la Edad Media y Moderna, <\/em>Le\u00f3n-Santiago de Compostela,\u00a02013\n\n<div id='gallery-1' class='gallery galleryid-64 gallery-columns-2 gallery-size-thumbnail'><figure class='gallery-item'>\n\t\t\t<div class='gallery-icon portrait'>\n\t\t\t\t<a href='https:\/\/institutos.unileon.es\/instituto-estudios-medievales\/files\/2013\/03\/alfonso-vi-y-su-legado-9788489410220.jpg'><img loading=\"lazy\" decoding=\"async\" width=\"143\" height=\"150\" src=\"https:\/\/institutos.unileon.es\/instituto-estudios-medievales\/files\/2013\/03\/alfonso-vi-y-su-legado-9788489410220-143x150.jpg\" class=\"attachment-thumbnail size-thumbnail\" alt=\"\" aria-describedby=\"gallery-1-172\" \/><\/a>\n\t\t\t<\/div>\n\t\t\t\t<figcaption class='wp-caption-text gallery-caption' id='gallery-1-172'>\n\t\t\t\tVV.AA.: Alfonso VI y su legado, Edic. Diputaci\u00f3n de Le\u00f3n, Le\u00f3n 2012\n\t\t\t\t<\/figcaption><\/figure><figure class='gallery-item'>\n\t\t\t<div class='gallery-icon portrait'>\n\t\t\t\t<a href='https:\/\/institutos.unileon.es\/instituto-estudios-medievales\/files\/2013\/03\/9788483179055_04_l.jpg'><img loading=\"lazy\" decoding=\"async\" width=\"150\" height=\"150\" src=\"https:\/\/institutos.unileon.es\/instituto-estudios-medievales\/files\/2013\/03\/9788483179055_04_l-150x150.jpg\" class=\"attachment-thumbnail size-thumbnail\" alt=\"\" aria-describedby=\"gallery-1-173\" srcset=\"https:\/\/institutos.unileon.es\/instituto-estudios-medievales\/files\/2013\/03\/9788483179055_04_l-150x150.jpg 150w, https:\/\/institutos.unileon.es\/instituto-estudios-medievales\/files\/2013\/03\/9788483179055_04_l-144x144.jpg 144w\" sizes=\"auto, (max-width: 150px) 100vw, 150px\" \/><\/a>\n\t\t\t<\/div>\n\t\t\t\t<figcaption class='wp-caption-text gallery-caption' id='gallery-1-173'>\n\t\t\t\tIglesia y ciudad. Espacio y poder [siglos VIII-XIII]. Coordinaci\u00f3n: Gregoria Cavero Dom\u00ednguez. Edic. Universidad de Oviedo. Instituto de Estudios Medievales, Le\u00f3n, 2011.\n\t\t\t\t<\/figcaption><\/figure><figure class='gallery-item'>\n\t\t\t<div class='gallery-icon portrait'>\n\t\t\t\t<a href='https:\/\/institutos.unileon.es\/instituto-estudios-medievales\/files\/2013\/03\/imagen.jpg'><img loading=\"lazy\" decoding=\"async\" width=\"150\" height=\"150\" src=\"https:\/\/institutos.unileon.es\/instituto-estudios-medievales\/files\/2013\/03\/imagen-150x150.jpg\" class=\"attachment-thumbnail size-thumbnail\" alt=\"\" aria-describedby=\"gallery-1-174\" srcset=\"https:\/\/institutos.unileon.es\/instituto-estudios-medievales\/files\/2013\/03\/imagen-150x150.jpg 150w, https:\/\/institutos.unileon.es\/instituto-estudios-medievales\/files\/2013\/03\/imagen-144x144.jpg 144w\" sizes=\"auto, (max-width: 150px) 100vw, 150px\" \/><\/a>\n\t\t\t<\/div>\n\t\t\t\t<figcaption class='wp-caption-text gallery-caption' id='gallery-1-174'>\n\t\t\t\tVV.AA.: Im\u00e1genes del poder en la Edad Media. Tomo I.  Selecci\u00f3n de estudios del Prof. Dr. Fernando Galv\u00e1n Freile,  Universidad de Le\u00f3n\/IEM, 2011.\n\t\t\t\t<\/figcaption><\/figure><figure class='gallery-item'>\n\t\t\t<div class='gallery-icon portrait'>\n\t\t\t\t<a href='https:\/\/institutos.unileon.es\/instituto-estudios-medievales\/files\/2013\/03\/9788497735803_04_h.jpg'><img loading=\"lazy\" decoding=\"async\" width=\"150\" height=\"150\" src=\"https:\/\/institutos.unileon.es\/instituto-estudios-medievales\/files\/2013\/03\/9788497735803_04_h-150x150.jpg\" class=\"attachment-thumbnail size-thumbnail\" alt=\"\" aria-describedby=\"gallery-1-175\" srcset=\"https:\/\/institutos.unileon.es\/instituto-estudios-medievales\/files\/2013\/03\/9788497735803_04_h-150x150.jpg 150w, https:\/\/institutos.unileon.es\/instituto-estudios-medievales\/files\/2013\/03\/9788497735803_04_h-144x144.jpg 144w\" sizes=\"auto, (max-width: 150px) 100vw, 150px\" \/><\/a>\n\t\t\t<\/div>\n\t\t\t\t<figcaption class='wp-caption-text gallery-caption' id='gallery-1-175'>\n\t\t\t\tSantoyo, J. C.: Sobre la traducci\u00f3n: textos cl\u00e1sicos y  medievales, Universidad de Le\u00f3n\/IEM, 2011.\n\t\t\t\t<\/figcaption><\/figure><figure class='gallery-item'>\n\t\t\t<div class='gallery-icon portrait'>\n\t\t\t\t<a href='https:\/\/institutos.unileon.es\/instituto-estudios-medievales\/files\/2013\/03\/roma-como-referencia-del-mundo-medieval-9788497734912.jpg'><img loading=\"lazy\" decoding=\"async\" width=\"150\" height=\"150\" src=\"https:\/\/institutos.unileon.es\/instituto-estudios-medievales\/files\/2013\/03\/roma-como-referencia-del-mundo-medieval-9788497734912-150x150.jpg\" class=\"attachment-thumbnail size-thumbnail\" alt=\"\" aria-describedby=\"gallery-1-176\" srcset=\"https:\/\/institutos.unileon.es\/instituto-estudios-medievales\/files\/2013\/03\/roma-como-referencia-del-mundo-medieval-9788497734912-150x150.jpg 150w, https:\/\/institutos.unileon.es\/instituto-estudios-medievales\/files\/2013\/03\/roma-como-referencia-del-mundo-medieval-9788497734912-144x144.jpg 144w\" sizes=\"auto, (max-width: 150px) 100vw, 150px\" \/><\/a>\n\t\t\t<\/div>\n\t\t\t\t<figcaption class='wp-caption-text gallery-caption' id='gallery-1-176'>\n\t\t\t\tMarcos Casquero, M. A.: Roma como referencia del  mundo medieval, Universidad de Le\u00f3n\/IEM, 2010. \n\t\t\t\t<\/figcaption><\/figure><figure class='gallery-item'>\n\t\t\t<div class='gallery-icon portrait'>\n\t\t\t\t<a href='https:\/\/institutos.unileon.es\/instituto-estudios-medievales\/files\/2013\/03\/la-traduccion-medieval-en-la-peninsula-iberica-si-9788497734691.jpg'><img loading=\"lazy\" decoding=\"async\" width=\"150\" height=\"150\" src=\"https:\/\/institutos.unileon.es\/instituto-estudios-medievales\/files\/2013\/03\/la-traduccion-medieval-en-la-peninsula-iberica-si-9788497734691-150x150.jpg\" class=\"attachment-thumbnail size-thumbnail\" alt=\"\" aria-describedby=\"gallery-1-177\" srcset=\"https:\/\/institutos.unileon.es\/instituto-estudios-medievales\/files\/2013\/03\/la-traduccion-medieval-en-la-peninsula-iberica-si-9788497734691-150x150.jpg 150w, https:\/\/institutos.unileon.es\/instituto-estudios-medievales\/files\/2013\/03\/la-traduccion-medieval-en-la-peninsula-iberica-si-9788497734691-144x144.jpg 144w\" sizes=\"auto, (max-width: 150px) 100vw, 150px\" \/><\/a>\n\t\t\t<\/div>\n\t\t\t\t<figcaption class='wp-caption-text gallery-caption' id='gallery-1-177'>\n\t\t\t\tSantoyo, J. C.: La traducci\u00f3n medieval en la Pen\u00ednsula  Ib\u00e9rica (siglos III-XV), Universidad de Le\u00f3n\/IEM, 2009.\t\n\t\t\t\t<\/figcaption><\/figure>\n\t\t<\/div>\n\n\n<strong>LIBROS ACCESIBLES DESDE EL REPOSITORIO BULER\u00cdA (ULE)<\/strong>\n\n<figure id=\"attachment_174\" aria-describedby=\"caption-attachment-174\" style=\"width: 208px\" class=\"wp-caption alignnone\"><a href=\"https:\/\/institutos.unileon.es\/instituto-estudios-medievales\/files\/2013\/03\/imagen.jpg\"><img loading=\"lazy\" decoding=\"async\" class=\"size-medium wp-image-174\" src=\"https:\/\/institutos.unileon.es\/instituto-estudios-medievales\/files\/2013\/03\/imagen-208x300.jpg\" alt=\"\" width=\"208\" height=\"300\" srcset=\"https:\/\/institutos.unileon.es\/instituto-estudios-medievales\/files\/2013\/03\/imagen-208x300.jpg 208w, https:\/\/institutos.unileon.es\/instituto-estudios-medievales\/files\/2013\/03\/imagen.jpg 444w\" sizes=\"auto, (max-width: 208px) 100vw, 208px\" \/><\/a><figcaption id=\"caption-attachment-174\" class=\"wp-caption-text\">VV.AA.: Im\u00e1genes del poder en la Edad Media. Tomo I. Selecci\u00f3n de estudios del Prof. Dr. Fernando Galv\u00e1n Freile, Universidad de Le\u00f3n\/IEM, 2011.<\/figcaption><\/figure>\n\n<em>Im\u00e1genes del poder en la Edad Media.\u00a0<\/em>Estudios en homenaje al Profesor Dr. Fernando Galv\u00e1n Freile. Le\u00f3n: Universidad de Le\u00f3n, 2011.\u00a0 <a href=\"https:\/\/buleria.unileon.es\/handle\/10612\/11130\">h<\/a><a href=\"https:\/\/buleria.unileon.es\/handle\/10612\/11130\">ttps:\/\/buleria.unileon.es\/handle\/10612\/11130<\/a>\n\n<a href=\"http:\/\/institutos.unileon.es\/instituto-estudios-medievales\/files\/2013\/03\/PUBLICACIONES-IEM1.pdf\">PUBLICACIONES IEM<\/a>","protected":false},"excerpt":{"rendered":"<p>OTROS LIBROS G. CAVERO DOM\u00cdNGUEZ (Coord.),\u00a0Construir la memoria de la ciudad. Espacios, poderes e identidades (XII-XV). 3. La ciudad y su discurso,\u00a0Le\u00f3n, 2017 G. CAVERO DOM\u00cdNGUEZ (coord.),\u00a0Construir la memoria de la ciudad: Espacios, poderes e identidades en la Edad Media (XII-XV). 1. La ciudad publicitada: de la documentaci\u00f3n a la arqueolog\u00eda,\u00a0Le\u00f3n, 2015 M. D. CAMPOS [&hellip;]<\/p>\n","protected":false},"author":48,"featured_media":0,"parent":0,"menu_order":0,"comment_status":"closed","ping_status":"open","template":"","meta":{"footnotes":""},"class_list":["post-64","page","type-page","status-publish","hentry"],"_links":{"self":[{"href":"https:\/\/institutos.unileon.es\/instituto-estudios-medievales\/wp-json\/wp\/v2\/pages\/64","targetHints":{"allow":["GET"]}}],"collection":[{"href":"https:\/\/institutos.unileon.es\/instituto-estudios-medievales\/wp-json\/wp\/v2\/pages"}],"about":[{"href":"https:\/\/institutos.unileon.es\/instituto-estudios-medievales\/wp-json\/wp\/v2\/types\/page"}],"author":[{"embeddable":true,"href":"https:\/\/institutos.unileon.es\/instituto-estudios-medievales\/wp-json\/wp\/v2\/users\/48"}],"replies":[{"embeddable":true,"href":"https:\/\/institutos.unileon.es\/instituto-estudios-medievales\/wp-json\/wp\/v2\/comments?post=64"}],"version-history":[{"count":10,"href":"https:\/\/institutos.unileon.es\/instituto-estudios-medievales\/wp-json\/wp\/v2\/pages\/64\/revisions"}],"predecessor-version":[{"id":670,"href":"https:\/\/institutos.unileon.es\/instituto-estudios-medievales\/wp-json\/wp\/v2\/pages\/64\/revisions\/670"}],"wp:attachment":[{"href":"https:\/\/institutos.unileon.es\/instituto-estudios-medievales\/wp-json\/wp\/v2\/media?parent=64"}],"curies":[{"name":"wp","href":"https:\/\/api.w.org\/{rel}","templated":true}]}}