{"id":528,"date":"2018-01-24T17:41:52","date_gmt":"2018-01-24T16:41:52","guid":{"rendered":"http:\/\/institutos.unileon.es\/instituto-estudios-medievales\/?page_id=528"},"modified":"2019-03-05T17:38:40","modified_gmt":"2019-03-05T16:38:40","slug":"medievalia-boletin-de-actividades","status":"publish","type":"page","link":"https:\/\/institutos.unileon.es\/instituto-estudios-medievales\/medievalia-boletin-de-actividades\/","title":{"rendered":"Medievalia. Bolet\u00edn de Actividades"},"content":{"rendered":"<a href=\"http:\/\/institutos.unileon.es\/instituto-estudios-medievales\/files\/2018\/01\/Medievalia-1.jpg\"><img loading=\"lazy\" decoding=\"async\" class=\"alignnone wp-image-533\" src=\"http:\/\/institutos.unileon.es\/instituto-estudios-medievales\/files\/2018\/01\/Medievalia-1-300x175.jpg\" alt=\"\" width=\"362\" height=\"211\" srcset=\"https:\/\/institutos.unileon.es\/instituto-estudios-medievales\/files\/2018\/01\/Medievalia-1-300x175.jpg 300w, https:\/\/institutos.unileon.es\/instituto-estudios-medievales\/files\/2018\/01\/Medievalia-1-768x448.jpg 768w, https:\/\/institutos.unileon.es\/instituto-estudios-medievales\/files\/2018\/01\/Medievalia-1-1024x598.jpg 1024w, https:\/\/institutos.unileon.es\/instituto-estudios-medievales\/files\/2018\/01\/Medievalia-1.jpg 1652w\" sizes=\"auto, (max-width: 362px) 100vw, 362px\" \/><\/a>\n<p style=\"text-align: justify;\">MEDIEVALIA es el Bolet\u00edn de Actividades (<em>Newsletter<\/em>) del Instituto de Estudios Medievales de la Universidad de Le\u00f3n. Es un bolet\u00edn virtual trimestral que ir\u00e1 ampli\u00e1ndose con las nuevas actividades del IEM, a medida que estas vayan produci\u00e9ndose.<\/p>\n<p style=\"text-align: justify;\">Se publicar\u00e1 en la web del IEM, <a href=\"http:\/\/institutos.unileon.es\/instituto-estudios-medievales\/medievalia-boletin-de-actividades\/\">http:\/\/institutos.unileon.es\/instituto-estudios-medievales\/medievalia-boletin-de-actividades\/<\/a> y en nuestra p\u00e1gina en Facebook<\/p>\n<a href=\"http:\/\/institutos.unileon.es\/instituto-estudios-medievales\/files\/2018\/10\/Newsletter-2018-1\u00ba-1.pdf\">Newsletter 2018 1\u00ba<\/a>\n\n<a href=\"http:\/\/institutos.unileon.es\/instituto-estudios-medievales\/files\/2019\/03\/Newsletter-2018-2\u00ba.pdf\">Newsletter 2018 2\u00ba<\/a>\n\n<a href=\"http:\/\/institutos.unileon.es\/instituto-estudios-medievales\/files\/2019\/03\/Newsletter-2018-3\u00ba.pdf\">Newsletter 2018 3\u00ba<\/a>","protected":false},"excerpt":{"rendered":"<p>MEDIEVALIA es el Bolet\u00edn de Actividades (Newsletter) del Instituto de Estudios Medievales de la Universidad de Le\u00f3n. Es un bolet\u00edn virtual trimestral que ir\u00e1 ampli\u00e1ndose con las nuevas actividades del IEM, a medida que estas vayan produci\u00e9ndose. Se publicar\u00e1 en la web del IEM, http:\/\/institutos.unileon.es\/instituto-estudios-medievales\/medievalia-boletin-de-actividades\/ y en nuestra p\u00e1gina en Facebook Newsletter 2018 1\u00ba Newsletter [&hellip;]<\/p>\n","protected":false},"author":140,"featured_media":0,"parent":0,"menu_order":0,"comment_status":"closed","ping_status":"closed","template":"","meta":{"footnotes":""},"class_list":["post-528","page","type-page","status-publish","hentry"],"_links":{"self":[{"href":"https:\/\/institutos.unileon.es\/instituto-estudios-medievales\/wp-json\/wp\/v2\/pages\/528","targetHints":{"allow":["GET"]}}],"collection":[{"href":"https:\/\/institutos.unileon.es\/instituto-estudios-medievales\/wp-json\/wp\/v2\/pages"}],"about":[{"href":"https:\/\/institutos.unileon.es\/instituto-estudios-medievales\/wp-json\/wp\/v2\/types\/page"}],"author":[{"embeddable":true,"href":"https:\/\/institutos.unileon.es\/instituto-estudios-medievales\/wp-json\/wp\/v2\/users\/140"}],"replies":[{"embeddable":true,"href":"https:\/\/institutos.unileon.es\/instituto-estudios-medievales\/wp-json\/wp\/v2\/comments?post=528"}],"version-history":[{"count":6,"href":"https:\/\/institutos.unileon.es\/instituto-estudios-medievales\/wp-json\/wp\/v2\/pages\/528\/revisions"}],"predecessor-version":[{"id":621,"href":"https:\/\/institutos.unileon.es\/instituto-estudios-medievales\/wp-json\/wp\/v2\/pages\/528\/revisions\/621"}],"wp:attachment":[{"href":"https:\/\/institutos.unileon.es\/instituto-estudios-medievales\/wp-json\/wp\/v2\/media?parent=528"}],"curies":[{"name":"wp","href":"https:\/\/api.w.org\/{rel}","templated":true}]}}