{"id":47,"date":"2013-03-08T09:36:05","date_gmt":"2013-03-08T09:36:05","guid":{"rendered":"http:\/\/institutos.unileon.es\/instituto-estudios-medievales\/?page_id=47"},"modified":"2020-09-08T16:11:44","modified_gmt":"2020-09-08T15:11:44","slug":"publicaciones-2","status":"publish","type":"page","link":"https:\/\/institutos.unileon.es\/instituto-estudios-medievales\/publicaciones-2\/","title":{"rendered":"Libros"},"content":{"rendered":"<h1 style=\"text-align: center;\">CONVOCATORIA DE PUBLICACI\u00d3N<\/h1>\n<h1 style=\"text-align: center;\"><em>FOLIA MEDIEVALIA 2020<\/em><\/h1>\n<h1 style=\"text-align: center;\">Plazo abierto hasta el 15 de noviembre de 2020<\/h1>\n<a href=\"https:\/\/institutos.unileon.es\/instituto-estudios-medievales\/files\/2020\/09\/IEM-Convocatoria-Folia-Medievalia-2020.pdf\">IEM-Convocatoria-Folia-Medievalia 2020<\/a>\n<h1 style=\"text-align: center;\"><em>FOLIA MEDIEVALIA 2<\/em>019<\/h1>\n<h1 style=\"text-align: center;\">Plazo abierto hasta el 15 de noviembre de 2019<\/h1>\n<a href=\"https:\/\/institutos.unileon.es\/instituto-estudios-medievales\/files\/2019\/09\/IEM-Convocatoria-Folia-Medievalia.pdf\">IEM Convocatoria Folia Medievalia<\/a>\n<h1><strong>COLECCI\u00d3N <em>FOLIA MEDIEVALIA<\/em><\/strong><\/h1>\n<a href=\"http:\/\/institutos.unileon.es\/instituto-estudios-medievales\/files\/2013\/03\/Beckett.jpg\"><img loading=\"lazy\" decoding=\"async\" class=\"size-medium wp-image-340 aligncenter\" src=\"http:\/\/institutos.unileon.es\/instituto-estudios-medievales\/files\/2013\/03\/Beckett-211x300.jpg\" alt=\"Beckett\" width=\"211\" height=\"300\" srcset=\"https:\/\/institutos.unileon.es\/instituto-estudios-medievales\/files\/2013\/03\/Beckett-211x300.jpg 211w, https:\/\/institutos.unileon.es\/instituto-estudios-medievales\/files\/2013\/03\/Beckett-768x1092.jpg 768w, https:\/\/institutos.unileon.es\/instituto-estudios-medievales\/files\/2013\/03\/Beckett-720x1024.jpg 720w, https:\/\/institutos.unileon.es\/instituto-estudios-medievales\/files\/2013\/03\/Beckett.jpg 803w\" sizes=\"auto, (max-width: 211px) 100vw, 211px\" \/><\/a>\n<h3 style=\"text-align: center;\">1. G. CAVERO DOM\u00cdNGUEZ (coord.), E. FERN\u00c1NDEZ GONZ\u00c1LEZ, F. GALV\u00c1N FREILE y A. SU\u00c1REZ FERN\u00c1NDEZ,\u00a0<em>Tom\u00e1s Becket y la Pen\u00ednsula Ib\u00e9rica (1170-1230),\u00a0<\/em>Le\u00f3n, 2013<\/h3>\n<a href=\"http:\/\/institutos.unileon.es\/instituto-estudios-medievales\/files\/2013\/03\/Escalada.jpg\"><img loading=\"lazy\" decoding=\"async\" class=\"size-medium wp-image-341 aligncenter\" src=\"http:\/\/institutos.unileon.es\/instituto-estudios-medievales\/files\/2013\/03\/Escalada-210x300.jpg\" alt=\"Escalada\" width=\"210\" height=\"300\" srcset=\"https:\/\/institutos.unileon.es\/instituto-estudios-medievales\/files\/2013\/03\/Escalada-210x300.jpg 210w, https:\/\/institutos.unileon.es\/instituto-estudios-medievales\/files\/2013\/03\/Escalada-768x1099.jpg 768w, https:\/\/institutos.unileon.es\/instituto-estudios-medievales\/files\/2013\/03\/Escalada-716x1024.jpg 716w, https:\/\/institutos.unileon.es\/instituto-estudios-medievales\/files\/2013\/03\/Escalada.jpg 824w\" sizes=\"auto, (max-width: 210px) 100vw, 210px\" \/><\/a>\n<h3 style=\"text-align: center;\">2.V. GARC\u00cdA LOBO y G. CAVERO DOM\u00cdNGUEZ (coords.),\u00a0<em>San Miguel de Escalada (913-2013),\u00a0<\/em>Le\u00f3n, 2014<\/h3>\n<a href=\"http:\/\/institutos.unileon.es\/instituto-estudios-medievales\/files\/2010\/10\/Marfiles-portada.jpg\"><img loading=\"lazy\" decoding=\"async\" class=\"size-medium wp-image-306 aligncenter\" src=\"http:\/\/institutos.unileon.es\/instituto-estudios-medievales\/files\/2010\/10\/Marfiles-portada-203x300.jpg\" alt=\"Marfiles portada\" width=\"203\" height=\"300\" srcset=\"https:\/\/institutos.unileon.es\/instituto-estudios-medievales\/files\/2010\/10\/Marfiles-portada-203x300.jpg 203w, https:\/\/institutos.unileon.es\/instituto-estudios-medievales\/files\/2010\/10\/Marfiles-portada-768x1133.jpg 768w, https:\/\/institutos.unileon.es\/instituto-estudios-medievales\/files\/2010\/10\/Marfiles-portada-694x1024.jpg 694w, https:\/\/institutos.unileon.es\/instituto-estudios-medievales\/files\/2010\/10\/Marfiles-portada.jpg 908w\" sizes=\"auto, (max-width: 203px) 100vw, 203px\" \/><\/a>\n<h3 style=\"text-align: center;\">3. N. \u00c1LVAREZ DA SILVA,\u00a0<em>La talla de marfil en la Espa\u00f1a del siglo XI,\u00a0<\/em>Le\u00f3n, 2015<\/h3>\n<a href=\"http:\/\/institutos.unileon.es\/instituto-estudios-medievales\/files\/2013\/03\/Portada-Mar\u00eda-Santi.jpg\"><img loading=\"lazy\" decoding=\"async\" class=\"size-medium wp-image-498 aligncenter\" src=\"http:\/\/institutos.unileon.es\/instituto-estudios-medievales\/files\/2013\/03\/Portada-Mar\u00eda-Santi-214x300.jpg\" alt=\"\" width=\"214\" height=\"300\" srcset=\"https:\/\/institutos.unileon.es\/instituto-estudios-medievales\/files\/2013\/03\/Portada-Mar\u00eda-Santi-214x300.jpg 214w, https:\/\/institutos.unileon.es\/instituto-estudios-medievales\/files\/2013\/03\/Portada-Mar\u00eda-Santi-768x1077.jpg 768w, https:\/\/institutos.unileon.es\/instituto-estudios-medievales\/files\/2013\/03\/Portada-Mar\u00eda-Santi-730x1024.jpg 730w\" sizes=\"auto, (max-width: 214px) 100vw, 214px\" \/><\/a>\n<h3>4. M. V. HERR\u00c1EZ ORTEGA y S. DOM\u00cdNGUEZ S\u00c1NCHEZ,\u00a0<em>La actividad art\u00edstica en la Catedral de Toledo en 1418. El Libro de Obra y F\u00e1brica OF 761, <\/em>Le\u00f3n,\u00a02016.<\/h3>\n\n<hr \/>\n\n<h1><\/h1>","protected":false},"excerpt":{"rendered":"<p>CONVOCATORIA DE PUBLICACI\u00d3N FOLIA MEDIEVALIA 2020 Plazo abierto hasta el 15 de noviembre de 2020 IEM-Convocatoria-Folia-Medievalia 2020 FOLIA MEDIEVALIA 2019 Plazo abierto hasta el 15 de noviembre de 2019 IEM Convocatoria Folia Medievalia COLECCI\u00d3N FOLIA MEDIEVALIA 1. G. CAVERO DOM\u00cdNGUEZ (coord.), E. FERN\u00c1NDEZ GONZ\u00c1LEZ, F. GALV\u00c1N FREILE y A. SU\u00c1REZ FERN\u00c1NDEZ,\u00a0Tom\u00e1s Becket y la Pen\u00ednsula [&hellip;]<\/p>\n","protected":false},"author":48,"featured_media":0,"parent":0,"menu_order":0,"comment_status":"closed","ping_status":"open","template":"","meta":{"footnotes":""},"class_list":["post-47","page","type-page","status-publish","hentry"],"_links":{"self":[{"href":"https:\/\/institutos.unileon.es\/instituto-estudios-medievales\/wp-json\/wp\/v2\/pages\/47","targetHints":{"allow":["GET"]}}],"collection":[{"href":"https:\/\/institutos.unileon.es\/instituto-estudios-medievales\/wp-json\/wp\/v2\/pages"}],"about":[{"href":"https:\/\/institutos.unileon.es\/instituto-estudios-medievales\/wp-json\/wp\/v2\/types\/page"}],"author":[{"embeddable":true,"href":"https:\/\/institutos.unileon.es\/instituto-estudios-medievales\/wp-json\/wp\/v2\/users\/48"}],"replies":[{"embeddable":true,"href":"https:\/\/institutos.unileon.es\/instituto-estudios-medievales\/wp-json\/wp\/v2\/comments?post=47"}],"version-history":[{"count":22,"href":"https:\/\/institutos.unileon.es\/instituto-estudios-medievales\/wp-json\/wp\/v2\/pages\/47\/revisions"}],"predecessor-version":[{"id":730,"href":"https:\/\/institutos.unileon.es\/instituto-estudios-medievales\/wp-json\/wp\/v2\/pages\/47\/revisions\/730"}],"wp:attachment":[{"href":"https:\/\/institutos.unileon.es\/instituto-estudios-medievales\/wp-json\/wp\/v2\/media?parent=47"}],"curies":[{"name":"wp","href":"https:\/\/api.w.org\/{rel}","templated":true}]}}