{"id":446,"date":"2017-04-14T14:55:14","date_gmt":"2017-04-14T13:55:14","guid":{"rendered":"http:\/\/institutos.unileon.es\/instituto-estudios-medievales\/?page_id=446"},"modified":"2018-01-24T17:27:03","modified_gmt":"2018-01-24T16:27:03","slug":"corpus-inscriptionum-hispaniae-mediaevalium","status":"publish","type":"page","link":"https:\/\/institutos.unileon.es\/instituto-estudios-medievales\/corpus-inscriptionum-hispaniae-mediaevalium\/","title":{"rendered":"Corpus Inscriptionum Hispaniae Mediaevalium"},"content":{"rendered":"<a href=\"http:\/\/institutos.unileon.es\/instituto-estudios-medievales\/files\/2018\/01\/Corpus-Valladolid.jpg\"><img loading=\"lazy\" decoding=\"async\" class=\"alignnone size-medium wp-image-519\" src=\"http:\/\/institutos.unileon.es\/instituto-estudios-medievales\/files\/2018\/01\/Corpus-Valladolid-209x300.jpg\" alt=\"\" width=\"209\" height=\"300\" srcset=\"https:\/\/institutos.unileon.es\/instituto-estudios-medievales\/files\/2018\/01\/Corpus-Valladolid-209x300.jpg 209w, https:\/\/institutos.unileon.es\/instituto-estudios-medievales\/files\/2018\/01\/Corpus-Valladolid-768x1101.jpg 768w, https:\/\/institutos.unileon.es\/instituto-estudios-medievales\/files\/2018\/01\/Corpus-Valladolid-714x1024.jpg 714w\" sizes=\"auto, (max-width: 209px) 100vw, 209px\" \/><\/a>\r\n<h2>3. Provincia de Valladolid (siglos X-XV)<\/h2>\r\n<h2>Francisco Javier MOLINA DE LA TORRE<\/h2>\r\n&nbsp;\r\n\r\n<a href=\"http:\/\/institutos.unileon.es\/instituto-estudios-medievales\/files\/2017\/04\/Corpus-Salamanca.jpg\"><img loading=\"lazy\" decoding=\"async\" class=\"alignnone size-medium wp-image-464\" src=\"http:\/\/institutos.unileon.es\/instituto-estudios-medievales\/files\/2017\/04\/Corpus-Salamanca-214x300.jpg\" alt=\"\" width=\"214\" height=\"300\" srcset=\"https:\/\/institutos.unileon.es\/instituto-estudios-medievales\/files\/2017\/04\/Corpus-Salamanca-214x300.jpg 214w, https:\/\/institutos.unileon.es\/instituto-estudios-medievales\/files\/2017\/04\/Corpus-Salamanca-768x1075.jpg 768w, https:\/\/institutos.unileon.es\/instituto-estudios-medievales\/files\/2017\/04\/Corpus-Salamanca-732x1024.jpg 732w, https:\/\/institutos.unileon.es\/instituto-estudios-medievales\/files\/2017\/04\/Corpus-Salamanca.jpg 1583w\" sizes=\"auto, (max-width: 214px) 100vw, 214px\" \/><\/a>\r\n<h2><\/h2>\r\n<h2>2. Provincia de Salamanca (siglos VIII-XV)<\/h2>\r\n<h2>Natalia RODR\u00cdGUEZ SU\u00c1REZ<\/h2>\r\n&nbsp;\r\n\r\n<a href=\"http:\/\/institutos.unileon.es\/instituto-estudios-medievales\/files\/2013\/03\/Corpus-1.jpg\"><img loading=\"lazy\" decoding=\"async\" class=\"alignnone size-medium wp-image-444\" src=\"http:\/\/institutos.unileon.es\/instituto-estudios-medievales\/files\/2013\/03\/Corpus-1-206x300.jpg\" alt=\"\" width=\"206\" height=\"300\" srcset=\"https:\/\/institutos.unileon.es\/instituto-estudios-medievales\/files\/2013\/03\/Corpus-1-206x300.jpg 206w, https:\/\/institutos.unileon.es\/instituto-estudios-medievales\/files\/2013\/03\/Corpus-1-768x1117.jpg 768w, https:\/\/institutos.unileon.es\/instituto-estudios-medievales\/files\/2013\/03\/Corpus-1-704x1024.jpg 704w, https:\/\/institutos.unileon.es\/instituto-estudios-medievales\/files\/2013\/03\/Corpus-1.jpg 861w\" sizes=\"auto, (max-width: 206px) 100vw, 206px\" \/><\/a>\r\n<h2>1.-Provincia de Burgos (siglos VIII-XIII).<\/h2>\r\n<h2>Alejandro GARC\u00cdA MORILLA<\/h2>","protected":false},"excerpt":{"rendered":"<p>3. Provincia de Valladolid (siglos X-XV) Francisco Javier MOLINA DE LA TORRE &nbsp; 2. Provincia de Salamanca (siglos VIII-XV) Natalia RODR\u00cdGUEZ SU\u00c1REZ &nbsp; 1.-Provincia de Burgos (siglos VIII-XIII). Alejandro GARC\u00cdA MORILLA<\/p>\n","protected":false},"author":140,"featured_media":0,"parent":0,"menu_order":0,"comment_status":"closed","ping_status":"closed","template":"","meta":{"footnotes":""},"class_list":["post-446","page","type-page","status-publish","hentry"],"_links":{"self":[{"href":"https:\/\/institutos.unileon.es\/instituto-estudios-medievales\/wp-json\/wp\/v2\/pages\/446","targetHints":{"allow":["GET"]}}],"collection":[{"href":"https:\/\/institutos.unileon.es\/instituto-estudios-medievales\/wp-json\/wp\/v2\/pages"}],"about":[{"href":"https:\/\/institutos.unileon.es\/instituto-estudios-medievales\/wp-json\/wp\/v2\/types\/page"}],"author":[{"embeddable":true,"href":"https:\/\/institutos.unileon.es\/instituto-estudios-medievales\/wp-json\/wp\/v2\/users\/140"}],"replies":[{"embeddable":true,"href":"https:\/\/institutos.unileon.es\/instituto-estudios-medievales\/wp-json\/wp\/v2\/comments?post=446"}],"version-history":[{"count":6,"href":"https:\/\/institutos.unileon.es\/instituto-estudios-medievales\/wp-json\/wp\/v2\/pages\/446\/revisions"}],"predecessor-version":[{"id":520,"href":"https:\/\/institutos.unileon.es\/instituto-estudios-medievales\/wp-json\/wp\/v2\/pages\/446\/revisions\/520"}],"wp:attachment":[{"href":"https:\/\/institutos.unileon.es\/instituto-estudios-medievales\/wp-json\/wp\/v2\/media?parent=446"}],"curies":[{"name":"wp","href":"https:\/\/api.w.org\/{rel}","templated":true}]}}