{"id":4,"date":"2010-10-15T11:14:53","date_gmt":"2010-10-15T11:14:53","guid":{"rendered":"http:\/\/institutos.unileon.es\/instituto-estudios-medievales\/"},"modified":"2021-05-28T10:08:36","modified_gmt":"2021-05-28T09:08:36","slug":"equipo-de-direccion","status":"publish","type":"page","link":"https:\/\/institutos.unileon.es\/instituto-estudios-medievales\/equipo-de-direccion\/","title":{"rendered":"Equipo de direcci\u00f3n"},"content":{"rendered":"<address>\u00a0<\/address><address>\u00a0<\/address>\n<h3><span style=\"color: #800000;\"><strong>Directora<\/strong><\/span><\/h3>\n<span style=\"color: #993300;\">M\u00aa Encarnaci\u00f3n Mart\u00edn L\u00f3pez<\/span>\n\nCiencias y T\u00e9cnicas Historiogr\u00e1ficas, Departamento de Patrimonio Art\u00edstico y Documental, Profesora Titular de Universidad.\n\n<address>\u00a0<\/address>\n<h3><span style=\"color: #800000;\"><strong>Subdirectora<\/strong><\/span><\/h3>\n<span style=\"color: #993300;\">Trinidad Guzm\u00e1n Gonz\u00e1lez<\/span>\n\nFilolog\u00eda Inglesa, Departamento de Filolog\u00eda Moderna, Profesora Titular de Universidad.\n\n<address>\u00a0<\/address>\n<h3><span style=\"color: #800000;\"><strong>Secretario<\/strong><\/span><\/h3>\n<span style=\"color: #993300;\">Raquel Mart\u00ednez Pe\u00f1\u00edn<\/span>\n\n\u00c1rea de Historia Medieval. Departamento de Historia. Profesora Titular de Universidad.","protected":false},"excerpt":{"rendered":"<p>\u00a0\u00a0 Directora M\u00aa Encarnaci\u00f3n Mart\u00edn L\u00f3pez Ciencias y T\u00e9cnicas Historiogr\u00e1ficas, Departamento de Patrimonio Art\u00edstico y Documental, Profesora Titular de Universidad. \u00a0 Subdirectora Trinidad Guzm\u00e1n Gonz\u00e1lez Filolog\u00eda Inglesa, Departamento de Filolog\u00eda Moderna, Profesora Titular de Universidad. \u00a0 Secretario Raquel Mart\u00ednez Pe\u00f1\u00edn \u00c1rea de Historia Medieval. Departamento de Historia. Profesora Titular de Universidad.<\/p>\n","protected":false},"author":1,"featured_media":0,"parent":0,"menu_order":0,"comment_status":"closed","ping_status":"open","template":"","meta":{"footnotes":""},"class_list":["post-4","page","type-page","status-publish","hentry"],"_links":{"self":[{"href":"https:\/\/institutos.unileon.es\/instituto-estudios-medievales\/wp-json\/wp\/v2\/pages\/4","targetHints":{"allow":["GET"]}}],"collection":[{"href":"https:\/\/institutos.unileon.es\/instituto-estudios-medievales\/wp-json\/wp\/v2\/pages"}],"about":[{"href":"https:\/\/institutos.unileon.es\/instituto-estudios-medievales\/wp-json\/wp\/v2\/types\/page"}],"author":[{"embeddable":true,"href":"https:\/\/institutos.unileon.es\/instituto-estudios-medievales\/wp-json\/wp\/v2\/users\/1"}],"replies":[{"embeddable":true,"href":"https:\/\/institutos.unileon.es\/instituto-estudios-medievales\/wp-json\/wp\/v2\/comments?post=4"}],"version-history":[{"count":12,"href":"https:\/\/institutos.unileon.es\/instituto-estudios-medievales\/wp-json\/wp\/v2\/pages\/4\/revisions"}],"predecessor-version":[{"id":770,"href":"https:\/\/institutos.unileon.es\/instituto-estudios-medievales\/wp-json\/wp\/v2\/pages\/4\/revisions\/770"}],"wp:attachment":[{"href":"https:\/\/institutos.unileon.es\/instituto-estudios-medievales\/wp-json\/wp\/v2\/media?parent=4"}],"curies":[{"name":"wp","href":"https:\/\/api.w.org\/{rel}","templated":true}]}}