{"id":151,"date":"2014-06-24T16:55:44","date_gmt":"2014-06-24T15:55:44","guid":{"rendered":"http:\/\/institutos.unileon.es\/instituto-estudios-medievales\/?page_id=151"},"modified":"2021-05-28T10:10:26","modified_gmt":"2021-05-28T09:10:26","slug":"localizacion","status":"publish","type":"page","link":"https:\/\/institutos.unileon.es\/instituto-estudios-medievales\/localizacion\/","title":{"rendered":"Localizaci\u00f3n"},"content":{"rendered":"El Instituto de Estudios Medievales (IEM) de la Universidad de Le\u00f3n se localiza en la planta baja de la Facultad de Filosof\u00eda y Letras, situada en el Campus Universitario de Vegazana.\n\n<iframe loading=\"lazy\" style=\"border: 0;\" src=\"https:\/\/www.google.com\/maps\/embed?pb=!1m14!1m8!1m3!1d2936.2879278803125!2d-5.559264388885497!3d42.612849209521826!3m2!1i1024!2i768!4f13.1!3m3!1m2!1s0xd3790759f710ee9%3A0x958bd63d17ebaf3e!2sFacultad+de+Filosof%C3%ADa+y+Letras!5e0!3m2!1ses!2ses!4v1403624898325\" width=\"600\" height=\"450\" frameborder=\"0\"><\/iframe>","protected":false},"excerpt":{"rendered":"<p>El Instituto de Estudios Medievales (IEM) de la Universidad de Le\u00f3n se localiza en la planta baja de la Facultad de Filosof\u00eda y Letras, situada en el Campus Universitario de Vegazana.<\/p>\n","protected":false},"author":90,"featured_media":0,"parent":0,"menu_order":0,"comment_status":"closed","ping_status":"open","template":"","meta":{"footnotes":""},"class_list":["post-151","page","type-page","status-publish","hentry"],"_links":{"self":[{"href":"https:\/\/institutos.unileon.es\/instituto-estudios-medievales\/wp-json\/wp\/v2\/pages\/151","targetHints":{"allow":["GET"]}}],"collection":[{"href":"https:\/\/institutos.unileon.es\/instituto-estudios-medievales\/wp-json\/wp\/v2\/pages"}],"about":[{"href":"https:\/\/institutos.unileon.es\/instituto-estudios-medievales\/wp-json\/wp\/v2\/types\/page"}],"author":[{"embeddable":true,"href":"https:\/\/institutos.unileon.es\/instituto-estudios-medievales\/wp-json\/wp\/v2\/users\/90"}],"replies":[{"embeddable":true,"href":"https:\/\/institutos.unileon.es\/instituto-estudios-medievales\/wp-json\/wp\/v2\/comments?post=151"}],"version-history":[{"count":3,"href":"https:\/\/institutos.unileon.es\/instituto-estudios-medievales\/wp-json\/wp\/v2\/pages\/151\/revisions"}],"predecessor-version":[{"id":771,"href":"https:\/\/institutos.unileon.es\/instituto-estudios-medievales\/wp-json\/wp\/v2\/pages\/151\/revisions\/771"}],"wp:attachment":[{"href":"https:\/\/institutos.unileon.es\/instituto-estudios-medievales\/wp-json\/wp\/v2\/media?parent=151"}],"curies":[{"name":"wp","href":"https:\/\/api.w.org\/{rel}","templated":true}]}}