{"id":49,"date":"2015-02-24T11:19:48","date_gmt":"2015-02-24T11:19:48","guid":{"rendered":"http:\/\/institutos.unileon.es\/ingenieria-quimica-ambiental-y-bioprocesos\/?page_id=49"},"modified":"2025-06-13T12:00:38","modified_gmt":"2025-06-13T12:00:38","slug":"personal","status":"publish","type":"page","link":"https:\/\/institutos.unileon.es\/ingenieria-quimica-ambiental-y-bioprocesos\/personal\/","title":{"rendered":"Personal"},"content":{"rendered":"\n<p>Antonio Mor\u00e1n Palao. Dr. Ingeniero Qu\u00edmico. Director del Grupo.<\/p>\n\n\n\n<p class=\"has-black-color has-text-color\"><strong>amorp@unileon.es<\/strong><\/p>\n\n\n\n<p>Olegario Mart\u00ednez Mor\u00e1n. Dr. en Qu\u00edmica. <\/p>\n\n\n\n<p><strong>omarm@unileon<\/strong><\/p>\n\n\n\n<p>Jorge Cara Jim\u00e9nez. Dr. Ingeniero Qu\u00edmico. <\/p>\n\n\n\n<p><strong>jorge.cara@unileon.es<\/strong><\/p>\n\n\n\n<p>Marta E. S\u00e1nchez Mor\u00e1n. Dr. Ingeniero Qu\u00edmico. <\/p>\n\n\n\n<p><strong>mesanm@unileon.es<\/strong><a href=\"https:\/\/institutos.unileon.es\/ingenieria-quimica-ambiental-y-bioprocesos\/wp-admin\/edit.php?post_type=page\"><\/a><\/p>\n\n\n\n<p>Xiomar G\u00f3mez Barrios. Dr. Ingeniero Qu\u00edmico. <\/p>\n\n\n\n<p><strong>xagomb@unileon.es<\/strong><\/p>\n\n\n\n<p>Fernando Gonz\u00e1lez Andr\u00e9s. Dr. Ingeniero Agr\u00f3nomo. <\/p>\n\n\n\n<p><strong>fgona@unileon.es<\/strong><\/p>\n\n\n\n<p>Adri\u00e1n Escapa Gonz\u00e1lez. Dr. Ingeniero Industrial. <\/p>\n\n\n\n<p><strong>adrian.escapa@unileon.es<\/strong><\/p>\n\n\n\n<p>Elia Judith Mart\u00ednez Torres. Dr. Ingeniero Industrial. <\/p>\n\n\n\n<p><strong>ejmartr@unileon.es<\/strong><\/p>\n\n\n\n<p>Camino Fern\u00e1ndez Rodr\u00edguez. Dr. Ingeniero Qu\u00edmico.<\/p>\n\n\n\n<p> <strong>cferrd@unioleon.es<\/strong><\/p>\n\n\n\n<p>Ra\u00fal Mateos Gonz\u00e1lez. Dr. Ingeniero Qu\u00edmico. <\/p>\n\n\n\n<p><strong>rmatg@unileon.es<\/strong><\/p>\n\n\n\n<p>Mercedes Jim\u00e9nez Rosado. Dr. en Instalaciones y Sistemas para la Industria.<\/p>\n\n\n\n<p><strong>mjimr@unileon.es<\/strong><\/p>\n\n\n\n<p>Rub\u00e9n Gonz\u00e1lez Gonz\u00e1lez<\/p>\n<p><strong>rgong@unileon.es<\/strong><\/p>\n<p>Jos\u00e9 Guillermo Rosas Mayoral<\/p>\n<p><strong>jrosm@unileon.es<\/strong><\/p>\n\n\n\n<p>Fernando Casanova Picos. T\u00e9cnico Especialista de laboratorio<\/p>\n\n\n\n<p><strong>fcasp@unileon.es<\/strong><\/p>\n\n\n\n<p><\/p>\n\n\n\n<p><\/p>\n\n\n","protected":false},"excerpt":{"rendered":"<p>Antonio Mor\u00e1n Palao. Dr. Ingeniero Qu\u00edmico. Director del Grupo. amorp@unileon.es Olegario Mart\u00ednez Mor\u00e1n. Dr. en Qu\u00edmica. omarm@unileon Jorge Cara Jim\u00e9nez. Dr. Ingeniero Qu\u00edmico. jorge.cara@unileon.es Marta E. S\u00e1nchez Mor\u00e1n. Dr. Ingeniero Qu\u00edmico. mesanm@unileon.es Xiomar G\u00f3mez Barrios. Dr. Ingeniero Qu\u00edmico. xagomb@unileon.es Fernando Gonz\u00e1lez Andr\u00e9s. Dr. Ingeniero Agr\u00f3nomo. fgona@unileon.es Adri\u00e1n Escapa Gonz\u00e1lez. Dr. Ingeniero Industrial. adrian.escapa@unileon.es Elia Judith [&hellip;]<\/p>\n","protected":false},"author":106,"featured_media":0,"parent":0,"menu_order":0,"comment_status":"closed","ping_status":"closed","template":"","meta":{"footnotes":""},"class_list":["post-49","page","type-page","status-publish","hentry"],"_links":{"self":[{"href":"https:\/\/institutos.unileon.es\/ingenieria-quimica-ambiental-y-bioprocesos\/wp-json\/wp\/v2\/pages\/49","targetHints":{"allow":["GET"]}}],"collection":[{"href":"https:\/\/institutos.unileon.es\/ingenieria-quimica-ambiental-y-bioprocesos\/wp-json\/wp\/v2\/pages"}],"about":[{"href":"https:\/\/institutos.unileon.es\/ingenieria-quimica-ambiental-y-bioprocesos\/wp-json\/wp\/v2\/types\/page"}],"author":[{"embeddable":true,"href":"https:\/\/institutos.unileon.es\/ingenieria-quimica-ambiental-y-bioprocesos\/wp-json\/wp\/v2\/users\/106"}],"replies":[{"embeddable":true,"href":"https:\/\/institutos.unileon.es\/ingenieria-quimica-ambiental-y-bioprocesos\/wp-json\/wp\/v2\/comments?post=49"}],"version-history":[{"count":59,"href":"https:\/\/institutos.unileon.es\/ingenieria-quimica-ambiental-y-bioprocesos\/wp-json\/wp\/v2\/pages\/49\/revisions"}],"predecessor-version":[{"id":956,"href":"https:\/\/institutos.unileon.es\/ingenieria-quimica-ambiental-y-bioprocesos\/wp-json\/wp\/v2\/pages\/49\/revisions\/956"}],"wp:attachment":[{"href":"https:\/\/institutos.unileon.es\/ingenieria-quimica-ambiental-y-bioprocesos\/wp-json\/wp\/v2\/media?parent=49"}],"curies":[{"name":"wp","href":"https:\/\/api.w.org\/{rel}","templated":true}]}}