{"id":75,"date":"2011-06-03T15:06:33","date_gmt":"2011-06-03T13:06:33","guid":{"rendered":"http:\/\/institutos.unileon.es\/indegsal\/?page_id=75"},"modified":"2025-07-21T20:05:55","modified_gmt":"2025-07-21T18:05:55","slug":"indegsal","status":"publish","type":"page","link":"https:\/\/institutos.unileon.es\/indegsal\/","title":{"rendered":"El INDEGSAL"},"content":{"rendered":"<p><\/p>\n<div class=\"wp-block-group is-content-justification-space-between is-nowrap is-layout-flex wp-container-core-group-is-layout-0dfbf163 wp-block-group-is-layout-flex\"><\/p>\n<p>El <strong>INDEGSAL<\/strong> (Instituto de Desarrollo Ganadero y Sanidad Animal) es un Instituto de Investigaci\u00f3n de la Universidad de Le\u00f3n orientado a la investigaci\u00f3n, servicios y formaci\u00f3n en todas las \u00e1reas de la sanidad y producci\u00f3n animal. Este instituto multidisciplinar conecta en su actividad el campo veterinario con el biom\u00e9dico, dentro del concepto de <a href=\"https:\/\/www.woah.org\/es\/que-hacemos\/iniciativas-mundiales\/una-sola-salud\/\">Una Sola Salud<\/a> (One Health). Esta actividad tambi\u00e9n abarca especies silvestres en su relaci\u00f3n con las dom\u00e9sticas o para su conservaci\u00f3n.<\/p>\n<p><\/div>\n<p><\/p>\n<p><\/p>\n<div class=\"wp-block-group\"><div class=\"wp-block-group__inner-container is-layout-constrained wp-block-group-is-layout-constrained\"><\/p>\n<div class=\"wp-block-group is-content-justification-space-between is-nowrap is-layout-flex wp-container-core-group-is-layout-ee120a7c wp-block-group-is-layout-flex\"><\/p>\n<p>El INDEGSAL aspira a ser un punto de referencia en la mejora de la sanidad y el bienestar animal, la sostenibilidad del sector ganadero, la promoci\u00f3n de la salud humana a trav\u00e9s del control de par\u00e1sitos y zoonosis y la conservaci\u00f3n de especies dom\u00e9sticas y silvestres. El car\u00e1cter multidisciplinar del Instituto acoge la actividad de diversos grupos de investigaci\u00f3n punteros en sus distintas l\u00edneas. Como objetivo fundamental, promueve la colaboraci\u00f3n entre estos, facilitando sinergias y resultando en una actividad interdisciplinar.<\/p>\n<p><\/p>\n<p><\/p>\n<figure class=\"wp-block-image size-full is-resized\"><a href=\"https:\/\/institutos.unileon.es\/indegsal\/files\/2021\/03\/entradaindegsal.jpg\"><img loading=\"lazy\" decoding=\"async\" width=\"500\" height=\"375\" class=\"wp-image-1785\" style=\"width: 375px; height: 282px; max-width: none;\" src=\"https:\/\/institutos.unileon.es\/indegsal\/files\/2021\/03\/entradaindegsal.jpg\" alt=\"\" \/><\/a><\/figure>\n<p><\/div>\n<p><\/div><\/div>\n<p><\/p>\n<p><\/p>\n<div class=\"wp-block-group\"><div class=\"wp-block-group__inner-container is-layout-constrained wp-block-group-is-layout-constrained\"><\/p>\n<p>Los objetivos del INDEGSAL son:<\/p>\n<ul>\n<li>El fomento de la investigaci\u00f3n b\u00e1sica y aplicada de excelencia en ciencia animal, especialmente en sanidad, producci\u00f3n y conservaci\u00f3n. Este objetivo est\u00e1 ligado a las l\u00edneas prioritarias en investigaci\u00f3n en acuicultura, cr\u00eda y producci\u00f3n animal, as\u00ed como en salud (One Health), de los programas europeos, nacionales y regionales.<\/li>\n<li>Contribuir a la formaci\u00f3n en ciencia animal y sanidad de estudiantes, investigadores y profesionales mediante seminarios, jornadas, cursos y participaci\u00f3n en docencia de posgrado, dentro de sus competencias y en colaboraci\u00f3n con la Universidad de Le\u00f3n y otras entidades educativas.<\/li>\n<li>Potenciar la transferencia de conocimiento de los grupos de investigaci\u00f3n del Instituto al sector socioecon\u00f3mico mediante la realizaci\u00f3n de contratos de servicios, asesor\u00eda y transferencia, la solicitud y licencia de patentes y la creaci\u00f3n de empresas.<\/li>\n<li>Incrementar la visibilidad del Instituto, de sus grupos y de la investigaci\u00f3n realizada en este mediante acciones de difusi\u00f3n a la sociedad y colaboraci\u00f3n con medios de comunicaci\u00f3n, la Universidad de Le\u00f3n y las instituciones de Castilla y Le\u00f3n.<\/li>\n<li>Fomento de la colaboraci\u00f3n entre los grupos de investigaci\u00f3n del Instituto, con otros grupos e instituciones regionales, nacionales e internacionales. La multidisciplinariedad es una caracter\u00edstica esencial del INDEGSAL, por lo que la creaci\u00f3n de sinergias entre sus grupos es clave para la consecuci\u00f3n de sus objetivos y para alcanzar la excelencia. Tambi\u00e9n se promover\u00e1 la creaci\u00f3n de redes de investigaci\u00f3n, especialmente hacia Europa y Latinoam\u00e9rica.<\/li>\n<\/ul>\n<p>La misi\u00f3n, visi\u00f3n y valores del INDEGSAL son:<\/p>\n<ul>\n<li><strong>Misi\u00f3n<\/strong>: promover investigaci\u00f3n excelente en ciencia animal, especialmente en sanidad, producci\u00f3n y conservaci\u00f3n, en la formaci\u00f3n y en la difusi\u00f3n del conocimiento, as\u00ed como proporcionar soluciones derivadas de esta actividad al entorno socioecon\u00f3mico.<\/li>\n<li><strong>Visi\u00f3n<\/strong>: convertirse, a trav\u00e9s de la colaboraci\u00f3n multidisciplinar, en un centro de referencia en ciencia animal y especialmente en el \u00e1mbito de Una Sola Salud (One Health), en cuanto a la asociaci\u00f3n de la sanidad y el bienestar animal, la salud humana y el entorno.<\/li>\n<li><strong>Valores<\/strong>: calidad y excelencia en todas sus actividades, trabajo en equipo, colaboraci\u00f3n multi e interdisciplinar, transparencia y visibilidad.<\/li>\n<\/ul>\n<p><\/div><\/div>\n<p><\/p>\n<p><\/p>\n<p>Sigue al instituto en <a href=\"https:\/\/fediscience.org\/@indegsal\" target=\"_blank\" rel=\"me noopener\">Mastodon<\/a>, <a href=\"https:\/\/bsky.app\/profile\/indegsal-unileon.bsky.social\" target=\"_blank\" rel=\"noreferrer noopener\">Bluesky<\/a> y <a href=\"https:\/\/www.linkedin.com\/groups\/10046564\/\" target=\"_blank\" rel=\"noreferrer noopener\">LinkedId<\/a>.<\/p>\n<p><\/p>\n","protected":false},"excerpt":{"rendered":"<p>El INDEGSAL (Instituto de Desarrollo Ganadero y Sanidad Animal) es un Instituto de Investigaci\u00f3n de la Universidad de Le\u00f3n orientado a la investigaci\u00f3n, servicios y formaci\u00f3n en todas las \u00e1reas de la sanidad y producci\u00f3n animal. Este instituto multidisciplinar conecta en su actividad el campo veterinario con el biom\u00e9dico, dentro del concepto de Una Sola [&hellip;]<\/p>\n","protected":false},"author":4,"featured_media":0,"parent":0,"menu_order":0,"comment_status":"closed","ping_status":"closed","template":"","meta":{"footnotes":""},"class_list":["post-75","page","type-page","status-publish","hentry"],"_links":{"self":[{"href":"https:\/\/institutos.unileon.es\/indegsal\/wp-json\/wp\/v2\/pages\/75","targetHints":{"allow":["GET"]}}],"collection":[{"href":"https:\/\/institutos.unileon.es\/indegsal\/wp-json\/wp\/v2\/pages"}],"about":[{"href":"https:\/\/institutos.unileon.es\/indegsal\/wp-json\/wp\/v2\/types\/page"}],"author":[{"embeddable":true,"href":"https:\/\/institutos.unileon.es\/indegsal\/wp-json\/wp\/v2\/users\/4"}],"replies":[{"embeddable":true,"href":"https:\/\/institutos.unileon.es\/indegsal\/wp-json\/wp\/v2\/comments?post=75"}],"version-history":[{"count":97,"href":"https:\/\/institutos.unileon.es\/indegsal\/wp-json\/wp\/v2\/pages\/75\/revisions"}],"predecessor-version":[{"id":2412,"href":"https:\/\/institutos.unileon.es\/indegsal\/wp-json\/wp\/v2\/pages\/75\/revisions\/2412"}],"wp:attachment":[{"href":"https:\/\/institutos.unileon.es\/indegsal\/wp-json\/wp\/v2\/media?parent=75"}],"curies":[{"name":"wp","href":"https:\/\/api.w.org\/{rel}","templated":true}]}}