{"id":7,"date":"2010-10-15T11:09:42","date_gmt":"2010-10-15T11:09:42","guid":{"rendered":"http:\/\/institutos.unileon.es\/indegsal\/"},"modified":"2025-08-22T12:32:36","modified_gmt":"2025-08-22T10:32:36","slug":"ubicacion","status":"publish","type":"page","link":"https:\/\/institutos.unileon.es\/indegsal\/ubicacion\/","title":{"rendered":"Ubicaci\u00f3n e informaci\u00f3n de contacto"},"content":{"rendered":"<p><\/p>\n<p>El INDEGSAL se encuentra en el Campus Universitario de Vegazana en Le\u00f3n (Espa\u00f1a). Esto le proporciona un acceso directo a m\u00faltiples servicios de investigaci\u00f3n y a los diversos departamentos de la Universidad. Su sede se encuentra en el primer piso del Edificio de Institutos, un moderno edificio con laboratorios para la investigaci\u00f3n y servicios en ciencia animal, biomedicina y biolog\u00eda molecular.<\/p>\n<p>El Campus es de f\u00e1cil acceso desde la ciudad a pie, bicicleta, bus urbano (l\u00edneas 3, 4 y 12) y veh\u00edculo particular. Desde fuera de Le\u00f3n, el acceso m\u00e1s conveniente es a trav\u00e9s de la ronda norte, desde la cual se vislumbra el edificio.<\/p>\n<p><\/p>\n<p><\/p>\n<figure class=\"wp-block-table\">\n<table>\n<tbody>\n<tr>\n<th class=\"has-text-align-center\" data-align=\"center\">Direcci\u00f3n Postal <\/th>\n<td class=\"has-text-align-center\" data-align=\"center\">\n<p>Instituto de Desarrollo Ganadero y Sanidad Animal (INDEGSAL)<\/p>\n<p>Edificio de Institutos de Investigaci\u00f3n, 1\u00aa planta<\/p>\n<p>Campus de Vegazana<\/p>\n<p>24071 Le\u00f3n<\/p>\n<\/td>\n<\/tr>\n<tr>\n<th class=\"has-text-align-center\" data-align=\"center\">Localizaci\u00f3n <\/th>\n<td class=\"has-text-align-center\" data-align=\"center\"><a href=\"https:\/\/www.openstreetmap.org\/way\/1217894978\">https:\/\/www.openstreetmap.org\/way\/1217894978<\/a><\/td>\n<\/tr>\n<tr>\n<th class=\"has-text-align-center\" data-align=\"center\">Tel\u00e9fono<\/th>\n<td class=\"has-text-align-center\" data-align=\"center\">987 29 36 06 \/ 987 29 14 91<\/td>\n<\/tr>\n<tr>\n<th class=\"has-text-align-center\" data-align=\"center\">e-mail<\/th>\n<td class=\"has-text-align-center\" data-align=\"center\"><strong><strong><a href=\"mailto:indegsal@unileon.es\">gmerp@unileon.es<\/a><\/strong><\/strong><\/td>\n<\/tr>\n<\/tbody>\n<\/table>\n<\/figure>\n<p><\/p>\n<p><\/p>\n<p>Para consultas relacionadas con <strong>cursos o formaci\u00f3n<\/strong>, por favor, contacte directamente con la persona responsable. Puede encontrar informaci\u00f3n de contacto en el <a href=\"https:\/\/www.unileon.es\/directorio-y-telefonos\">directorio de la Universidad<\/a>.<\/p>\n<p><\/p>\n<p><\/p>\n<figure class=\"wp-block-image\"><img loading=\"lazy\" decoding=\"async\" width=\"1200\" height=\"769\" src=\"https:\/\/institutos.unileon.es\/indegsal\/files\/2025\/07\/INDEGSAL.jpg\" alt=\"Edificio de Institutos de Investigaci\u00f3n de la Universidad de Le\u00f3n. Es un edificio de tres plantas con placas grises en la fachada y filas de ventanas amarillas. Tejado plano. Se ve una de las alas desde una perspectiva en diagonal. En primer plano hay un \u00e1rbol a la izquierda y mucha vegetaci\u00f3n silvestre bastante agostada.\" class=\"wp-image-2428\" srcset=\"https:\/\/institutos.unileon.es\/indegsal\/files\/2025\/07\/INDEGSAL.jpg 1200w, https:\/\/institutos.unileon.es\/indegsal\/files\/2025\/07\/INDEGSAL-300x192.jpg 300w, https:\/\/institutos.unileon.es\/indegsal\/files\/2025\/07\/INDEGSAL-1024x656.jpg 1024w, https:\/\/institutos.unileon.es\/indegsal\/files\/2025\/07\/INDEGSAL-768x492.jpg 768w\" sizes=\"auto, (max-width: 1200px) 100vw, 1200px\" \/><\/figure>\n<p><\/p>\n<p><\/p>\n","protected":false},"excerpt":{"rendered":"<p>El INDEGSAL se encuentra en el Campus Universitario de Vegazana en Le\u00f3n (Espa\u00f1a). Esto le proporciona un acceso directo a m\u00faltiples servicios de investigaci\u00f3n y a los diversos departamentos de la Universidad. Su sede se encuentra en el primer piso del Edificio de Institutos, un moderno edificio con laboratorios para la investigaci\u00f3n y servicios en [&hellip;]<\/p>\n","protected":false},"author":1,"featured_media":0,"parent":0,"menu_order":0,"comment_status":"closed","ping_status":"open","template":"","meta":{"footnotes":""},"class_list":["post-7","page","type-page","status-publish","hentry"],"_links":{"self":[{"href":"https:\/\/institutos.unileon.es\/indegsal\/wp-json\/wp\/v2\/pages\/7","targetHints":{"allow":["GET"]}}],"collection":[{"href":"https:\/\/institutos.unileon.es\/indegsal\/wp-json\/wp\/v2\/pages"}],"about":[{"href":"https:\/\/institutos.unileon.es\/indegsal\/wp-json\/wp\/v2\/types\/page"}],"author":[{"embeddable":true,"href":"https:\/\/institutos.unileon.es\/indegsal\/wp-json\/wp\/v2\/users\/1"}],"replies":[{"embeddable":true,"href":"https:\/\/institutos.unileon.es\/indegsal\/wp-json\/wp\/v2\/comments?post=7"}],"version-history":[{"count":20,"href":"https:\/\/institutos.unileon.es\/indegsal\/wp-json\/wp\/v2\/pages\/7\/revisions"}],"predecessor-version":[{"id":2448,"href":"https:\/\/institutos.unileon.es\/indegsal\/wp-json\/wp\/v2\/pages\/7\/revisions\/2448"}],"wp:attachment":[{"href":"https:\/\/institutos.unileon.es\/indegsal\/wp-json\/wp\/v2\/media?parent=7"}],"curies":[{"name":"wp","href":"https:\/\/api.w.org\/{rel}","templated":true}]}}