{"id":6,"date":"2010-10-15T11:10:45","date_gmt":"2010-10-15T11:10:45","guid":{"rendered":"http:\/\/institutos.unileon.es\/indegsal\/"},"modified":"2025-08-26T10:46:17","modified_gmt":"2025-08-26T08:46:17","slug":"organos-directivos","status":"publish","type":"page","link":"https:\/\/institutos.unileon.es\/indegsal\/organos-directivos\/","title":{"rendered":"\u00d3rganos Directivos"},"content":{"rendered":"<p>La informaci\u00f3n de contacto se puede consultar en <a href=\"https:\/\/www.unileon.es\/directorio-y-telefonos\">https:\/\/www.unileon.es\/directorio-y-telefonos<\/a>.<\/p>\n<h2>Equipo directivo<\/h2>\n<p><strong>Directora:<\/strong> Dra. Gracia Merino Pel\u00e1ez<\/p>\n<p><strong>Subdirectora:<\/strong> Dra. Ana M.\u00aa Carvajal Urue\u00f1a<\/p>\n<p><strong>Secretario:<\/strong> Dr. Felipe Mart\u00ednez Pastor<\/p>\n<h2>Coordinadoras<\/h2>\n<p><strong>Coordinadora de formaci\u00f3n:<\/strong> Cristina Soriano \u00dabeda<\/p>\n<p><strong>Coordinadora de calidad:<\/strong> Cristina Galisteo G\u00f3mez<\/p>\n<h2>PTGAS<\/h2>\n<p><strong>T\u00e9cnica de laboratorio:<\/strong> Indira \u00c1lvarez Fern\u00e1ndez<\/p>\n","protected":false},"excerpt":{"rendered":"<p>La informaci\u00f3n de contacto se puede consultar en https:\/\/www.unileon.es\/directorio-y-telefonos. Equipo directivo Directora: Dra. Gracia Merino Pel\u00e1ez Subdirectora: Dra. Ana M.\u00aa Carvajal Urue\u00f1a Secretario: Dr. Felipe Mart\u00ednez Pastor Coordinadoras Coordinadora de formaci\u00f3n: Cristina Soriano \u00dabeda Coordinadora de calidad: Cristina Galisteo G\u00f3mez PTGAS T\u00e9cnica de laboratorio: Indira \u00c1lvarez Fern\u00e1ndez<\/p>\n","protected":false},"author":1,"featured_media":0,"parent":0,"menu_order":0,"comment_status":"closed","ping_status":"open","template":"","meta":{"footnotes":""},"class_list":["post-6","page","type-page","status-publish","hentry"],"_links":{"self":[{"href":"https:\/\/institutos.unileon.es\/indegsal\/wp-json\/wp\/v2\/pages\/6","targetHints":{"allow":["GET"]}}],"collection":[{"href":"https:\/\/institutos.unileon.es\/indegsal\/wp-json\/wp\/v2\/pages"}],"about":[{"href":"https:\/\/institutos.unileon.es\/indegsal\/wp-json\/wp\/v2\/types\/page"}],"author":[{"embeddable":true,"href":"https:\/\/institutos.unileon.es\/indegsal\/wp-json\/wp\/v2\/users\/1"}],"replies":[{"embeddable":true,"href":"https:\/\/institutos.unileon.es\/indegsal\/wp-json\/wp\/v2\/comments?post=6"}],"version-history":[{"count":7,"href":"https:\/\/institutos.unileon.es\/indegsal\/wp-json\/wp\/v2\/pages\/6\/revisions"}],"predecessor-version":[{"id":2457,"href":"https:\/\/institutos.unileon.es\/indegsal\/wp-json\/wp\/v2\/pages\/6\/revisions\/2457"}],"wp:attachment":[{"href":"https:\/\/institutos.unileon.es\/indegsal\/wp-json\/wp\/v2\/media?parent=6"}],"curies":[{"name":"wp","href":"https:\/\/api.w.org\/{rel}","templated":true}]}}