{"id":41,"date":"2010-11-21T21:25:38","date_gmt":"2010-11-21T20:25:38","guid":{"rendered":"http:\/\/institutos.unileon.es\/indegsal\/"},"modified":"2025-08-28T10:37:50","modified_gmt":"2025-08-28T08:37:50","slug":"proyectos-de-investigacion","status":"publish","type":"page","link":"https:\/\/institutos.unileon.es\/indegsal\/proyectos-de-investigacion\/","title":{"rendered":"Proyectos de investigaci\u00f3n"},"content":{"rendered":"<h2>Proyectos activos<\/h2>\n<p><strong>T\u00cdTULO DEL PROYECTO: LAM226 en el tratamiento de neuropat\u00edas: desarrollo precl\u00ednico y nuevos candidatos (NEUROPAT226).<br \/><\/strong>ENTIDAD FINANCIADORA: Agencia Estatal de Investigaci\u00f3n.<br \/>DURACI\u00d3N: 2022-2025.<br \/>INVESTIGADOR PRINCIPAL: Michal Letek.<\/p>\n<p><strong>T\u00cdTULO DEL PROYECTO: Novel strategies of bacterial infection control (BAC-CONTROL).<br \/><\/strong>ENTIDAD FINANCIADORA: Agencia Estatal de Investigaci\u00f3n.<br \/>DURACI\u00d3N: 2023-2025.<br \/>INVESTIGADOR PRINCIPAL: Michal Letek.<\/p>\n<p><strong>T\u00cdTULO DEL PROYECTO: Nuevos antibi\u00f3ticos pept\u00eddicos que act\u00faan sobre l\u00edpidos de membrana de bacterias pat\u00f3genas (NAPALM-BP).<br \/><\/strong>ENTIDAD FINANCIADORA: Agencia Estatal de Investigaci\u00f3n.<br \/>DURACI\u00d3N: 2023-2025.<br \/>INVESTIGADOR PRINCIPAL: Michal Letek.<\/p>\n<p><strong>T\u00cdTULO DEL PROYECTO: Efecto de los rumiantes dom\u00e9sticos sobre la salud global de los sistemas ganaderos extensivos.<br \/><\/strong>ENTIDAD FINANCIADORA: Ministerio de Ciencia e Innovaci\u00f3n.<br \/>DURACI\u00d3N: 2023-2027.<br \/>INVESTIGADOR PRINCIPAL: Sonia Mart\u00ednez y Ana Balseiro.<\/p>\n<p><strong>T\u00cdTULO DEL PROYECTO: Funci\u00f3n dual del transportador ABCG2 en la excreci\u00f3n de nuevas mol\u00e9culas de sabor y contaminantes alimentarios incluyendo micotoxinas en leche de rumiantes y exosomas.<br \/><\/strong>ENTIDAD FINANCIADORA: Ministerio de Ciencia e Innovaci\u00f3n.<br \/>DURACI\u00d3N: 2022-2025.<br \/>INVESTIGADOR PRINCIPAL: Gracia Merino.<\/p>\n<p><strong>T\u00cdTULO DEL PROYECTO: Papel de los transportadores ABC en la biodistribuci\u00f3n de nuevos compuestos en desarrollo para el tratamiento de patolog\u00edas virales y del sistema nervioso central.<br \/><\/strong>ENTIDAD FINANCIADORA: Junta de Castilla y Le\u00f3n.<br \/>DURACI\u00d3N: 2024-2027.<br \/>INVESTIGADOR PRINCIPAL: Gracia Merino.<\/p>\n<p><strong>T\u00cdTULO DEL PROYECTO: Estrategias gen\u00f3micas y celulares para elucidar el modo de acci\u00f3n y las rutas biosint\u00e9ticas del nuevo compuesto anti-tumoral BMT9 y evaluaci\u00f3n de su eficacia en modelos precl\u00ednicos.<br \/><\/strong>ENTIDAD FINANCIADORA: Ministerio de Ciencia e Innovaci\u00f3n.<br \/>DURACI\u00d3N: 2024-2027.<br \/>INVESTIGADOR PRINCIPAL: Carmen Mar\u00edn (INV. COLABORADOR: Margarita Marqu\u00e9s).<\/p>\n<p><strong>T\u00cdTULO DEL PROYECTO: Modelos pre-cl\u00ednicos 3D basados en organoides cerebrales para estudiar la funci\u00f3n de p53 en la generaci\u00f3n de pre-nichos en tumores cerebrales asociados al s\u00edndrome Li-Fraumeni y como plataformas de desarrollo de tratamientos de precisi\u00f3n.<br \/><\/strong>ENTIDAD FINANCIADORA: Junta de Castilla y Le\u00f3n.<br \/>DURACI\u00d3N: 2023-2027.<br \/>INVESTIGADOR PRINCIPAL: Carmen Mar\u00edn (INV. COLABORADOR: Margarita Marqu\u00e9s).<\/p>\n<p><strong>T\u00cdTULO DEL PROYECTO: TAILSCAN Automatic and objective surveillance of chort tails and tail lesions in pig abattoirs.<br \/><\/strong>ENTIDAD FINACIADORA: Comisi\u00f3n de la Uni\u00f3n Europea.<br \/>DURACI\u00d3N: 15\/10\/2023-14\/10\/2025.<br \/>INVESTIGADOR PRINCIPAL: H\u00e9ctor Arg\u00fcello.<\/p>\n<p><strong>T\u00cdTULO DEL PROYECTO: EUP-AHW European partnership on animal health and welfare.<br \/><\/strong>ENTIDAD FINACIADORA: Comisi\u00f3n de la Uni\u00f3n Europea.<br \/>DURACI\u00d3N: 01\/01\/2024-31\/12\/2026.<br \/>INVESTIGADOR PRINCIPAL: H\u00e9ctor Arg\u00fcello.<\/p>\n<p><strong>T\u00cdTULO DEL PROYECTO: Nuevos enfoques en resiliencia en la diarrea posdestete: exclusi\u00f3n competitiva y fagoterapia (PRO-FAGO).<br \/><\/strong>ENTIDAD FINANCIADORA: Junta de Castilla y Le\u00f3n.<br \/>DURACI\u00d3N: 2023-2027.<br \/>INVESTIGADOR PRINCIPAL: H\u00e9ctor Arg\u00fcello.<\/p>\n<p><strong>T\u00cdTULO DEL PROYECTO: Caracterizaci\u00f3n de las din\u00e1micas de resistencia antimicrobiana en producci\u00f3n porcina y ambientes asociados mediante el uso de t\u00e9cnicas de secuenciaci\u00f3n masiva.<br \/><\/strong>ENTIDAD FINANCIADORA: Ministerio de Econom\u00eda y Competitividad.<br \/>DURACI\u00d3N: 2023-2025.<br \/>INVESTIGADOR PRINCIPAL: H\u00e9ctor Arg\u00fcello.<\/p>\n<p><strong>T\u00cdTULO DEL PROYECTO: Horizon 2020 project 101036768 NeoGiANT \u00abThe power of grape extracts: antimicrobial and antioxidant properties to prevent the use of antibiotics in farmed animals.\u00bb (H2020-LC-GD-2020-4).<\/strong><br \/>ENTIDAD FINANCIADORA: REA (European Research Executive Agency)<br \/>DURACI\u00d3N: 01\/10\/2022-31\/03\/2026<br \/>INVESTIGADOR PRINCIPAL: Marta Lores Agu\u00edn (LIDSA, Universidad de Santiago de Compostela); INV. COLABORADORES: Beatriz Mart\u00edn, Felipe Mart\u00ednez.<\/p>\n<p><strong>TI\u0301TULO DEL PROYECTO: Reemplazo de los antibi\u00f3ticos en diluyentes de semen por antimicrobianos naturales obtenidos de subproductos agroalimentarios.<br \/><\/strong>ENTIDAD FINANCIADORA: Ministerio de Ciencia e Innovaci\u00f3n.<br \/>DURACIO\u0301N: 2023-2026.<br \/>INVESTIGADOR PRINCIPAL: Felipe Mart\u00ednez.<\/p>\n<p><strong>T\u00cdTULO DEL PROYECTO: Remodelado cardiaco y modificaciones epigen\u00e9ticas de histonas en la insuficiencia cardiaca: en busca de nuevas dianas terap\u00e9uticas.<br \/><\/strong>ENTIDAD FINANCIADORA: Universidad de Le\u00f3n.<br \/>DURACI\u00d3N: 2025-2026<br \/>INVESTIGADOR PRINCIPAL: Beatriz Mart\u00edn.<\/p>\n<p><strong>T\u00cdTULO DEL PROYECTO: Nuevas tecnolog\u00edas aplicadas a la interpretaci\u00f3n pr\u00e1ctica de los d\u00e9ficits del espermatozoide de carnero durante la conservaci\u00f3n l\u00edquida a 5 \u00baC hasta 72 h.<br \/><\/strong>ENTIDAD FINANCIADORA: Ministerio de Ciencia e Innovaci\u00f3n.<br \/>DURACI\u00d3N: 2022-2026.<br \/>INVESTIGADOR PRINCIPAL: Luis Anel L\u00f3pez, Luis Anel Rodr\u00edguez.<\/p>\n<p><strong>T\u00cdTULO DEL PROYECTO: Omics for improving the effectiveness of germoplasm banks: the Brown bear (<em>Ursus arctos<\/em>) model.<br \/><\/strong>ENTIDAD FINANCIADORA: Ministerio de Ciencia e Innovaci\u00f3n.<br \/>DURACI\u00d3N: 2022-2025.<br \/>INVESTIGADOR PRINCIPAL: Luis Anel L\u00f3pez, Mercedes \u00c1lvarez.<\/p>\n<p><strong>T\u00cdTULO DEL PROYECTO: Efecto del calentamiento global sobre el \u00e9xito reproductivo y la transmisi\u00f3n a la progenie en peces. Identificaci\u00f3n de estrategias para minimizar su impacto.<br \/><\/strong>ENTIDAD FINANCIADORA: Agencia Estatal de Investigaci\u00f3n.<br \/>DURACI\u00d3N: 2022-2026.<br \/>INVESTIGADOR PRINCIPAL: Marta Fern\u00e1ndez.<\/p>\n<p>\u00a0<\/p>\n<p><\/p>\n<p><\/p>\n<h2>Redes<\/h2>\n<p><strong>RED BAL: Red espa\u00f1ola de bacterias l\u00e1cticas.<\/strong><br \/>El Dr. H\u00e9ctor Arg\u00fcello es miembro desde 2024.<\/p>\n<p><strong>COST Action EU-METAHEART.<\/strong><br \/>La Dra. Beatriz Mart\u00edn Fern\u00e1ndez e Ileana Bonilauri son colaboradoras desde 2024.<\/p>\n<p><\/p>\n<p><\/p>\n","protected":false},"excerpt":{"rendered":"<p>Proyectos activos T\u00cdTULO DEL PROYECTO: LAM226 en el tratamiento de neuropat\u00edas: desarrollo precl\u00ednico y nuevos candidatos (NEUROPAT226).ENTIDAD FINANCIADORA: Agencia Estatal de Investigaci\u00f3n.DURACI\u00d3N: 2022-2025.INVESTIGADOR PRINCIPAL: Michal Letek. T\u00cdTULO DEL PROYECTO: Novel strategies of bacterial infection control (BAC-CONTROL).ENTIDAD FINANCIADORA: Agencia Estatal de Investigaci\u00f3n.DURACI\u00d3N: 2023-2025.INVESTIGADOR PRINCIPAL: Michal Letek. T\u00cdTULO DEL PROYECTO: Nuevos antibi\u00f3ticos pept\u00eddicos que act\u00faan sobre l\u00edpidos [&hellip;]<\/p>\n","protected":false},"author":4,"featured_media":0,"parent":0,"menu_order":0,"comment_status":"closed","ping_status":"open","template":"","meta":{"footnotes":""},"class_list":["post-41","page","type-page","status-publish","hentry"],"_links":{"self":[{"href":"https:\/\/institutos.unileon.es\/indegsal\/wp-json\/wp\/v2\/pages\/41","targetHints":{"allow":["GET"]}}],"collection":[{"href":"https:\/\/institutos.unileon.es\/indegsal\/wp-json\/wp\/v2\/pages"}],"about":[{"href":"https:\/\/institutos.unileon.es\/indegsal\/wp-json\/wp\/v2\/types\/page"}],"author":[{"embeddable":true,"href":"https:\/\/institutos.unileon.es\/indegsal\/wp-json\/wp\/v2\/users\/4"}],"replies":[{"embeddable":true,"href":"https:\/\/institutos.unileon.es\/indegsal\/wp-json\/wp\/v2\/comments?post=41"}],"version-history":[{"count":18,"href":"https:\/\/institutos.unileon.es\/indegsal\/wp-json\/wp\/v2\/pages\/41\/revisions"}],"predecessor-version":[{"id":2495,"href":"https:\/\/institutos.unileon.es\/indegsal\/wp-json\/wp\/v2\/pages\/41\/revisions\/2495"}],"wp:attachment":[{"href":"https:\/\/institutos.unileon.es\/indegsal\/wp-json\/wp\/v2\/media?parent=41"}],"curies":[{"name":"wp","href":"https:\/\/api.w.org\/{rel}","templated":true}]}}