{"id":389,"date":"2017-05-31T10:48:12","date_gmt":"2017-05-31T08:48:12","guid":{"rendered":"http:\/\/institutos.unileon.es\/indegsal\/?page_id=389"},"modified":"2025-11-11T10:39:15","modified_gmt":"2025-11-11T09:39:15","slug":"etologia-y-adiestramiento-canino","status":"publish","type":"page","link":"https:\/\/institutos.unileon.es\/indegsal\/etologia-y-adiestramiento-canino\/","title":{"rendered":"Curso de Etolog\u00eda y Adiestramiento Canino 2026"},"content":{"rendered":"<p><\/p>\n<p class=\"has-text-align-center has-very-light-gray-color has-text-color has-background\" style=\"background-color:#36a50b\">\n<p><\/p>\n<p><img loading=\"lazy\" decoding=\"async\" class=\"alignleft wp-image-2119 \" src=\"https:\/\/institutos.unileon.es\/indegsal\/files\/2023\/06\/Presentacion2-3.jpg\" alt=\"\" width=\"187\" height=\"105\" \/><\/p>\n<h1>INDEGSAL<\/h1>\n<p style=\"text-align: center;\"><strong>CURSO DE EXTENSI\u00d3N UNIVERSITARIA<\/strong><\/p>\n<h1 style=\"text-align: center;\"><strong><span style=\"color: #ff6600;\">ETOLOG\u00cdA Y ADIESTRAMIENTO CANINO<\/span><\/strong><\/h1>\n<h2 style=\"text-align: center;\"><strong>por la Universidad de Le\u00f3n<\/strong><\/h2>\n<h2 style=\"text-align: center;\"><span style=\"color: #ff00ff;\"><strong>\u00a1PR\u00d3XIMA EDICI\u00d3N EN 2026.<\/strong><\/span><\/h2>\n<h2 style=\"text-align: center;\"><span style=\"color: #ff00ff;\"><strong>YA APROBADO POR CONSEJO DE GOBIERNO DE LA UNIVERSIDAD<\/strong><\/span><span style=\"color: #ff00ff;\"><strong>!<\/strong><\/span><\/h2>\n<h2 style=\"text-align: center;\"><span style=\"color: #ff00ff;\"><strong>\u00a1PUEDE ENVIAR YA SU PREINSCRIPCI\u00d3N a: cursos.veterinaria.ule@gmail.com!<\/strong><\/span><\/h2>\n<h2 style=\"text-align: center;\"><a href=\"https:\/\/institutos.unileon.es\/indegsal\/temario-curso-etologia-y-adiestramiento-canino\/\" target=\"_blank\" rel=\"noopener\"><strong>Temario del curso de Etolog\u00eda y Adiestramiento Canino<\/strong><\/a><\/h2>\n<p><strong>&#8211; Directores:<br \/><\/strong>C\u00e9sar A. Chamorro. Catedr\u00e1tico de Anatom\u00eda y Embriolog\u00eda de la Universidad de Le\u00f3n. Instituto de Desarrollo Ganadero y Sanidad Animal.<br \/>Jos\u00e9 Mar\u00eda S\u00e1nchez S\u00e1nchez. Profesor Titular del Departamento de Producci\u00f3n Animal. Universidad de Le\u00f3n.<br \/><strong>&#8211; Profesores:<br \/>Profesores especialistas y miembros del Instituto de Desarrollo Ganadero y Sanidad Animal (INDEGSAL).<\/strong><\/p>\n<p><strong>Salidas profesionales<br \/><\/strong><\/p>\n<p>El puesto de Et\u00f3logo y adiestrador canino se hace cada vez m\u00e1s necesario para el correcto desarrollo de m\u00faltiples variantes de la profesi\u00f3n veterinaria.<br \/>Las personas que realicen este curso adquirir\u00e1n los conocimientos te\u00f3ricos y pr\u00e1cticos necesarios para el ejercicio de un nuevo perfil laboral cada vez con m\u00e1s demanda en la sociedad consistente en labores de adiestramiento y educaci\u00f3n canina, para lo que recibir\u00e1n las ense\u00f1anzas b\u00e1sicas necesarias. El objetivo es aprender a adiestrar al perro con t\u00e9cnicas de aprendizaje y modificar conductas no deseadas para lograr la convivencia social, acorde a las necesidades de su due\u00f1o y\/o persona responsable, as\u00ed como tener los conocimientos b\u00e1sicos para realizar cuidados higi\u00e9nicos y prestar primeros auxilios al perro. Tambi\u00e9n se explicar\u00e1n los conocimientos b\u00e1sicos para una dedicaci\u00f3n profesional con gran futuro como es el adiestramiento e importancia de los perros para personas ancianas o con necesidades f\u00edsicas o psicol\u00f3gicas especiales (discapacidades) (en todos los casos teniendo en cuenta las competencias del profesional veterinario).<\/p>\n<p>El trabajo de Et\u00f3logo y adiestrador canino\u00a0es demandado por los propietarios de estas mascotas, criadores, vendedores, cl\u00ednicas y personas con necesidades especiales (enfermedades f\u00edsicas y\/o ps\u00edquicas as\u00ed como en geriatr\u00eda).<\/p>\n<p><strong>\u2022 Duraci\u00f3n del curso en cr\u00e9ditos u horas totales y calendario:<br \/><\/strong><\/p>\n<p>Se realizar\u00e1 a lo largo de unos tres meses. La duraci\u00f3n ser\u00e1 equivalente a unas 280 horas que se desarrollar\u00e1n sobre la base de 38 sesiones te\u00f3rico-pr\u00e1cticas on line sobre los temas incluidos en el programa y unas 100 horas de trabajo del alumno distribuido en pr\u00e1cticas de campo de etolog\u00eda, educaci\u00f3n y adiestramiento canino; horas de estudio y tutor\u00edas.<strong><br \/><\/strong><\/p>\n<p><strong>\u2022 Programaci\u00f3n docente. <\/strong><strong>TEMARIO<br \/><\/strong>Las sesiones te\u00f3ricas ser\u00e1n on line y tendr\u00e1n una duraci\u00f3n aproximada de unos 55 minutos.<br \/>Todos los temas y sus contenidos podr\u00e1n ser puestos a disposici\u00f3n de los alumnos que no puedan asistir en el horario previsto en una intranet al efecto.<\/p>\n<p>Asimismo, se dispondr\u00e1n los apuntes de los temas en pdf para que los puedan descargar los alumnos<\/p>\n<p><strong>TEMARIO <\/strong>(Puede estar sujeto a algunas actualizaciones por criterios acad\u00e9micos).<\/p>\n<p><strong>BLOQUE I: ANATOM\u00cdA Y FISIOLOGIA (convalidable para los alumnos titulados en Auxiliar Veterinario por la ULE)<br \/><\/strong>Tema 1.- Aparato locomotor. Huesos, articulaciones y m\u00fasculos.<br \/>Tema 2.- Sistema cardiovascular. Grandes arterias y venas. Circulaci\u00f3n perif\u00e9rica de inter\u00e9s. N\u00f3dulos linf\u00e1ticos.<br \/>Tema 3.- Aparato respiratorio. Nariz, laringe, tr\u00e1quea y pulmones.<br \/>Tema 4.- Aparato digestivo. Boca, dientes, est\u00f3mago e intestino.<br \/>Tema 5.- Aparato urogenital. Ri\u00f1\u00f3n, v\u00edas urinarias. \u00d3rganos genitales del macho y de la hembra.<br \/>Tema 6.- Sistema nervioso central y perif\u00e9rico. M\u00e9dula espinal. Gl\u00e1ndulas endocrinas.<br \/>Tema 7.- \u00d3rganos de los sentidos. Piel y anejos cut\u00e1neos.<br \/><strong>BLOQUE 2: RAZAS Y APTITUDES<br \/><\/strong>Tema 8.- Origen y evoluci\u00f3n de las razas y bionom\u00eda del perro. Clasificaci\u00f3n de las razas caninas. Caracter\u00edsticas morfol\u00f3gicas.<br \/>Tema 9.- Aptitudes, idoneidad y car\u00e1cter como animal de compa\u00f1\u00eda y adiestramiento de las principales razas extranjeras y espa\u00f1olas.<br \/><strong>BLOQUE 3: ETOLOG\u00cdA<br \/><\/strong>Tema 10.- Concepto de Etolog\u00eda. Historia de la Etolog\u00eda. Bases del comportamiento. Tipos de comportamiento. Sistemas y patrones de comportamiento. Pruebas utilizadas en Etolog\u00eda: test de \u00abopen-field\u00bb, test de preferencias, etc.<br \/>Tema 11.- Ontog\u00e9nesis del comportamiento. Hip\u00f3tesis epigen\u00e9tica del comportamiento. Comportamiento instintivo y comportamiento adquirido. Comportamiento y experiencia precoz. El comportamiento de juego.<br \/>Tema 12.- El aprendizaje. Introducci\u00f3n. Tipos de aprendizaje: habituaci\u00f3n, condicionamiento cl\u00e1sico, condicionamiento instrumental, \u00abimprinting\u00bb. Periodos cr\u00edticos. Desarrollo del aprendizaje.<br \/>Tema 13.- Ritmos biol\u00f3gicos. Ritmos circadianos. El sue\u00f1o: bases fisiol\u00f3gicas y funci\u00f3n del sue\u00f1o. Problemas cl\u00ednicos derivados de la alteraci\u00f3n de los ritmos biol\u00f3gicos.<br \/>Tema 14.- Comunicaci\u00f3n entre animales. Los \u00f3rganos de los sentidos: o\u00eddo, vista, tacto y olfato. Las feromonas. El reconocimiento.<br \/>Tema 15.- Comportamiento alelomim\u00e9tico y facilitaci\u00f3n social. El liderazgo. Comportamiento investigatorio. Comportamiento ingestivo. Comportamiento eliminativo. Alteraciones del comportamiento. Eliminaci\u00f3n inadecuada en el perro.<br \/>Tema 16.- Comportamiento sexual. Factores. que afectan al comportamiento sexual y alteraciones. Comportamiento epimel\u00e9tico y et-epimel\u00e9tico. Comportamiento de los cachorros durante la lactaci\u00f3n y tras el destete.<br \/>Tema 17.- Comportamiento agon\u00edstico. Relaciones intraespec\u00edficas. Relaciones interespec\u00edficas. Tipos de comportamiento agresivo. Patrones de comportamiento agon\u00edstico. Espacio individual. Jerarqu\u00eda social: caracter\u00edsticas del orden de dominancia.<br \/>Tema 18.- Protecci\u00f3n animal. Bienestar y sufrimiento. Evaluaci\u00f3n del bienestar: el estr\u00e9s y sus bases neurofisiol\u00f3gicas. Necesidades y derechos de los animales. Legislaci\u00f3n en relaci\u00f3n con el bienestar animal.<br \/>Tema 19.- Trastornos compulsivos y estereotipias. Exceso de actividad, conducta destructiva, vocalizaciones, demanda de atenci\u00f3n.<br \/>Tema 20.- Trastornos relacionados con la separaci\u00f3n. Problemas de conducta en animales geri\u00e1tricos. Problemas relacionados con la conducta alimentaria (anorexia, polifagia, pica y coprofagia).<br \/>Tema 21.-\u00a0 Problemas relacionados con la conducta sexual (vagabundeo, monta, etc.). Problemas relacionados con la conducta maternal (canibalismo, abandono de las cr\u00edas, pseudogestaci\u00f3n, etc.).<br \/><strong>BLOQUE 4: ADIESTRAMIENTO<br \/><\/strong>Tema 22.- M\u00e9todos para la selecci\u00f3n del cachorro. M\u00e9todos para la selecci\u00f3n del perro joven o adulto.<br \/>Tema 23.- V\u00ednculo humano-perro. Comunicaci\u00f3n: lenguaje corporal, vocalizaci\u00f3n, utilizaci\u00f3n del olfato.<br \/>Tema 24.- Tipos y utilizaci\u00f3n del material para adiestramiento.<br \/>Tema 25.- Programaci\u00f3n y t\u00e9cnicas del adiestramiento de base. \u00d3rdenes de adiestramiento. Conducta a seguir por el propietario del perro en adiestramiento.<br \/>Tema 26.- An\u00e1lisis del comportamiento y aptitudes del perro con el objetivo del aprendizaje. Selecci\u00f3n de instintos y su potenciaci\u00f3n. Identificaci\u00f3n de conductas no deseadas en el perro.<br \/>Tema 27.- Conducci\u00f3n y sorteo de obst\u00e1culos con y sin correa.<br \/>Tema 28.- Conductas agresivas y no deseadas del perro. Tipos, causas, consecuencias y correcci\u00f3n.<br \/>Tema 29.- Seguridad para terceros y de autoprotecci\u00f3n durante el manejo y adiestramiento de perros.<br \/>Tema 30.- Normativas sobre protecci\u00f3n animal.<br \/>Tema 31.- Bienestar y enriquecimiento ambiental.<br \/><strong>BLOQUE 5: MANEJO DE ALOJAMIENTOS Y PERROS<br \/><\/strong>Tema 32.- M\u00e9todos de inmovilizaci\u00f3n y de transporte. Control del perro para diferentes procedimientos. Necesidades b\u00e1sicas del alojamiento. Cuidado e higiene de los perros alojados.<br \/><strong>BLOQUE 6: NUTRICI\u00d3N Y PRIMEROS AUXILIOS<br \/><\/strong>Tema 33.- La alimentaci\u00f3n en el perro. Dietas. Alimentaci\u00f3n durante la gestaci\u00f3n, del cachorro y del perro senil. Alimentaci\u00f3n artificial. Patolog\u00edas de la nutrici\u00f3n: Anorexia y obesidad. Alimentos espec\u00edficos.<br \/>Tema 34.- Primeros auxilios. Principios b\u00e1sicos y normas de actuaci\u00f3n. Reconocimiento de signos vitales. Traslado del animal al centro de atenci\u00f3n.<br \/>Tema 35.- T\u00e9cnicas b\u00e1sicas de reanimaci\u00f3n. Material de primeros auxilios. Actuaciones urgentes (I) ante obstrucci\u00f3n de las v\u00edas a\u00e9reas, hemorragias y golpes de calor.<br \/>Tema 36.- Actuaciones urgentes (II) ante mordeduras, heridas y contusiones, traumatismos, lesiones oculares, quemaduras, picadura de insectos e intoxicaciones.<br \/><strong>Bloque 7: MASCOTAS Y SALUD HUMANA<br \/><\/strong>Tema 37.-\u00a0Beneficios sicol\u00f3gicos y som\u00e1ticos de las mascotas en personas con discapacidades (s\u00edndrome de Down, autismo, problemas sicol\u00f3gicos o psiqui\u00e1tricos, etc.) y en la tercera edad.<strong><br \/><\/strong><strong>Bloque 8: ASPECTOS \u00c9TICOS Y ORGANIZATIVOS DEL ADIESTRADOR<br \/><\/strong>Tema 38.- \u00c1mbito profesional, atribuciones y \u00e9tica profesional. La comunicaci\u00f3n: Tipos, formas, m\u00e9todos. Recepci\u00f3n del propietario y su mascota.<br \/><strong>BLOQUE 9: ADIESTRAMIENTO PR\u00c1CTICO<br \/><\/strong><strong>Se realizar\u00e1n las ense\u00f1anzas pr\u00e1cticas de adiestramiento (PA) en instalaciones adecuadas para ello bajo la direcci\u00f3n del profesor adiestrador Jos\u00e9 Luis Reyero Gonz\u00e1lez con diferentes razas de perros. Las PA se realizar\u00e1n los martes y jueves por la tarde y s\u00e1bados por la ma\u00f1ana, escogiendo las horas el alumno seg\u00fan su disponibilidad, estableci\u00e9ndose una programaci\u00f3n seg\u00fan las disponibilidades manifestadas por el alumno y de las PA.<\/strong><\/p>\n<p>PA 1.- Etograma canino.<br \/>PA 2.- Seguridad y autoprotecci\u00f3n en el adiestramiento b\u00e1sico y manejo de perros. El material de trabajo: tipos y utilizaci\u00f3n.<br \/>PA 3.- Condiciones del entorno e infraestructuras para el adiestramiento. T\u00e9cnicas de manipulaci\u00f3n y manejo del perro.<br \/>PA 4.- Programaci\u00f3n y t\u00e9cnicas del adiestramiento de base. \u00d3rdenes de adiestramiento.<br \/>PA 5.- An\u00e1lisis del comportamiento y aptitudes del perro con el objetivo del aprendizaje.<br \/>PA 6.- Adiestramiento del perro. Obediencia y t\u00e9cnicas de conducci\u00f3n del perro.<br \/>PA 7.- Marcha al lado. Marcha al lado con cambios de direcci\u00f3n y de velocidad. Posici\u00f3n de sentado. Posici\u00f3n de tumbado. Posici\u00f3n de pie. Adopci\u00f3n de diferentes posiciones, previa orden verbal. Permanencia en las diferentes posiciones bajo la influencia de distracciones. Acudir a la orden de llamada. Cobro y recuperaci\u00f3n de objetos.<br \/>PA 8.- Conducci\u00f3n y sorteo de obst\u00e1culos con y sin correa.<br \/>PA 9.- Ejercicios de control de impulsos y obediencia. Adecuaci\u00f3n de su comportamiento en el entorno urbano.<br \/>PA 10.- Seguridad para terceros y de autoprotecci\u00f3n durante el manejo y adiestramiento de perros. Normativa sobre bienestar y protecci\u00f3n animal de aplicaci\u00f3n.<br \/>PA 11.- Adiestramiento en la pista de obst\u00e1culos. Desarrollo de habilidades de agilidad en el perro. Habituaci\u00f3n a superficies en diferentes alturas y con diferentes texturas. Superaci\u00f3n de obst\u00e1culos verticales a diferentes alturas. Superaci\u00f3n de obst\u00e1culos horizontales. Evoluci\u00f3n en superficies inestables. Utilizaci\u00f3n del lenguaje corporal y verbal durante en las maniobras sobre obst\u00e1culos.<br \/>PA 12 .- Conducta a seguir por el propietario del perro en adiestramiento.<br \/>PA 13.- Conductas agresivas y no deseadas del perro. Tipos, causas, consecuencias y correcci\u00f3n.<br \/>PA 14.- Adiestramiento en protecci\u00f3n.<br \/>PA 15.- Adiestramiento para caza, las habilidades caninas, TAA (terapia asistida con animales) y perros de asistencia.<\/p>\n<p>En ediciones anteriores se ha contado con ponentes de reconocido prestigio de los Cuerpos y Fuerzas de seguridad del Estado invitados para impartir sesiones te\u00f3rico-pr\u00e1cticas (s\u00e1bados por la ma\u00f1ana) en el \u00e1mbito de la detecci\u00f3n de drogas, intervenci\u00f3n, protecci\u00f3n civil, perros de rescate, selecci\u00f3n en razas espec\u00edficas, pastoreo, etc. a los cuales se les volver\u00e1 a cursar la correspondiente invitaci\u00f3n en esta edici\u00f3n para aprender de su gran experiencia.<\/p>\n<p><strong>\u2022 Profesorado responsable de la docencia:<br \/>Profesores:<br \/>Profesores especialistas y miembros del Instituto de Desarrollo Ganadero y Sanidad Animal (INDEGSAL).<br \/>&#8211; <\/strong>C\u00e9sar A. Chamorro \u00c1lvarez. Catedr\u00e1tico de Universidad. Dpto. Medicina, Cirug\u00eda y Anatom\u00eda Veterinarias. Director del Instituto de Desarrollo Ganadero y Sanidad Animal (INDEGSAL). Universidad de Le\u00f3n.<br \/>&#8211; Jos\u00e9 Gabriel Fern\u00e1ndez \u00c1lvarez. Catedr\u00e1tico de Universidad. Dpto. Medicina, Cirug\u00eda y Anatom\u00eda Veterinarias. Decano de la Facultad de Veterinaria. Universidad de Le\u00f3n.<br \/>&#8211; Jos\u00e9 Manuel Carral Llamazares. Profesor Titular de Universidad. Dpto. Producci\u00f3n Animal. Universidad de Le\u00f3n.<br \/>&#8211; Jos\u00e9 Mar\u00eda S\u00e1nchez S\u00e1nchez. Profesor Titular. Dpto. Producci\u00f3n Animal. Universidad de Le\u00f3n.<br \/>&#8211; Jos\u00e9 Luis Reyero Gonz\u00e1lez. Licenciado en Biolog\u00eda. Universidad de Le\u00f3n. Adiestrador. Grupo de Trabajo Reyero.\u00a0<br \/>&#8211; Carlos C\u00e9sar P\u00e9rez Garc\u00eda. Profesor Titular de Universidad. Dpto. Medicina, Cirug\u00eda y Anatom\u00eda Veterinarias. Universidad de Le\u00f3n.<br \/>&#8211; Inmaculada D\u00edez Prieto. Profesora Titular jubilada de Universidad. Dpto. Medicina, Cirug\u00eda y Anatom\u00eda Veterinarias. Universidad de Le\u00f3n.<br \/>&#8211; Mar\u00eda \u00c1ngeles P\u00e9rez Garc\u00eda. Licenciada en Medicina y Cirug\u00eda. Universidad de Oviedo. Doctora por la Universidad de Salamanca.<br \/>&#8211; Paloma Cuesta Garc\u00eda. Licenciada en Biolog\u00eda y M\u00e1ster en Etolog\u00eda Cl\u00ednica y Bienestar en Animales de Compa\u00f1\u00eda.<br \/>&#8211; Mar\u00eda Jos\u00e9 Cuesta Garc\u00eda. Licenciada en Biolog\u00eda.<br \/>&#8211; David Chamorro Migu\u00e9lez. Graduado en Dise\u00f1o Gr\u00e1fico y Digital. Graduado en Psicolog\u00eda.<\/p>\n<p><strong>CARACTERISTICAS<br \/><\/strong><strong>\u25cf Duraci\u00f3n: <\/strong>Intensivo: 3 meses.<br \/><strong>\u25cf Coste: <\/strong>395 euros y dos plazos de 345 euros durante la impartici\u00f3n del curso seg\u00fan calendario establecido al efecto.<br \/>SE ESTABLECE UNA REBAJA EN AMBOS CASOS SOBRE EL PRECIO TOTAL PARA ALUMNOS CON DISCAPACIDAD RECONOCIDA IGUAL O SUPERIOR AL 40% Y PARA ALUMNOS DE LA UNIVERSIDAD DE LEON: Matr\u00edcula: 250 \u20ac y dos plazos de 250 \u20ac.<br \/>Si un alumno por razones econ\u00f3micas justificadas necesita otros plazos a mayores u otras cantidades en cada plazo debe de solicitarlo a la direcci\u00f3n del curso al correo: cursos.veterinaria.ule@gmail.com<br \/><strong>\u25cf Lugar<\/strong>: Ense\u00f1anzas te\u00f3ricas on line. Facultad de Veterinaria de la Universidad de Le\u00f3n e instalaciones de adiestramiento Reyero (Grupo de Trabajo Reyero).<br \/><strong>\u25cf Comienzo estimado<\/strong>: <strong>9 de marzo de 2026.<\/strong>\u00a0Se combinar\u00e1 la recepci\u00f3n de ense\u00f1anzas\u00a0pr\u00e1cticas del modo que mejor se adapte a los horarios y disponibilidad de los alumnos.<br \/>&#8211; Clases te\u00f3ricas on line: lunes y mi\u00e9rcoles de 15,30 a 20 horas. Todos los temas y sus contenidos ser\u00e1n puestos a disposici\u00f3n de los alumnos en una intranet al efecto (podr\u00e1n disponer de las videoclases grabadas).<br \/>&#8211; Clases pr\u00e1cticas de adiestramiento: Martes y jueves hasta las 22 horas. S\u00e1bados entre las 10 y las 14 horas. D\u00edas y horas a convenir con el alumno.<br \/>Otras clases pr\u00e1cticas a convenir horarios y d\u00edas.<br \/><strong>\u25cf Finalizaci\u00f3n estimada: 30 de junio de 2026.<\/strong><br \/><strong>\u25cf Plazas limitadas<\/strong>.<br \/><strong>\u25cf Plazo de solicitud de admisi\u00f3n<\/strong>: Desde el 15 de julio de 2025.<br \/>\u25cf Se entrega <strong>diploma acreditativo (de APTITUD)<\/strong> de la\u00a0<strong>Universidad de Le\u00f3n<\/strong>.<br \/><strong>\u25cf Cr\u00e9ditos acad\u00e9micos: Equivalente a hasta 12 cr\u00e9ditos ECTS (reconocimiento por Consejo de Gobierno de la Universidad de Le\u00f3n). Convalida<b>ci\u00f3n autom\u00e1tica de 12 cr\u00e9ditos ECTS a nivel universitario. <\/b>Los alumnos que hayan realizado estudios similares (de licenciatura, grado o cursos similares) pueden solicitar la convalidaci\u00f3n de los temas de las ense\u00f1anzas te\u00f3ricas y pr\u00e1cticas correspondientes.<\/strong><br \/><strong>\u25cf\u00a0<\/strong><b>SE HA ESTABLECIDO\u00a0UN CALENDARIO DE RESERVA DE PLAZAS:<br \/><\/b>Ante la gran demanda de informaci\u00f3n y de solicitudes que se recibieron en las pasadas ediciones de los diversos cursos de \u00e1mbito veterinario, lo que hizo que no fuera posible que hubiera plazas para todos en algunos casos, la direcci\u00f3n de dichos cursos ha establecido un impreso de solicitudes para \u201cReserva de plaza\u201d en los mencionados t\u00edtulos.\u00a0<br \/>&#8212;&#8212;&#8212;&#8212;&#8212;&#8212;&#8212;&#8212;&#8212;&#8212;&#8212;&#8212;&#8212;&#8212;&#8212;&#8212;&#8212;&#8212;&#8212;&#8212;&#8212;&#8212;&#8212;&#8212;&#8212;&#8212;&#8212;&#8212;&#8212;&#8212;&#8212;&#8212;&#8212;&#8212;-<\/p>\n<p style=\"text-align: center;\"><strong>FORMULARIO DE SOLICITUD DE ADMISION. ETOLOG\u00cdA Y ADIESTRAMIENTO CANINO<br \/><\/strong>(copiar y pegar el formulario en el correo electr\u00f3nico o imprimir y rellenar en papel)<\/p>\n<p>Correo: <strong>cursos.veterinaria.ule@gmail.com<\/strong><\/p>\n<p>D\u2026\u2026\u2026\u2026\u2026\u2026\u2026\u2026\u2026\u2026\u2026\u2026\u2026\u2026\u2026\u2026\u2026\u2026\u2026\u2026\u2026\u2026\u2026\u2026\u2026\u2026\u2026\u2026\u2026\u2026\u2026\u2026\u2026<br \/>NIF\u2026\u2026\u2026\u2026\u2026\u2026\u2026\u2026\u2026\u2026\u2026\u2026.<br \/>Domicilio\u2026\u2026\u2026\u2026\u2026\u2026\u2026\u2026\u2026\u2026\u2026\u2026\u2026\u2026\u2026\u2026.\u2026\u2026\u2026\u2026\u2026\u2026\u2026\u2026\u2026\u2026\u2026\u2026\u2026..<br \/>Localidad\u2026\u2026\u2026\u2026\u2026\u2026\u2026\u2026\u2026\u2026\u2026\u2026\u2026\u2026\u2026.\u2026\u2026\u2026\u2026\u2026\u2026\u2026\u2026\u2026\u2026\u2026\u2026.\u2026\u2026<br \/>Ayuntamiento\u2026\u2026\u2026\u2026\u2026\u2026\u2026\u2026\u2026\u2026\u2026.\u2026\u2026\u2026.\u2026.\u2026.C\u00f3digo Postal\u2026\u2026\u2026\u2026..<br \/>Tel\u00e9fono\/s de contacto\u2026\u2026\u2026\u2026\u2026\u2026\u2026.\u2026\u2026\u2026\u2026\u2026\u2026\u2026\u2026\u2026\u2026\u2026\u2026\u2026\u2026\u2026\u2026.<br \/>Correo electr\u00f3nico&#8230;&#8230;&#8230;&#8230;&#8230;&#8230;&#8230;&#8230;&#8230;&#8230;&#8230;&#8230;&#8230;&#8230;&#8230;&#8230;&#8230;&#8230;&#8230;&#8230;&#8230;.\u2026\u2026\u2026\u2026\u2026\u2026\u2026\u2026\u2026\u2026\u2026\u2026\u2026\u2026\u2026\u2026<br \/>Solicita su admisi\u00f3n en el curso de Etolog\u00eda y adiestramiento canino de la Universidad de Le\u00f3n.<br \/>Le\u00f3n, a\u00a0\u00a0\u00a0\u00a0\u00a0\u00a0 \u00a0de\u00a0\u00a0\u00a0\u00a0\u00a0\u00a0\u00a0\u00a0\u00a0\u00a0\u00a0\u00a0\u00a0\u00a0\u00a0\u00a0\u00a0\u00a0\u00a0\u00a0\u00a0\u00a0\u00a0\u00a0\u00a0\u00a0\u00a0\u00a0\u00a0\u00a0\u00a0\u00a0 \u00a0de \u00a0\u00a020<\/p>\n<p>El solicitante puede aportar cuantos datos considere de inter\u00e9s para su admisi\u00f3n en el curso.<\/p>\n<p>&#8212;&#8212;&#8212;&#8212;&#8212;&#8212;&#8212;&#8212;&#8212;&#8212;&#8212;&#8212;&#8212;&#8212;&#8212;&#8212;&#8212;&#8212;&#8212;&#8212;&#8212;&#8212;&#8212;&#8212;&#8212;&#8212;&#8212;&#8212;&#8212;&#8212;&#8212;&#8212;&#8212;&#8212;&#8212;&#8211;<\/p>\n<p>Enviar una copia cumplimentada del Formulario de Admisi\u00f3n a:<br \/>&#8211; Por correo electr\u00f3nico (enviar los datos antes se\u00f1alados):<br \/><a href=\"mailto:indegsal@unileon.es\">cursos.veterinaria.ule@gmail.com<\/a><br \/>&#8211; En formato papel:<br \/>C\u00e9sar A. Chamorro. Dpto. Medicina, Cirug\u00eda y Anatom\u00eda. Facultad de Veterinaria. Campus de Vegazana. 24071 Le\u00f3n.<\/p>\n<p><strong>Una vez admitido, desde la Administraci\u00f3n del curso se pondr\u00e1n en contacto con el alumno para comunicarle toda la informaci\u00f3n pertinente.<\/strong><\/p>\n<h2><span style=\"color: #00ff00;\">INFORMACION UTIL:<\/span><\/h2>\n<p>\u2666 <a href=\"https:\/\/www.unileon.es\/estudiantes\/futuros-estudiantes\/servicios-estudiantes\/alojamientos\">Programa vivienda<\/a><br \/>Es un servicio gratuito que se presta a los alumnos y dem\u00e1s personas que lo soliciten para facilitarles la b\u00fasqueda de alojamiento, pisos en alquiler, habitaciones\u2026<\/p>\n<p>*UNIVERSIDAD DE LEON. NORMATIVA DE ACTIVIDADES DE EXTENSI\u00d3N UNIVERSITARIA<br \/>15. Devoluci\u00f3n de tasas de matr\u00edcula<br \/>La anulaci\u00f3n de una actividad dar\u00e1 derecho al reembolso autom\u00e1tico de las tasas abonadas. <br \/>Cuando la devoluci\u00f3n sea debida a la actuaci\u00f3n del interesado, se podr\u00e1 solicitar la devoluci\u00f3n de tasas hasta 7 d\u00edas naturales antes de la fecha de inicio de la actividad teniendo derecho al reintegro del 100% del coste de la matr\u00edcula. Salvo en casos excepcionales, no se reintegrar\u00e1 el coste de la matr\u00edcula cuando se solicite la devoluci\u00f3n de tasas durante los 7 d\u00edas naturales anteriores al inicio de la actividad. <br \/>Una vez iniciada la actividad, no proceder\u00e1 la devoluci\u00f3n de las tasas de matr\u00edcula en ning\u00fan caso.<\/p>\n<p><strong>\u00a0<\/strong><\/p>\n","protected":false},"excerpt":{"rendered":"<p>INDEGSAL CURSO DE EXTENSI\u00d3N UNIVERSITARIA ETOLOG\u00cdA Y ADIESTRAMIENTO CANINO por la Universidad de Le\u00f3n \u00a1PR\u00d3XIMA EDICI\u00d3N EN 2026. YA APROBADO POR CONSEJO DE GOBIERNO DE LA UNIVERSIDAD! \u00a1PUEDE ENVIAR YA SU PREINSCRIPCI\u00d3N a: cursos.veterinaria.ule@gmail.com! Temario del curso de Etolog\u00eda y Adiestramiento Canino &#8211; Directores:C\u00e9sar A. Chamorro. Catedr\u00e1tico de Anatom\u00eda y Embriolog\u00eda de la Universidad de [&hellip;]<\/p>\n","protected":false},"author":21,"featured_media":0,"parent":0,"menu_order":0,"comment_status":"closed","ping_status":"closed","template":"","meta":{"footnotes":""},"class_list":["post-389","page","type-page","status-publish","hentry"],"_links":{"self":[{"href":"https:\/\/institutos.unileon.es\/indegsal\/wp-json\/wp\/v2\/pages\/389","targetHints":{"allow":["GET"]}}],"collection":[{"href":"https:\/\/institutos.unileon.es\/indegsal\/wp-json\/wp\/v2\/pages"}],"about":[{"href":"https:\/\/institutos.unileon.es\/indegsal\/wp-json\/wp\/v2\/types\/page"}],"author":[{"embeddable":true,"href":"https:\/\/institutos.unileon.es\/indegsal\/wp-json\/wp\/v2\/users\/21"}],"replies":[{"embeddable":true,"href":"https:\/\/institutos.unileon.es\/indegsal\/wp-json\/wp\/v2\/comments?post=389"}],"version-history":[{"count":116,"href":"https:\/\/institutos.unileon.es\/indegsal\/wp-json\/wp\/v2\/pages\/389\/revisions"}],"predecessor-version":[{"id":2836,"href":"https:\/\/institutos.unileon.es\/indegsal\/wp-json\/wp\/v2\/pages\/389\/revisions\/2836"}],"wp:attachment":[{"href":"https:\/\/institutos.unileon.es\/indegsal\/wp-json\/wp\/v2\/media?parent=389"}],"curies":[{"name":"wp","href":"https:\/\/api.w.org\/{rel}","templated":true}]}}