{"id":30,"date":"2010-11-21T15:12:50","date_gmt":"2010-11-21T14:12:50","guid":{"rendered":"http:\/\/institutos.unileon.es\/indegsal\/"},"modified":"2025-09-04T15:42:28","modified_gmt":"2025-09-04T13:42:28","slug":"lineas-de-investigacion","status":"publish","type":"page","link":"https:\/\/institutos.unileon.es\/indegsal\/lineas-de-investigacion\/","title":{"rendered":"L\u00edneas de investigaci\u00f3n"},"content":{"rendered":"<p><!-- p { margin-bottom: 0.21cm; } --><\/p>\n<ul>\n<li>Infecciones por Salmonella enterica en el ganado porcino. Estudios de prevalencia\/incidencia e identificaci\u00f3n de factores de riesgo. Valoraci\u00f3n de distintas estrategias de control en granja y matadero (Dr. Pedro Rubio).<\/li>\n<li>Infecciones por espiroquetas intestinales en el ganado porcino. Caracterizaci\u00f3n serol\u00f3gica, molecular y bioqu\u00edmica de los aislados del g\u00e9nero Brachyspira. Desarrollo de nuevas t\u00e9cnicas para el diagn\u00f3stico directo e indirecto de las infecciones por espiroquetas intestinales en el ganado porcino. Dise\u00f1o de nuevas estrategias de control de la disenter\u00eda porcina. (Dr. Pedro Rubio, Dra. Ana Carvajal Urue\u00f1a).<\/li>\n<li>Caracterizaci\u00f3n de la expresi\u00f3n de transgenes en c\u00e9lulas ovinas destinadas a transferencia nuclear. Implementaci\u00f3n y mejora de las tecnolog\u00edas para la obtenci\u00f3n de c\u00e9lulas ovinas portadoras de modificaciones gen\u00e9ticas precisas (Dra. Margarita Marqu\u00e9s).<\/li>\n<li>An\u00e1lisis de los efectos de la inhibici\u00f3n funcional de los genes de la familia de p53 sobre la diferenciaci\u00f3n y la estabilidad gen\u00f3mica de c\u00e9lulas ES (Dra. Margarita Marqu\u00e9s en colaboraci\u00f3n con la Dra. Carmen Mar\u00edn, Instituto de Biomedicina, Universidad de Le\u00f3n).<\/li>\n<li>Caracterizaci\u00f3n del transportador de membrana BCRP y sus polimorfismos en rumiantes: importancia en la aparici\u00f3n y modulaci\u00f3n de residuos de f\u00e1rmacos en leche (Dra. Gracia Merino).<\/li>\n<li>Biodisponibilidad y toxicidad de compuestos de origen natural con inter\u00e9s industrial (Dra. Gracia Merino).<\/li>\n<li><a href=\"http:\/\/reprobio.unileon.es\/research-lines\/\" target=\"_blank\" rel=\"noopener\">Estructura de la cromatina en espermatozoides de mam\u00edfero (Dr. Felipe Mart\u00ednez).<\/a><\/li>\n<li><a href=\"http:\/\/reprobio.unileon.es\/research-lines\/\" target=\"_blank\" rel=\"noopener\">Estudios b\u00e1sicos y aplicados sobre la espermatolog\u00eda del ciervo ib\u00e9rico y otros peque\u00f1os rumiantes, con especial atenci\u00f3n hacia la mejora de la criopreservaci\u00f3n seminal (Dr. Felipe Mart\u00ednez).<\/a><\/li>\n<li><a href=\"http:\/\/reprobio.unileon.es\/research-lines\/\" target=\"_blank\" rel=\"noopener\">M\u00e9todos de selecci\u00f3n esperm\u00e1tica (Dr. Felipe Mart\u00ednez).<\/a><\/li>\n<li>Inseminaci\u00f3n artificial en la especie ovina (Dra. M\u00aa Mercedes \u00c1lvarez)<\/li>\n<li>Nuevas tecnolog\u00edas aplicadas a la interpretaci\u00f3n pr\u00e1ctica de los d\u00e9ficits funcionales del espermatozoide de carnero durante la conservaci\u00f3n l\u00edquida (Dr. Luis Anel Rodr\u00edguez y Dr. Luis Anel Rodr\u00edguez)<\/li>\n<li>Fecundaci\u00f3n in vitro y desarrollo embrionario preimplantacional en mam\u00edferos (Dra. Cristina Soriano \u00dabeda)<\/li>\n<li>Las \u00f3micas en la mejora de la efectividad de los bancos de germoplasma: el modelo oso pardo (Dra. M\u00aa Mercedes \u00c1lvarez)<\/li>\n<\/ul>\n","protected":false},"excerpt":{"rendered":"<p>Infecciones por Salmonella enterica en el ganado porcino. Estudios de prevalencia\/incidencia e identificaci\u00f3n de factores de riesgo. Valoraci\u00f3n de distintas estrategias de control en granja y matadero (Dr. Pedro Rubio). Infecciones por espiroquetas intestinales en el ganado porcino. Caracterizaci\u00f3n serol\u00f3gica, molecular y bioqu\u00edmica de los aislados del g\u00e9nero Brachyspira. Desarrollo de nuevas t\u00e9cnicas para el [&hellip;]<\/p>\n","protected":false},"author":4,"featured_media":0,"parent":0,"menu_order":0,"comment_status":"closed","ping_status":"open","template":"","meta":{"footnotes":""},"class_list":["post-30","page","type-page","status-publish","hentry"],"_links":{"self":[{"href":"https:\/\/institutos.unileon.es\/indegsal\/wp-json\/wp\/v2\/pages\/30","targetHints":{"allow":["GET"]}}],"collection":[{"href":"https:\/\/institutos.unileon.es\/indegsal\/wp-json\/wp\/v2\/pages"}],"about":[{"href":"https:\/\/institutos.unileon.es\/indegsal\/wp-json\/wp\/v2\/types\/page"}],"author":[{"embeddable":true,"href":"https:\/\/institutos.unileon.es\/indegsal\/wp-json\/wp\/v2\/users\/4"}],"replies":[{"embeddable":true,"href":"https:\/\/institutos.unileon.es\/indegsal\/wp-json\/wp\/v2\/comments?post=30"}],"version-history":[{"count":6,"href":"https:\/\/institutos.unileon.es\/indegsal\/wp-json\/wp\/v2\/pages\/30\/revisions"}],"predecessor-version":[{"id":2626,"href":"https:\/\/institutos.unileon.es\/indegsal\/wp-json\/wp\/v2\/pages\/30\/revisions\/2626"}],"wp:attachment":[{"href":"https:\/\/institutos.unileon.es\/indegsal\/wp-json\/wp\/v2\/media?parent=30"}],"curies":[{"name":"wp","href":"https:\/\/api.w.org\/{rel}","templated":true}]}}