{"id":2661,"date":"2025-09-16T09:55:50","date_gmt":"2025-09-16T07:55:50","guid":{"rendered":"https:\/\/institutos.unileon.es\/indegsal\/?page_id=2661"},"modified":"2025-09-16T09:55:50","modified_gmt":"2025-09-16T07:55:50","slug":"produccion-cientifica","status":"publish","type":"page","link":"https:\/\/institutos.unileon.es\/indegsal\/produccion-cientifica\/","title":{"rendered":"Producci\u00f3n cient\u00edfica"},"content":{"rendered":"<p><\/p>\n<p>El Instituto cuenta con 388 publicaciones en los \u00faltimos cinco a\u00f1os por parte de sus Grupos y Personal de Investigaci\u00f3n. <a href=\"https:\/\/pubmed.ncbi.nlm.nih.gov\/?term=INDEGSAL%5BAD%5D&amp;sort=date\">Pubmed<\/a>.<\/p>\n<p><\/p>\n<p><\/p>\n<h3><strong>2024<\/strong><\/h3>\n<p><strong>82 publicaciones cient\u00edficas:<\/strong><\/p>\n<ul>\n<li>64 art\u00edculos cient\u00edficos<\/li>\n<li>3 libros<\/li>\n<li>15 cap\u00edtulos de libros<\/li>\n<\/ul>\n<h3><strong>2023<\/strong><\/h3>\n<p><strong>85 publicaciones cient\u00edficas:<\/strong><\/p>\n<ul>\n<li>72 art\u00edculos cient\u00edficos<\/li>\n<li>2 libros<\/li>\n<li>11 cap\u00edtulos de libros<\/li>\n<\/ul>\n<h3><strong>2022<\/strong><\/h3>\n<p><strong>69 publicaciones cient\u00edficas:<\/strong><\/p>\n<ul>\n<li>62 art\u00edculos cient\u00edficos<\/li>\n<li>1 libro<\/li>\n<li>6 cap\u00edtulos de libros<\/li>\n<\/ul>\n<h3><strong>2021<\/strong><\/h3>\n<p><strong>84 publicaciones cient\u00edficas:<\/strong><\/p>\n<ul>\n<li>72 art\u00edculos cient\u00edficos<\/li>\n<li>3 libros<\/li>\n<li>9 cap\u00edtulos de libros<\/li>\n<\/ul>\n<h3><strong>2020<\/strong><\/h3>\n<p><strong>68 publicaciones cient\u00edficas:<\/strong><\/p>\n<ul>\n<li>55 art\u00edculos cient\u00edficos<\/li>\n<li>2 libros<\/li>\n<li>11 cap\u00edtulos de libros<\/li>\n<\/ul>\n<p><\/p>\n<p><\/p>\n<h1><strong>Tesis doctorales<\/strong><\/h1>\n<p><strong>29 tesis doctorales<\/strong> dirigidas por miembros del Instituto en los \u00faltimos 5 a\u00f1os.<\/p>\n<h3><strong>2024<\/strong><\/h3>\n<ol>\n<li class=\"grupo-proyectos__item c-doc c-doc--tesis-dirigidas\"><span class=\"c-doc__titulo\" lang=\"es\">Papel dual del transportador ABCG2 en la secreci\u00f3n a leche de compuestos end\u00f3genos y f\u00e1rmacos con actividad antiparasitaria.\u00a0<\/span><strong>\u00c1lvarez Fern\u00e1ndez, Laura<\/strong>. Dirigida por GRACIA MERINO PEL\u00c1EZ<\/li>\n<li class=\"grupo-proyectos__item c-doc c-doc--tesis-dirigidas\"><span class=\"c-doc__titulo\" lang=\"es\">Selecci\u00f3n y caracterizaci\u00f3n de cepas de \u00abStreptomyces sp.\u00bb como agentes de biocontrol frente a \u00abVerticillium dahliae\u00bb.\u00a0<\/span><strong>Calvo Pe\u00f1a, Carla<\/strong>. Dirigida por JUAN JOS\u00c9 RUBIO COQUE y REBECA COBOS ROM\u00c1N<\/li>\n<li class=\"grupo-proyectos__item c-doc c-doc--tesis-dirigidas\"><span class=\"c-doc__titulo\" lang=\"es\">Incremento de la eficiencia reproductiva de la cr\u00eda porcina mediante la aplicaci\u00f3n de nuevas t\u00e9cnicas avanzadas de an\u00e1lisis de la cromatina esperm\u00e1tica y selecci\u00f3n por coloid.\u00a0<\/span><strong>Lacalle Fern\u00e1ndez, Estibaliz<\/strong>. Dirigida por FELIPE MART\u00cdNEZ PASTOR, BEATRIZ MARTIN FERN\u00c1NDEZ y ESTELA FERN\u00c1NDEZ ALEGRE<\/li>\n<li class=\"grupo-proyectos__item c-doc c-doc--tesis-dirigidas\"><span class=\"c-doc__titulo\" lang=\"es\">Evaluaci\u00f3n de la liberaci\u00f3n de endotoxinas bacterianas inducida por antibi\u00f3ticos utilizados en el tratamiento de mamitis en ganado bovin.\u00a0<\/span><strong>Fl\u00f3rez Magad\u00e1n, Pablo<\/strong>. Dirigida por ANA MAR\u00cdA CARVAJAL URUE\u00d1A<\/li>\n<li class=\"grupo-proyectos__item c-doc c-doc--tesis-dirigidas\"><span class=\"c-doc__titulo\" lang=\"es\">Estrategias de mejora de la inseminaci\u00f3n artificial ovina: una perspectiva seminal. <\/span><strong>Neila Montero, Marta<\/strong>. Dirigida por LUIS ANEL RODR\u00cdGUEZ y MARTA FERN\u00c1NDEZ RIESCO<\/li>\n<li class=\"grupo-proyectos__item c-doc c-doc--tesis-dirigidas\"><span class=\"c-doc__titulo\" lang=\"es\">Incremento de la eficiencia reproductiva de la cr\u00eda porcina mediante la aplicaci\u00f3n de nuevas t\u00e9cnicas avanzadas de an\u00e1lisis de la cromatina esperm\u00e1tica y selecci\u00f3n por coloide<\/span>. <strong>Lacalle Fern\u00e1ndez, Estibaliz.<\/strong> Dirigida por FELIPE MART\u00cdNEZ PASTOR, BEATRIZ MARTIN FERN\u00c1NDEZ y ESTELA FERN\u00c1NDEZ ALEGRE<\/li>\n<li class=\"grupo-proyectos__item c-doc c-doc--tesis-dirigidas\"><span class=\"c-doc__titulo\" lang=\"es\">Nuevos marcadores de funcionalidad esperm\u00e1tica aplicados en la evaluaci\u00f3n de los protocolos de conservaci\u00f3n seminal en el carnero<\/span>. <strong>Palac\u00edn Mart\u00ednez, Cristina.<\/strong> Dirigida por MAR\u00cdA MERCEDES \u00c1LVAREZ GARC\u00cdA y MARTA FERN\u00c1NDEZ RIESCO<\/li>\n<li class=\"grupo-proyectos__item c-doc c-doc--tesis-dirigidas\"><span class=\"c-doc__titulo\" lang=\"es\">Aplicaci\u00f3n de la ultrasonograf\u00eda en la evaluaci\u00f3n androl\u00f3gica del semental ovino<\/span>. <strong>Montes Garrido, Rafael<\/strong>. Dirigida por LUIS ANEL RODR\u00cdGUEZ y MAR\u00cdA MERCEDES \u00c1LVAREZ GARC\u00cdA<\/li>\n<li class=\"grupo-proyectos__item c-doc c-doc--tesis-dirigidas\"><span class=\"c-doc__titulo\" lang=\"es\">Estrategias de mejora de la inseminaci\u00f3n artificial ovina: una perspectiva seminal.\u00a0<\/span><strong>Neila Montero, Marta<\/strong>. Dirigida por LUIS ANEL RODR\u00cdGUEZ y MARTA FERN\u00c1NDEZ RIESCO<\/li>\n<li class=\"grupo-proyectos__item c-doc c-doc--tesis-dirigidas\"><span class=\"c-doc__titulo\" lang=\"es\">Biolog\u00eda reproductiva del macho aplicada al desarrollo de un banco de recursos gen\u00e9ticos en el oso pardo (<em>Ursus arctos<\/em>). <\/span><strong>Manrique Revuelta, Patricia<\/strong>. Dirigida por LUIS ANEL RODR\u00cdGUEZ y MAR\u00cdA MERCEDES \u00c1LVAREZ GARC\u00cdA<\/li>\n<li class=\"grupo-proyectos__item c-doc c-doc--tesis-dirigidas\"><span class=\"c-doc__titulo\" lang=\"es\">Nuevos marcadores de funcionalidad esperm\u00e1tica aplicados en la evaluaci\u00f3n de los protocolos de conservaci\u00f3n seminal en el carnero. <\/span><strong>Palac\u00edn Mart\u00ednez, Cristina<\/strong>. Dirigida por MAR\u00cdA MERCEDES \u00c1LVAREZ GARC\u00cdA y MARTA FERN\u00c1NDEZ RIESCO<\/li>\n<\/ol>\n<h3><strong>2023<\/strong><\/h3>\n<ol>\n<li class=\"grupo-proyectos__item c-doc c-doc--tesis-dirigidas\"><span class=\"c-doc__titulo\" lang=\"es\">Evaluaci\u00f3n de la interacci\u00f3n de antiinflamatorios y antiparasitarios con el transportador ABCG2: efecto en la seguridad de la leche<\/span>. <strong>Blanco Paniagua, Esther.<\/strong> Dirigida por ANA ISABEL \u00c1LVAREZ DE FELIPE y GRACIA MERINO PEL\u00c1EZ<\/li>\n<li class=\"grupo-proyectos__item c-doc c-doc--tesis-dirigidas\"><span class=\"c-doc__titulo\" lang=\"es\">Aislamiento y caracterizaci\u00f3n de bacterias de pinares para la biodegradaci\u00f3n de seda de procesionaria del pino<\/span>. <strong>D\u00edez Gal\u00e1n, Alba.<\/strong> Dirigida por JUAN JOS\u00c9 RUBIO COQUE y REBECA COBOS ROM\u00c1N<\/li>\n<li class=\"grupo-proyectos__item c-doc c-doc--tesis-dirigidas\"><em> <span class=\"c-doc__titulo\" lang=\"en\">Exploring p73 inhibition as a therapeutic target against glioblastoma stem cells<\/span>.<\/em> <strong>Villoch Fern\u00e1ndez, Javier.<\/strong> Dirigida por MAR\u00cdA CARMEN MAR\u00cdN VIEIRA y MARGARITA MARQU\u00c9S MART\u00cdNEZ<\/li>\n<li><span class=\"c-doc__titulo\" lang=\"es\">Diarreas de etiolog\u00eda v\u00edrica en el ganado porcino: aportaciones al diagn\u00f3stico y control<\/span>. <strong>Puente Fern\u00e1ndez, H\u00e9ctor.<\/strong> Dirigida por ANA MAR\u00cdA CARVAJAL URUE\u00d1A y H\u00c9CTOR ARG\u00dcELLO RODR\u00cdGUEZ<\/li>\n<li class=\"grupo-proyectos__item c-doc c-doc--tesis-dirigidas\"><span class=\"c-doc__titulo\" lang=\"es\"><em>Streptococcus suis<\/em>: caracterizaci\u00f3n fenot\u00edpica y molecular de aislados y desarrollo de una nueva vacuna recombinante<\/span>. <strong>Petrocchi Rilo, M\u00e1ximo.<\/strong> Dirigida por C\u00c9SAR BERNARDO GUTI\u00c9RREZ MART\u00cdN y SONIA MART\u00cdNEZ MART\u00cdNEZ<\/li>\n<\/ol>\n<h3><strong>2022<\/strong><\/h3>\n<ol>\n<li class=\"grupo-proyectos__item c-doc c-doc--tesis-dirigidas\"><em> <span class=\"c-doc__titulo\" lang=\"en\">Effects of therapeutic zno and antibiotics and its withdrawal on the microbiome of weaned pigs<\/span><\/em>. Ortiz <strong>Sanju\u00e1n, Juan Manuel.<\/strong>\u00a0Dirigida por H\u00c9CTOR ARG\u00dcELLO RODR\u00cdGUEZ<\/li>\n<li class=\"grupo-proyectos__item c-doc c-doc--tesis-dirigidas\"><span class=\"c-doc__titulo\" lang=\"es\">Alternativas y reducci\u00f3n del uso de antibi\u00f3ticos en el ganado porcino<\/span>. <strong>P\u00e9rez Fern\u00e1ndez, Esther.<\/strong> Dirigida por C\u00c9SAR BERNARDO GUTI\u00c9RREZ MART\u00cdN y SONIA MART\u00cdNEZ MART\u00cdNEZ<\/li>\n<li class=\"grupo-proyectos__item c-doc c-doc--tesis-dirigidas\"><span class=\"c-doc__titulo\" lang=\"es\">Estudio integral de la cornamenta del toro de lidia. Efecto del enfundado y detecci\u00f3n de posible manipulaci\u00f3n mediante termograf\u00eda<\/span>. <strong>Jos\u00e9 Luis Blasco Castell\u00f3.<\/strong> Dirigida por MARTA ELENA ALONSO DE LA VARGA<\/li>\n<li class=\"grupo-proyectos__item c-doc c-doc--tesis-dirigidas\"><span class=\"c-doc__titulo\" lang=\"es\">Estudio de la eficacia de un estimulante seminal combinado, sobre los resultados de fertilidad y prolificidad en ganado porcino ib\u00e9rico<\/span>. <strong>Jos\u00e9 Javier Pi\u00f1\u00e1n Miguel.<\/strong> Dirigida por JUAN CARLOS DOM\u00cdNGUEZ FERN\u00c1NDEZ DE TEJERINA<\/li>\n<\/ol>\n<h3><strong>2021<\/strong><\/h3>\n<ol>\n<li class=\"grupo-proyectos__item c-doc c-doc--tesis-dirigidas\"><span class=\"c-doc__titulo\" lang=\"es\">Uso de las c\u00e9lulas troncales mesenquimales en el dolor discog\u00e9nico y el dolor neurop\u00e1tico<\/span>. <strong>Gonz\u00e1lez Cubero, Elsa.\u00a0<\/strong>Dirigida por MAR\u00cdA VEGA VILLAR SU\u00c1REZ<\/li>\n<li class=\"grupo-proyectos__item c-doc c-doc--tesis-dirigidas\"><em> <span class=\"c-doc__titulo\" lang=\"en\">Development of microbial technologies for the soluble phosphorus production by phosphate rock solubilization<\/span>.<\/em><strong> Ib\u00e1\u00f1ez S\u00e1nchez, Ana Mar\u00eda.<\/strong> Dirigida por CARLOS BARREIRO M\u00c9NDEZ y JUAN JOS\u00c9 RUBIO COQUE<\/li>\n<li><em><span class=\"c-doc__titulo\" lang=\"en\">Antimicrobial resistance in the Spanish swine production: Impact of the production system and the antimicrobial use<\/span>.<\/em> <strong>Menc\u00eda Ares, \u00d3scar.<\/strong> Dirigida por ANA MAR\u00cdA CARVAJAL URUE\u00d1A, PEDRO MIGUEL RUBIO NISTAL y H\u00c9CTOR ARG\u00dcELLO RODR\u00cdGUEZ<\/li>\n<li class=\"grupo-proyectos__item c-doc c-doc--tesis-dirigidas\"><span class=\"c-doc__titulo\" lang=\"es\">Aislamiento y caracterizaci\u00f3n de levaduras asociadas a la uva y a la fermentaci\u00f3n espont\u00e1nea de la variedad Negro Saur\u00ed<\/span>.<strong> Gonz\u00e1lez Alonso, Isora.<\/strong> Dirigida por GERM\u00c1N NAHARRO CARRASCO y MAR\u00cdA EVA VALLEJO PASCUAL<\/li>\n<li class=\"grupo-proyectos__item c-doc c-doc--tesis-dirigidas\"><span class=\"c-doc__titulo\" lang=\"es\">Estrategias en la reducci\u00f3n del consumo de antibi\u00f3ticos en el ganado porcino<\/span>. <strong>G\u00f3mez Garc\u00eda, Manuel.<\/strong> Dirigida por ANA MAR\u00cdA CARVAJAL URUE\u00d1A, PEDRO MIGUEL RUBIO NISTAL y H\u00c9CTOR ARG\u00dcELLO RODR\u00cdGUEZ<\/li>\n<li class=\"grupo-proyectos__item c-doc c-doc--tesis-dirigidas\"><span class=\"c-doc__titulo\" lang=\"es\">Caracterizaci\u00f3n inmunohistoqu\u00edmica de la respuesta inmune local frente a pat\u00f3genos emergentes.\u00a0<\/span><strong>Mart\u00ednez Ramos, Ileana Zorhaya.<\/strong> Dirigida por CLAUDIA P\u00c9REZ MART\u00cdNEZ, JUAN FRANCISCO GARC\u00cdA MAR\u00cdN y ANA MAR\u00cdA BALSEIRO MORALES<\/li>\n<\/ol>\n<h3><strong>2020<\/strong><\/h3>\n<ol>\n<li class=\"grupo-proyectos__item c-doc c-doc--tesis-dirigidas\"><em> <span class=\"c-doc__titulo\" lang=\"en\">Role of p73 in epithelial tissue architecture: Implications for cytoskeleton dynamics and cell junction establishment<\/span>.<\/em><strong> Maeso Alonso, Laura.<\/strong> Dirigida por MAR\u00cdA CARMEN MAR\u00cdN VIEIRA y MARGARITA MARQU\u00c9S MART\u00cdNEZ<\/li>\n<li class=\"grupo-proyectos__item c-doc c-doc--tesis-dirigidas\"><span class=\"c-doc__titulo\" lang=\"es\">Interacci\u00f3n pat\u00f3geno-hospedador en la salmonelosis porcina. Modulaci\u00f3n de la respuesta inmune intestinal por <em>Salmonella<\/em> y mecanismos de persistencia<\/span>. <strong>Bellido Carreras Natividad.<\/strong> Dirigida por H\u00c9CTOR ARG\u00dcELLO RODR\u00cdGUEZ<\/li>\n<li class=\"grupo-proyectos__item c-doc c-doc--tesis-dirigidas\"><em> <span class=\"c-doc__titulo\" lang=\"en\">Cellular Basis and Optimization of Cryopreservation Survival of Bull Sperm<\/span>.<\/em> <strong>Salman Albu-Mohamed, Amer Qasim.<\/strong> Dirigida por FELIPE MART\u00cdNEZ PASTOR<\/li>\n<\/ol>\n<p><\/p>\n","protected":false},"excerpt":{"rendered":"<p>El Instituto cuenta con 388 publicaciones en los \u00faltimos cinco a\u00f1os por parte de sus Grupos y Personal de Investigaci\u00f3n. Pubmed. 2024 82 publicaciones cient\u00edficas: 64 art\u00edculos cient\u00edficos 3 libros 15 cap\u00edtulos de libros 2023 85 publicaciones cient\u00edficas: 72 art\u00edculos cient\u00edficos 2 libros 11 cap\u00edtulos de libros 2022 69 publicaciones cient\u00edficas: 62 art\u00edculos cient\u00edficos 1 [&hellip;]<\/p>\n","protected":false},"author":201,"featured_media":0,"parent":0,"menu_order":0,"comment_status":"closed","ping_status":"closed","template":"","meta":{"footnotes":""},"class_list":["post-2661","page","type-page","status-publish","hentry"],"_links":{"self":[{"href":"https:\/\/institutos.unileon.es\/indegsal\/wp-json\/wp\/v2\/pages\/2661","targetHints":{"allow":["GET"]}}],"collection":[{"href":"https:\/\/institutos.unileon.es\/indegsal\/wp-json\/wp\/v2\/pages"}],"about":[{"href":"https:\/\/institutos.unileon.es\/indegsal\/wp-json\/wp\/v2\/types\/page"}],"author":[{"embeddable":true,"href":"https:\/\/institutos.unileon.es\/indegsal\/wp-json\/wp\/v2\/users\/201"}],"replies":[{"embeddable":true,"href":"https:\/\/institutos.unileon.es\/indegsal\/wp-json\/wp\/v2\/comments?post=2661"}],"version-history":[{"count":2,"href":"https:\/\/institutos.unileon.es\/indegsal\/wp-json\/wp\/v2\/pages\/2661\/revisions"}],"predecessor-version":[{"id":2663,"href":"https:\/\/institutos.unileon.es\/indegsal\/wp-json\/wp\/v2\/pages\/2661\/revisions\/2663"}],"wp:attachment":[{"href":"https:\/\/institutos.unileon.es\/indegsal\/wp-json\/wp\/v2\/media?parent=2661"}],"curies":[{"name":"wp","href":"https:\/\/api.w.org\/{rel}","templated":true}]}}