{"id":2593,"date":"2025-09-04T13:58:17","date_gmt":"2025-09-04T11:58:17","guid":{"rendered":"https:\/\/institutos.unileon.es\/indegsal\/?page_id=2593"},"modified":"2025-09-04T13:58:17","modified_gmt":"2025-09-04T11:58:17","slug":"investigacion-cardiovascular-traslacional-intracardio","status":"publish","type":"page","link":"https:\/\/institutos.unileon.es\/indegsal\/grupos-de-investigacion\/investigacion-cardiovascular-traslacional-intracardio\/","title":{"rendered":"Investigaci\u00f3n cardiovascular traslacional (INTRACARDIO)"},"content":{"rendered":"<p><\/p>\n<h1>Grupo<\/h1>\n<p>UIC 104<\/p>\n<p><\/p>\n<p><\/p>\n<h1>Miembros<\/h1>\n<ul>\n<li><strong><a href=\"https:\/\/portalcientifico.unileon.es\/investigadores\/97416\/detalle\">Beatriz Mart\u00edn Fern\u00e1ndez<\/a> (Responsable)<\/strong><br \/>Prof. Titular de Universidad, Dpto. de Biolog\u00eda Molecular<br \/>Correo electr\u00f3nico: <a href=\"mailto:bmarf@unileon.es\">bmarf@unileon.es<\/a><\/li>\n<li><a href=\"https:\/\/portalcientifico.unileon.es\/investigadores\/2043955\/detalle\"><strong>Ileana Bonilauri<\/strong><\/a><br \/>Investigadora predoctoral, Dpto. de Biolog\u00eda Molecular<br \/>Correo electr\u00f3nico: <a href=\"mailto:ibon@unileon.es\">ibon@unileon.es<\/a><\/li>\n<\/ul>\n<p><\/p>\n<p><\/p>\n<h1>Localizaci\u00f3n<\/h1>\n<p>Departamento de Biolog\u00eda Molecular. \u00c1rea de Biolog\u00eda Celular<br \/>Facultad de Ciencias Biol\u00f3gicas y Medioambientales<br \/>Universidad de Le\u00f3n<br \/>Campus Vegazana, s\/n, 24007<\/p>\n<p><\/p>\n","protected":false},"excerpt":{"rendered":"<p>Grupo UIC 104 Miembros Beatriz Mart\u00edn Fern\u00e1ndez (Responsable)Prof. Titular de Universidad, Dpto. de Biolog\u00eda MolecularCorreo electr\u00f3nico: bmarf@unileon.es Ileana BonilauriInvestigadora predoctoral, Dpto. de Biolog\u00eda MolecularCorreo electr\u00f3nico: ibon@unileon.es Localizaci\u00f3n Departamento de Biolog\u00eda Molecular. \u00c1rea de Biolog\u00eda CelularFacultad de Ciencias Biol\u00f3gicas y MedioambientalesUniversidad de Le\u00f3nCampus Vegazana, s\/n, 24007<\/p>\n","protected":false},"author":201,"featured_media":0,"parent":2273,"menu_order":0,"comment_status":"closed","ping_status":"closed","template":"","meta":{"footnotes":""},"class_list":["post-2593","page","type-page","status-publish","hentry"],"_links":{"self":[{"href":"https:\/\/institutos.unileon.es\/indegsal\/wp-json\/wp\/v2\/pages\/2593","targetHints":{"allow":["GET"]}}],"collection":[{"href":"https:\/\/institutos.unileon.es\/indegsal\/wp-json\/wp\/v2\/pages"}],"about":[{"href":"https:\/\/institutos.unileon.es\/indegsal\/wp-json\/wp\/v2\/types\/page"}],"author":[{"embeddable":true,"href":"https:\/\/institutos.unileon.es\/indegsal\/wp-json\/wp\/v2\/users\/201"}],"replies":[{"embeddable":true,"href":"https:\/\/institutos.unileon.es\/indegsal\/wp-json\/wp\/v2\/comments?post=2593"}],"version-history":[{"count":1,"href":"https:\/\/institutos.unileon.es\/indegsal\/wp-json\/wp\/v2\/pages\/2593\/revisions"}],"predecessor-version":[{"id":2594,"href":"https:\/\/institutos.unileon.es\/indegsal\/wp-json\/wp\/v2\/pages\/2593\/revisions\/2594"}],"up":[{"embeddable":true,"href":"https:\/\/institutos.unileon.es\/indegsal\/wp-json\/wp\/v2\/pages\/2273"}],"wp:attachment":[{"href":"https:\/\/institutos.unileon.es\/indegsal\/wp-json\/wp\/v2\/media?parent=2593"}],"curies":[{"name":"wp","href":"https:\/\/api.w.org\/{rel}","templated":true}]}}