{"id":2590,"date":"2025-09-04T13:51:17","date_gmt":"2025-09-04T11:51:17","guid":{"rendered":"https:\/\/institutos.unileon.es\/indegsal\/?page_id=2590"},"modified":"2025-09-04T13:51:17","modified_gmt":"2025-09-04T11:51:17","slug":"reproduccion-y-biologia-molecular-repromol","status":"publish","type":"page","link":"https:\/\/institutos.unileon.es\/indegsal\/grupos-de-investigacion\/reproduccion-y-biologia-molecular-repromol\/","title":{"rendered":"Reproducci\u00f3n y Biolog\u00eda Molecular (REPROMOL)"},"content":{"rendered":"<p><\/p>\n<h1>Grupo<\/h1>\n<p>UIC 371<\/p>\n<p><\/p>\n<p><\/p>\n<h1>Miembros<\/h1>\n<ul>\n<li><strong><a href=\"https:\/\/portalcientifico.unileon.es\/investigadores\/97114\/detalle\">Vanesa Robles Rodr\u00edguez<\/a> (Responsable)<\/strong><br \/>Prof. Titular de Universidad, Dpto. de Biolog\u00eda Molecular<br \/>Correo electr\u00f3nico: <a href=\"mailto:v.robles@unileon.es\">v.robles@unileon.es<\/a><\/li>\n<li><a href=\"https:\/\/portalcientifico.unileon.es\/investigadores\/97584\/detalle\"><strong>Marta Fern\u00e1ndez Riesco<\/strong><\/a><br \/>Prof. Permanente Laboral, Dpto. de Biolog\u00eda Molecular<br \/>Correo electr\u00f3nico: <a href=\"mailto:m.riesco@unileon.es\">m.riesco@unileon.es<\/a><\/li>\n<li><a href=\"https:\/\/portalcientifico.unileon.es\/investigadores\/456378\/detalle\"><strong>David Garc\u00eda Valcarce<\/strong><\/a><br \/>Investigador contratado, Dpto. de Biolog\u00eda Molecular<\/li>\n<li><a href=\"https:\/\/portalcientifico.unileon.es\/investigadores\/1917249\/detalle\"><strong>Laura Calvo Rodr\u00edguez<\/strong><\/a><br \/>Investigadora predoctoral, Dpto. de Biolog\u00eda Molecular<br \/>Correo electr\u00f3nico: <a href=\"mailto:lcalr@unileon.es\">lcalr@unileon.es<\/a><\/li>\n<li><a href=\"https:\/\/portalcientifico.unileon.es\/investigadores\/1874344\/detalle\"><strong>Alba Sell\u00e9s Egea<\/strong><\/a><br \/>Investigadora predoctoral, Dpto. de Biolog\u00eda Molecular<br \/>Correo electr\u00f3nico: <a href=\"mailto:asele@unileon.es\">asele@unileon.es<\/a><\/li>\n<\/ul>\n<p><\/p>\n<p><\/p>\n<h1>Localizaci\u00f3n<\/h1>\n<p>Departamento de Biolog\u00eda Molecular. \u00c1rea de Biolog\u00eda Celular<br \/>Facultad de Ciencias Biol\u00f3gicas y Medioambientales<br \/>Universidad de Le\u00f3n<br \/>Campus Vegazana, s\/n, 24007<\/p>\n<p><\/p>\n","protected":false},"excerpt":{"rendered":"<p>Grupo UIC 371 Miembros Vanesa Robles Rodr\u00edguez (Responsable)Prof. Titular de Universidad, Dpto. de Biolog\u00eda MolecularCorreo electr\u00f3nico: v.robles@unileon.es Marta Fern\u00e1ndez RiescoProf. Permanente Laboral, Dpto. de Biolog\u00eda MolecularCorreo electr\u00f3nico: m.riesco@unileon.es David Garc\u00eda ValcarceInvestigador contratado, Dpto. de Biolog\u00eda Molecular Laura Calvo Rodr\u00edguezInvestigadora predoctoral, Dpto. de Biolog\u00eda MolecularCorreo electr\u00f3nico: lcalr@unileon.es Alba Sell\u00e9s EgeaInvestigadora predoctoral, Dpto. de Biolog\u00eda MolecularCorreo electr\u00f3nico: [&hellip;]<\/p>\n","protected":false},"author":201,"featured_media":0,"parent":2273,"menu_order":0,"comment_status":"closed","ping_status":"closed","template":"","meta":{"footnotes":""},"class_list":["post-2590","page","type-page","status-publish","hentry"],"_links":{"self":[{"href":"https:\/\/institutos.unileon.es\/indegsal\/wp-json\/wp\/v2\/pages\/2590","targetHints":{"allow":["GET"]}}],"collection":[{"href":"https:\/\/institutos.unileon.es\/indegsal\/wp-json\/wp\/v2\/pages"}],"about":[{"href":"https:\/\/institutos.unileon.es\/indegsal\/wp-json\/wp\/v2\/types\/page"}],"author":[{"embeddable":true,"href":"https:\/\/institutos.unileon.es\/indegsal\/wp-json\/wp\/v2\/users\/201"}],"replies":[{"embeddable":true,"href":"https:\/\/institutos.unileon.es\/indegsal\/wp-json\/wp\/v2\/comments?post=2590"}],"version-history":[{"count":1,"href":"https:\/\/institutos.unileon.es\/indegsal\/wp-json\/wp\/v2\/pages\/2590\/revisions"}],"predecessor-version":[{"id":2591,"href":"https:\/\/institutos.unileon.es\/indegsal\/wp-json\/wp\/v2\/pages\/2590\/revisions\/2591"}],"up":[{"embeddable":true,"href":"https:\/\/institutos.unileon.es\/indegsal\/wp-json\/wp\/v2\/pages\/2273"}],"wp:attachment":[{"href":"https:\/\/institutos.unileon.es\/indegsal\/wp-json\/wp\/v2\/media?parent=2590"}],"curies":[{"name":"wp","href":"https:\/\/api.w.org\/{rel}","templated":true}]}}