{"id":2587,"date":"2025-09-04T13:43:59","date_gmt":"2025-09-04T11:43:59","guid":{"rendered":"https:\/\/institutos.unileon.es\/indegsal\/?page_id=2587"},"modified":"2025-09-04T15:29:25","modified_gmt":"2025-09-04T13:29:25","slug":"tecnicas-de-reproduccion-asistida-itra-ule","status":"publish","type":"page","link":"https:\/\/institutos.unileon.es\/indegsal\/grupos-de-investigacion\/tecnicas-de-reproduccion-asistida-itra-ule\/","title":{"rendered":"T\u00e9cnicas de reproducci\u00f3n asistida (Itra-ULE)"},"content":{"rendered":"<p><\/p>\n<h1>Grupo<\/h1>\n<p>GIR 401 Consolidado<\/p>\n<p><\/p>\n<p><\/p>\n<h1>Miembros<\/h1>\n<p><\/p>\n<ul>\n<li style=\"list-style-type: none\">\n<ul>\n<li><a href=\"https:\/\/portalcientifico.unileon.es\/investigadores\/97054\/detalle\"><strong>M.\u00aa Mercedes \u00c1lvarez Garc\u00eda<\/strong><\/a> <strong>(Responsable)<\/strong><br \/>Catedr\u00e1tica de Universidad, Dpto. de Medicina, Cirug\u00eda y Anatom\u00eda Veterinaria<br \/>Correo electr\u00f3nico: <a href=\"mailto:mercedes.alvarez@unileon.es\">mercedes.alvarez@unileon.es<\/a><\/li>\n<li><strong><a href=\"https:\/\/portalcientifico.unileon.es\/investigadores\/96792\/detalle\">Luis Anel Rodr\u00edguez<\/a>&nbsp;<\/strong><br \/>Catedr\u00e1tico de Universidad, Dpto. de Medicina, Cirug\u00eda y Anatom\u00eda Veterinaria<br \/>Correo electr\u00f3nico: <a href=\"mailto:luis.anel@unileon.es\">luis.anel@unileon.es<\/a><\/li>\n<li><a href=\"https:\/\/portalcientifico.unileon.es\/investigadores\/96796\/detalle\"><strong>Paulino de Paz Cabello<\/strong><\/a><br \/>Catedr\u00e1tico de Universidad, Dpto. de Biolog\u00eda Molecular<br \/>Correo electr\u00f3nico: <a href=\"mailto:ppazc@unileon.es\">ppazc@unileon.es<\/a><\/li>\n<li><a href=\"https:\/\/portalcientifico.unileon.es\/investigadores\/96848\/detalle\"><strong>C\u00e9sar A. Chamorro \u00c1lvarez <\/strong><\/a><br \/>Catedr\u00e1tico de Universidad, Dpto. de Medicina, Cirug\u00eda y Anatom\u00eda Veterinaria<br \/>Correo electr\u00f3nico: <a href=\"mailto:cesar.chamorro@unileon.es\">cesar.chamorro@unileon.es<\/a><\/li>\n<li><a href=\"https:\/\/portalcientifico.unileon.es\/investigadores\/97125\/detalle\"><strong>Luis Anel L\u00f3pez<\/strong><\/a><br \/>Prof. Titular de Universidad, Dpto. de Medicina, Cirug\u00eda y Anatom\u00eda Veterinaria<br \/>Correo electr\u00f3nico: <a href=\"mailto:lanel@unileon.es\">lanel@unileon.es<\/a><\/li>\n<li><a href=\"https:\/\/portalcientifico.unileon.es\/investigadores\/147125\/detalle\"><strong>Cristina Soriano \u00dabeda<\/strong><\/a><br \/>Prof. Permanente Laboral, Dpto. de Medicina, Cirug\u00eda y Anatom\u00eda Veterinaria<br \/>Correo electr\u00f3nico: <a href=\"mailto:c.soriano.ubeda@unileon.es\">c.soriano.ubeda@unileon.es<\/a><\/li>\n<li><a href=\"https:\/\/portalcientifico.unileon.es\/investigadores\/1040738\/detalle\"><strong>Carolina Maside Mielgo<\/strong><\/a><br \/>Prof. Permanente Laboral, Dpto. de Medicina, Cirug\u00eda y Anatom\u00eda Veterinaria<br \/>Correo electr\u00f3nico: <a href=\"mailto:cmasm@unileon.es\">cmasm@unileon.es<\/a><\/li>\n<li><a href=\"https:\/\/portalcientifico.unileon.es\/investigadores\/97701\/detalle\"><strong>Marta Neila Mart\u00ednez Montero<\/strong><\/a><br \/>Investigadora contratada, Dpto. de Medicina, Cirug\u00eda y Anatom\u00eda Veterinaria<br \/>Correo electr\u00f3nico: <a href=\"mailto:c.palacin@unileon.es\">mneim@unileon.es<\/a><\/li>\n<li><a href=\"https:\/\/portalcientifico.unileon.es\/investigadores\/97612\/detalle\"><strong>Rafael Montes Garrido<\/strong><\/a><br \/>Prof. Ayudante Doctor, Dpto. de Medicina, Cirug\u00eda y Anatom\u00eda Veterinaria<br \/>Correo electr\u00f3nico: <a href=\"mailto:rmong@unileon.es\">rmong@unileon.es<\/a><\/li>\n<\/ul>\n<\/li>\n<\/ul>\n<p><\/p>\n<p><\/p>\n<h1>Localizaci\u00f3n<\/h1>\n<p>Departamento de Medicina, Cirug\u00eda y Anatom\u00eda Veterinaria. \u00c1rea de Anatom\u00eda y Anatom\u00eda Patol\u00f3gica Comparadas<br \/>Facultad de Veterinaria<br \/>Universidad de Le\u00f3n<br \/>Campus Vegazana, s\/n, 24007<\/p>\n<p>Departamento de Medicina, Cirug\u00eda y Anatom\u00eda Veterinaria. \u00c1rea de Medicina y Cirug\u00eda Animal<br \/>Facultad de Veterinaria<br \/>Universidad de Le\u00f3n<br \/>Campus Vegazana, s\/n, 24007<\/p>\n<p>Departamento de Biolog\u00eda Molecular. \u00c1rea de Biolog\u00eda Celular<br \/>Facultad de Ciencias Biol\u00f3gicas y Medioambientales<br \/>Universidad de Le\u00f3n<br \/>Campus Vegazana, s\/n, 24007<\/p>\n<p><\/p>\n","protected":false},"excerpt":{"rendered":"<p>Grupo GIR 401 Consolidado Miembros M.\u00aa Mercedes \u00c1lvarez Garc\u00eda (Responsable)Catedr\u00e1tica de Universidad, Dpto. de Medicina, Cirug\u00eda y Anatom\u00eda VeterinariaCorreo electr\u00f3nico: mercedes.alvarez@unileon.es Luis Anel Rodr\u00edguez&nbsp;Catedr\u00e1tico de Universidad, Dpto. de Medicina, Cirug\u00eda y Anatom\u00eda VeterinariaCorreo electr\u00f3nico: luis.anel@unileon.es Paulino de Paz CabelloCatedr\u00e1tico de Universidad, Dpto. de Biolog\u00eda MolecularCorreo electr\u00f3nico: ppazc@unileon.es C\u00e9sar A. Chamorro \u00c1lvarez Catedr\u00e1tico de Universidad, Dpto. [&hellip;]<\/p>\n","protected":false},"author":201,"featured_media":0,"parent":2273,"menu_order":0,"comment_status":"closed","ping_status":"closed","template":"","meta":{"footnotes":""},"class_list":["post-2587","page","type-page","status-publish","hentry"],"_links":{"self":[{"href":"https:\/\/institutos.unileon.es\/indegsal\/wp-json\/wp\/v2\/pages\/2587","targetHints":{"allow":["GET"]}}],"collection":[{"href":"https:\/\/institutos.unileon.es\/indegsal\/wp-json\/wp\/v2\/pages"}],"about":[{"href":"https:\/\/institutos.unileon.es\/indegsal\/wp-json\/wp\/v2\/types\/page"}],"author":[{"embeddable":true,"href":"https:\/\/institutos.unileon.es\/indegsal\/wp-json\/wp\/v2\/users\/201"}],"replies":[{"embeddable":true,"href":"https:\/\/institutos.unileon.es\/indegsal\/wp-json\/wp\/v2\/comments?post=2587"}],"version-history":[{"count":3,"href":"https:\/\/institutos.unileon.es\/indegsal\/wp-json\/wp\/v2\/pages\/2587\/revisions"}],"predecessor-version":[{"id":2616,"href":"https:\/\/institutos.unileon.es\/indegsal\/wp-json\/wp\/v2\/pages\/2587\/revisions\/2616"}],"up":[{"embeddable":true,"href":"https:\/\/institutos.unileon.es\/indegsal\/wp-json\/wp\/v2\/pages\/2273"}],"wp:attachment":[{"href":"https:\/\/institutos.unileon.es\/indegsal\/wp-json\/wp\/v2\/media?parent=2587"}],"curies":[{"name":"wp","href":"https:\/\/api.w.org\/{rel}","templated":true}]}}