{"id":2584,"date":"2025-09-04T13:31:42","date_gmt":"2025-09-04T11:31:42","guid":{"rendered":"https:\/\/institutos.unileon.es\/indegsal\/?page_id=2584"},"modified":"2025-09-04T13:31:42","modified_gmt":"2025-09-04T11:31:42","slug":"reproduccion-animal-imapor","status":"publish","type":"page","link":"https:\/\/institutos.unileon.es\/indegsal\/grupos-de-investigacion\/reproduccion-animal-imapor\/","title":{"rendered":"Reproducci\u00f3n animal (IMAPOR)"},"content":{"rendered":"<p><\/p>\n<h1>Grupo<\/h1>\n<p>GIR 413 Consolidado<\/p>\n<p>UIC 383<\/p>\n<p><\/p>\n<p><\/p>\n<h1>Miembros<\/h1>\n<ul>\n<li><strong><a href=\"https:\/\/portalcientifico.unileon.es\/investigadores\/96941\/detalle\">Jos\u00e9 R. Gonz\u00e1lez Monta\u00f1a<\/a> (Responsable)<\/strong><br \/>Prof. Titular de Universidad, Dpto. de Medicina, Cirug\u00eda y Anatom\u00eda Veterinaria<br \/>Correo electr\u00f3nico: <a href=\"mailto:jrgonm@unileon.es\">jrgonm@unileon.es<\/a><\/li>\n<li><a href=\"https:\/\/portalcientifico.unileon.es\/investigadores\/97276\/detalle\"><strong>Felipe Mart\u00ednez Pastor<\/strong><\/a><br \/>Catedr\u00e1tico de Universidad, Dpto. de Biolog\u00eda Molecular<br \/>Correo electr\u00f3nico: <a href=\"mailto:felipe.martinez@unileon.es\">felipe.martinez@unileon.es<\/a><\/li>\n<li><a href=\"https:\/\/portalcientifico.unileon.es\/investigadores\/96976\/detalle\"><strong>Marta E. Alonso de la Varga <\/strong><\/a><br \/>Catedr\u00e1tica de Universidad, Dpto. de Producci\u00f3n Animal<br \/>Correo electr\u00f3nico: <a href=\"mailto:marta.alonso@unileon.es\">marta.alonso@unileon.es<\/a><\/li>\n<li><strong><a href=\"https:\/\/portalcientifico.unileon.es\/investigadores\/96828\/detalle\">\u00c1ngel J. Alonso D\u00edez<\/a><br \/><\/strong>Prof. Titular de Universidad, Dpto. de Medicina, Cirug\u00eda y Anatom\u00eda Veterinaria<br \/>Correo electr\u00f3nico: <a href=\"mailto:ajalod@unileon.es\">ajalod@unileon.es<\/a><\/li>\n<li><a href=\"https:\/\/portalcientifico.unileon.es\/investigadores\/96852\/detalle\"><strong>Jos\u00e9 G. Fern\u00e1ndez \u00c1lvarez<\/strong><\/a><br \/>Catedr\u00e1tico de Universidad, Dpto. de Medicina, Cirug\u00eda y Anatom\u00eda Veterinaria<br \/>Correo electr\u00f3nico: <a href=\"mailto:jose-gabriel.fernandez@unileon.es\">jose-gabriel.fernandez@unileon.es<\/a><\/li>\n<li><a href=\"https:\/\/portalcientifico.unileon.es\/investigadores\/1204205\/detalle\"><strong>Gabriela Garc\u00eda Blanco<\/strong><\/a><br \/>Investigadora predoctoral, Dpto. de Biolog\u00eda Molecular<br \/>Correo electr\u00f3nico: <a href=\"mailto:ggarb@unileon.es\">ggarb@unileon.es<\/a><\/li>\n<\/ul>\n<p><\/p>\n<p><\/p>\n<h1>Localizaci\u00f3n<\/h1>\n<p>Departamento de Medicina, Cirug\u00eda y Anatom\u00eda Veterinaria. \u00c1rea de Medicina y Cirug\u00eda Animal<br \/>Facultad de Veterinaria<br \/>Universidad de Le\u00f3n<br \/>Campus Vegazana, s\/n, 24007<\/p>\n<p>Departamento de Biolog\u00eda Molecular. \u00c1rea de Biolog\u00eda Celular<br \/>Facultad de Ciencias Biol\u00f3gicas y Ambientales<br \/>Universidad de Le\u00f3n<br \/>Campus Vegazana, s\/n, 24007<\/p>\n<p><\/p>\n","protected":false},"excerpt":{"rendered":"<p>Grupo GIR 413 Consolidado UIC 383 Miembros Jos\u00e9 R. Gonz\u00e1lez Monta\u00f1a (Responsable)Prof. Titular de Universidad, Dpto. de Medicina, Cirug\u00eda y Anatom\u00eda VeterinariaCorreo electr\u00f3nico: jrgonm@unileon.es Felipe Mart\u00ednez PastorCatedr\u00e1tico de Universidad, Dpto. de Biolog\u00eda MolecularCorreo electr\u00f3nico: felipe.martinez@unileon.es Marta E. Alonso de la Varga Catedr\u00e1tica de Universidad, Dpto. de Producci\u00f3n AnimalCorreo electr\u00f3nico: marta.alonso@unileon.es \u00c1ngel J. Alonso D\u00edezProf. Titular [&hellip;]<\/p>\n","protected":false},"author":201,"featured_media":0,"parent":2273,"menu_order":0,"comment_status":"closed","ping_status":"closed","template":"","meta":{"footnotes":""},"class_list":["post-2584","page","type-page","status-publish","hentry"],"_links":{"self":[{"href":"https:\/\/institutos.unileon.es\/indegsal\/wp-json\/wp\/v2\/pages\/2584","targetHints":{"allow":["GET"]}}],"collection":[{"href":"https:\/\/institutos.unileon.es\/indegsal\/wp-json\/wp\/v2\/pages"}],"about":[{"href":"https:\/\/institutos.unileon.es\/indegsal\/wp-json\/wp\/v2\/types\/page"}],"author":[{"embeddable":true,"href":"https:\/\/institutos.unileon.es\/indegsal\/wp-json\/wp\/v2\/users\/201"}],"replies":[{"embeddable":true,"href":"https:\/\/institutos.unileon.es\/indegsal\/wp-json\/wp\/v2\/comments?post=2584"}],"version-history":[{"count":1,"href":"https:\/\/institutos.unileon.es\/indegsal\/wp-json\/wp\/v2\/pages\/2584\/revisions"}],"predecessor-version":[{"id":2585,"href":"https:\/\/institutos.unileon.es\/indegsal\/wp-json\/wp\/v2\/pages\/2584\/revisions\/2585"}],"up":[{"embeddable":true,"href":"https:\/\/institutos.unileon.es\/indegsal\/wp-json\/wp\/v2\/pages\/2273"}],"wp:attachment":[{"href":"https:\/\/institutos.unileon.es\/indegsal\/wp-json\/wp\/v2\/media?parent=2584"}],"curies":[{"name":"wp","href":"https:\/\/api.w.org\/{rel}","templated":true}]}}