{"id":2580,"date":"2025-09-04T13:23:03","date_gmt":"2025-09-04T11:23:03","guid":{"rendered":"https:\/\/institutos.unileon.es\/indegsal\/?page_id=2580"},"modified":"2025-09-04T13:23:03","modified_gmt":"2025-09-04T11:23:03","slug":"enfermedades-digestivas-del-ganado-porcino-digesporc","status":"publish","type":"page","link":"https:\/\/institutos.unileon.es\/indegsal\/grupos-de-investigacion\/enfermedades-digestivas-del-ganado-porcino-digesporc\/","title":{"rendered":"Enfermedades digestivas del ganado porcino (DIGESPORC)"},"content":{"rendered":"<p><\/p>\n<h1>Grupo<\/h1>\n<p>GIR 454 Consolidado<\/p>\n<p>UIC 274<\/p>\n<p><\/p>\n<p><\/p>\n<h1>Miembros<\/h1>\n<ul>\n<li><strong><a href=\"https:\/\/portalcientifico.unileon.es\/investigadores\/97013\/detalle\">Ana M.\u00aa Carvajal Urue\u00f1a<\/a> (Responsable)<\/strong><br \/>Catedr\u00e1tica de Universidad, Dpto. de Sanidad Animal<br \/>Correo electr\u00f3nico: <a href=\"mailto:ana.carvajal@unileon.es\">ana.carvajal@unileon.es<\/a><\/li>\n<li><a href=\"https:\/\/portalcientifico.unileon.es\/investigadores\/97636\/detalle\"><strong>H\u00e9ctor Arg\u00fcello Rodr\u00edguez<\/strong><\/a><br \/>Prof. Titular de Universidad, Dpto. de Sanidad Animal<br \/>Correo electr\u00f3nico: <a href=\"mailto:hector.arguello@unileon.es\">hector.arguello@unileon.es<\/a><\/li>\n<li><a href=\"https:\/\/portalcientifico.unileon.es\/investigadores\/1203754\/detalle\"><strong>Cristina Galisteo G\u00f3mez<\/strong><\/a><br \/>Investigadora contratada, Dpto. de Sanidad Animal<br \/>Correo electr\u00f3nico: <a href=\"mailto:cristina.galisteo@unileon.es\">cristina.galisteo@unileon.es<\/a><\/li>\n<li><a href=\"https:\/\/portalcientifico.unileon.es\/investigadores\/97623\/detalle\"><strong>Luc\u00eda P\u00e9rez P\u00e9rez<\/strong><\/a><br \/>Investigadora predoctoral, Dpto. de Sanidad Animal<br \/>Correo electr\u00f3nico: <a href=\"mailto:lperp@unileon.es\">lperp@unileon.es<\/a><\/li>\n<li><a href=\"https:\/\/portalcientifico.unileon.es\/investigadores\/456383\/detalle\"><strong>Samuel G\u00f3mez Mart\u00ednez<\/strong><\/a><br \/>Investigador predoctoral, Dpto. de Sanidad Animal<br \/>Correo electr\u00f3nico: <a href=\"mailto:sgomm@unileon.es\">sgomm@unileon.es<\/a><\/li>\n<li><strong>Alejandro Ucero Carret\u00f3n<\/strong><br \/>Investigador predoctoral, Dpto. de Sanidad Animal<br \/>Correo electr\u00f3nico: <a href=\"mailto:aucec@unileon.es\">aucec@unileon.es<\/a><\/li>\n<\/ul>\n<p><\/p>\n<p><\/p>\n<h1>Localizaci\u00f3n<\/h1>\n<p>Departamento de Sanidad Animal. \u00c1rea de Sanidad Animal<br \/>Facultad de Veterinaria<br \/>Universidad de Le\u00f3n<br \/>Campus Vegazana, s\/n, 24007<\/p>\n<p><\/p>\n<p><\/p>\n","protected":false},"excerpt":{"rendered":"<p>Grupo GIR 454 Consolidado UIC 274 Miembros Ana M.\u00aa Carvajal Urue\u00f1a (Responsable)Catedr\u00e1tica de Universidad, Dpto. de Sanidad AnimalCorreo electr\u00f3nico: ana.carvajal@unileon.es H\u00e9ctor Arg\u00fcello Rodr\u00edguezProf. Titular de Universidad, Dpto. de Sanidad AnimalCorreo electr\u00f3nico: hector.arguello@unileon.es Cristina Galisteo G\u00f3mezInvestigadora contratada, Dpto. de Sanidad AnimalCorreo electr\u00f3nico: cristina.galisteo@unileon.es Luc\u00eda P\u00e9rez P\u00e9rezInvestigadora predoctoral, Dpto. de Sanidad AnimalCorreo electr\u00f3nico: lperp@unileon.es Samuel G\u00f3mez Mart\u00ednezInvestigador [&hellip;]<\/p>\n","protected":false},"author":201,"featured_media":0,"parent":2273,"menu_order":0,"comment_status":"closed","ping_status":"closed","template":"","meta":{"footnotes":""},"class_list":["post-2580","page","type-page","status-publish","hentry"],"_links":{"self":[{"href":"https:\/\/institutos.unileon.es\/indegsal\/wp-json\/wp\/v2\/pages\/2580","targetHints":{"allow":["GET"]}}],"collection":[{"href":"https:\/\/institutos.unileon.es\/indegsal\/wp-json\/wp\/v2\/pages"}],"about":[{"href":"https:\/\/institutos.unileon.es\/indegsal\/wp-json\/wp\/v2\/types\/page"}],"author":[{"embeddable":true,"href":"https:\/\/institutos.unileon.es\/indegsal\/wp-json\/wp\/v2\/users\/201"}],"replies":[{"embeddable":true,"href":"https:\/\/institutos.unileon.es\/indegsal\/wp-json\/wp\/v2\/comments?post=2580"}],"version-history":[{"count":1,"href":"https:\/\/institutos.unileon.es\/indegsal\/wp-json\/wp\/v2\/pages\/2580\/revisions"}],"predecessor-version":[{"id":2582,"href":"https:\/\/institutos.unileon.es\/indegsal\/wp-json\/wp\/v2\/pages\/2580\/revisions\/2582"}],"up":[{"embeddable":true,"href":"https:\/\/institutos.unileon.es\/indegsal\/wp-json\/wp\/v2\/pages\/2273"}],"wp:attachment":[{"href":"https:\/\/institutos.unileon.es\/indegsal\/wp-json\/wp\/v2\/media?parent=2580"}],"curies":[{"name":"wp","href":"https:\/\/api.w.org\/{rel}","templated":true}]}}