{"id":2573,"date":"2025-09-04T13:11:08","date_gmt":"2025-09-04T11:11:08","guid":{"rendered":"https:\/\/institutos.unileon.es\/indegsal\/?page_id=2573"},"modified":"2025-09-04T13:16:16","modified_gmt":"2025-09-04T11:16:16","slug":"diferenciacion-celular-y-diseno-de-modelos-celulares-modcell","status":"publish","type":"page","link":"https:\/\/institutos.unileon.es\/indegsal\/grupos-de-investigacion\/diferenciacion-celular-y-diseno-de-modelos-celulares-modcell\/","title":{"rendered":"Diferenciaci\u00f3n celular y dise\u00f1o de modelos celulares (MODCELL)"},"content":{"rendered":"<p><\/p>\n<h1>Grupo<\/h1>\n<p>GIR 376 Consolidado<\/p>\n<p>UIC 157<\/p>\n<p><\/p>\n<p><\/p>\n<h1>Miembros<\/h1>\n<ul>\n<li><strong><a href=\"https:\/\/portalcientifico.unileon.es\/investigadores\/97087\/detalle\">Margarita Marqu\u00e9s Mart\u00ednez<\/a> (Responsable)<\/strong><br \/>Prof. Contratada Doctora, Dpto. de Producci\u00f3n Animal<br \/>Correo electr\u00f3nico: <a href=\"mailto:mmarm@unileon.es\">mmarm@unileon.es<\/a><\/li>\n<\/ul>\n<p><\/p>\n<p><\/p>\n<h1>Localizaci\u00f3n<\/h1>\n<p>Departamento de Producci\u00f3n Animal. \u00c1rea de Producci\u00f3n Animal<br \/>Facultad de Veterinaria<br \/>Universidad de Le\u00f3n<br \/>Campus Vegazana, s\/n, 24007<\/p>\n<p><\/p>\n","protected":false},"excerpt":{"rendered":"<p>Grupo GIR 376 Consolidado UIC 157 Miembros Margarita Marqu\u00e9s Mart\u00ednez (Responsable)Prof. Contratada Doctora, Dpto. de Producci\u00f3n AnimalCorreo electr\u00f3nico: mmarm@unileon.es Localizaci\u00f3n Departamento de Producci\u00f3n Animal. \u00c1rea de Producci\u00f3n AnimalFacultad de VeterinariaUniversidad de Le\u00f3nCampus Vegazana, s\/n, 24007<\/p>\n","protected":false},"author":201,"featured_media":0,"parent":2273,"menu_order":0,"comment_status":"closed","ping_status":"closed","template":"","meta":{"footnotes":""},"class_list":["post-2573","page","type-page","status-publish","hentry"],"_links":{"self":[{"href":"https:\/\/institutos.unileon.es\/indegsal\/wp-json\/wp\/v2\/pages\/2573","targetHints":{"allow":["GET"]}}],"collection":[{"href":"https:\/\/institutos.unileon.es\/indegsal\/wp-json\/wp\/v2\/pages"}],"about":[{"href":"https:\/\/institutos.unileon.es\/indegsal\/wp-json\/wp\/v2\/types\/page"}],"author":[{"embeddable":true,"href":"https:\/\/institutos.unileon.es\/indegsal\/wp-json\/wp\/v2\/users\/201"}],"replies":[{"embeddable":true,"href":"https:\/\/institutos.unileon.es\/indegsal\/wp-json\/wp\/v2\/comments?post=2573"}],"version-history":[{"count":2,"href":"https:\/\/institutos.unileon.es\/indegsal\/wp-json\/wp\/v2\/pages\/2573\/revisions"}],"predecessor-version":[{"id":2578,"href":"https:\/\/institutos.unileon.es\/indegsal\/wp-json\/wp\/v2\/pages\/2573\/revisions\/2578"}],"up":[{"embeddable":true,"href":"https:\/\/institutos.unileon.es\/indegsal\/wp-json\/wp\/v2\/pages\/2273"}],"wp:attachment":[{"href":"https:\/\/institutos.unileon.es\/indegsal\/wp-json\/wp\/v2\/media?parent=2573"}],"curies":[{"name":"wp","href":"https:\/\/api.w.org\/{rel}","templated":true}]}}