{"id":2566,"date":"2025-09-04T13:01:17","date_gmt":"2025-09-04T11:01:17","guid":{"rendered":"https:\/\/institutos.unileon.es\/indegsal\/?page_id=2566"},"modified":"2025-09-04T13:01:17","modified_gmt":"2025-09-04T11:01:17","slug":"aplicaciones-biologicas-de-farmacos-biolfar","status":"publish","type":"page","link":"https:\/\/institutos.unileon.es\/indegsal\/grupos-de-investigacion\/aplicaciones-biologicas-de-farmacos-biolfar\/","title":{"rendered":"Aplicaciones biol\u00f3gicas de f\u00e1rmacos (BIOLFAR)"},"content":{"rendered":"<p><\/p>\n<h1>Grupo<\/h1>\n<p>GIR 471 Consolidado<\/p>\n<p>UIC 065<\/p>\n<p><\/p>\n<p><\/p>\n<h1>Investigadores<\/h1>\n<ul>\n<li><strong><a href=\"https:\/\/portalcientifico.unileon.es\/investigadores\/97061\/detalle\">Gracia Merino Pel\u00e1ez<\/a> (Responsable)<\/strong><br \/>Prof. Titular de Universidad, Dpto. de Ciencias Biom\u00e9dicas<br \/>Correo electr\u00f3nico: <a href=\"mailto:gmerp@unileon.es\">gmerp@unileon.es<\/a><\/li>\n<li><a href=\"https:\/\/portalcientifico.unileon.es\/investigadores\/147133\/detalle\"><strong>Laura \u00c1lvarez Fern\u00e1ndez<\/strong><\/a><br \/>Investigadora contratada, Dpto. de Ciencias Biom\u00e9dicas<br \/><a href=\"mailto:lalvf@unileon.es\">lalvf@unileon.es<\/a><\/li>\n<li><a href=\"https:\/\/portalcientifico.unileon.es\/investigadores\/2043959\/detalle\"><strong>Esther Blanco Paniagua<\/strong><\/a><br \/>Prof. Ayudante Doctora, Dpto. de Ciencias Biom\u00e9dicas<br \/>Correo electr\u00f3nico: <a href=\"mailto:eblap@unileon.es\">eblap@unileon.es<\/a><\/li>\n<li><a href=\"https:\/\/portalcientifico.unileon.es\/investigadores\/1040769\/detalle\"><strong>Alicia Mill\u00e1n Garc\u00eda<\/strong><\/a><br \/>Investigadora predoctoral, Dpto. de Ciencias Biom\u00e9dicas<br \/>Correo electr\u00f3nico: <a href=\"mailto:amilg@unileon.es\">amilg@unileon.es<\/a><\/li>\n<\/ul>\n<p><\/p>\n<p><\/p>\n<h1>Localizaci\u00f3n<\/h1>\n<p>Departamento de Ciencias Biom\u00e9dicas. \u00c1rea de Fisiolog\u00eda<br \/>Facultad de Ciencias Biol\u00f3gicas y Ambientales<br \/>Universidad de Le\u00f3n<br \/>Campus Vegazana, s\/n, 24007<\/p>\n<p><\/p>\n","protected":false},"excerpt":{"rendered":"<p>Grupo GIR 471 Consolidado UIC 065 Investigadores Gracia Merino Pel\u00e1ez (Responsable)Prof. Titular de Universidad, Dpto. de Ciencias Biom\u00e9dicasCorreo electr\u00f3nico: gmerp@unileon.es Laura \u00c1lvarez Fern\u00e1ndezInvestigadora contratada, Dpto. de Ciencias Biom\u00e9dicaslalvf@unileon.es Esther Blanco PaniaguaProf. Ayudante Doctora, Dpto. de Ciencias Biom\u00e9dicasCorreo electr\u00f3nico: eblap@unileon.es Alicia Mill\u00e1n Garc\u00edaInvestigadora predoctoral, Dpto. de Ciencias Biom\u00e9dicasCorreo electr\u00f3nico: amilg@unileon.es Localizaci\u00f3n Departamento de Ciencias Biom\u00e9dicas. \u00c1rea [&hellip;]<\/p>\n","protected":false},"author":201,"featured_media":0,"parent":2273,"menu_order":0,"comment_status":"closed","ping_status":"closed","template":"","meta":{"footnotes":""},"class_list":["post-2566","page","type-page","status-publish","hentry"],"_links":{"self":[{"href":"https:\/\/institutos.unileon.es\/indegsal\/wp-json\/wp\/v2\/pages\/2566","targetHints":{"allow":["GET"]}}],"collection":[{"href":"https:\/\/institutos.unileon.es\/indegsal\/wp-json\/wp\/v2\/pages"}],"about":[{"href":"https:\/\/institutos.unileon.es\/indegsal\/wp-json\/wp\/v2\/types\/page"}],"author":[{"embeddable":true,"href":"https:\/\/institutos.unileon.es\/indegsal\/wp-json\/wp\/v2\/users\/201"}],"replies":[{"embeddable":true,"href":"https:\/\/institutos.unileon.es\/indegsal\/wp-json\/wp\/v2\/comments?post=2566"}],"version-history":[{"count":2,"href":"https:\/\/institutos.unileon.es\/indegsal\/wp-json\/wp\/v2\/pages\/2566\/revisions"}],"predecessor-version":[{"id":2569,"href":"https:\/\/institutos.unileon.es\/indegsal\/wp-json\/wp\/v2\/pages\/2566\/revisions\/2569"}],"up":[{"embeddable":true,"href":"https:\/\/institutos.unileon.es\/indegsal\/wp-json\/wp\/v2\/pages\/2273"}],"wp:attachment":[{"href":"https:\/\/institutos.unileon.es\/indegsal\/wp-json\/wp\/v2\/media?parent=2566"}],"curies":[{"name":"wp","href":"https:\/\/api.w.org\/{rel}","templated":true}]}}