{"id":2556,"date":"2025-09-04T12:06:42","date_gmt":"2025-09-04T10:06:42","guid":{"rendered":"https:\/\/institutos.unileon.es\/indegsal\/?page_id=2556"},"modified":"2025-09-04T13:08:44","modified_gmt":"2025-09-04T11:08:44","slug":"patogenos-respiratorios-de-etiologia-bacteriana-bacrespi","status":"publish","type":"page","link":"https:\/\/institutos.unileon.es\/indegsal\/grupos-de-investigacion\/patogenos-respiratorios-de-etiologia-bacteriana-bacrespi\/","title":{"rendered":"Pat\u00f3genos respiratorios de etiolog\u00eda bacteriana (BACRESPI)"},"content":{"rendered":"<p><\/p>\n<h1>Grupo<\/h1>\n<p>GIR 433<\/p>\n<p>UIC 274<\/p>\n<p><\/p>\n<p><\/p>\n<h1>Miembros<\/h1>\n<ul>\n<li><a href=\"https:\/\/portalcientifico.unileon.es\/investigadores\/96912\/detalle\"><strong>C\u00e9sar B. Guti\u00e9rrez Mart\u00edn<\/strong><\/a> <strong>(Responsable)<\/strong> <br \/>Catedr\u00e1tico de Universidad, Dpto. de Sanidad Animal<br \/>Correo electr\u00f3nico: <a href=\"mailto:cbgutm@unileon.es\">cbgutm@unileon.es<\/a><\/li>\n<li><a href=\"https:\/\/portalcientifico.unileon.es\/investigadores\/97124\/detalle\"><strong>Sonia Mart\u00ednez Mart\u00ednez<\/strong><\/a><br \/>Prof. Titular de Universidad, Dpto. de\u00a0Sanidad Animal<br \/>Correo electr\u00f3nico: <a href=\"mailto:smarm@unileon.es\">smarm@unileon.es<\/a><\/li>\n<li><a href=\"https:\/\/portalcientifico.unileon.es\/investigadores\/97331\/detalle\"><strong>Mar\u00eda Jos\u00e9 Garc\u00eda Iglesias<\/strong><\/a><br \/>Prof. Titular de Universidad, Dpto. de\u00a0Sanidad Animal<br \/>Correo electr\u00f3nico: <a href=\"mailto:mjgari@unileon.es\">mjgari@unileon.es<\/a><\/li>\n<li><a href=\"https:\/\/portalcientifico.unileon.es\/investigadores\/97227\/detalle\"><strong>Vicente Gonz\u00e1lez Eguren<\/strong><\/a><br \/>Prof. Titular de Universidad, Dpto. de\u00a0Producci\u00f3n Animal<br \/>Correo electr\u00f3nico: <a href=\"mailto:vgone@unileon.es\">vgone@unileon.es<\/a><\/li>\n<li><a href=\"https:\/\/portalcientifico.unileon.es\/investigadores\/97716\/detalle\"><strong>\u00d3scar Menc\u00eda Ares<\/strong><\/a><br \/>Prof. Ayudante Doctor,\u00a0Dpto. de\u00a0Sanidad Animal<br \/>Correo electr\u00f3nico: <a href=\"mailto:oscar.mencia@unileon.es\">oscar.mencia@unileon.es<\/a><\/li>\n<li><a href=\"https:\/\/portalcientifico.unileon.es\/investigadores\/222390\/detalle\"><strong>Alba Gonz\u00e1lez Fern\u00e1ndez<\/strong><\/a><br \/>Investigadora posdoctoral,\u00a0Dpto. de\u00a0Sanidad Animal<br \/>Correo electr\u00f3nico: <a href=\"mailto:algonf@unileon.es\">algonf@unileon.es<\/a><\/li>\n<\/ul>\n<p><\/p>\n<p><\/p>\n<p><\/p>\n<h1>Localizaci\u00f3n<\/h1>\n<p>Departamento de Sanidad Animal. \u00c1rea de Sanidad Animal<br \/>Facultad de Veterinaria<br \/>Universidad de Le\u00f3n<br \/>Campus Vegazana, s\/n, 24007<\/p>\n<p>Departamento de Producci\u00f3n Animal. \u00c1rea de Producci\u00f3n Animal<br \/>Facultad de Veterinaria<br \/>Universidad de Le\u00f3n<br \/>Campus Vegazana, s\/n, 24007<\/p>\n<p><\/p>\n","protected":false},"excerpt":{"rendered":"<p>Grupo GIR 433 UIC 274 Miembros C\u00e9sar B. Guti\u00e9rrez Mart\u00edn (Responsable) Catedr\u00e1tico de Universidad, Dpto. de Sanidad AnimalCorreo electr\u00f3nico: cbgutm@unileon.es Sonia Mart\u00ednez Mart\u00ednezProf. Titular de Universidad, Dpto. de\u00a0Sanidad AnimalCorreo electr\u00f3nico: smarm@unileon.es Mar\u00eda Jos\u00e9 Garc\u00eda IglesiasProf. Titular de Universidad, Dpto. de\u00a0Sanidad AnimalCorreo electr\u00f3nico: mjgari@unileon.es Vicente Gonz\u00e1lez EgurenProf. Titular de Universidad, Dpto. de\u00a0Producci\u00f3n AnimalCorreo electr\u00f3nico: vgone@unileon.es \u00d3scar [&hellip;]<\/p>\n","protected":false},"author":201,"featured_media":0,"parent":2273,"menu_order":0,"comment_status":"closed","ping_status":"closed","template":"","meta":{"footnotes":""},"class_list":["post-2556","page","type-page","status-publish","hentry"],"_links":{"self":[{"href":"https:\/\/institutos.unileon.es\/indegsal\/wp-json\/wp\/v2\/pages\/2556","targetHints":{"allow":["GET"]}}],"collection":[{"href":"https:\/\/institutos.unileon.es\/indegsal\/wp-json\/wp\/v2\/pages"}],"about":[{"href":"https:\/\/institutos.unileon.es\/indegsal\/wp-json\/wp\/v2\/types\/page"}],"author":[{"embeddable":true,"href":"https:\/\/institutos.unileon.es\/indegsal\/wp-json\/wp\/v2\/users\/201"}],"replies":[{"embeddable":true,"href":"https:\/\/institutos.unileon.es\/indegsal\/wp-json\/wp\/v2\/comments?post=2556"}],"version-history":[{"count":6,"href":"https:\/\/institutos.unileon.es\/indegsal\/wp-json\/wp\/v2\/pages\/2556\/revisions"}],"predecessor-version":[{"id":2581,"href":"https:\/\/institutos.unileon.es\/indegsal\/wp-json\/wp\/v2\/pages\/2556\/revisions\/2581"}],"up":[{"embeddable":true,"href":"https:\/\/institutos.unileon.es\/indegsal\/wp-json\/wp\/v2\/pages\/2273"}],"wp:attachment":[{"href":"https:\/\/institutos.unileon.es\/indegsal\/wp-json\/wp\/v2\/media?parent=2556"}],"curies":[{"name":"wp","href":"https:\/\/api.w.org\/{rel}","templated":true}]}}