{"id":2534,"date":"2025-09-04T11:13:25","date_gmt":"2025-09-04T09:13:25","guid":{"rendered":"https:\/\/institutos.unileon.es\/indegsal\/?page_id=2534"},"modified":"2025-09-04T13:08:12","modified_gmt":"2025-09-04T11:08:12","slug":"aplicaciones-biotecnologicas-de-actinobacterias-bioactinotec","status":"publish","type":"page","link":"https:\/\/institutos.unileon.es\/indegsal\/grupos-de-investigacion\/aplicaciones-biotecnologicas-de-actinobacterias-bioactinotec\/","title":{"rendered":"Aplicaciones biotecnol\u00f3gicas de actinobacterias (BIOACTINOTEC)"},"content":{"rendered":"<p><\/p>\n<h1>Grupo<\/h1>\n<p>GIR 481<\/p>\n<p>UIC 352<\/p>\n<p><\/p>\n<p><\/p>\n<h1>Miembros<\/h1>\n<ul>\n<li><strong><a href=\"https:\/\/portalcientifico.unileon.es\/investigadores\/97657\/detalle\">Michal Letek Polberg<\/a><\/strong> <strong>(Responsable)<\/strong> <br \/>Prof. Titular de Universidad, Dpto. de Biolog\u00eda Molecular<br \/>Correo electr\u00f3nico: <a href=\"mailto:michal.letek@unileon.es\">michal.letek@unileon.es<\/a><\/li>\n<li><a href=\"https:\/\/portalcientifico.unileon.es\/investigadores\/1040741\/detalle\"><strong>Blanca Lorente Torres<\/strong><\/a> <br \/>Investigadora predoctoral, Dpto. de Biolog\u00eda Molecular <br \/>Correo electr\u00f3nico: <a href=\"mailto:blort@unileon.es\">blort@unileon.es<\/a><\/li>\n<li><strong><a href=\"https:\/\/portalcientifico.unileon.es\/investigadores\/1213900\/detalle\">Pablo Casta\u00f1era Estrada<\/a><\/strong> <br \/>Investigador predoctoral, Dpto. de Biolog\u00eda Molecular <br \/>Correo electr\u00f3nico: <a href=\"mailto:pcase@unileon.es\">pcase@unileon.es<\/a><\/li>\n<li><strong><a href=\"https:\/\/portalcientifico.unileon.es\/investigadores\/1337313\/detalle\">Helena \u00c1lvarez Ferrero<\/a><\/strong> <br \/>Investigadora predoctoral, Dpto. de Biolog\u00eda Molecular <br \/>Correo electr\u00f3nico: <a href=\"mailto:halvf@unileon.es\">halvf@unileon.es<\/a><\/li>\n<li><strong>Farzaneh Javadimarand<\/strong> <br \/>Investigadora predoctoral, Dpto. de Biolog\u00eda Molecular<\/li>\n<li><strong>Jaime P\u00e9rez Albuerne<\/strong> <br \/>T\u00e9cnico de apoyo a la investigaci\u00f3n <br \/>Correo electr\u00f3nico: japea@unileon.es<\/li>\n<\/ul>\n<p><\/p>\n<p><\/p>\n<h1>Localizaci\u00f3n<\/h1>\n<p>Departamento de Biolog\u00eda Molecular. \u00c1rea de Microbiolog\u00eda<br \/>Facultad de Ciencias Biol\u00f3gicas y Ambientales<br \/>Universidad de Le\u00f3n<br \/>Campus Vegazana, s\/n, 24007<\/p>\n<p>&nbsp;<\/p>\n<p>&nbsp;<\/p>\n<p><\/p>\n<p><\/p>\n","protected":false},"excerpt":{"rendered":"<p>Grupo GIR 481 UIC 352 Miembros Michal Letek Polberg (Responsable) Prof. Titular de Universidad, Dpto. de Biolog\u00eda MolecularCorreo electr\u00f3nico: michal.letek@unileon.es Blanca Lorente Torres Investigadora predoctoral, Dpto. de Biolog\u00eda Molecular Correo electr\u00f3nico: blort@unileon.es Pablo Casta\u00f1era Estrada Investigador predoctoral, Dpto. de Biolog\u00eda Molecular Correo electr\u00f3nico: pcase@unileon.es Helena \u00c1lvarez Ferrero Investigadora predoctoral, Dpto. de Biolog\u00eda Molecular Correo electr\u00f3nico: [&hellip;]<\/p>\n","protected":false},"author":201,"featured_media":0,"parent":2273,"menu_order":0,"comment_status":"closed","ping_status":"closed","template":"","meta":{"footnotes":""},"class_list":["post-2534","page","type-page","status-publish","hentry"],"_links":{"self":[{"href":"https:\/\/institutos.unileon.es\/indegsal\/wp-json\/wp\/v2\/pages\/2534","targetHints":{"allow":["GET"]}}],"collection":[{"href":"https:\/\/institutos.unileon.es\/indegsal\/wp-json\/wp\/v2\/pages"}],"about":[{"href":"https:\/\/institutos.unileon.es\/indegsal\/wp-json\/wp\/v2\/types\/page"}],"author":[{"embeddable":true,"href":"https:\/\/institutos.unileon.es\/indegsal\/wp-json\/wp\/v2\/users\/201"}],"replies":[{"embeddable":true,"href":"https:\/\/institutos.unileon.es\/indegsal\/wp-json\/wp\/v2\/comments?post=2534"}],"version-history":[{"count":22,"href":"https:\/\/institutos.unileon.es\/indegsal\/wp-json\/wp\/v2\/pages\/2534\/revisions"}],"predecessor-version":[{"id":2574,"href":"https:\/\/institutos.unileon.es\/indegsal\/wp-json\/wp\/v2\/pages\/2534\/revisions\/2574"}],"up":[{"embeddable":true,"href":"https:\/\/institutos.unileon.es\/indegsal\/wp-json\/wp\/v2\/pages\/2273"}],"wp:attachment":[{"href":"https:\/\/institutos.unileon.es\/indegsal\/wp-json\/wp\/v2\/media?parent=2534"}],"curies":[{"name":"wp","href":"https:\/\/api.w.org\/{rel}","templated":true}]}}