{"id":2444,"date":"2025-08-19T12:43:09","date_gmt":"2025-08-19T10:43:09","guid":{"rendered":"https:\/\/institutos.unileon.es\/indegsal\/?page_id=2444"},"modified":"2025-09-04T15:44:59","modified_gmt":"2025-09-04T13:44:59","slug":"empresas-en-el-indegsal","status":"publish","type":"page","link":"https:\/\/institutos.unileon.es\/indegsal\/empresas-en-el-indegsal\/","title":{"rendered":"Empresas en el INDEGSAL"},"content":{"rendered":"<p><\/p>\n<figure class=\"wp-block-image size-large is-resized\"><a href=\"https:\/\/institutos.unileon.es\/indegsal\/files\/2025\/09\/Logo-Bianor-Biotech-horizontal-2048x544-1.png\"><img loading=\"lazy\" decoding=\"async\" width=\"1024\" height=\"272\" src=\"https:\/\/institutos.unileon.es\/indegsal\/files\/2025\/09\/Logo-Bianor-Biotech-horizontal-2048x544-1-1024x272.png\" alt=\"\" class=\"wp-image-2617\" style=\"width:256px;height:auto\" srcset=\"https:\/\/institutos.unileon.es\/indegsal\/files\/2025\/09\/Logo-Bianor-Biotech-horizontal-2048x544-1-1024x272.png 1024w, https:\/\/institutos.unileon.es\/indegsal\/files\/2025\/09\/Logo-Bianor-Biotech-horizontal-2048x544-1-300x80.png 300w, https:\/\/institutos.unileon.es\/indegsal\/files\/2025\/09\/Logo-Bianor-Biotech-horizontal-2048x544-1-768x204.png 768w, https:\/\/institutos.unileon.es\/indegsal\/files\/2025\/09\/Logo-Bianor-Biotech-horizontal-2048x544-1-1536x408.png 1536w, https:\/\/institutos.unileon.es\/indegsal\/files\/2025\/09\/Logo-Bianor-Biotech-horizontal-2048x544-1.png 2048w\" sizes=\"auto, (max-width: 1024px) 100vw, 1024px\" \/><\/a><\/figure>\n<p><\/p>\n<p><\/p>\n<p><strong>Bianor Biotech S.L.<\/strong> es una empresa de base tecnol\u00f3gica (EBT) de la Universidad de Le\u00f3n, promovida por la Dra. Beatriz Mart\u00edn y el Dr. Felipe Mart\u00ednez.<\/p>\n<p><a href=\"https:\/\/bianorbiotech.es\/\">Web<\/a><\/p>\n<p><\/p>\n<p><\/p>\n<figure class=\"wp-block-image size-full is-resized\"><img loading=\"lazy\" decoding=\"async\" width=\"300\" height=\"180\" src=\"https:\/\/institutos.unileon.es\/indegsal\/files\/2025\/09\/Copia-de-logo-final-1.png\" alt=\"\" class=\"wp-image-2619\" style=\"width:234px;height:auto\"\/><\/figure>\n<p><\/p>\n<p><\/p>\n<p><strong>Micros Veterinaria S.L.<\/strong> es un laboratorio de diagn\u00f3stico anatomopatol\u00f3gico especializado en determinar el origen de las enfermedades en mascotas y animales de producci\u00f3n mediante el estudio de citolog\u00edas, biopsias y realizaci\u00f3n de necropsias.\u00a0<\/p>\n<p><a href=\"https:\/\/microsvet.es\/\">Web<\/a><\/p>\n<p><\/p>\n<p><\/p>\n<figure class=\"wp-block-image size-full\"><img loading=\"lazy\" decoding=\"async\" width=\"252\" height=\"66\" src=\"https:\/\/institutos.unileon.es\/indegsal\/files\/2025\/09\/Logo-Aquilon-nuevo-1.png\" alt=\"\" class=\"wp-image-2620\"\/><\/figure>\n<p><\/p>\n<p><\/p>\n<p><strong>Aquilon CyL S.L.<\/strong> es un laboratorio de investigaci\u00f3n y desarrollo de productos biol\u00f3gicos y servicios innovadores para la salud animal, cuyo comit\u00e9 cient\u00edfico integra al grupo de investigaci\u00f3n <strong><a href=\"https:\/\/institutos.unileon.es\/indegsal\/grupos-de-investigacion\/enfermedades-digestivas-del-ganado-porcino-digesporc\/\">DIGESPORC<\/a><\/strong>.<\/p>\n<p><a href=\"https:\/\/aquiloncyl.com\/\">Web<\/a><\/p>\n<p><\/p>\n","protected":false},"excerpt":{"rendered":"<p>Bianor Biotech S.L. es una empresa de base tecnol\u00f3gica (EBT) de la Universidad de Le\u00f3n, promovida por la Dra. Beatriz Mart\u00edn y el Dr. Felipe Mart\u00ednez. Web Micros Veterinaria S.L. es un laboratorio de diagn\u00f3stico anatomopatol\u00f3gico especializado en determinar el origen de las enfermedades en mascotas y animales de producci\u00f3n mediante el estudio de citolog\u00edas, [&hellip;]<\/p>\n","protected":false},"author":4,"featured_media":0,"parent":0,"menu_order":0,"comment_status":"closed","ping_status":"closed","template":"","meta":{"footnotes":""},"class_list":["post-2444","page","type-page","status-publish","hentry"],"_links":{"self":[{"href":"https:\/\/institutos.unileon.es\/indegsal\/wp-json\/wp\/v2\/pages\/2444","targetHints":{"allow":["GET"]}}],"collection":[{"href":"https:\/\/institutos.unileon.es\/indegsal\/wp-json\/wp\/v2\/pages"}],"about":[{"href":"https:\/\/institutos.unileon.es\/indegsal\/wp-json\/wp\/v2\/types\/page"}],"author":[{"embeddable":true,"href":"https:\/\/institutos.unileon.es\/indegsal\/wp-json\/wp\/v2\/users\/4"}],"replies":[{"embeddable":true,"href":"https:\/\/institutos.unileon.es\/indegsal\/wp-json\/wp\/v2\/comments?post=2444"}],"version-history":[{"count":11,"href":"https:\/\/institutos.unileon.es\/indegsal\/wp-json\/wp\/v2\/pages\/2444\/revisions"}],"predecessor-version":[{"id":2627,"href":"https:\/\/institutos.unileon.es\/indegsal\/wp-json\/wp\/v2\/pages\/2444\/revisions\/2627"}],"wp:attachment":[{"href":"https:\/\/institutos.unileon.es\/indegsal\/wp-json\/wp\/v2\/media?parent=2444"}],"curies":[{"name":"wp","href":"https:\/\/api.w.org\/{rel}","templated":true}]}}