{"id":2436,"date":"2025-07-31T13:27:23","date_gmt":"2025-07-31T11:27:23","guid":{"rendered":"https:\/\/institutos.unileon.es\/indegsal\/?page_id=2436"},"modified":"2025-07-31T13:27:23","modified_gmt":"2025-07-31T11:27:23","slug":"planificacion-estrategica","status":"publish","type":"page","link":"https:\/\/institutos.unileon.es\/indegsal\/planificacion-estrategica\/","title":{"rendered":"Planificaci\u00f3n estrat\u00e9gica"},"content":{"rendered":"<p><\/p>\n<h2 class=\"wp-block-heading\">Plan estrat\u00e9gico vigente<\/h2>\n<p><\/p>\n<p><\/p>\n<p>Plan estrat\u00e9gico 2026-2031 (en elaboraci\u00f3n)<\/p>\n<p><\/p>\n<p><\/p>\n<h2 class=\"wp-block-heading\"><strong>Comisi\u00f3n de seguimiento del plan estrat\u00e9gico del INDEGSAL<\/strong><\/h2>\n<p><\/p>\n<p><\/p>\n<ul class=\"wp-block-list\"><\/p>\n<li>Responsable: Cristina Galisteo G\u00f3mez (Coordinadora de Calidad del INDEGSAL)<\/li>\n<p><\/p>\n<p><\/p>\n<li>Gracia Merino Pel\u00e1ez (Directora del INDEGSAL)<\/li>\n<p><\/p>\n<p><\/p>\n<li>Ana M. Carvajal Urue\u00f1a (Subdirectora del INDEGSAL)<\/li>\n<p><\/p>\n<p><\/p>\n<li>Felipe Mart\u00ednez Pastor (Secretario del INDEGSAL)<\/li>\n<p><\/p>\n<p><\/p>\n<li>Representantes de las l\u00edneas de investigaci\u00f3n.<\/li>\n<p><\/ul>\n<p><\/p>\n<p><\/p>\n","protected":false},"excerpt":{"rendered":"<p>Plan estrat\u00e9gico vigente Plan estrat\u00e9gico 2026-2031 (en elaboraci\u00f3n) Comisi\u00f3n de seguimiento del plan estrat\u00e9gico del INDEGSAL<\/p>\n","protected":false},"author":4,"featured_media":0,"parent":0,"menu_order":0,"comment_status":"closed","ping_status":"closed","template":"","meta":{"footnotes":""},"class_list":["post-2436","page","type-page","status-publish","hentry"],"_links":{"self":[{"href":"https:\/\/institutos.unileon.es\/indegsal\/wp-json\/wp\/v2\/pages\/2436","targetHints":{"allow":["GET"]}}],"collection":[{"href":"https:\/\/institutos.unileon.es\/indegsal\/wp-json\/wp\/v2\/pages"}],"about":[{"href":"https:\/\/institutos.unileon.es\/indegsal\/wp-json\/wp\/v2\/types\/page"}],"author":[{"embeddable":true,"href":"https:\/\/institutos.unileon.es\/indegsal\/wp-json\/wp\/v2\/users\/4"}],"replies":[{"embeddable":true,"href":"https:\/\/institutos.unileon.es\/indegsal\/wp-json\/wp\/v2\/comments?post=2436"}],"version-history":[{"count":1,"href":"https:\/\/institutos.unileon.es\/indegsal\/wp-json\/wp\/v2\/pages\/2436\/revisions"}],"predecessor-version":[{"id":2437,"href":"https:\/\/institutos.unileon.es\/indegsal\/wp-json\/wp\/v2\/pages\/2436\/revisions\/2437"}],"wp:attachment":[{"href":"https:\/\/institutos.unileon.es\/indegsal\/wp-json\/wp\/v2\/media?parent=2436"}],"curies":[{"name":"wp","href":"https:\/\/api.w.org\/{rel}","templated":true}]}}