{"id":24,"date":"2010-11-21T15:02:36","date_gmt":"2010-11-21T14:02:36","guid":{"rendered":"http:\/\/institutos.unileon.es\/indegsal\/"},"modified":"2025-08-28T09:54:36","modified_gmt":"2025-08-28T07:54:36","slug":"personal","status":"publish","type":"page","link":"https:\/\/institutos.unileon.es\/indegsal\/personal\/","title":{"rendered":"Personal"},"content":{"rendered":"<h2>Personal investigador doctor<\/h2>\n<ul>\n<li><strong>Michal Letek Polberg<\/strong><br \/>Prof. Titular de Universidad, Dpto. de Biolog\u00eda Molecular<br \/>Correo electr\u00f3nico: <a href=\"mailto:michal.letek@unileon.es\">michal.letek@unileon.es<\/a><\/li>\n<li><strong>C\u00e9sar B. Guti\u00e9rrez Mart\u00edn<\/strong><br \/>Catedr\u00e1tico de Universidad, Dpto. de Sanidad Animal<br \/>Correo electr\u00f3nico: <a href=\"mailto:cbgutm@unileon.es\">cbgutm@unileon.es<\/a><\/li>\n<li><strong>Sonia Mart\u00ednez Mart\u00ednez<\/strong><br \/>Prof. Titular de Universidad, Dpto. de\u00a0Sanidad Animal<br \/>Correo electr\u00f3nico: <a href=\"mailto:smarm@unileon.es\">smarm@unileon.es<\/a><\/li>\n<li><strong>Mar\u00eda Jos\u00e9 Garc\u00eda Iglesias<\/strong><br \/>Prof. Titular de Universidad, Dpto. de\u00a0Sanidad Animal<br \/>Correo electr\u00f3nico: <a href=\"mailto:mjgari@unileon.es\">mjgari@unileon.es<\/a><\/li>\n<li><strong>Vicente Gonz\u00e1lez Eguren<\/strong><br \/>Prof. Titular de Universidad, Dpto. de\u00a0Producci\u00f3n Animal<br \/>Correo electr\u00f3nico: <a href=\"mailto:vgone@unileon.es\">vgone@unileon.es<\/a><\/li>\n<li><strong>\u00d3scar Menc\u00eda Ares<\/strong><br \/>Prof. Ayudante Doctor,\u00a0Dpto. de\u00a0Sanidad Animal<br \/>Correo electr\u00f3nico: <a href=\"mailto:oscar.mencia@unileon.es\">oscar.mencia@unileon.es<\/a><\/li>\n<li><strong>Alba Gonz\u00e1lez Fern\u00e1ndez<\/strong><br \/>Investigadora posdoctoral,\u00a0Dpto. de\u00a0Sanidad Animal<br \/>Correo electr\u00f3nico: <a href=\"mailto:algonf@unileon.es\">algonf@unileon.es<\/a><\/li>\n<li><strong>Gracia Merino Pel\u00e1ez<\/strong><br \/>Prof. Titular de Universidad, Dpto. de Ciencias Biom\u00e9dicas<br \/>Correo electr\u00f3nico: <a href=\"mailto:gmerp@unileon.es\">gmerp@unileon.es<\/a><\/li>\n<li><strong>Margarita Marqu\u00e9s Mart\u00ednez<\/strong><br \/>Prof. Contratada Doctora, Dpto. de Producci\u00f3n Animal<br \/>Correo electr\u00f3nico: <a href=\"mailto:mmarm@unileon.es\">mmarm@unileon.es<\/a><\/li>\n<li><strong>Esther Blanco Paniagua<\/strong><br \/>Prof. Ayudante Doctora, Dpto. de Ciencias Biom\u00e9dicas<br \/>Correo electr\u00f3nico: <a href=\"mailto:eblap@unileon.es\">eblap@unileon.es<\/a><\/li>\n<li><strong>Laura \u00c1lvarez Fern\u00e1ndez<\/strong><br \/>Investigadora contratada, Dpto. de Ciencias Biom\u00e9dicas<br \/><a href=\"mailto:lalvf@unileon.es\">lalvf@unileon.es<\/a><\/li>\n<li><strong>Ana M.\u00aa Carbajal Urue\u00f1a<\/strong><br \/>Catedr\u00e1tica de Universidad, Dpto. de Sanidad Animal<br \/>Correo electr\u00f3nico: <a href=\"mailto:ana.carvajal@unileon.es\">ana.carvajal@unileon.es<\/a><\/li>\n<li><strong>H\u00e9ctor Arg\u00fcello Rodr\u00edguez<\/strong><br \/>Prof. Titular de Universidad, Dpto. de Sanidad Animal<br \/>Correo electr\u00f3nico: <a href=\"mailto:hector.arguello@unileon.es\">hector.arguello@unileon.es<\/a><\/li>\n<li><strong>Cristina Galisteo G\u00f3mez<\/strong><br \/>Investigadora contratada, Dpto. de Sanidad Animal<br \/>Correo electr\u00f3nico: <a href=\"mailto:cristina.galisteo@unileon.es\">cristina.galisteo@unileon.es<\/a><\/li>\n<li><strong>Jos\u00e9 R. Gonz\u00e1lez Monta\u00f1a<\/strong><br \/>Prof. Titular de Universidad, Dpto. de Medicina, Cirug\u00eda y Anatom\u00eda Veterinaria<br \/>Correo electr\u00f3nico: <a href=\"mailto:jrgonm@unileon.es\">jrgonm@unileon.es<\/a><\/li>\n<li><strong>Felipe Mart\u00ednez Pastor<\/strong><br \/>Catedr\u00e1tico de Universidad, Dpto. de Biolog\u00eda Molecular<br \/>Correo electr\u00f3nico: <a href=\"mailto:felipe.martinez@unileon.es\">felipe.martinez@unileon.es<\/a><\/li>\n<li><strong>Marta E. Alonso de la Varga <\/strong><br \/>Catedr\u00e1tica de Universidad, Dpto. de Producci\u00f3n Animal<br \/>Correo electr\u00f3nico: <a href=\"mailto:marta.alonso@unileon.es\">marta.alonso@unileon.es<\/a><\/li>\n<li><strong>\u00c1ngel J. Alonso D\u00edez<br \/><\/strong>Prof. Titular de Universidad, Dpto. de Medicina, Cirug\u00eda y Anatom\u00eda Veterinaria<br \/>Correo electr\u00f3nico: <a href=\"mailto:ajalod@unileon.es\">ajalod@unileon.es<\/a><\/li>\n<li><strong>Jos\u00e9 G. Fern\u00e1ndez \u00c1lvarez<\/strong><br \/>Catedr\u00e1tico de Universidad, Dpto. de Medicina, Cirug\u00eda y Anatom\u00eda Veterinaria<br \/>Correo electr\u00f3nico: <a href=\"mailto:jose-gabriel.fernandez@unileon.es\">jose-gabriel.fernandez@unileon.es<\/a><\/li>\n<li><strong>Beatriz Mart\u00edn Fern\u00e1ndez<\/strong><br \/>Prof. Titular de Universidad, Dpto. de Biolog\u00eda Molecular<br \/>Correo electr\u00f3nico: <a href=\"mailto:bmarf@unileon.es\">bmarf@unileon.es<\/a><\/li>\n<li><strong>Luis Anel Rodr\u00edguez<\/strong><br \/>Catedr\u00e1tico de Universidad, Dpto. de Medicina, Cirug\u00eda y Anatom\u00eda Veterinaria<br \/>Correo electr\u00f3nico: <a href=\"mailto:luis.anel@unileon.es\">luis.anel@unileon.es<\/a><\/li>\n<li><strong>M.\u00aa Mercedes \u00c1lvarez Garc\u00eda<\/strong><br \/>Prof. Titular de Universidad, Dpto. de Medicina, Cirug\u00eda y Anatom\u00eda Veterinaria<br \/>Correo electr\u00f3nico: <a href=\"mailto:mercedes.alvarez@unileon.es\">mercedes.alvarez@unileon.es<\/a><\/li>\n<li><strong>Luis Anel L\u00f3pez<\/strong><br \/>Prof. Titular de Universidad, Dpto. de Medicina, Cirug\u00eda y Anatom\u00eda Veterinaria<br \/>Correo electr\u00f3nico: <a href=\"mailto:lanel@unileon.es\">lanel@unileon.es<\/a><\/li>\n<li><strong>Cristina Soriano \u00dabeda<\/strong><br \/>Prof. Ayudante Doctor, Dpto. de Medicina, Cirug\u00eda y Anatom\u00eda Veterinaria<br \/>Correo electr\u00f3nico: <a href=\"mailto:c.soriano.ubeda@unileon.es\">c.soriano.ubeda@unileon.es<\/a><\/li>\n<li><strong>Carolina Maside Mielgo<\/strong><br \/>Prof. Ayudante Doctora, Dpto. de Medicina, Cirug\u00eda y Anatom\u00eda Veterinaria<br \/>Correo electr\u00f3nico: <a href=\"mailto:cmasm@unileon.es\">cmasm@unileon.es<\/a><\/li>\n<li><strong>Paulino de Paz Cabello<\/strong><br \/>Catedr\u00e1tico de Universidad, Dpto. de Biolog\u00eda Molecular<br \/>Correo electr\u00f3nico: <a href=\"mailto:ppazc@unileon.es\">ppazc@unileon.es<\/a><\/li>\n<li><strong>C\u00e9sar A. Chamorro \u00c1lvarez <\/strong><br \/>Catedr\u00e1tico de Universidad, Dpto. de Medicina, Cirug\u00eda y Anatom\u00eda Veterinaria<br \/>Correo electr\u00f3nico: <a href=\"mailto:cesar.chamorro@unileon.es\">cesar.chamorro@unileon.es<\/a><\/li>\n<li><strong>Rafael Montes Garrido<\/strong><br \/>Investigador contratado, Dpto. de Medicina, Cirug\u00eda y Anatom\u00eda Veterinaria<br \/>Correo electr\u00f3nico: <a href=\"mailto:rmong@unileon.es\">rmong@unileon.es<\/a><\/li>\n<li><strong>Cristina Palac\u00edn Mart\u00ednez<\/strong><br \/>Investigadora contratada, Dpto. de Medicina, Cirug\u00eda y Anatom\u00eda Veterinaria<br \/>Correo electr\u00f3nico: <a href=\"mailto:c.palacin@unileon.es\">c.palacin@unileon.es<\/a><\/li>\n<li><strong>Vanesa Robles Rodr\u00edguez <\/strong><br \/>Prof. Titular de Universidad, Dpto. de Biolog\u00eda Molecular<br \/>Correo electr\u00f3nico: <a href=\"mailto:v.robles@unileon.es\">v.robles@unileon.es<\/a><\/li>\n<li><strong>Marta Fern\u00e1ndez Riesco<\/strong><br \/>Prof. Permanente Laboral, Dpto. de Biolog\u00eda Molecular<br \/>Correo electr\u00f3nico: <a href=\"mailto:m.riesco@unileon.es\">m.riesco@unileon.es<\/a><\/li>\n<li><strong>David Garc\u00eda Valcarce<\/strong><br \/>Investigador contratado, Dpto. de Biolog\u00eda Molecular<\/li>\n<\/ul>\n<h2>Personal en formaci\u00f3n<\/h2>\n<ul>\n<li><strong>Blanca Lorente Torres<\/strong><br \/>Investigadora predoctoral, Dpto. de Biolog\u00eda Molecular<br \/>Correo electr\u00f3nico: <a href=\"mailto:blort@unileon.es\">blort@unileon.es<\/a><\/li>\n<li><strong>Farzaneh Javadimarand<\/strong><br \/>Investigadora predoctoral, Dpto. de Biolog\u00eda Molecular<\/li>\n<li><strong>Pablo Casta\u00f1era Estrada\u00a0<\/strong><br \/>Investigador predoctoral, Dpto. de Biolog\u00eda Molecular<br \/>Correo electr\u00f3nico: <a href=\"mailto:pcase@unileon.es\">pcase@unileon.es<\/a><\/li>\n<li><strong>Helena \u00c1lvarez Ferrero<\/strong><br \/>Investigadora predoctoral, Dpto. de Biolog\u00eda Molecular<br \/>Correo electr\u00f3nico: <a href=\"mailto:halvf@unileon.es\">halvf@unileon.es<\/a><\/li>\n<li><strong>Alicia Mill\u00e1n Garc\u00eda<\/strong><br \/>Investigadora predoctoral, Dpto. de Ciencias Biom\u00e9dicas<br \/>Correo electr\u00f3nico: <a href=\"mailto:amilg@unileon.es\">amilg@unileon.es<\/a><\/li>\n<li><strong>Luc\u00eda P\u00e9rez P\u00e9rez<\/strong><br \/>Investigadora predoctoral, Dpto. de Sanidad Animal<br \/>Correo electr\u00f3nico: <a href=\"mailto:lperp@unileon.es\">lperp@unileon.es<\/a><\/li>\n<li><strong>Samuel G\u00f3mez Mart\u00ednez<\/strong><br \/>Investigador predoctoral, Dpto. de Sanidad Animal<br \/>Correo electr\u00f3nico: <a href=\"mailto:sgomm@unileon.es\">sgomm@unileon.es<\/a><\/li>\n<li><strong>Alejandro Ucero Carret\u00f3n<\/strong><br \/>Investigador predoctoral, Dpto. de Sanidad Animal<br \/>Correo electr\u00f3nico: <a href=\"mailto:aucec@unileon.es\">aucec@unileon.es<\/a><\/li>\n<li><strong>Gabriela Garc\u00eda Blanco<\/strong><br \/>Investigadora predoctoral, Dpto. de Biolog\u00eda Molecular<br \/>Correo electr\u00f3nico: <a href=\"mailto:ggarb@unileon.es\">ggarb@unileon.es<\/a><\/li>\n<li><strong>Ileana Bonilauri<\/strong><br \/>Investigadora predoctoral, Dpto. de Biolog\u00eda Molecular<br \/>Correo electr\u00f3nico: <a href=\"mailto:ibon@unileon.es\">ibon@unileon.es<\/a><\/li>\n<li><strong>Laura Calvo Rodr\u00edguez<\/strong><br \/>Investigadora predoctoral, Dpto. de Biolog\u00eda Molecular<br \/>Correo electr\u00f3nico: <a href=\"mailto:lcalr@unileon.es\">lcalr@unileon.es<\/a><\/li>\n<li><strong>Alba Sell\u00e9s Egea<\/strong><br \/>Investigadora predoctoral, Dpto. de Biolog\u00eda Molecular<br \/>Correo electr\u00f3nico: <a href=\"mailto:asele@unileon.es\">asele@unileon.es<\/a><\/li>\n<\/ul>\n<h2>Personal t\u00e9cnico y de administraci\u00f3n<\/h2>\n<ul>\n<li><strong>Indira \u00c1lvarez Fern\u00e1ndez<\/strong><br \/>T\u00e9cnica Especialista de Laboratorio, INDEGSAL<br \/>Correo electr\u00f3nico: <a href=\"mailto:ialvf@unileon.es\">ialvf@unileon.es<\/a><\/li>\n<li><strong>Jaime P\u00e9rez Albuerne<\/strong><br \/>T\u00e9cnico de apoyo a la investigaci\u00f3n<br \/>Correo electr\u00f3nico: <a href=\"mailto:japea@unileon.es\">japea@unileon.es<\/a><\/li>\n<li><strong>Beatriz S\u00e1nchez de Blas<\/strong><br \/>T\u00e9cnico de apoyo a la investigaci\u00f3n<br \/>Correo electr\u00f3nico: <a href=\"mailto:bsanb@unileon.es\">bsanb@unileon.es<\/a><\/li>\n<\/ul>\n<h2>Colaboradores honor\u00edficos<\/h2>\n<ul>\n<li>Ana Sierra Toral<\/li>\n<li>Dra. Estela Fern\u00e1ndez Alegre (Bianor Biotech S. L.)<\/li>\n<li>Dra. Est\u00edbaliz Lacalle (Bianor Biotech S. L.)<\/li>\n<li>Dr. Manuel \u00c1lvarez Rodr\u00edguez (SaPRoC, INIA-CSIC; Madrid)<\/li>\n<li>Roberto Robles de Llano (Lactiber S. A.)<\/li>\n<li>Pilar Alonso Alonso (Cl\u00ednica Veterinaria Dra. Pilar Alonso)<\/li>\n<li>Beatriz Alegre Guti\u00e9rrez (Junta de Castilla y Le\u00f3n)<\/li>\n<\/ul>\n<p><\/p>\n","protected":false},"excerpt":{"rendered":"<p>Personal investigador doctor Michal Letek PolbergProf. Titular de Universidad, Dpto. de Biolog\u00eda MolecularCorreo electr\u00f3nico: michal.letek@unileon.es C\u00e9sar B. Guti\u00e9rrez Mart\u00ednCatedr\u00e1tico de Universidad, Dpto. de Sanidad AnimalCorreo electr\u00f3nico: cbgutm@unileon.es Sonia Mart\u00ednez Mart\u00ednezProf. Titular de Universidad, Dpto. de\u00a0Sanidad AnimalCorreo electr\u00f3nico: smarm@unileon.es Mar\u00eda Jos\u00e9 Garc\u00eda IglesiasProf. Titular de Universidad, Dpto. de\u00a0Sanidad AnimalCorreo electr\u00f3nico: mjgari@unileon.es Vicente Gonz\u00e1lez EgurenProf. Titular de [&hellip;]<\/p>\n","protected":false},"author":4,"featured_media":0,"parent":0,"menu_order":0,"comment_status":"closed","ping_status":"open","template":"","meta":{"footnotes":""},"class_list":["post-24","page","type-page","status-publish","hentry"],"_links":{"self":[{"href":"https:\/\/institutos.unileon.es\/indegsal\/wp-json\/wp\/v2\/pages\/24","targetHints":{"allow":["GET"]}}],"collection":[{"href":"https:\/\/institutos.unileon.es\/indegsal\/wp-json\/wp\/v2\/pages"}],"about":[{"href":"https:\/\/institutos.unileon.es\/indegsal\/wp-json\/wp\/v2\/types\/page"}],"author":[{"embeddable":true,"href":"https:\/\/institutos.unileon.es\/indegsal\/wp-json\/wp\/v2\/users\/4"}],"replies":[{"embeddable":true,"href":"https:\/\/institutos.unileon.es\/indegsal\/wp-json\/wp\/v2\/comments?post=24"}],"version-history":[{"count":56,"href":"https:\/\/institutos.unileon.es\/indegsal\/wp-json\/wp\/v2\/pages\/24\/revisions"}],"predecessor-version":[{"id":2560,"href":"https:\/\/institutos.unileon.es\/indegsal\/wp-json\/wp\/v2\/pages\/24\/revisions\/2560"}],"wp:attachment":[{"href":"https:\/\/institutos.unileon.es\/indegsal\/wp-json\/wp\/v2\/media?parent=24"}],"curies":[{"name":"wp","href":"https:\/\/api.w.org\/{rel}","templated":true}]}}