{"id":2282,"date":"2025-04-30T14:29:59","date_gmt":"2025-04-30T12:29:59","guid":{"rendered":"https:\/\/institutos.unileon.es\/indegsal\/?page_id=2282"},"modified":"2025-04-30T14:29:59","modified_gmt":"2025-04-30T12:29:59","slug":"practicas-externas-y-otras-practicas-formativas","status":"publish","type":"page","link":"https:\/\/institutos.unileon.es\/indegsal\/practicas-externas-y-otras-practicas-formativas\/","title":{"rendered":"Pr\u00e1cticas externas y otras pr\u00e1cticas formativas"},"content":{"rendered":"<p><\/p>\n<h2>Pr\u00e1cticas externas de Grado o de M\u00e1ster<\/h2>\n<p>El INDEGSAL ofrece la posibilidad de realizar pr\u00e1cticas externas curriculares de los grados afines (Veterinaria, Biolog\u00eda, Biotecnolog\u00eda y Ciencias Ambientales).<\/p>\n<p>Tambi\u00e9n se pueden realizar pr\u00e1cticas extracurriculares y pr\u00e1cticum de M\u00e1ster.<\/p>\n<p>Para la realizaci\u00f3n de las pr\u00e1cticas se debe contactar con alguno de los grupos del Instituto para que se encargue de su gesti\u00f3n y tutorizaci\u00f3n.<\/p>\n<p><\/p>\n<p><\/p>\n<h2>Pr\u00e1cticas de m\u00f3dulos formativos<\/h2>\n<p>El INDEGSAL puede establecer convenios con centros de formaci\u00f3n profesional para la realizaci\u00f3n de pr\u00e1cticas de m\u00f3dulos afines en sus instalaciones.<\/p>\n<p>Para su realizaci\u00f3n, el centro debe contactar con el equipo directivo para confirmar la disponibilidad y realizar el convenio correspondiente.<\/p>\n<p><\/p>\n<p><\/p>\n","protected":false},"excerpt":{"rendered":"<p>Pr\u00e1cticas externas de Grado o de M\u00e1ster El INDEGSAL ofrece la posibilidad de realizar pr\u00e1cticas externas curriculares de los grados afines (Veterinaria, Biolog\u00eda, Biotecnolog\u00eda y Ciencias Ambientales). Tambi\u00e9n se pueden realizar pr\u00e1cticas extracurriculares y pr\u00e1cticum de M\u00e1ster. Para la realizaci\u00f3n de las pr\u00e1cticas se debe contactar con alguno de los grupos del Instituto para que [&hellip;]<\/p>\n","protected":false},"author":4,"featured_media":0,"parent":0,"menu_order":0,"comment_status":"closed","ping_status":"closed","template":"","meta":{"footnotes":""},"class_list":["post-2282","page","type-page","status-publish","hentry"],"_links":{"self":[{"href":"https:\/\/institutos.unileon.es\/indegsal\/wp-json\/wp\/v2\/pages\/2282","targetHints":{"allow":["GET"]}}],"collection":[{"href":"https:\/\/institutos.unileon.es\/indegsal\/wp-json\/wp\/v2\/pages"}],"about":[{"href":"https:\/\/institutos.unileon.es\/indegsal\/wp-json\/wp\/v2\/types\/page"}],"author":[{"embeddable":true,"href":"https:\/\/institutos.unileon.es\/indegsal\/wp-json\/wp\/v2\/users\/4"}],"replies":[{"embeddable":true,"href":"https:\/\/institutos.unileon.es\/indegsal\/wp-json\/wp\/v2\/comments?post=2282"}],"version-history":[{"count":1,"href":"https:\/\/institutos.unileon.es\/indegsal\/wp-json\/wp\/v2\/pages\/2282\/revisions"}],"predecessor-version":[{"id":2283,"href":"https:\/\/institutos.unileon.es\/indegsal\/wp-json\/wp\/v2\/pages\/2282\/revisions\/2283"}],"wp:attachment":[{"href":"https:\/\/institutos.unileon.es\/indegsal\/wp-json\/wp\/v2\/media?parent=2282"}],"curies":[{"name":"wp","href":"https:\/\/api.w.org\/{rel}","templated":true}]}}