{"id":2273,"date":"2025-04-30T14:18:22","date_gmt":"2025-04-30T12:18:22","guid":{"rendered":"https:\/\/institutos.unileon.es\/indegsal\/?page_id=2273"},"modified":"2025-09-04T15:53:45","modified_gmt":"2025-09-04T13:53:45","slug":"grupos-de-investigacion","status":"publish","type":"page","link":"https:\/\/institutos.unileon.es\/indegsal\/grupos-de-investigacion\/","title":{"rendered":"Grupos de investigaci\u00f3n"},"content":{"rendered":"<p><\/p>\n<ul>\n<li>\n<p><a href=\"https:\/\/institutos.unileon.es\/indegsal\/grupos-de-investigacion\/aplicaciones-biologicas-de-farmacos-biolfar\/\"><strong>Aplicaciones biol\u00f3gicas de f\u00e1rmacos (BIOLFAR)<\/strong><\/a> <br \/><strong>Responsable:<\/strong> Dra. Gracia Merino Pel\u00e1ez<\/p>\n<\/li>\n<li><strong><a href=\"https:\/\/institutos.unileon.es\/indegsal\/grupos-de-investigacion\/aplicaciones-biotecnologicas-de-actinobacterias-bioactinotec\/\">Aplicaciones biotecnol\u00f3gicas de actinobacterias (ACTINOTEC)<\/a><\/strong> <br \/><strong>Responsable:<\/strong> Dr. Michal Letek Polberg<\/li>\n<li>\n<p><a href=\"https:\/\/institutos.unileon.es\/indegsal\/grupos-de-investigacion\/diferenciacion-celular-y-diseno-de-modelos-celulares-modcell\/\"><strong>Diferenciaci\u00f3n celular y dise\u00f1o de modelos celulares (MODCELL)<\/strong><\/a> <br \/><strong>Responsable:<\/strong> Dra. Margarita Marqu\u00e9s Mart\u00ednez<\/p>\n<\/li>\n<li>\n<p><a href=\"https:\/\/institutos.unileon.es\/indegsal\/grupos-de-investigacion\/enfermedades-digestivas-del-ganado-porcino-digesporc\/\"><strong>Enfermedades digestivas del ganado porcino (DIGESPORC)<\/strong><\/a> <br \/><strong>Responsable:<\/strong> Dra. Ana M.\u00aa Carvajal Urue\u00f1a<\/p>\n<\/li>\n<li>\n<p><a href=\"https:\/\/institutos.unileon.es\/indegsal\/grupos-de-investigacion\/investigacion-cardiovascular-traslacional-intracardio\/\"><strong>Investigaci\u00f3n cardiovascular traslacional (INTRACARDIO)<\/strong><\/a> <br \/><strong>Responsable:<\/strong> Dra. Beatriz Mart\u00edn Fern\u00e1ndez<\/p>\n<\/li>\n<li><strong><a href=\"https:\/\/institutos.unileon.es\/indegsal\/grupos-de-investigacion\/patogenos-respiratorios-de-etiologia-bacteriana-bacrespi\/\">Pat\u00f3genos respiratorios de etiolog\u00eda bacteriana (BACRESPI)<\/a><\/strong> <br \/><strong>Responsable:<\/strong> Dr. C\u00e9sar B. Guti\u00e9rrez Mart\u00edn<\/li>\n<li>\n<p><a href=\"https:\/\/institutos.unileon.es\/indegsal\/grupos-de-investigacion\/reproduccion-animal-imapor\/\"><strong>Reproducci\u00f3n animal (IMAPOR)<\/strong><\/a> <br \/><strong>Responsable:<\/strong> Dr. Jos\u00e9 R. Gonz\u00e1lez Monta\u00f1a<\/p>\n<\/li>\n<li><a href=\"https:\/\/institutos.unileon.es\/indegsal\/grupos-de-investigacion\/reproduccion-y-biologia-molecular-repromol\/\"><strong>Reproducci\u00f3n y biolog\u00eda molecular (REPROMOL)<\/strong><\/a> <br \/><strong>Responsable:<\/strong> Dra. Vanesa Robles Rodr\u00edguez<\/li>\n<li>\n<p><a href=\"https:\/\/institutos.unileon.es\/indegsal\/grupos-de-investigacion\/tecnicas-de-reproduccion-asistida-itra-ule\/\"><strong>T\u00e9cnicas de reproducci\u00f3n asistida (Itra-ULE)<\/strong><\/a> <br \/><strong>Responsable: <\/strong>Dra. M\u00aa Mercedes \u00c1lvarez Garc\u00eda<\/p>\n<\/li>\n<\/ul>\n<p><\/p>\n","protected":false},"excerpt":{"rendered":"<p>Aplicaciones biol\u00f3gicas de f\u00e1rmacos (BIOLFAR) Responsable: Dra. Gracia Merino Pel\u00e1ez Aplicaciones biotecnol\u00f3gicas de actinobacterias (ACTINOTEC) Responsable: Dr. Michal Letek Polberg Diferenciaci\u00f3n celular y dise\u00f1o de modelos celulares (MODCELL) Responsable: Dra. Margarita Marqu\u00e9s Mart\u00ednez Enfermedades digestivas del ganado porcino (DIGESPORC) Responsable: Dra. Ana M.\u00aa Carvajal Urue\u00f1a Investigaci\u00f3n cardiovascular traslacional (INTRACARDIO) Responsable: Dra. Beatriz Mart\u00edn Fern\u00e1ndez Pat\u00f3genos [&hellip;]<\/p>\n","protected":false},"author":4,"featured_media":0,"parent":0,"menu_order":0,"comment_status":"closed","ping_status":"closed","template":"","meta":{"footnotes":""},"class_list":["post-2273","page","type-page","status-publish","hentry"],"_links":{"self":[{"href":"https:\/\/institutos.unileon.es\/indegsal\/wp-json\/wp\/v2\/pages\/2273","targetHints":{"allow":["GET"]}}],"collection":[{"href":"https:\/\/institutos.unileon.es\/indegsal\/wp-json\/wp\/v2\/pages"}],"about":[{"href":"https:\/\/institutos.unileon.es\/indegsal\/wp-json\/wp\/v2\/types\/page"}],"author":[{"embeddable":true,"href":"https:\/\/institutos.unileon.es\/indegsal\/wp-json\/wp\/v2\/users\/4"}],"replies":[{"embeddable":true,"href":"https:\/\/institutos.unileon.es\/indegsal\/wp-json\/wp\/v2\/comments?post=2273"}],"version-history":[{"count":25,"href":"https:\/\/institutos.unileon.es\/indegsal\/wp-json\/wp\/v2\/pages\/2273\/revisions"}],"predecessor-version":[{"id":2628,"href":"https:\/\/institutos.unileon.es\/indegsal\/wp-json\/wp\/v2\/pages\/2273\/revisions\/2628"}],"wp:attachment":[{"href":"https:\/\/institutos.unileon.es\/indegsal\/wp-json\/wp\/v2\/media?parent=2273"}],"curies":[{"name":"wp","href":"https:\/\/api.w.org\/{rel}","templated":true}]}}