{"id":2270,"date":"2025-04-30T14:16:39","date_gmt":"2025-04-30T12:16:39","guid":{"rendered":"https:\/\/institutos.unileon.es\/indegsal\/?page_id=2270"},"modified":"2025-09-08T13:39:23","modified_gmt":"2025-09-08T11:39:23","slug":"servicios","status":"publish","type":"page","link":"https:\/\/institutos.unileon.es\/indegsal\/servicios\/","title":{"rendered":"Servicios"},"content":{"rendered":"<p><\/p>\n<h3>Acuicultura<\/h3>\n<ul>\n<li>Estudios de conducta que indican niveles de ansiedad en peces cebra en respuesta a la administraci\u00f3n de un suplemento alimenticio (para valorar su potencial como ansiol\u00edticos) o a la presencia de estresores en el medio.<\/li>\n<li>Servicios t\u00e9cnicos relacionados con reproducci\u00f3n asistida.<\/li>\n<\/ul>\n<h3>Bienestar animal<\/h3>\n<ul class=\"grupo-detalles__lista\">\n<li>Criopreservaci\u00f3n y conservaci\u00f3n refrigerada de semen.<\/li>\n<li>Ecograf\u00eda luteal para el diagn\u00f3stico precoz en ganado vacuno.<\/li>\n<li>Congelaci\u00f3n de semen de especies dom\u00e9sticas y silvestres: verraco, morueco, toro, perro, caballo semental, rumiantes silvestres.<\/li>\n<li>Estudio y asesoramiento en medicina y reproducci\u00f3n en explotaciones ganaderas, inseminaci\u00f3n artificial, transferencia embrionaria y FIV (vacuno, ovino, porcino y cun\u00edcola).<\/li>\n<li>Servicio de control cl\u00ednico y seminal de Reproductores.<\/li>\n<li>An\u00e1lisis de la calidad seminal en humanos: seminograma b\u00e1sico y avanzado (cromatina esperm\u00e1tica, determinaci\u00f3n de marcadores fisiol\u00f3gicos).<\/li>\n<li>Estudio de la calidad esperm\u00e1tica: fisiolog\u00eda, movilidad, migraci\u00f3n, capacitaci\u00f3n, biolog\u00eda celular y molecular.<\/li>\n<li>Evaluaci\u00f3n de patolog\u00edas de origen metab\u00f3lico-mineral en animales de alta producci\u00f3n; estudios etol\u00f3gicos y comportamentales en ganado.<\/li>\n<li>Evaluaci\u00f3n de eficacia de compuestos antimicrobianos <em>in vitro<\/em>\/<em>in vivo<\/em>.<\/li>\n<li>Evaluaci\u00f3n de eficacia medidas de control enfermedades infecciosas (vacunaci\u00f3n, etc.).<\/li>\n<li>Estudios de pat\u00f3genos en infecciones controladas y condiciones de campo.<\/li>\n<li>Diagn\u00f3stico de enfermedades infecciosas ent\u00e9ricas del cerdo.<\/li>\n<li>Caracterizaci\u00f3n de microbiota por qPCR y secuenciaci\u00f3n.<\/li>\n<\/ul>\n<h3>Biolog\u00eda y tecnolog\u00eda de la reproducci\u00f3n<\/h3>\n<ul>\n<li>Inseminaci\u00f3n artificial.<\/li>\n<li>Espermiograma.<\/li>\n<li>Citolog\u00eda vaginal.<\/li>\n<li>Seguimiento hormonal del ciclo estral.<\/li>\n<li>Ecograf\u00eda.<\/li>\n<li>Congelaci\u00f3n de dosis seminales.<\/li>\n<li>Electroeyaculaci\u00f3n.<\/li>\n<li>Criopreservaci\u00f3n y conservaci\u00f3n refrigerada de semen.<\/li>\n<li>Ecograf\u00eda luteal para el diagn\u00f3stico precoz en ganado vacuno.<\/li>\n<li>Congelaci\u00f3n de semen de especies dom\u00e9sticas y silvestres: verraco, morueco, toro, perro, caballo semental, rumiantes silvestres.<\/li>\n<li>Estudio y asesoramiento en medicina y reproducci\u00f3n en explotaciones ganaderas, inseminaci\u00f3n artificial, transferencia embrionaria y FIV (vacuno, ovino, porcino y cun\u00edcola).<\/li>\n<li>Servicio de control cl\u00ednico y seminal de reproductores.<\/li>\n<li>An\u00e1lisis de la calidad seminal en humanos: seminograma b\u00e1sico y avanzado (cromatina esperm\u00e1tica, determinaci\u00f3n de marcadores fisiol\u00f3gicos).<\/li>\n<li>Estudio de la calidad esperm\u00e1tica: fisiolog\u00eda, movilidad, migraci\u00f3n, capacitaci\u00f3n, biolog\u00eda celular y molecular.<\/li>\n<li>Evaluaci\u00f3n de patolog\u00edas de origen metab\u00f3lico-mineral en animales de alta producci\u00f3n; estudios etol\u00f3gicos y comportamentales en ganado.<\/li>\n<\/ul>\n<h3>Fisiopatolog\u00eda de la gl\u00e1ndula mamaria en rumiantes<\/h3>\n<ul class=\"grupo-detalles__lista\">\n<li>Criopreservaci\u00f3n y conservaci\u00f3n refrigerada de semen.<\/li>\n<li>Ecograf\u00eda luteal para el diagn\u00f3stico precoz en ganado vacuno.<\/li>\n<li>Congelaci\u00f3n de semen de especies dom\u00e9sticas y silvestres: verraco, morueco, toro, perro, caballo semental, rumiantes silvestres.<\/li>\n<li>Estudio y asesoramiento en medicina y reproducci\u00f3n en explotaciones ganaderas, inseminaci\u00f3n artificial, transferencia embrionaria y FIV (vacuno, ovino, porcino y cun\u00edcola).<\/li>\n<li>Servicio de control cl\u00ednico y seminal de reproductores.<\/li>\n<li>An\u00e1lisis de la calidad seminal en humanos: seminograma b\u00e1sico y avanzado (cromatina esperm\u00e1tica, determinaci\u00f3n de marcadores fisiol\u00f3gicos).<\/li>\n<li>Estudio de la calidad esperm\u00e1tica: fisiolog\u00eda, movilidad, migraci\u00f3n, capacitaci\u00f3n, biolog\u00eda celular y molecular.<\/li>\n<li>Evaluaci\u00f3n de patolog\u00edas de origen metab\u00f3lico-mineral en animales de alta producci\u00f3n; estudios etol\u00f3gicos y comportamentales en ganado.<\/li>\n<li>Estudios toxicol\u00f3gicos y farmacocin\u00e9ticos en animales de laboratorio y animales de abasto.<\/li>\n<li>An\u00e1lisis cromatogr\u00e1fico de niveles de compuestos en muestras biol\u00f3gicas.<\/li>\n<li>Obtenci\u00f3n y cultivo de c\u00e9lulas troncales mesenquimales y secretoma.<\/li>\n<li>Modelos <em>in vitro<\/em> de inflamaci\u00f3n.<\/li>\n<li>An\u00e1lisis microbiol\u00f3gico cuantitativo en odontolog\u00eda.<\/li>\n<li>An\u00e1lisis de predisposici\u00f3n gen\u00e9tica a padecer periodontitis y periimplantitis.<\/li>\n<\/ul>\n<h3>Fisiopatolog\u00eda metab\u00f3lica<\/h3>\n<ul class=\"grupo-detalles__lista\">\n<li>Criopreservaci\u00f3n y conservaci\u00f3n refrigerada de semen.<\/li>\n<li>Ecograf\u00eda luteal para el diagn\u00f3stico precoz en ganado vacuno.<\/li>\n<li>Congelaci\u00f3n de semen de especies dom\u00e9sticas y silvestres: verraco, morueco, toro, perro, caballo semental, rumiantes silvestres.<\/li>\n<li>Estudio y asesoramiento en medicina y reproducci\u00f3n en explotaciones ganaderas, inseminaci\u00f3n artificial, transferencia embrionaria y FIV (vacuno, ovino, porcino y cun\u00edcola).<\/li>\n<li>Servicio de control cl\u00ednico y seminal de reproductores.<\/li>\n<li>An\u00e1lisis de la calidad seminal en humanos: seminograma b\u00e1sico y avanzado (cromatina esperm\u00e1tica, determinaci\u00f3n de marcadores fisiol\u00f3gicos).<\/li>\n<li>Estudio de la calidad esperm\u00e1tica: fisiolog\u00eda, movilidad, migraci\u00f3n, capacitaci\u00f3n, biolog\u00eda celular y molecular.<\/li>\n<li>Evaluaci\u00f3n de patolog\u00edas de origen metab\u00f3lico-mineral en animales de alta producci\u00f3n; estudios etol\u00f3gicos y comportamentales en ganado.<\/li>\n<\/ul>\n<h3>Infecciones bacterianas en porcino<\/h3>\n<ul class=\"grupo-detalles__lista\">\n<li>Asesoramiento cient\u00edfico sobre el desarrollo de vacunas, tipos de ant\u00edgenos, tipos de adyuvantes.<\/li>\n<li>Asesoramiento cient\u00edfico sobre el Complejo Respiratorio Porcino (CRP).<\/li>\n<li>Detecci\u00f3n de genes de resistencia a antimicrobianos.<\/li>\n<li>Detecci\u00f3n de factores de virulencia de las bacterias del CRP.<\/li>\n<li>Desarrollo de autovacunas frente a aislados de campo de bacterias del CRP.<\/li>\n<li>Evaluaci\u00f3n de eficacia de compuestos antimicrobianos <em>in vitro<\/em>\/<em>in vivo<\/em>.<\/li>\n<li>Evaluaci\u00f3n de eficacia medidas de control enfermedades infecciosas (vacunaci\u00f3n, etc.).<\/li>\n<li>Estudios de pat\u00f3genos en infecciones controladas y condiciones de campo.<\/li>\n<li>Diagn\u00f3stico de enfermedades infecciosas ent\u00e9ricas del cerdo.<\/li>\n<li>Caracterizaci\u00f3n de microbiota por qPCR y secuenciaci\u00f3n.<\/li>\n<\/ul>\n<h3>Modelos celulares\u00a0<\/h3>\n<ul class=\"grupo-detalles__lista\">\n<li>Estudio de enfermedades cardiovasculares en modelos <em>in vivo<\/em>.<\/li>\n<li>Evaluaci\u00f3n patol\u00f3gica (macrosc\u00f3pica, histomorfom\u00e9trica, histol\u00f3gica e inmunohistoqu\u00edmica) de diferentes dispositivos endovasculares en modelos animales.<\/li>\n<li>An\u00e1lisis de la eficacia y seguridad de procedimientos para el tratamiento de la enfermedad vascular perif\u00e9rica en modelos animales.<\/li>\n<li>Valoraci\u00f3n de muestras endovasculares mediante microscop\u00eda electr\u00f3nica de barrido.<\/li>\n<li>Estudios de eficacia de f\u00e1rmacos en modelos <em>in vitro<\/em>.<\/li>\n<li>Adaptaci\u00f3n y desarrollo de modelos celulares para la identificaci\u00f3n y estudio de f\u00e1rmacos.<\/li>\n<\/ul>\n<h3>Resistencia a los antibi\u00f3ticos (RAM)<\/h3>\n<ul class=\"grupo-detalles__lista\">\n<li>Evaluaci\u00f3n de eficacia de compuestos antimicrobianos <em>in vitro<\/em>\/<em>in vivo<\/em>.<\/li>\n<li>Evaluaci\u00f3n de eficacia medidas de control enfermedades infecciosas (vacunaci\u00f3n, etc.).<\/li>\n<li>Estudios de pat\u00f3genos en infecciones controladas y condiciones de campo.<\/li>\n<li>Diagn\u00f3stico de enfermedades infecciosas ent\u00e9ricas del cerdo.<\/li>\n<li>Caracterizaci\u00f3n de microbiota por qPCR y secuenciaci\u00f3n.<\/li>\n<li>Asesoramiento cient\u00edfico sobre el desarrollo de vacunas, tipos de ant\u00edgenos, tipos de adyuvantes.<\/li>\n<li>Asesoramiento cient\u00edfico sobre el Complejo Respiratorio Porcino (CRP).<\/li>\n<li>Detecci\u00f3n de genes de resistencia a antimicrobianos.<\/li>\n<li>Detecci\u00f3n de factores de virulencia de las bacterias del CRP.<\/li>\n<li>Desarrollo de autovacunas frente a aislados de campo de bacterias del CRP.<\/li>\n<li>Desarrollo de proyectos de I+D de base microbiol\u00f3gica para empresas de los sectores farmac\u00e9utico, veterinario y agroalimentario.<\/li>\n<\/ul>\n<p><\/p>\n<p><\/p>\n","protected":false},"excerpt":{"rendered":"<p>Acuicultura Estudios de conducta que indican niveles de ansiedad en peces cebra en respuesta a la administraci\u00f3n de un suplemento alimenticio (para valorar su potencial como ansiol\u00edticos) o a la presencia de estresores en el medio. Servicios t\u00e9cnicos relacionados con reproducci\u00f3n asistida. Bienestar animal Criopreservaci\u00f3n y conservaci\u00f3n refrigerada de semen. Ecograf\u00eda luteal para el diagn\u00f3stico [&hellip;]<\/p>\n","protected":false},"author":4,"featured_media":0,"parent":0,"menu_order":0,"comment_status":"closed","ping_status":"closed","template":"","meta":{"footnotes":""},"class_list":["post-2270","page","type-page","status-publish","hentry"],"_links":{"self":[{"href":"https:\/\/institutos.unileon.es\/indegsal\/wp-json\/wp\/v2\/pages\/2270","targetHints":{"allow":["GET"]}}],"collection":[{"href":"https:\/\/institutos.unileon.es\/indegsal\/wp-json\/wp\/v2\/pages"}],"about":[{"href":"https:\/\/institutos.unileon.es\/indegsal\/wp-json\/wp\/v2\/types\/page"}],"author":[{"embeddable":true,"href":"https:\/\/institutos.unileon.es\/indegsal\/wp-json\/wp\/v2\/users\/4"}],"replies":[{"embeddable":true,"href":"https:\/\/institutos.unileon.es\/indegsal\/wp-json\/wp\/v2\/comments?post=2270"}],"version-history":[{"count":9,"href":"https:\/\/institutos.unileon.es\/indegsal\/wp-json\/wp\/v2\/pages\/2270\/revisions"}],"predecessor-version":[{"id":2639,"href":"https:\/\/institutos.unileon.es\/indegsal\/wp-json\/wp\/v2\/pages\/2270\/revisions\/2639"}],"wp:attachment":[{"href":"https:\/\/institutos.unileon.es\/indegsal\/wp-json\/wp\/v2\/media?parent=2270"}],"curies":[{"name":"wp","href":"https:\/\/api.w.org\/{rel}","templated":true}]}}