{"id":173,"date":"2012-12-04T11:52:39","date_gmt":"2012-12-04T10:52:39","guid":{"rendered":"http:\/\/institutos.unileon.es\/indegsal\/?page_id=173"},"modified":"2026-03-04T14:33:14","modified_gmt":"2026-03-04T13:33:14","slug":"curso-peluqueria-estetica","status":"publish","type":"page","link":"https:\/\/institutos.unileon.es\/indegsal\/curso-peluqueria-estetica\/","title":{"rendered":"Curso de Est\u00e9tica y Peluquer\u00eda Canina y Felina 2026"},"content":{"rendered":"<p><\/p>\n<p class=\"has-text-align-center has-very-light-gray-color has-text-color has-background\" style=\"background-color:#78c118\">&nbsp;<\/p>\n<p><\/p>\n<p><img loading=\"lazy\" decoding=\"async\" class=\"alignleft wp-image-2111 \" src=\"https:\/\/institutos.unileon.es\/indegsal\/files\/2023\/06\/Presentacion2.jpg\" alt=\"\" width=\"172\" height=\"97\" \/><\/p>\n<h1>INDEGSAL<\/h1>\n<h2 align=\"center\"><span style=\"color: #003300;\"><strong>CURSO DE EXTENSI\u00d3N UNIVERSITARIA<\/strong><\/span><\/h2>\n<h1 align=\"center\"><span style=\"color: #003300;\"><strong><em><span style=\"color: #ff6600;\">EST\u00c9TICA Y PELUQUER\u00cdA CANINA Y FELINA<br \/><\/span><\/em><\/strong><\/span><strong>por la<br \/>UNIVERSIDAD<\/strong><span style=\"color: #003300;\"><strong><span style=\"color: #000000;\"> DE LEON<\/span><\/strong><\/span><\/h1>\n<h1 style=\"text-align: center;\"><span style=\"color: #ff00ff;\">\u00a1PR\u00d3XIMA EDICI\u00d3N EN 2026.<\/span><\/h1>\n<h2 style=\"text-align: center;\"><span style=\"color: #ff00ff;\"><strong>\u00a1PR\u00d3XIMA EDICI\u00d3N EN 2026<\/strong><\/span><span style=\"color: #ff00ff;\"><strong>. PENDIENTE DE TRAMITACI\u00d3N A CONSEJO DE GOBIERO<\/strong><\/span><span style=\"color: #ff00ff;\"><strong>\u00a0DE LA UNIVERSIDAD!<br \/><\/strong><\/span><span style=\"color: #ff00ff;\"><strong>Puede ENVIAR YA su SOLICITUD de PREINSCRIPCI\u00d3N a: cursos.veterinaria.ule@gmail.com!<\/strong><\/span><\/h2>\n<h2 style=\"text-align: center;\"><a href=\"https:\/\/institutos.unileon.es\/indegsal\/temario-curso\/\" target=\"_blank\" rel=\"noopener\"><strong>Temario del curso de Est\u00e9tica y Peluquer\u00eda Canina y Felina<\/strong><\/a><\/h2>\n<p><strong>Director:<\/strong><br \/>C\u00e9sar A. Chamorro. Catedr\u00e1tico de Anatom\u00eda y Embriolog\u00eda de la Universidad de Le\u00f3n. Instituto de Desarrollo Ganadero y Sanidad Animal (INDEGSAL).\u00a0<br \/><strong>Profesores:<br \/>Profesores especialistas y miembros del Instituto de Desarrollo Ganadero y Sanidad Animal (INDEGSAL).<\/strong><\/p>\n<p><strong>Salidas profesionales<br \/><\/strong>El trabajo de Esteticista y peluquero canino y felino se hace cada vez m\u00e1s necesario y demandado por los propietarios de estas mascotas. Las personas que realicen este curso adquirir\u00e1n los conocimientos te\u00f3ricos y pr\u00e1cticos b\u00e1sicos de un perfil laboral cada vez con m\u00e1s demanda en la sociedad consistente en labores de est\u00e9tica y peluquer\u00eda canina y felina, para lo que recibir\u00e1n las ense\u00f1anzas necesarias.<br \/>Est\u00e1 dirigido a personas que quieran trabajar en: peluquer\u00eda canina y felina, cl\u00ednicas veterinarias, hospitales veterinarios, establecimientos zool\u00f3gicos, establecimientos de mascotas, de complementos, cuidador de mascotas, criadores de mascotas, residencias de mascotas, personal de concursos o que ya trabajen en estos puestos y que su trabajo les exija mejorar su preparaci\u00f3n, as\u00ed como personas con inter\u00e9s en el mundo animal (siempre teniendo en cuenta las competencias del profesional veterinario).<\/p>\n<p><strong>\u2022 Duraci\u00f3n del curso:<br \/><\/strong>Se desarrollar\u00e1n sobre la base de 23 sesiones te\u00f3rico-pr\u00e1cticas on line sobre los temas incluidos en el programa y horas de trabajo y pr\u00e1cticas del alumno distribuido en realizaci\u00f3n de lavado, peinado y cortes de pelo y manipulaci\u00f3n est\u00e9tica de la mascota, horas de estudio y la posible preparaci\u00f3n de trabajos dirigidos por los profesores y tutor\u00edas.<\/p>\n<p><strong>\u2022 Programaci\u00f3n docente. <\/strong><strong>TEMARIO<br \/><\/strong>Las sesiones on line ser\u00e1n te\u00f3ricopr\u00e1cticas con una duraci\u00f3n prevista de unos a 55 minutos. Los temas y sus contenidos se\u00e1n puestos a disposici\u00f3n de los alumnos en una intranet al efecto para aquellos alumnos que no puedan asistir al horario previsto.<\/p>\n<p><strong>TEMARIO (Puede estar sujeto a algunas actualizaciones o cambios de orden por criterios acad\u00e9micos).<br \/>BLOQUE 1.- CUIDADOS DEL PELO Y ANEJOS<br \/><\/strong>Tema 1.- Ba\u00f1o y cuidados del pelo. Cepillado y desenredado. Instrumental y Productos de cosm\u00e9tica.<br \/>Tema 2.- Importancia de la nutrici\u00f3n en el cuidado de pelo y anejos.<br \/><strong>BLOQUE 2.- DISTINTOS CORTES DEPENDIENDO DEL TIPO DE PELO Y DE RAZA.<br \/><\/strong>Tema 3.- Trimming y stripping. Instrumental necesario. T\u00e9cnicas y m\u00e9todos en las diferentes partes del cuerpo.<br \/>Tema 4.- Corte de pelo. Instrumental.<br \/>Tema 5.- T\u00e9cnicas de peluquer\u00eda espec\u00edficas en las diferentes razas.<br \/>Tema 6.- Higiene del perro y del gato con patolog\u00edas dermatol\u00f3gicas.<br \/><strong>BLOQUE 3.- INTRODUCCION A LA ETOLOG\u00cdA CL\u00cdNICA<br \/><\/strong>Tema 7.- Etolog\u00eda canina: Comportamiento y manejo del perro en la peluquer\u00eda. Instrumentos y m\u00e9todos de sujeci\u00f3n.<br \/>Tema 8.- Etolog\u00eda felina: Comportamiento y manejo del gato en la peluquer\u00eda. Instrumentos y m\u00e9todos de sujeci\u00f3n.<strong><br \/>BLOQUE 4: INTRODUCCION A LA ANATOM\u00cdA<br \/>PARTE I: INTRODUCCION A LA ANATOM\u00cdA.<br \/><\/strong>Tema 9.- Nociones b\u00e1sicas de anatom\u00eda del perro.<br \/>Tema 10.- Nociones b\u00e1sicas de anatom\u00eda del gato.<br \/>Tema 11.- Piel y pelo. Estructura. Vascularizaci\u00f3n e inervaci\u00f3n. Nociones anat\u00f3micas b\u00e1sicas de la nariz.<br \/><strong>PARTE II: ANEJOS.<\/strong><br \/>Tema 12.- Parte I: Nociones anat\u00f3micas b\u00e1sicas de pabell\u00f3n auricular y o\u00eddo externo. Parte II: Problemas est\u00e9ticos m\u00e1s frecuentes. C\u00f3mo informar al veterinario ante cualquier posible anomal\u00eda.<br \/>Tema 13.- Parte I: Nociones anat\u00f3micas b\u00e1sicas de p\u00e1rpados, pesta\u00f1as, conjuntiva y c\u00f3rnea. Parte II: Problemas est\u00e9ticos m\u00e1s frecuentes. Correcta manipulaci\u00f3n y cuidado externo de ojos. C\u00f3mo informar al veterinario ante cualquier posible anomal\u00eda.<br \/><strong>BLOQUE 5: CONOCIMIENTOS BASICOS DE MICROBIOLOGIA Y PARASITOLOGIA. <\/strong><strong>DERMATOLOG\u00cdA CANINA Y FELINA<br \/><\/strong>Tema 14.- Enfermedades infecciosas externas caninas y felinas m\u00e1s comunes. C\u00f3mo informar al veterinario ante cualquier posible anomal\u00eda.<br \/>Tema 15.- Ectopar\u00e1sitos (insectos y ar\u00e1cnidos). C\u00f3mo informar al veterinario ante cualquier posible anomal\u00eda.<br \/>Tema 16.- Principales lesiones que afectan a la piel de las mascotas. Alergias dermatol\u00f3gicas. C\u00f3mo informar al veterinario ante cualquier posible anomal\u00eda.<br \/>Tema 17.- Limpieza y manejo de heridas bajo las indicaciones del veterinario. Cuidados est\u00e9ticos en suturas y cicatrizaci\u00f3n.<br \/>Tema 18.- Conceptos b\u00e1sicos de primeros auxilios.<br \/><strong>BLOQUE 6: CARACTER\u00cdSTICAS DE LAS DIFERENTES RAZAS<br \/><\/strong>Tema 19.- Caracter\u00edsticas morfol\u00f3gicas de las razas de perros.<br \/>Tema 20.- Caracter\u00edsticas morfol\u00f3gicas de las razas de gatos.<br \/><strong>BLOQUE 7: PR\u00c1CTICAS DE CORTE DE PELO.<br \/><\/strong>Tema 21.- Lavado, peinado y corte de pelo en diferentes razas de perro realizadas sobre animales, dirigido por una esteticista profesional en una sala habilitada al efecto con todo el instrumental y medios a disposici\u00f3n de los alumnos (tema desarrollado en varias sesiones y razas, exclusivamente pr\u00e1ctico, desde los primeros d\u00edas del inicio del curso hasta el final en horarios escogidos por el alumno seg\u00fan su disponibilidad).<br \/><strong>BLOQUE 8: ASPECTOS \u00c9TICOS Y ORGANIZATIVOS<br \/><\/strong>Tema 22.- \u00c1mbito profesional, atribuciones y \u00e9tica profesional. La comunicaci\u00f3n: Tipos, formas, m\u00e9todos. Recepci\u00f3n del propietario y su mascota.<br \/>Tema 23.- Parte I: Montar una peluquer\u00eda: Materiales que necesito. Parte II: Cuestiones legales: Alta Seguridad Social, Subvenciones. Riesgos laborales en Peluquer\u00eda canina y felina.<\/p>\n<p><strong>\u2022 Profesorado responsable de la docencia:<br \/>Profesores especialistas y miembros del Instituto de Desarrollo Ganadero y Sanidad Animal (INDEGSAL).<br \/><\/strong>&#8211; C\u00e9sar A. Chamorro \u00c1lvarez. Catedr\u00e1tico de Universidad. Dpto. Medicina, Cirug\u00eda y Anatom\u00eda Veterinarias. Instituto de desarrollo Ganadero y Sanidad Animal (INDEGSAL). Universidad de Le\u00f3n.<br \/>&#8211; Jos\u00e9 Gabriel Fern\u00e1ndez \u00c1lvarez. Catedr\u00e1tico de Universidad. Dpto. Medicina, Cirug\u00eda y Anatom\u00eda Veterinarias. Universidad de Le\u00f3n.<br \/>&#8211; El\u00edas Fernando Rodr\u00edguez Ferri. Catedr\u00e1tico em\u00e9rito de Universidad. Dpto. Sanidad Animal. Universidad de Le\u00f3n.<br \/>\u2013 Natividad D\u00edez Ba\u00f1os. Profesora Titular de Universidad. Dpto. Sanidad Animal. Universidad de Le\u00f3n.<br \/>\u2013 Mar\u00eda Rosario Hidalgo Arg\u00fcello. Profesora Titular de Universidad. Dpto. Sanidad Animal. Universidad de Le\u00f3n.<br \/>&#8211; Jos\u00e9 Manuel Carral Llamazares. Profesor Titular de Universidad. Dpto. Producci\u00f3n Animal. Universidad de Le\u00f3n.<br \/>&#8211; Vicente Gonz\u00e1lez Eguren. Profesor Titular de Universidad. Dpto. Producci\u00f3n Animal. Universidad de Le\u00f3n.<br \/>&#8211; Juan Rejas L\u00f3pez. Profesor Titular de Universidad. Dpto. Medicina, Cirug\u00eda y Anatom\u00eda Veterinarias. Universidad de Le\u00f3n.<br \/>&#8211; Jos\u00e9 Ramiro Gonz\u00e1lez Monta\u00f1a. INDEGSAL. Profesor Titular de Universidad. Dpto. Medicina, Cirug\u00eda y Anatom\u00eda Veterinaria. Universidad de Le\u00f3n.<br \/>&#8211; Luis Anel L\u00f3pez. Profesor Ayudante Doctor. Dpto. Medicina, Cirug\u00eda y Anatom\u00eda. Universidad de Le\u00f3n.<br \/>&#8211; \u00c1ngel Javier Alonso D\u00edez. INDEGSAL. Profesor Titular de Universidad. Dpto. Medicina, Cirug\u00eda y Anatom\u00eda Veterinarias. Universidad de Le\u00f3n.<br \/>&#8211; Inmaculada D\u00edez Prieto. Profesora Titular jubilada de Universidad. Dpto. Medicina, Cirug\u00eda y Anatom\u00eda Veterinarias. Universidad de Le\u00f3n.<br \/>&#8211; Jos\u00e9 Antonio Rodr\u00edguez-Altonaga Mart\u00ednez. Catedr\u00e1tico de Universidad. Dpto. Medicina, Cirug\u00eda y Anatom\u00eda Veterinarias. Universidad de Le\u00f3n.<br \/>&#8211; David Chamorro Migu\u00e9lez. Graduado en Psicolog\u00eda y en Dise\u00f1o Gr\u00e1fico y Digital.<br \/>&#8211; Mar\u00eda Jos\u00e9 Cuesta Garc\u00eda. Esteticista y peluquera canina y felina. Universidad de Le\u00f3n.<br \/>&#8211; Paloma Cuesta Garc\u00eda. Et\u00f3loga. Universidad de Le\u00f3n.<br \/>&#8211; Alba Mar\u00eda Chamorro Migu\u00e9lez. Licenciada en Derecho. M\u00e1ster en RRHH. Universidad de Le\u00f3n.<br \/>&#8211; Carla Cecilia Ledezma Flores. Peluquera canina.<\/p>\n<p><strong>CARACTERISTICAS<br \/>\u25cf Comienzo estimado: 16 de febrero de 2026. <\/strong>Se combinar\u00e1 la recepci\u00f3n de ense\u00f1anzas te\u00f3ricas y pr\u00e1cticas del modo y manera que mejor se adapte a los horarios y disponibilidad de los alumnos.<strong><br \/><\/strong><strong>\u25cf Duraci\u00f3n aproximada:\u00a0<\/strong>Unos 3 meses meses (seg\u00fan el calendario escogido para las pr\u00e1cticas de corte de pelo). <strong>\u00a0<br \/>\u25cf Finalizaci\u00f3n estimada: 15 de mayo de 2026.<\/strong><br \/><strong>\u25cf Coste: <\/strong>Matr\u00edcula: 285 euros y dos plazos de 290 euros.<br \/>Si un alumno por razones econ\u00f3micas justificadas necesita otros plazos u otras cantidades en cada plazo debe de solicitarlo a la direcci\u00f3n del curso al correo: <a href=\"mailto:indegsal@unileon.es\">cursos.veterinaria.ule@gmail.com<\/a><br \/><span style=\"color: #ff6600;\">SE ESTABLECE UNA REBAJA EN EL PRECIO TOTAL PARA LOS ALUMNOS CON DISCAPACIDAD RECONOCIDA DEL 40% O M\u00c1S QUE AVALEN TAL CONDICION Y PARA LOS ALUMNOS DE LA UNIVERSIDAD DE LE\u00d3N. Matr\u00edcula: 200 euros y dos plazos de 200 euros.<\/span><br \/><strong>\u25cf Lugar y clases<\/strong>: Facultad de Veterinaria de la Universidad de Le\u00f3n.<br \/>Clases te\u00f3ricas on line.\u00a0Todas las clases ser\u00e1n puestas a disposici\u00f3n de los alumnos grabadas en una intranet al efecto. Las clases te\u00f3ricas se desarrollar\u00e1n on line, con videoconferencias impartidas y grabadas por cada profesor responsable y especialista en el tema, que ser\u00e1n puestas a disposici\u00f3n del alumno en un servidor para que las pueda ver en el momento que sea m\u00e1s adecuado para cada uno. Asimismo, se desarrollar\u00e1n videoconferencias en directo con los profesores responsables de forma que ser\u00e1 posible aclarar en el momento cuantas dudas surjan o ampliar aquellos aspectos que m\u00e1s interesen al alumno. Asimismo, se podr\u00e1n desarrollar otras tutor\u00edas presenciales o por videoconferencia con los profesores de forma concertada con los alumnos pudiendo tambi\u00e9n realizarse consultas y tutor\u00edas v\u00eda correo electr\u00f3nico.<br \/>Se pondr\u00e1 a disposici\u00f3n de los alumnos <strong>los apuntes<\/strong> de cada tema en formato pdf (lo m\u00e1s importante de cada tema) que podr\u00e1n descargar.<br \/><strong>TODAS LAS CLASES TE\u00d3RICAS SON GRABADAS Y<\/strong> <strong>SE<\/strong> <strong>PONDR\u00c1N A DISPOSICI\u00d3N DE ALUMNO PARA QUE PUEDA ASISTIR A ELLAS EN EL HORARIO QUE PREFIERA<\/strong>.<br \/>Las pr\u00e1cticas de peluquer\u00eda se realizar\u00e1n en una sala habilitada la efecto dirigido por una profesora esteticista profesional y con todo el instrumental y medios a disposici\u00f3n de los alumnos. Estas clases pr\u00e1cticas se desarrollar\u00e1n de acuerdo a la disponibilidad horaria de los alumnos y del centro (los alumnos <strong>pueden solicitar la concentraci\u00f3n de las pr\u00e1cticas en fechas o plazo concreto<\/strong> durante el periodo del curso en las fechas escogidas por el alumno y todas seguidas a fin de reducir el coste para el alumno y la disponibilidad de d\u00edas para ello).<\/p>\n<p>Los alumnos podr\u00e1n solicitar la realizaci\u00f3n de sus pr\u00e1cticas en cl\u00ednicas o centros de provincias de origen de los alumnos previa solicitud y acuerdo con la cl\u00ednica propuesta (estas pr\u00e1cticas est\u00e1n planificadas de acuerdo a la legislaci\u00f3n vigente en la fecha de aprobaci\u00f3n del curso por el Consejo de Gobierno de la Universidad de Le\u00f3n, pudiendo adaptarse o modificarse en caso de cambiar la legislaci\u00f3n o normativa al respecto) (en este caso, si la legislaci\u00f3n obliga a ello, el alumno y el centro concertado deber\u00e1n hacerse cargo de su alta en la seguridad social) (realizada la correspondiente consulta, en el presente no es necesario que los alumnos de este curso de Extensi\u00f3n Universitaria requieran alta en la Seguridad Social).<br \/><strong>\u25cf Plazo de solicitud de admisi\u00f3n: Desde 1 de julio de 2025<\/strong>.<br \/><strong>\u25cf Plazas limitadas<\/strong>. N\u00famero m\u00ednimo de alumnos: 8<br \/><strong>\u25cf <\/strong>Se entrega <strong>diploma acreditativo (de APTITUD)<\/strong> de la\u00a0<strong>Universidad de Le\u00f3n<\/strong>.<br \/><strong>\u25cf Cr\u00e9ditos acad\u00e9micos: Equivalente hasta 6 cr\u00e9ditos universitarios ECTS (reconocidos autom\u00e1ticamente por Consejo de Gobierno de la Universidad de Le\u00f3n). Los alumnos que hayan realizado estudios similares (de licenciatura, grado o cursos similares) pueden solicitar la convalidaci\u00f3n de los temas de las ense\u00f1anzas te\u00f3ricas y pr\u00e1cticas correspondientes.<\/strong><\/p>\n<p><strong>\u25cf PLAZAS:<br \/><\/strong>Ante la gran demanda de informaci\u00f3n y de solicitudes que se recibieron en las pasadas ediciones de los diversos cursos de \u00e1mbito veterinario, lo que hizo que no fuera posible que hubiera plazas para todos en algunos casos, la direcci\u00f3n de dichos cursos ha establecido un impreso de solicitudes para \u201cReserva de plaza\u201d en los mencionados t\u00edtulos.\u00a0<br \/><strong>Una vez admitido, desde la Administraci\u00f3n del curso se pondr\u00e1n en contacto con el alumno para comunicarle toda la informaci\u00f3n pertinente.<br \/><\/strong><b><\/b>&#8212;&#8212;&#8212;&#8212;&#8212;&#8212;&#8212;&#8212;&#8212;&#8212;&#8212;&#8212;&#8212;&#8212;&#8212;&#8212;&#8212;&#8212;&#8212;&#8212;&#8212;&#8212;&#8212;&#8212;&#8212;&#8212;&#8212;&#8212;&#8212;&#8212;&#8212;&#8212;&#8212;&#8212;-<\/p>\n<p style=\"text-align: center;\"><strong>FORMULARIO DE SOLICITUD DE ADMISION. EXTERIOR, EST\u00c9TICA Y PELUQUER\u00cdA CANINA Y FELINA<br \/>(copiar y pegar el formulario en el correo electr\u00f3nico o imprimir y rellenar en papel)<\/strong><\/p>\n<p>Correo: <strong>cursos.veterinaria.ule@gmail.com<\/strong><\/p>\n<p>D\u2026\u2026\u2026\u2026\u2026\u2026\u2026\u2026\u2026\u2026\u2026\u2026\u2026\u2026\u2026\u2026\u2026\u2026\u2026\u2026\u2026\u2026\u2026\u2026\u2026\u2026\u2026\u2026\u2026\u2026\u2026\u2026\u2026<br \/>NIF\u2026\u2026\u2026\u2026\u2026\u2026\u2026\u2026\u2026\u2026\u2026\u2026.<br \/>Domicilio\u2026\u2026\u2026\u2026\u2026\u2026\u2026\u2026\u2026\u2026\u2026\u2026\u2026\u2026\u2026\u2026.\u2026\u2026\u2026\u2026\u2026\u2026\u2026\u2026\u2026\u2026\u2026\u2026\u2026..<br \/>Localidad\u2026\u2026\u2026\u2026\u2026\u2026\u2026\u2026\u2026\u2026\u2026\u2026\u2026\u2026\u2026.\u2026\u2026\u2026\u2026\u2026\u2026\u2026\u2026\u2026\u2026\u2026\u2026.\u2026\u2026<br \/>Ayuntamiento\u2026\u2026\u2026\u2026\u2026\u2026\u2026\u2026\u2026\u2026\u2026.\u2026\u2026\u2026.\u2026.\u2026.C\u00f3digo Postal\u2026\u2026\u2026\u2026..<br \/>Tel\u00e9fono\/s de contacto\u2026\u2026\u2026\u2026\u2026\u2026\u2026.\u2026\u2026\u2026\u2026\u2026\u2026\u2026\u2026\u2026\u2026\u2026\u2026\u2026\u2026\u2026\u2026.<br \/>Correo electr\u00f3nico \u2026&#8230;&#8230;&#8230;&#8230;&#8230;&#8230;&#8230;&#8230;&#8230;&#8230;&#8230;&#8230;&#8230;&#8230;&#8230;&#8230;.\u2026\u2026\u2026\u2026\u2026\u2026\u2026\u2026\u2026\u2026\u2026\u2026\u2026\u2026\u2026<br \/>Solicita su admisi\u00f3n en el curso de Est\u00e9tica y Peluquer\u00eda canina y felina de la Universidad de Le\u00f3n.<br \/>Horario de clases pr\u00e1cticas:<br \/>A escoger por los alumnos, desde el comienzo del curso hasta el 14 DE DICIEMBRE.<\/p>\n<p>Le\u00f3n, a\u00a0\u00a0\u00a0\u00a0\u00a0\u00a0 \u00a0de\u00a0\u00a0\u00a0\u00a0\u00a0\u00a0\u00a0\u00a0\u00a0\u00a0\u00a0\u00a0\u00a0\u00a0\u00a0\u00a0\u00a0\u00a0\u00a0\u00a0\u00a0\u00a0\u00a0\u00a0\u00a0\u00a0\u00a0\u00a0\u00a0\u00a0\u00a0\u00a0 \u00a0de \u00a0\u00a020<\/p>\n<p>El solicitante puede aportar cuantos datos considere de inter\u00e9s para su admisi\u00f3n en el curso.<\/p>\n<p>&#8212;&#8212;&#8212;&#8212;&#8212;&#8212;&#8212;&#8212;&#8212;&#8212;&#8212;&#8212;&#8212;&#8212;&#8212;&#8212;&#8212;&#8212;&#8212;&#8212;&#8212;&#8212;&#8212;&#8212;&#8212;&#8212;&#8212;&#8212;&#8212;&#8212;&#8212;&#8212;&#8212;&#8212;&#8212;&#8211;<\/p>\n<p>Enviar una copia cumplimentada del Formulario de Admisi\u00f3n a:<br \/>&#8211; Por correo electr\u00f3nico (enviar los datos antes se\u00f1alados):<br \/>cursos.veterinaria.ule@gmail.com<br \/>&#8211; En formato papel:<br \/>C\u00e9sar A. Chamorro. Dpto. Medicina, Cirug\u00eda y Anatom\u00eda. Facultad de Veterinaria. Campus de Vegazana. 24071 Le\u00f3n.<span style=\"line-height: 107%; font-family: 'Georgia',serif; font-size: 9pt;\"><span style=\"color: #000000;\"><br \/><\/span><\/span><\/p>\n<p><strong>Una vez enviado el formulario, desde la Administraci\u00f3n del curso se pondr\u00e1n en contacto con el solicitante.<br \/><\/strong><strong>Una vez admitido, desde la Administraci\u00f3n del curso se pondr\u00e1n en contacto con el alumno para comunicarle toda la informaci\u00f3n pertinente.<\/strong><\/p>\n<h2><span style=\"color: #00ff00;\">INFORMACION UTIL:<\/span><\/h2>\n<p>\u2666 <a href=\"https:\/\/www.unileon.es\/estudiantes\/futuros-estudiantes\/servicios-estudiantes\/alojamientos\">Programa vivienda<\/a><\/p>\n<p>Es un servicio gratuito que se presta a los alumnos y dem\u00e1s personas que lo soliciten para facilitarles la b\u00fasqueda de alojamientos, pisos en alquiler, habitaciones\u2026<\/p>\n<p>*UNIVERSIDAD DE LEON. NORMATIVA DE ACTIVIDADES DE EXTENSI\u00d3N UNIVERSITARIA<br \/>15. Devoluci\u00f3n de tasas de matr\u00edcula<br \/>La anulaci\u00f3n de una actividad dar\u00e1 derecho al reembolso autom\u00e1tico de las tasas abonadas. <br \/>Cuando la devoluci\u00f3n sea debida a la actuaci\u00f3n del interesado, se podr\u00e1 solicitar la devoluci\u00f3n de tasas hasta 7 d\u00edas naturales antes de la fecha de inicio de la actividad teniendo derecho al reintegro del 100% del coste de la matr\u00edcula. Salvo en casos excepcionales, no se reintegrar\u00e1 el coste de la matr\u00edcula cuando se solicite la devoluci\u00f3n de tasas durante los 7 d\u00edas naturales anteriores al inicio de la actividad. <br \/>Una vez iniciada la actividad, no proceder\u00e1 la devoluci\u00f3n de las tasas de matr\u00edcula en ning\u00fan caso.<\/p>\n","protected":false},"excerpt":{"rendered":"<p>&nbsp; INDEGSAL CURSO DE EXTENSI\u00d3N UNIVERSITARIA EST\u00c9TICA Y PELUQUER\u00cdA CANINA Y FELINApor laUNIVERSIDAD DE LEON \u00a1PR\u00d3XIMA EDICI\u00d3N EN 2026. \u00a1PR\u00d3XIMA EDICI\u00d3N EN 2026. PENDIENTE DE TRAMITACI\u00d3N A CONSEJO DE GOBIERO\u00a0DE LA UNIVERSIDAD!Puede ENVIAR YA su SOLICITUD de PREINSCRIPCI\u00d3N a: cursos.veterinaria.ule@gmail.com! Temario del curso de Est\u00e9tica y Peluquer\u00eda Canina y Felina Director:C\u00e9sar A. Chamorro. Catedr\u00e1tico de [&hellip;]<\/p>\n","protected":false},"author":30,"featured_media":0,"parent":0,"menu_order":0,"comment_status":"closed","ping_status":"closed","template":"","meta":{"footnotes":""},"class_list":["post-173","page","type-page","status-publish","hentry"],"_links":{"self":[{"href":"https:\/\/institutos.unileon.es\/indegsal\/wp-json\/wp\/v2\/pages\/173","targetHints":{"allow":["GET"]}}],"collection":[{"href":"https:\/\/institutos.unileon.es\/indegsal\/wp-json\/wp\/v2\/pages"}],"about":[{"href":"https:\/\/institutos.unileon.es\/indegsal\/wp-json\/wp\/v2\/types\/page"}],"author":[{"embeddable":true,"href":"https:\/\/institutos.unileon.es\/indegsal\/wp-json\/wp\/v2\/users\/30"}],"replies":[{"embeddable":true,"href":"https:\/\/institutos.unileon.es\/indegsal\/wp-json\/wp\/v2\/comments?post=173"}],"version-history":[{"count":170,"href":"https:\/\/institutos.unileon.es\/indegsal\/wp-json\/wp\/v2\/pages\/173\/revisions"}],"predecessor-version":[{"id":2863,"href":"https:\/\/institutos.unileon.es\/indegsal\/wp-json\/wp\/v2\/pages\/173\/revisions\/2863"}],"wp:attachment":[{"href":"https:\/\/institutos.unileon.es\/indegsal\/wp-json\/wp\/v2\/media?parent=173"}],"curies":[{"name":"wp","href":"https:\/\/api.w.org\/{rel}","templated":true}]}}