{"id":55,"date":"2010-11-24T07:08:46","date_gmt":"2010-11-24T07:08:46","guid":{"rendered":"http:\/\/institutos.unileon.es\/imambiente-rnaturales-biodiversidad\/"},"modified":"2015-01-22T16:55:44","modified_gmt":"2015-01-22T16:55:44","slug":"personal","status":"publish","type":"page","link":"https:\/\/institutos.unileon.es\/imambiente-rnaturales-biodiversidad\/grupos\/ingenieria-quimica-y-ambiental\/personal\/","title":{"rendered":"Personal"},"content":{"rendered":"<div class=\"personal\">\r\n<p class=\"floatleft\"><a href=\"http:\/\/institutos.unileon.es\/imambiente-rnaturales-biodiversidad\/files\/2010\/11\/antonio-mini.jpg\"><img loading=\"lazy\" decoding=\"async\" class=\"alignnone size-full wp-image-254\" src=\"http:\/\/institutos.unileon.es\/imambiente-rnaturales-biodiversidad\/files\/2010\/11\/antonio-mini.jpg\" alt=\"Foto de Antonio Mor\u00e1n Palao\" width=\"98\" height=\"130\" \/><\/a><\/p>\r\n<strong>Antonio Mor\u00e1n Palao<\/strong>\r\nDirector del Grupo.\r\nCorreo Electr\u00f3nico: <a class=\"enlace\" href=\"mailto:amorp@unileon.es\">amorp@unileon.es<\/a>\r\n\r\n<\/div>\r\n<div class=\"personal\">\r\n<p class=\"floatleft\"><img loading=\"lazy\" decoding=\"async\" src=\"http:\/\/www.unileon.es\/ficheros\/estructura\/institutos\/inrena\/olegario1.gif\" alt=\"Foto de Olegario Mart\u00ednez Mor\u00e1n\" width=\"98\" height=\"127\" \/><\/p>\r\n<strong>Olegario Mart\u00ednez Mor\u00e1n<\/strong>\r\nDr. en Qu\u00edmica\r\nCorreo Electr\u00f3nico: <a href=\"mailto:omarm@unileon.es\">omarm@unileon.es<\/a>\r\n\r\n<\/div>\r\n<div class=\"personal\">\r\n<p class=\"floatleft\"><img loading=\"lazy\" decoding=\"async\" src=\"http:\/\/www.unileon.es\/ficheros\/estructura\/institutos\/inrena\/jorge1.gif\" alt=\"Foto de Jorge Cara Jim\u00e9nez\" width=\"98\" height=\"127\" \/><\/p>\r\n<strong>Jorge Cara Jim\u00e9nez<\/strong>\r\nDr. Ingeniero Qu\u00edmico\r\nCorreo Electr\u00f3nico: <a href=\"mailto:jorge.cara@unileon.es\">jorge.cara@unileon.es<\/a>\r\n\r\n<\/div>\r\n<div class=\"personal\">\r\n<p class=\"floatleft\"><img loading=\"lazy\" decoding=\"async\" src=\"http:\/\/www.unileon.es\/ficheros\/estructura\/institutos\/inrena\/martaelena1.gif\" alt=\"Foto de Marta Elena S\u00e1nchez\" width=\"98\" height=\"127\" \/><\/p>\r\n<strong>Marta Elena S\u00e1nchez Mor\u00e1n<\/strong>\r\nDr. Ingeniero Qu\u00edmico\r\nCorreo Electr\u00f3nico: <a href=\"mailto:mesanm@unileon.es\">mesanm@unileon.es<\/a>\r\n\r\n<\/div>\r\n<div class=\"personal\">\r\n<p class=\"floatleft\"><img loading=\"lazy\" decoding=\"async\" src=\"http:\/\/www.unileon.es\/ficheros\/estructura\/institutos\/inrena\/xiomara1.gif\" alt=\"Foto de Xiomar G\u00f3mez Barrios\" width=\"98\" height=\"127\" \/><\/p>\r\n<strong>Xiomar G\u00f3mez Barrios<\/strong>\r\nDr. Ingeniero Qu\u00edmico\r\nCorreo Electr\u00f3nico: <a href=\"mailto:xagomb@unileon.es\">xagomb@unileon.es<\/a>\r\n\r\n<\/div>\r\n<div class=\"personal\">\r\n<p class=\"floatleft\"><img loading=\"lazy\" decoding=\"async\" src=\"http:\/\/institutos.unileon.es\/imambiente-rnaturales-biodiversidad\/files\/2012\/04\/Fernando2.jpg\" alt=\"Fernando Gonz\u00e1lez Andr\u00e9s\" width=\"98\" height=\"127\" \/><\/p>\r\n<strong>Fernando Gonz\u00e1lez Andr\u00e9s<\/strong>\r\nCorreo Electr\u00f3nico: <a href=\"mailto:fernando.gonzalez@unileon.es\">fernando.gonzalez@unileon.es<\/a>\r\n\r\n<\/div>\r\n<div class=\"personal\">\r\n<p class=\"floatleft\"><img loading=\"lazy\" decoding=\"async\" src=\"http:\/\/www.unileon.es\/ficheros\/estructura\/institutos\/inrena\/carlos1.gif\" alt=\"Foto de Carlos D\u00edez Fuertes\" width=\"98\" height=\"127\" \/><\/p>\r\n<strong>Carlos D\u00edez Fuertes<\/strong>\r\nDr. Ciencias Ambientales\r\nCorreo Electr\u00f3nico: <a href=\"mailto:carlos.diez@unileon.es\">carlos.diez@unileon.es<\/a>\r\n\r\n<\/div>\r\n<div class=\"personal\">\r\n<p class=\"floatleft\"><img loading=\"lazy\" decoding=\"async\" src=\"http:\/\/www.unileon.es\/ficheros\/estructura\/institutos\/inrena\/adrian1.gif\" alt=\"Foto de Adri\u00e1n Escapa Gonz\u00e1lez\" width=\"98\" height=\"127\" \/><\/p>\r\n<strong>Adri\u00e1n Escapa Gonz\u00e1lez<\/strong>\r\nIngeniero Industrial, MSc Energ\u00edas Renovables\r\nCorreo Electr\u00f3nico: <a href=\"mailto:adrian.escapa@unileon.es\">adrian.escapa@unileon.es<\/a>\r\n\r\n<\/div>\r\n<div class=\"personal\">\r\n<p class=\"floatleft\"><img loading=\"lazy\" decoding=\"async\" src=\"http:\/\/institutos.unileon.es\/imambiente-rnaturales-biodiversidad\/files\/2012\/04\/Bego\u00f1a2.jpg\" alt=\"Foto de Bego\u00f1a Carracedo del Rio\" width=\"98\" height=\"127\" \/><\/p>\r\n<strong>Bego\u00f1a Carracedo del Rio<\/strong>\r\nCorreo Electr\u00f3nico: <a href=\"mailto:bcarr@unileon.es\">bcarr@unileon.es<\/a>\r\n\r\n<\/div>\r\n<div class=\"personal\">\r\n<p class=\"floatleft\"><img loading=\"lazy\" decoding=\"async\" src=\"http:\/\/institutos.unileon.es\/imambiente-rnaturales-biodiversidad\/files\/2012\/04\/Judith2.jpg\" alt=\"Foto de Elia Judith Mart\u00ednez Torres\" width=\"98\" height=\"127\" \/><\/p>\r\n<strong>Elia Judith Mart\u00ednez Torres<\/strong>\r\nCorreo Electr\u00f3nico: <a href=\"mailto:ejmartr@unileon.es\">ejmartr@unileon.es<\/a>\r\n\r\n<\/div>\r\n<div class=\"personal\">\r\n<p class=\"floatleft\"><img loading=\"lazy\" decoding=\"async\" src=\"http:\/\/institutos.unileon.es\/imambiente-rnaturales-biodiversidad\/files\/2014\/02\/ruben_gonzalez.jpg\" alt=\"Foto de Rub\u00e9n Gonz\u00e1lez Gonz\u00e1lez\" width=\"98\" height=\"127\" \/><\/p>\r\n<strong>Rub\u00e9n Gonz\u00e1lez Gonz\u00e1lez<\/strong>\r\nCorreo Electr\u00f3nico: <a href=\"mailto:rgong@unileon.es\">rgong@unileon.es<\/a>\r\n\r\n<\/div>\r\n<div class=\"personal\">\r\n<p class=\"floatleft\"><img loading=\"lazy\" decoding=\"async\" src=\"http:\/\/institutos.unileon.es\/imambiente-rnaturales-biodiversidad\/files\/2012\/04\/Ruben2.jpg\" alt=\"Foto de Rub\u00e9n M\u00f3reno Guti\u00e9rrez\" width=\"98\" height=\"127\" \/><\/p>\r\n<strong>Rub\u00e9n M\u00f3reno Guti\u00e9rrez<\/strong>\r\nCorreo Electr\u00f3nico: <a href=\"mailto:rmorg@unileon.es\">rmorg@unileon.es<\/a>\r\n\r\n<\/div>\r\n<div class=\"personal\">\r\n<p class=\"floatleft\"><img loading=\"lazy\" decoding=\"async\" src=\"http:\/\/institutos.unileon.es\/imambiente-rnaturales-biodiversidad\/files\/2012\/04\/Rebeca2.jpg\" alt=\"Foto de Rebeca Mulas Garc\u00eda\" width=\"98\" height=\"127\" \/><\/p>\r\n<strong>Rebeca Mulas Garc\u00eda<\/strong>\r\nCorreo Electr\u00f3nico:\r\n\r\n<\/div>\r\n<div class=\"personal\">\r\n<p class=\"floatleft\"><img loading=\"lazy\" decoding=\"async\" src=\"http:\/\/institutos.unileon.es\/imambiente-rnaturales-biodiversidad\/files\/2014\/02\/raquel.jpg\" alt=\"Foto de Raquel Pastor de los Bueis\" width=\"98\" height=\"127\" \/><\/p>\r\n<strong>Foto de Raquel Pastor de los Bueis<\/strong>\r\nCorreo Electr\u00f3nico: rpasb@unileon.es\r\n\r\n<\/div>\r\n<div class=\"personal\">\r\n<p class=\"floatleft\"><img loading=\"lazy\" decoding=\"async\" src=\"http:\/\/institutos.unileon.es\/imambiente-rnaturales-biodiversidad\/files\/2012\/04\/Guillermo2.jpg\" alt=\"Foto de Guillermo Rosas Mayoral\" width=\"98\" height=\"127\" \/><\/p>\r\n<strong>Guillermo Rosas Mayoral<\/strong>\r\nCorreo Electr\u00f3nico: <a href=\"mailto:jrosm@unileon.es\">jrosm@unileon.es<\/a>\r\n\r\n<\/div>\r\n<div class=\"personal\">\r\n<p class=\"floatleft\"><img loading=\"lazy\" decoding=\"async\" src=\"http:\/\/institutos.unileon.es\/imambiente-rnaturales-biodiversidad\/files\/2012\/04\/Natalia2.jpg\" alt=\"Foto de Natalia G\u00f3mez Mar\u00edn\" width=\"98\" height=\"127\" \/><\/p>\r\n<strong>Natalia G\u00f3mez Mar\u00edn<\/strong>\r\nCorreo Electr\u00f3nico:\r\n\r\n<\/div>\r\n<div class=\"personal\">\r\n<p class=\"floatleft\"><img loading=\"lazy\" decoding=\"async\" src=\"http:\/\/institutos.unileon.es\/imambiente-rnaturales-biodiversidad\/files\/2014\/02\/raul.jpg\" alt=\"Foto de Ra\u00fal Mateos Gonz\u00e1lez\" width=\"98\" height=\"127\" \/><\/p>\r\n<strong>Ra\u00fal Mateos Gonz\u00e1lez<\/strong>\r\nCorreo Electr\u00f3nico:\r\n\r\n<\/div>\r\n<div class=\"personal\">\r\n<p class=\"floatleft\"><img loading=\"lazy\" decoding=\"async\" src=\"http:\/\/institutos.unileon.es\/imambiente-rnaturales-biodiversidad\/files\/2014\/02\/isabel.jpg\" alt=\"Foto de Isabel San Mart\u00edn Becares\" width=\"98\" height=\"127\" \/><\/p>\r\n<strong>Isabel San Mart\u00edn Becares<\/strong>\r\nCorreo Electr\u00f3nico:\r\n\r\n<\/div>\r\n<div class=\"personal\">\r\n<p class=\"floatleft\"><img loading=\"lazy\" decoding=\"async\" src=\"http:\/\/www.unileon.es\/ficheros\/estructura\/institutos\/inrena\/juan1.gif\" alt=\"Foto de Juan Pr\u00f3spero Fern\u00e1ndez\" width=\"98\" height=\"127\" \/><\/p>\r\n<strong>Juan Pr\u00f3spero Fern\u00e1ndez<\/strong>\r\nT\u00e9cnico Especialista de Laboratorio\r\nCorreo Electr\u00f3nico: <a href=\"mailto:juan.prospero@unileon.es\">juan.prospero@unileon.es<\/a>\r\n\r\n<\/div>\r\n<div class=\"personal\">\r\n<p class=\"floatleft\"><img loading=\"lazy\" decoding=\"async\" src=\"http:\/\/www.unileon.es\/ficheros\/estructura\/institutos\/inrena\/FernandoCasanova1.gif\" alt=\"Foto de Fernando Casanova Picos\" width=\"98\" height=\"127\" \/><\/p>\r\n<strong>Fernando Casanova Picos<\/strong>\r\nT\u00e9cnico Especialista de Laboratorio\r\nCorreo Electr\u00f3nico: <a href=\"mailto:fcasp@unileon.es\">fcasp@unileon.es<\/a>\r\n\r\n<\/div>\r\n<div class=\"personal\">\r\n<p class=\"floatleft\"><img loading=\"lazy\" decoding=\"async\" src=\"http:\/\/institutos.unileon.es\/imambiente-rnaturales-biodiversidad\/files\/2012\/04\/Diego2.jpg\" alt=\"Foto de \" width=\"98\" height=\"127\" \/><\/p>\r\n<img loading=\"lazy\" decoding=\"async\" src=\"http:\/\/institutos.unileon.es\/imambiente-rnaturales-biodiversidad\/files\/2012\/04\/Dibujo.jpg\" alt=\"\" width=\"139\" height=\"25\" \/>\r\nCorreo Electr\u00f3nico: <a href=\"mailto:dgarcn@unileon.es\">dgarcn@unileon.es<\/a>\r\n\r\n<\/div>\r\n<div class=\"personal\">\r\n<p class=\"floatleft\"><img loading=\"lazy\" decoding=\"async\" src=\"http:\/\/www.unileon.es\/ficheros\/estructura\/institutos\/inrena\/daniel1.gif\" alt=\"Foto de Daniel Blanco Cobi\u00e1n\" width=\"98\" height=\"127\" \/><\/p>\r\n<strong>Daniel Blanco Cobi\u00e1n<\/strong>\r\nDr. Ingeniero Agr\u00f3nomo. Colaborador externo de BYDT S.L.\r\nCorreo Electr\u00f3nico: <a href=\"mailto:dblac@unileon.es\">dblac@unileon.es<\/a>\r\n\r\n<\/div>","protected":false},"excerpt":{"rendered":"<p>Antonio Mor\u00e1n Palao Director del Grupo. Correo Electr\u00f3nico: amorp@unileon.es Olegario Mart\u00ednez Mor\u00e1n Dr. en Qu\u00edmica Correo Electr\u00f3nico: omarm@unileon.es Jorge Cara Jim\u00e9nez Dr. Ingeniero Qu\u00edmico Correo Electr\u00f3nico: jorge.cara@unileon.es Marta Elena S\u00e1nchez Mor\u00e1n Dr. Ingeniero Qu\u00edmico Correo Electr\u00f3nico: mesanm@unileon.es Xiomar G\u00f3mez Barrios Dr. Ingeniero Qu\u00edmico Correo Electr\u00f3nico: xagomb@unileon.es Fernando Gonz\u00e1lez Andr\u00e9s Correo Electr\u00f3nico: fernando.gonzalez@unileon.es Carlos D\u00edez Fuertes [&hellip;]<\/p>\n","protected":false},"author":1,"featured_media":0,"parent":26,"menu_order":0,"comment_status":"closed","ping_status":"open","template":"","meta":{"footnotes":""},"class_list":["post-55","page","type-page","status-publish","hentry"],"_links":{"self":[{"href":"https:\/\/institutos.unileon.es\/imambiente-rnaturales-biodiversidad\/wp-json\/wp\/v2\/pages\/55","targetHints":{"allow":["GET"]}}],"collection":[{"href":"https:\/\/institutos.unileon.es\/imambiente-rnaturales-biodiversidad\/wp-json\/wp\/v2\/pages"}],"about":[{"href":"https:\/\/institutos.unileon.es\/imambiente-rnaturales-biodiversidad\/wp-json\/wp\/v2\/types\/page"}],"author":[{"embeddable":true,"href":"https:\/\/institutos.unileon.es\/imambiente-rnaturales-biodiversidad\/wp-json\/wp\/v2\/users\/1"}],"replies":[{"embeddable":true,"href":"https:\/\/institutos.unileon.es\/imambiente-rnaturales-biodiversidad\/wp-json\/wp\/v2\/comments?post=55"}],"version-history":[{"count":51,"href":"https:\/\/institutos.unileon.es\/imambiente-rnaturales-biodiversidad\/wp-json\/wp\/v2\/pages\/55\/revisions"}],"predecessor-version":[{"id":258,"href":"https:\/\/institutos.unileon.es\/imambiente-rnaturales-biodiversidad\/wp-json\/wp\/v2\/pages\/55\/revisions\/258"}],"up":[{"embeddable":true,"href":"https:\/\/institutos.unileon.es\/imambiente-rnaturales-biodiversidad\/wp-json\/wp\/v2\/pages\/26"}],"wp:attachment":[{"href":"https:\/\/institutos.unileon.es\/imambiente-rnaturales-biodiversidad\/wp-json\/wp\/v2\/media?parent=55"}],"curies":[{"name":"wp","href":"https:\/\/api.w.org\/{rel}","templated":true}]}}