{"id":18,"date":"2010-10-18T12:08:28","date_gmt":"2010-10-18T12:08:28","guid":{"rendered":"http:\/\/institutos.unileon.es\/imambiente-rnaturales-biodiversidad\/"},"modified":"2026-03-26T11:57:31","modified_gmt":"2026-03-26T11:57:31","slug":"organos-directivos","status":"publish","type":"page","link":"https:\/\/institutos.unileon.es\/imambiente-rnaturales-biodiversidad\/organos-directivos\/","title":{"rendered":"\u00d3rganos Directivos"},"content":{"rendered":"<table class=\"extendida\" style=\"width: 100%\">\r\n<tbody>\r\n<tr>\r\n<th>Director<\/th>\r\n<td><strong>Dr. D. Eduardo Garc\u00eda Ortega<\/strong><\/td>\r\n<td><a href=\"mailto:eduardo.garcia@unileon.es\">eduardo.garcia@unileon.es<\/a><\/td>\r\n<\/tr>\r\n<tr>\r\n<th>Subdirectora<\/th>\r\n<td><strong>Dra. D\u00f1a. Sara Mayo Prieto<\/strong><\/td>\r\n<td><a href=\"mailto:smayp@unileon.es\">smayp@unileon.es<\/a><\/td>\r\n<\/tr>\r\n<tr>\r\n<th>Secretario<\/th>\r\n<td><strong>Dr. D. Jos\u00e9 Manuel Fern\u00e1ndez Guisuraga<\/strong><\/td>\r\n<td><a href=\"mailto:jofeg@unileon.es\">jofeg@unileon.es<\/a><\/td>\r\n<\/tr>\r\n<\/tbody>\r\n<\/table>","protected":false},"excerpt":{"rendered":"<p>Director Dr. D. Eduardo Garc\u00eda Ortega eduardo.garcia@unileon.es Subdirectora Dra. D\u00f1a. Sara Mayo Prieto smayp@unileon.es Secretario Dr. D. Jos\u00e9 Manuel Fern\u00e1ndez Guisuraga jofeg@unileon.es<\/p>\n","protected":false},"author":1,"featured_media":0,"parent":0,"menu_order":0,"comment_status":"closed","ping_status":"open","template":"","meta":{"footnotes":""},"class_list":["post-18","page","type-page","status-publish","hentry"],"_links":{"self":[{"href":"https:\/\/institutos.unileon.es\/imambiente-rnaturales-biodiversidad\/wp-json\/wp\/v2\/pages\/18","targetHints":{"allow":["GET"]}}],"collection":[{"href":"https:\/\/institutos.unileon.es\/imambiente-rnaturales-biodiversidad\/wp-json\/wp\/v2\/pages"}],"about":[{"href":"https:\/\/institutos.unileon.es\/imambiente-rnaturales-biodiversidad\/wp-json\/wp\/v2\/types\/page"}],"author":[{"embeddable":true,"href":"https:\/\/institutos.unileon.es\/imambiente-rnaturales-biodiversidad\/wp-json\/wp\/v2\/users\/1"}],"replies":[{"embeddable":true,"href":"https:\/\/institutos.unileon.es\/imambiente-rnaturales-biodiversidad\/wp-json\/wp\/v2\/comments?post=18"}],"version-history":[{"count":19,"href":"https:\/\/institutos.unileon.es\/imambiente-rnaturales-biodiversidad\/wp-json\/wp\/v2\/pages\/18\/revisions"}],"predecessor-version":[{"id":300,"href":"https:\/\/institutos.unileon.es\/imambiente-rnaturales-biodiversidad\/wp-json\/wp\/v2\/pages\/18\/revisions\/300"}],"wp:attachment":[{"href":"https:\/\/institutos.unileon.es\/imambiente-rnaturales-biodiversidad\/wp-json\/wp\/v2\/media?parent=18"}],"curies":[{"name":"wp","href":"https:\/\/api.w.org\/{rel}","templated":true}]}}