{"id":102,"date":"2010-11-24T12:56:50","date_gmt":"2010-11-24T12:56:50","guid":{"rendered":"http:\/\/institutos.unileon.es\/imambiente-rnaturales-biodiversidad\/"},"modified":"2014-02-14T11:05:51","modified_gmt":"2014-02-14T11:05:51","slug":"instalaciones","status":"publish","type":"page","link":"https:\/\/institutos.unileon.es\/imambiente-rnaturales-biodiversidad\/grupos\/ingenieria-quimica-y-ambiental\/instalaciones\/","title":{"rendered":"Instalaciones"},"content":{"rendered":"Las instalaciones del grupo se encuentran ubicadas, en el edificio del Instituto de Recursos Naturales.\r\n\r\nEl edificio, de reciente construcci\u00f3n, cuenta con numerosos laboratorios especializados, y equipados para actividades de experimentaci\u00f3n en ingenier\u00eda qu\u00edmica y del medio ambiente (especialmente orientado a bioprocesos), oficinas y despachos suficientes para todo el personal que actualmente trabaja en ellos. El grupo dispone adem\u00e1s de nave para plantas piloto.\r\n\r\nCompletan la dotaci\u00f3n de instalaciones, los laboratorios ubicados en la Escuela de Ingenier\u00edas Industrial e Inform\u00e1tica de la Universidad de Le\u00f3n.\r\n\r\nPara los ensayos en campo, se cuenta con los invernaderos automatizados y campos de ensayos de cultivos ubicados en la Escuela Superior y T\u00e9cnica de Ingenier\u00eda Agraria de la Universidad de Le\u00f3n, y con parcelas privadas en zonas de producci\u00f3n agron\u00f3mica para ensayos concretos.\r\n\r\n<img loading=\"lazy\" decoding=\"async\" alt=\"Foto de Antonio Mor\u00e1n Palao\" src=\"http:\/\/institutos.unileon.es\/imambiente-rnaturales-biodiversidad\/files\/2014\/02\/reactor.jpg\" width=\"400\" height=\"300\" \/>\r\n\r\n<img loading=\"lazy\" decoding=\"async\" alt=\"Foto de Antonio Mor\u00e1n Palao\" src=\"http:\/\/institutos.unileon.es\/imambiente-rnaturales-biodiversidad\/files\/2014\/02\/control_planta.jpg\" width=\"400\" height=\"300\" \/>\r\n\r\n<img loading=\"lazy\" decoding=\"async\" alt=\"Foto de Antonio Mor\u00e1n Palao\" src=\"http:\/\/institutos.unileon.es\/imambiente-rnaturales-biodiversidad\/files\/2014\/02\/planta_1.jpg\" width=\"400\" height=\"300\" \/>","protected":false},"excerpt":{"rendered":"<p>Las instalaciones del grupo se encuentran ubicadas, en el edificio del Instituto de Recursos Naturales. El edificio, de reciente construcci\u00f3n, cuenta con numerosos laboratorios especializados, y equipados para actividades de experimentaci\u00f3n en ingenier\u00eda qu\u00edmica y del medio ambiente (especialmente orientado a bioprocesos), oficinas y despachos suficientes para todo el personal que actualmente trabaja en ellos. [&hellip;]<\/p>\n","protected":false},"author":1,"featured_media":0,"parent":26,"menu_order":0,"comment_status":"closed","ping_status":"open","template":"","meta":{"footnotes":""},"class_list":["post-102","page","type-page","status-publish","hentry"],"_links":{"self":[{"href":"https:\/\/institutos.unileon.es\/imambiente-rnaturales-biodiversidad\/wp-json\/wp\/v2\/pages\/102","targetHints":{"allow":["GET"]}}],"collection":[{"href":"https:\/\/institutos.unileon.es\/imambiente-rnaturales-biodiversidad\/wp-json\/wp\/v2\/pages"}],"about":[{"href":"https:\/\/institutos.unileon.es\/imambiente-rnaturales-biodiversidad\/wp-json\/wp\/v2\/types\/page"}],"author":[{"embeddable":true,"href":"https:\/\/institutos.unileon.es\/imambiente-rnaturales-biodiversidad\/wp-json\/wp\/v2\/users\/1"}],"replies":[{"embeddable":true,"href":"https:\/\/institutos.unileon.es\/imambiente-rnaturales-biodiversidad\/wp-json\/wp\/v2\/comments?post=102"}],"version-history":[{"count":14,"href":"https:\/\/institutos.unileon.es\/imambiente-rnaturales-biodiversidad\/wp-json\/wp\/v2\/pages\/102\/revisions"}],"predecessor-version":[{"id":221,"href":"https:\/\/institutos.unileon.es\/imambiente-rnaturales-biodiversidad\/wp-json\/wp\/v2\/pages\/102\/revisions\/221"}],"up":[{"embeddable":true,"href":"https:\/\/institutos.unileon.es\/imambiente-rnaturales-biodiversidad\/wp-json\/wp\/v2\/pages\/26"}],"wp:attachment":[{"href":"https:\/\/institutos.unileon.es\/imambiente-rnaturales-biodiversidad\/wp-json\/wp\/v2\/media?parent=102"}],"curies":[{"name":"wp","href":"https:\/\/api.w.org\/{rel}","templated":true}]}}