{"id":9,"date":"2010-12-22T07:45:32","date_gmt":"2010-12-22T07:45:32","guid":{"rendered":"http:\/\/institutos.unileon.es\/igm\/"},"modified":"2021-04-28T09:13:18","modified_gmt":"2021-04-28T09:13:18","slug":"ubicacion-e-informacion-de-contacto","status":"publish","type":"page","link":"https:\/\/institutos.unileon.es\/igm\/ubicacion-e-informacion-de-contacto\/","title":{"rendered":"Ubicaci\u00f3n e Informaci\u00f3n de Contacto"},"content":{"rendered":"<table class=\"extendida\">\n<tbody>\n<tr>\n<th>P\u00e1gina Web<\/th>\n<td><a href=\"http:\/\/www.igm.ule-csic.es\/\">http:\/\/www.igm.ule-csic.es\/<\/a><\/td>\n<\/tr>\n<tr>\n<th>Director<\/th>\n<td>Dra. Pilar de Frutos Fern\u00e1ndez<\/td>\n<\/tr>\n<tr>\n<th>Direcci\u00f3n Postal<\/th>\n<td>Instituto de Ganader\u00eda de Monta\u00f1a\nFinca Marzanas\nCrta. Le\u00f3n \u2013 Grulleros\n24346 Grulleros\nLe\u00f3n, Espa\u00f1a<\/td>\n<\/tr>\n<tr>\n<th>Tel\u00e9fonos<\/th>\n<td>987 317064\n987 317156<\/td>\n<\/tr>\n<tr>\n<th>Correo Electr\u00f3nico<\/th>\n<td><a href=\"mailto:direccion.igm@csic.es\">direccion.igm@csic.es<\/a><\/td>\n<\/tr>\n<\/tbody>\n<\/table>","protected":false},"excerpt":{"rendered":"<p>P\u00e1gina Web http:\/\/www.igm.ule-csic.es\/ Director Dra. Pilar de Frutos Fern\u00e1ndez Direcci\u00f3n Postal Instituto de Ganader\u00eda de Monta\u00f1a Finca Marzanas Crta. Le\u00f3n \u2013 Grulleros 24346 Grulleros Le\u00f3n, Espa\u00f1a Tel\u00e9fonos 987 317064 987 317156 Correo Electr\u00f3nico direccion.igm@csic.es<\/p>\n","protected":false},"author":1,"featured_media":0,"parent":0,"menu_order":0,"comment_status":"closed","ping_status":"open","template":"","meta":{"footnotes":""},"class_list":["post-9","page","type-page","status-publish","hentry"],"_links":{"self":[{"href":"https:\/\/institutos.unileon.es\/igm\/wp-json\/wp\/v2\/pages\/9","targetHints":{"allow":["GET"]}}],"collection":[{"href":"https:\/\/institutos.unileon.es\/igm\/wp-json\/wp\/v2\/pages"}],"about":[{"href":"https:\/\/institutos.unileon.es\/igm\/wp-json\/wp\/v2\/types\/page"}],"author":[{"embeddable":true,"href":"https:\/\/institutos.unileon.es\/igm\/wp-json\/wp\/v2\/users\/1"}],"replies":[{"embeddable":true,"href":"https:\/\/institutos.unileon.es\/igm\/wp-json\/wp\/v2\/comments?post=9"}],"version-history":[{"count":6,"href":"https:\/\/institutos.unileon.es\/igm\/wp-json\/wp\/v2\/pages\/9\/revisions"}],"predecessor-version":[{"id":29,"href":"https:\/\/institutos.unileon.es\/igm\/wp-json\/wp\/v2\/pages\/9\/revisions\/29"}],"wp:attachment":[{"href":"https:\/\/institutos.unileon.es\/igm\/wp-json\/wp\/v2\/media?parent=9"}],"curies":[{"name":"wp","href":"https:\/\/api.w.org\/{rel}","templated":true}]}}