{"id":7,"date":"2010-12-22T07:41:23","date_gmt":"2010-12-22T07:41:23","guid":{"rendered":"http:\/\/institutos.unileon.es\/igm\/"},"modified":"2010-12-22T07:41:23","modified_gmt":"2010-12-22T07:41:23","slug":"lineas-de-investigacion","status":"publish","type":"page","link":"https:\/\/institutos.unileon.es\/igm\/lineas-de-investigacion\/","title":{"rendered":"L\u00edneas de Investigaci\u00f3n"},"content":{"rendered":"<ul>\r\n\t<li>Factores nutricionales que afectan al rendimiento productivo, el bienestar animal y las caracter\u00edsticas de los productos finales en herb\u00edvoros de inter\u00e9s ganadero.<\/li>\r\n\t<li>Principales enfermedades parasitarias e infecciosas de los herb\u00edvoros.<\/li>\r\n\t<li>Producci\u00f3n animal en \u00e1reas de monta\u00f1a: uso del territorio y rendimiento productivo.<\/li>\r\n<\/ul>","protected":false},"excerpt":{"rendered":"<p>Factores nutricionales que afectan al rendimiento productivo, el bienestar animal y las caracter\u00edsticas de los productos finales en herb\u00edvoros de inter\u00e9s ganadero. Principales enfermedades parasitarias e infecciosas de los herb\u00edvoros. Producci\u00f3n animal en \u00e1reas de monta\u00f1a: uso del territorio y rendimiento productivo.<\/p>\n","protected":false},"author":1,"featured_media":0,"parent":0,"menu_order":0,"comment_status":"closed","ping_status":"open","template":"","meta":{"footnotes":""},"class_list":["post-7","page","type-page","status-publish","hentry"],"_links":{"self":[{"href":"https:\/\/institutos.unileon.es\/igm\/wp-json\/wp\/v2\/pages\/7","targetHints":{"allow":["GET"]}}],"collection":[{"href":"https:\/\/institutos.unileon.es\/igm\/wp-json\/wp\/v2\/pages"}],"about":[{"href":"https:\/\/institutos.unileon.es\/igm\/wp-json\/wp\/v2\/types\/page"}],"author":[{"embeddable":true,"href":"https:\/\/institutos.unileon.es\/igm\/wp-json\/wp\/v2\/users\/1"}],"replies":[{"embeddable":true,"href":"https:\/\/institutos.unileon.es\/igm\/wp-json\/wp\/v2\/comments?post=7"}],"version-history":[{"count":1,"href":"https:\/\/institutos.unileon.es\/igm\/wp-json\/wp\/v2\/pages\/7\/revisions"}],"predecessor-version":[{"id":8,"href":"https:\/\/institutos.unileon.es\/igm\/wp-json\/wp\/v2\/pages\/7\/revisions\/8"}],"wp:attachment":[{"href":"https:\/\/institutos.unileon.es\/igm\/wp-json\/wp\/v2\/media?parent=7"}],"curies":[{"name":"wp","href":"https:\/\/api.w.org\/{rel}","templated":true}]}}