{"id":8,"date":"2010-10-15T09:19:11","date_gmt":"2010-10-15T09:19:11","guid":{"rendered":"http:\/\/institutos.unileon.es\/ictal\/"},"modified":"2025-04-03T08:38:27","modified_gmt":"2025-04-03T08:38:27","slug":"organos-directivos","status":"publish","type":"page","link":"https:\/\/institutos.unileon.es\/ictal\/organos-directivos\/","title":{"rendered":"\u00d3rganos Directivos"},"content":{"rendered":"<table class=\"extendida\" style=\"width: 100%;\">\n    <tbody>\n        <tr>\n            <th style=\"width: 25.4762%;\">Director<\/th>\n            <td style=\"width: 73.5714%;\">Avelino \u00c1lvarez Ord\u00f3\u00f1ez<\/td>\n        <\/tr>\n        <tr>\n            <th style=\"width: 25.4762%;\">Subdirectora<\/th>\n            <td style=\"width: 73.5714%;\">Rosa Mar\u00eda Capita Gonz\u00e1lez<\/td>\n        <\/tr>\n        <tr>\n            <th style=\"width: 25.4762%;\">Secretaria<\/th>\n            <td style=\"width: 73.5714%;\">Paula Fern\u00e1ndez G\u00f3mez<\/td>\n        <\/tr>\n    <\/tbody>\n<\/table>\n\n","protected":false},"excerpt":{"rendered":"<p>Director Avelino \u00c1lvarez Ord\u00f3\u00f1ez Subdirectora Rosa Mar\u00eda Capita Gonz\u00e1lez Secretaria Paula Fern\u00e1ndez G\u00f3mez<\/p>\n","protected":false},"author":1,"featured_media":0,"parent":0,"menu_order":0,"comment_status":"closed","ping_status":"open","template":"","meta":{"footnotes":""},"class_list":["post-8","page","type-page","status-publish","hentry"],"_links":{"self":[{"href":"https:\/\/institutos.unileon.es\/ictal\/wp-json\/wp\/v2\/pages\/8","targetHints":{"allow":["GET"]}}],"collection":[{"href":"https:\/\/institutos.unileon.es\/ictal\/wp-json\/wp\/v2\/pages"}],"about":[{"href":"https:\/\/institutos.unileon.es\/ictal\/wp-json\/wp\/v2\/types\/page"}],"author":[{"embeddable":true,"href":"https:\/\/institutos.unileon.es\/ictal\/wp-json\/wp\/v2\/users\/1"}],"replies":[{"embeddable":true,"href":"https:\/\/institutos.unileon.es\/ictal\/wp-json\/wp\/v2\/comments?post=8"}],"version-history":[{"count":8,"href":"https:\/\/institutos.unileon.es\/ictal\/wp-json\/wp\/v2\/pages\/8\/revisions"}],"predecessor-version":[{"id":57,"href":"https:\/\/institutos.unileon.es\/ictal\/wp-json\/wp\/v2\/pages\/8\/revisions\/57"}],"wp:attachment":[{"href":"https:\/\/institutos.unileon.es\/ictal\/wp-json\/wp\/v2\/media?parent=8"}],"curies":[{"name":"wp","href":"https:\/\/api.w.org\/{rel}","templated":true}]}}