{"id":8,"date":"2010-10-15T08:54:06","date_gmt":"2010-10-15T08:54:06","guid":{"rendered":"http:\/\/institutos.unileon.es\/ibiomed\/"},"modified":"2019-04-05T15:17:36","modified_gmt":"2019-04-05T15:17:36","slug":"ubicacion","status":"publish","type":"page","link":"https:\/\/institutos.unileon.es\/ibiomed\/ubicacion\/","title":{"rendered":"Ubicaci\u00f3n e Informaci\u00f3n de Contacto"},"content":{"rendered":"<center>\n<table cellspacing=\"1\" align=\"center\">\n<tbody>\n<tr>\n<th colspan=\"2\" align=\"center\">P\u00e1gina Web<\/th>\n<td colspan=\"2\" align=\"center\"><a href=\"http:\/\/institutobiomedicina.unileon.es\/\">http:\/\/institutobiomedicina.unileon.es\/<\/a><\/td>\n<\/tr>\n<tr>\n<th colspan=\"2\" align=\"center\">Director<\/th>\n<td colspan=\"2\" align=\"center\">Dr. Jos\u00e9 Luis Mauriz Guti\u00e9rrez<\/td>\n<\/tr>\n<tr>\n<th colspan=\"2\" align=\"center\">Direcci\u00f3n Postal<\/th>\n<td colspan=\"2\" align=\"center\">UNIVERSIDAD DE LE\u00d3N\nInstituto de Biomedicina\nCampus de Vegazana\n24071 LE\u00d3N<\/td>\n<\/tr>\n<tr>\n<th colspan=\"2\" align=\"center\">Tel\u00e9fonos<\/th>\n<td colspan=\"2\" align=\"center\">\n<p align=\"center\">987 29 10 00 Ext. 5658\n987 29 19 81<\/p>\n<\/td>\n<\/tr>\n<tr>\n<th colspan=\"2\" align=\"center\">Correos Electr\u00f3nicos<\/th>\n<td colspan=\"2\" align=\"center\"><a href=\"mailto:instituto.biomedicina@unileon.es\">instituto.biomedicina@unileon.es<\/a>\n<a href=\"mailto:jl.mauriz@unileon.es\">jl. mauriz@unileon.es<\/a><\/td>\n<\/tr>\n<\/tbody>\n<\/table>\n<\/center>","protected":false},"excerpt":{"rendered":"<p>P\u00e1gina Web http:\/\/institutobiomedicina.unileon.es\/ Director Dr. Jos\u00e9 Luis Mauriz Guti\u00e9rrez Direcci\u00f3n Postal UNIVERSIDAD DE LE\u00d3N Instituto de Biomedicina Campus de Vegazana 24071 LE\u00d3N Tel\u00e9fonos 987 29 10 00 Ext. 5658 987 29 19 81 Correos Electr\u00f3nicos instituto.biomedicina@unileon.es jl. mauriz@unileon.es<\/p>\n","protected":false},"author":1,"featured_media":0,"parent":0,"menu_order":0,"comment_status":"closed","ping_status":"open","template":"","meta":{"footnotes":""},"class_list":["post-8","page","type-page","status-publish","hentry"],"_links":{"self":[{"href":"https:\/\/institutos.unileon.es\/ibiomed\/wp-json\/wp\/v2\/pages\/8","targetHints":{"allow":["GET"]}}],"collection":[{"href":"https:\/\/institutos.unileon.es\/ibiomed\/wp-json\/wp\/v2\/pages"}],"about":[{"href":"https:\/\/institutos.unileon.es\/ibiomed\/wp-json\/wp\/v2\/types\/page"}],"author":[{"embeddable":true,"href":"https:\/\/institutos.unileon.es\/ibiomed\/wp-json\/wp\/v2\/users\/1"}],"replies":[{"embeddable":true,"href":"https:\/\/institutos.unileon.es\/ibiomed\/wp-json\/wp\/v2\/comments?post=8"}],"version-history":[{"count":7,"href":"https:\/\/institutos.unileon.es\/ibiomed\/wp-json\/wp\/v2\/pages\/8\/revisions"}],"predecessor-version":[{"id":72,"href":"https:\/\/institutos.unileon.es\/ibiomed\/wp-json\/wp\/v2\/pages\/8\/revisions\/72"}],"wp:attachment":[{"href":"https:\/\/institutos.unileon.es\/ibiomed\/wp-json\/wp\/v2\/media?parent=8"}],"curies":[{"name":"wp","href":"https:\/\/api.w.org\/{rel}","templated":true}]}}